{"id":2642,"date":"2024-03-05T15:47:31","date_gmt":"2024-03-05T15:47:31","guid":{"rendered":"https:\/\/distributeurforever.elielmarket-ci.com\/?post_type=product&#038;p=2642"},"modified":"2024-04-23T17:40:39","modified_gmt":"2024-04-23T17:40:39","slug":"kit-prostate-prevention","status":"publish","type":"product","link":"https:\/\/distributeurforever.elielmarket-ci.com\/index.php\/produit\/kit-prostate-prevention\/","title":{"rendered":"Kit Prostate &#8211; Pr\u00e9vention"},"content":{"rendered":"<p><strong>Les sympt\u00f4mes li\u00e9s \u00e0 l&rsquo;augmentation de volume de la prostate :<\/strong><\/p>\n<p>&#8211; besoin fr\u00e9quent d&rsquo;uriner, surtout la nuit (pollakiurie);<\/p>\n<p>&#8211; sensation de ne pas avoir vid\u00e9 compl\u00e8tement sa vessie;<\/p>\n<p>&#8211; difficult\u00e9 ou impossibilit\u00e9 d&rsquo;uriner (r\u00e9tention urinaire);<\/p>\n<p>&#8211; difficult\u00e9 \u00e0 avoir une \u00e9rection;<\/p>\n<p>&#8211; jet d&rsquo;urine faible;<\/p>\n<p>&#8211; infection urinaire;<\/p>\n<p>&#8211; pr\u00e9sence de sang dans les urines ou le sperme;<\/p>\n<p>&#8211; douleurs au moment de l\u2019\u00e9jaculation;<\/p>\n<p>&#8211; fuites urinaires (incontinence urinaire).<\/p>\n<p><strong>Les avantages du Kit-1 Prostate &#8211; Traitement :<\/strong><\/p>\n<p>M\u00e9lange exclusif de substances phytoth\u00e9rapeutiques incluant le CHOU PALMISTE NAIN, du PYGEUM et des PEPINS DE COURGE. Renforc\u00e9 de vitamines C, D, E et B6, de SELENIUM et de ZINC. Associ\u00e9 \u00e0 cela de la querc\u00e9tine et du lycop\u00e8ne;<\/p>\n<p>Prot\u00e8ge et assure la bonne sant\u00e9 de la prostate : Maintenir une production hormonale saine et aider au bon fonctionnement urinaire et testiculaire;<\/p>\n<p>Contribue \u00e0 diminuer le volume de la prostate;<\/p>\n<p>\u00c9limine les infections.<\/p>\n","protected":false},"excerpt":{"rendered":"<p><strong>Ceci est un KIT STANDARD. Il peut varier selon le cas.<\/strong><\/p>\n<p>Nous vous invitons alors \u00e0 prendre contact avec nous en cliquant sur le bouton\u00a0<strong>WHATSAPP<\/strong>\u00a0\u00e0 droite au bas de votre \u00e9cran pour \u00e9changer sur les sympt\u00f4mes dans votre cas pr\u00e9cis afin de vous conseiller efficacement sur les produits \u00e0 prendre et la posologie d\u2019utilisation.<\/p>\n","protected":false},"featured_media":2640,"comment_status":"open","ping_status":"closed","template":"","meta":{"_monsterinsights_skip_tracking":false,"_monsterinsights_sitenote_active":false,"_monsterinsights_sitenote_note":"","_monsterinsights_sitenote_category":0,"ocean_post_layout":"","ocean_both_sidebars_style":"","ocean_both_sidebars_content_width":0,"ocean_both_sidebars_sidebars_width":0,"ocean_sidebar":"0","ocean_second_sidebar":"0","ocean_disable_margins":"enable","ocean_add_body_class":"","ocean_shortcode_before_top_bar":"","ocean_shortcode_after_top_bar":"","ocean_shortcode_before_header":"","ocean_shortcode_after_header":"","ocean_has_shortcode":"","ocean_shortcode_after_title":"","ocean_shortcode_before_footer_widgets":"","ocean_shortcode_after_footer_widgets":"","ocean_shortcode_before_footer_bottom":"","ocean_shortcode_after_footer_bottom":"","ocean_display_top_bar":"default","ocean_display_header":"default","ocean_header_style":"","ocean_center_header_left_menu":"0","ocean_custom_header_template":"0","ocean_custom_logo":0,"ocean_custom_retina_logo":0,"ocean_custom_logo_max_width":0,"ocean_custom_logo_tablet_max_width":0,"ocean_custom_logo_mobile_max_width":0,"ocean_custom_logo_max_height":0,"ocean_custom_logo_tablet_max_height":0,"ocean_custom_logo_mobile_max_height":0,"ocean_header_custom_menu":"0","ocean_menu_typo_font_family":"0","ocean_menu_typo_font_subset":"","ocean_menu_typo_font_size":0,"ocean_menu_typo_font_size_tablet":0,"ocean_menu_typo_font_size_mobile":0,"ocean_menu_typo_font_size_unit":"px","ocean_menu_typo_font_weight":"","ocean_menu_typo_font_weight_tablet":"","ocean_menu_typo_font_weight_mobile":"","ocean_menu_typo_transform":"","ocean_menu_typo_transform_tablet":"","ocean_menu_typo_transform_mobile":"","ocean_menu_typo_line_height":0,"ocean_menu_typo_line_height_tablet":0,"ocean_menu_typo_line_height_mobile":0,"ocean_menu_typo_line_height_unit":"","ocean_menu_typo_spacing":0,"ocean_menu_typo_spacing_tablet":0,"ocean_menu_typo_spacing_mobile":0,"ocean_menu_typo_spacing_unit":"","ocean_menu_link_color":"","ocean_menu_link_color_hover":"","ocean_menu_link_color_active":"","ocean_menu_link_background":"","ocean_menu_link_hover_background":"","ocean_menu_link_active_background":"","ocean_menu_social_links_bg":"","ocean_menu_social_hover_links_bg":"","ocean_menu_social_links_color":"","ocean_menu_social_hover_links_color":"","ocean_disable_title":"default","ocean_disable_heading":"default","ocean_post_title":"","ocean_post_subheading":"","ocean_post_title_style":"","ocean_post_title_background_color":"","ocean_post_title_background":0,"ocean_post_title_bg_image_position":"","ocean_post_title_bg_image_attachment":"","ocean_post_title_bg_image_repeat":"","ocean_post_title_bg_image_size":"","ocean_post_title_height":0,"ocean_post_title_bg_overlay":0.5,"ocean_post_title_bg_overlay_color":"","ocean_disable_breadcrumbs":"default","ocean_breadcrumbs_color":"","ocean_breadcrumbs_separator_color":"","ocean_breadcrumbs_links_color":"","ocean_breadcrumbs_links_hover_color":"","ocean_display_footer_widgets":"default","ocean_display_footer_bottom":"default","ocean_custom_footer_template":"0","_joinchat":[],"jetpack_publicize_message":"","jetpack_publicize_feature_enabled":true,"jetpack_social_post_already_shared":true,"jetpack_social_options":{"image_generator_settings":{"template":"highway","default_image_id":0,"font":"","enabled":false},"version":2}},"product_brand":[],"product_cat":[15,65],"product_tag":[],"class_list":{"0":"post-2642","1":"product","2":"type-product","3":"status-publish","4":"has-post-thumbnail","6":"product_cat-forever","7":"product_cat-nos-solutions-de-sante","9":"entry","10":"has-media","12":"first","13":"instock","14":"taxable","15":"shipping-taxable","16":"purchasable","17":"product-type-simple","18":"has-product-nav","19":"col","20":"span_1_of_3","21":"owp-content-center","22":"owp-thumbs-layout-horizontal","23":"owp-btn-normal","24":"owp-tabs-layout-vertical","25":"has-no-thumbnails","27":"circle-sale"},"jetpack_publicize_connections":[],"jetpack_likes_enabled":true,"jetpack_sharing_enabled":true,"_links":{"self":[{"href":"https:\/\/distributeurforever.elielmarket-ci.com\/index.php\/wp-json\/wp\/v2\/product\/2642","targetHints":{"allow":["GET"]}}],"collection":[{"href":"https:\/\/distributeurforever.elielmarket-ci.com\/index.php\/wp-json\/wp\/v2\/product"}],"about":[{"href":"https:\/\/distributeurforever.elielmarket-ci.com\/index.php\/wp-json\/wp\/v2\/types\/product"}],"replies":[{"embeddable":true,"href":"https:\/\/distributeurforever.elielmarket-ci.com\/index.php\/wp-json\/wp\/v2\/comments?post=2642"}],"wp:featuredmedia":[{"embeddable":true,"href":"https:\/\/distributeurforever.elielmarket-ci.com\/index.php\/wp-json\/wp\/v2\/media\/2640"}],"wp:attachment":[{"href":"https:\/\/distributeurforever.elielmarket-ci.com\/index.php\/wp-json\/wp\/v2\/media?parent=2642"}],"wp:term":[{"taxonomy":"product_brand","embeddable":true,"href":"https:\/\/distributeurforever.elielmarket-ci.com\/index.php\/wp-json\/wp\/v2\/product_brand?post=2642"},{"taxonomy":"product_cat","embeddable":true,"href":"https:\/\/distributeurforever.elielmarket-ci.com\/index.php\/wp-json\/wp\/v2\/product_cat?post=2642"},{"taxonomy":"product_tag","embeddable":true,"href":"https:\/\/distributeurforever.elielmarket-ci.com\/index.php\/wp-json\/wp\/v2\/product_tag?post=2642"}],"curies":[{"name":"wp","href":"https:\/\/api.w.org\/{rel}","templated":true}]}}