{"id":1784,"date":"2023-06-04T16:32:44","date_gmt":"2023-06-04T16:32:44","guid":{"rendered":"https:\/\/distributeurforever.elielmarket-ci.com\/?post_type=product&#038;p=1784"},"modified":"2023-06-04T16:35:01","modified_gmt":"2023-06-04T16:35:01","slug":"forever-alpha-e-factor","status":"publish","type":"product","link":"https:\/\/distributeurforever.elielmarket-ci.com\/index.php\/produit\/forever-alpha-e-factor\/","title":{"rendered":"Forever Alpha-E Factor"},"content":{"rendered":"<h2 class=\"benefits--title\">Forever Alpha-E Factor<\/h2>\n<p class=\"benefits--subtitle\">Forever Alpha-E Factor &#8211; De la fra\u00eecheur pour ta peau! Ce s\u00e9rum particuli\u00e8rement riche \u00e0 base d&rsquo;Aloe Vera et de vitamine E te fait rayonner de fra\u00eecheur et de jeunesse. Comment agit la vitamine E? Les peaux particuli\u00e8rement s\u00e8ches adorent ce soin du visage \u00e0 la vitamine E, la vitamine de la r\u00e9g\u00e9n\u00e9ration par excellence.<\/p>\n<h3 class=\"benefits--subtitle\">UN PRODUIT DE POINTE ET DE QUALIT\u00c9 IN\u00c9GAL\u00c9E<\/h3>\n<p class=\"benefits--text\">Forever Alpha-E Factor est un fluide tr\u00e8s concentr\u00e9; les extraits d&rsquo;Aloe et la vitamine E incitent ta peau \u00e0 se r\u00e9g\u00e9n\u00e9rer de mani\u00e8re naturelle. Le bisabolol redonne \u00e0 la peau \u00e9lasticit\u00e9, jeunesse et fra\u00eecheur. La peau s\u00e8che retrouve son \u00e9clat et rayonne de jeunesse. Accorde-toi un soin d&rsquo;exception avec notre s\u00e9rum \u00e0 la vitamine E!<\/p>\n<h3 class=\"benefits--subtitle\">L&rsquo;EXIGENCE JUSQU&rsquo;AU BOUT DES DOIGTS<\/h3>\n<p class=\"benefits--text\">Dans ce fluide hydratant, l&rsquo;action de l&rsquo;Aloe Vera est compl\u00e9t\u00e9e par celle de la vitamine E. Il suffit de deux \u00e0 trois gouttes pour obtenir un effet surprenant. Forever Alpha-E-Factor\u00ae est tr\u00e8s concentr\u00e9, et donc tr\u00e8s \u00e9conomique \u00e0 l&rsquo;utilisation. Le pouvoir hydratant sp\u00e9cial de l&rsquo;Aloe Vera et de la vitamine E. Pour t&rsquo;offrir un soin sp\u00e9cial, applique aussi le s\u00e9rum sur le bout de tes doigts et fais-le p\u00e9n\u00e9trer en massant doucement. De plus, ajoute quelques gouttes \u00e0 l&rsquo;eau de ton bain pour plonger dans les d\u00e9lices d&rsquo;un merveilleux soin \u00e0 la vitamine E et \u00e0 l&rsquo;Aloe Vera.<\/p>\n<h3 class=\"benefits--subtitle\">ID\u00c9AL AUSSI POUR TON ANIMAL PR\u00c9F\u00c9R\u00c9<\/h3>\n<p class=\"benefits--text\">Ce fluide agr\u00e9ablement l\u00e9ger est parfait pour le soin du pelage de ton chien ou de ton chat. Quelques gouttes seulement, m\u00e9lang\u00e9es avec Aloe Vera Gelly, donnent un soin hydratant exceptionnel. Id\u00e9al \u00e9galement pour les espaces entre les pattes et pour soigner les oreilles s\u00e8ches. Conseil suppl\u00e9mentaire: verse quelques gouttes de Forever Alpha-E Factor\u00ae dans ta main et caresse ton animal de compagnie pour faciliter le d\u00e9m\u00ealage du sous-poil. Le fluide apporte aussi un parfum agr\u00e9able.<\/p>\n","protected":false},"excerpt":{"rendered":"<p><strong>Un fluide r\u00e9g\u00e9n\u00e9rant de grande efficacit\u00e9, contenant des ingr\u00e9dients exquis. Tout particuli\u00e8rement indiqu\u00e9 pour les peaux sensibles.<\/strong><\/p>\n<div class=\"product--description\">\n<p>Un fluide l\u00e9ger contenant des composants nobles pour un air rayonnant de fra\u00eecheur et de jeunesse. C\u2019est un s\u00e9rum tr\u00e8s puissant pour les peaux exigeantes et sensibles. Un cadeau particulier pour plus d\u2019\u00e9lasticit\u00e9 et une stimulation de la r\u00e9g\u00e9n\u00e9ration cutan\u00e9e.<\/p>\n<p>Id\u00e9al aussi pour ton animal de compagnie.<\/p>\n<\/div>\n","protected":false},"featured_media":1786,"comment_status":"open","ping_status":"closed","template":"","meta":{"_monsterinsights_skip_tracking":false,"_monsterinsights_sitenote_active":false,"_monsterinsights_sitenote_note":"","_monsterinsights_sitenote_category":0,"ocean_post_layout":"","ocean_both_sidebars_style":"","ocean_both_sidebars_content_width":0,"ocean_both_sidebars_sidebars_width":0,"ocean_sidebar":"0","ocean_second_sidebar":"0","ocean_disable_margins":"enable","ocean_add_body_class":"","ocean_shortcode_before_top_bar":"","ocean_shortcode_after_top_bar":"","ocean_shortcode_before_header":"","ocean_shortcode_after_header":"","ocean_has_shortcode":"","ocean_shortcode_after_title":"","ocean_shortcode_before_footer_widgets":"","ocean_shortcode_after_footer_widgets":"","ocean_shortcode_before_footer_bottom":"","ocean_shortcode_after_footer_bottom":"","ocean_display_top_bar":"default","ocean_display_header":"default","ocean_header_style":"","ocean_center_header_left_menu":"0","ocean_custom_header_template":"0","ocean_custom_logo":0,"ocean_custom_retina_logo":0,"ocean_custom_logo_max_width":0,"ocean_custom_logo_tablet_max_width":0,"ocean_custom_logo_mobile_max_width":0,"ocean_custom_logo_max_height":0,"ocean_custom_logo_tablet_max_height":0,"ocean_custom_logo_mobile_max_height":0,"ocean_header_custom_menu":"0","ocean_menu_typo_font_family":"0","ocean_menu_typo_font_subset":"","ocean_menu_typo_font_size":0,"ocean_menu_typo_font_size_tablet":0,"ocean_menu_typo_font_size_mobile":0,"ocean_menu_typo_font_size_unit":"px","ocean_menu_typo_font_weight":"","ocean_menu_typo_font_weight_tablet":"","ocean_menu_typo_font_weight_mobile":"","ocean_menu_typo_transform":"","ocean_menu_typo_transform_tablet":"","ocean_menu_typo_transform_mobile":"","ocean_menu_typo_line_height":0,"ocean_menu_typo_line_height_tablet":0,"ocean_menu_typo_line_height_mobile":0,"ocean_menu_typo_line_height_unit":"","ocean_menu_typo_spacing":0,"ocean_menu_typo_spacing_tablet":0,"ocean_menu_typo_spacing_mobile":0,"ocean_menu_typo_spacing_unit":"","ocean_menu_link_color":"","ocean_menu_link_color_hover":"","ocean_menu_link_color_active":"","ocean_menu_link_background":"","ocean_menu_link_hover_background":"","ocean_menu_link_active_background":"","ocean_menu_social_links_bg":"","ocean_menu_social_hover_links_bg":"","ocean_menu_social_links_color":"","ocean_menu_social_hover_links_color":"","ocean_disable_title":"default","ocean_disable_heading":"default","ocean_post_title":"","ocean_post_subheading":"","ocean_post_title_style":"","ocean_post_title_background_color":"","ocean_post_title_background":0,"ocean_post_title_bg_image_position":"","ocean_post_title_bg_image_attachment":"","ocean_post_title_bg_image_repeat":"","ocean_post_title_bg_image_size":"","ocean_post_title_height":0,"ocean_post_title_bg_overlay":0.5,"ocean_post_title_bg_overlay_color":"","ocean_disable_breadcrumbs":"default","ocean_breadcrumbs_color":"","ocean_breadcrumbs_separator_color":"","ocean_breadcrumbs_links_color":"","ocean_breadcrumbs_links_hover_color":"","ocean_display_footer_widgets":"default","ocean_display_footer_bottom":"default","ocean_custom_footer_template":"0","_joinchat":[],"jetpack_publicize_message":"","jetpack_publicize_feature_enabled":true,"jetpack_social_post_already_shared":false,"jetpack_social_options":{"image_generator_settings":{"template":"highway","default_image_id":0,"font":"","enabled":false},"version":2}},"product_brand":[],"product_cat":[15,44],"product_tag":[],"class_list":{"0":"post-1784","1":"product","2":"type-product","3":"status-publish","4":"has-post-thumbnail","6":"product_cat-forever","7":"product_cat-soins-personnels","9":"entry","10":"has-media","12":"first","13":"instock","14":"taxable","15":"shipping-taxable","16":"purchasable","17":"product-type-simple","18":"has-product-nav","19":"col","20":"span_1_of_3","21":"owp-content-center","22":"owp-thumbs-layout-horizontal","23":"owp-btn-normal","24":"owp-tabs-layout-vertical","26":"circle-sale"},"jetpack_publicize_connections":[],"jetpack_likes_enabled":true,"jetpack_sharing_enabled":true,"_links":{"self":[{"href":"https:\/\/distributeurforever.elielmarket-ci.com\/index.php\/wp-json\/wp\/v2\/product\/1784","targetHints":{"allow":["GET"]}}],"collection":[{"href":"https:\/\/distributeurforever.elielmarket-ci.com\/index.php\/wp-json\/wp\/v2\/product"}],"about":[{"href":"https:\/\/distributeurforever.elielmarket-ci.com\/index.php\/wp-json\/wp\/v2\/types\/product"}],"replies":[{"embeddable":true,"href":"https:\/\/distributeurforever.elielmarket-ci.com\/index.php\/wp-json\/wp\/v2\/comments?post=1784"}],"wp:featuredmedia":[{"embeddable":true,"href":"https:\/\/distributeurforever.elielmarket-ci.com\/index.php\/wp-json\/wp\/v2\/media\/1786"}],"wp:attachment":[{"href":"https:\/\/distributeurforever.elielmarket-ci.com\/index.php\/wp-json\/wp\/v2\/media?parent=1784"}],"wp:term":[{"taxonomy":"product_brand","embeddable":true,"href":"https:\/\/distributeurforever.elielmarket-ci.com\/index.php\/wp-json\/wp\/v2\/product_brand?post=1784"},{"taxonomy":"product_cat","embeddable":true,"href":"https:\/\/distributeurforever.elielmarket-ci.com\/index.php\/wp-json\/wp\/v2\/product_cat?post=1784"},{"taxonomy":"product_tag","embeddable":true,"href":"https:\/\/distributeurforever.elielmarket-ci.com\/index.php\/wp-json\/wp\/v2\/product_tag?post=1784"}],"curies":[{"name":"wp","href":"https:\/\/api.w.org\/{rel}","templated":true}]}}