{"id":1780,"date":"2023-06-04T16:23:09","date_gmt":"2023-06-04T16:23:09","guid":{"rendered":"https:\/\/distributeurforever.elielmarket-ci.com\/?post_type=product&#038;p=1780"},"modified":"2023-06-04T16:24:48","modified_gmt":"2023-06-04T16:24:48","slug":"hydrating-serum","status":"publish","type":"product","link":"https:\/\/distributeurforever.elielmarket-ci.com\/index.php\/produit\/hydrating-serum\/","title":{"rendered":"Hydrating Serum"},"content":{"rendered":"<h2 class=\"benefits--title\">Hydrating Serum<\/h2>\n<p class=\"benefits--subtitle\">Hydrating Serum &#8211; Le processus de vieillissement de la peau commence d\u00e8s l\u2019\u00e2ge de 25 ans. Nous sommes s\u00fbrs que tu le savais d\u00e9j\u00e0. C\u2019est pourquoi il est si important de fournir \u00e0 la peau beaucoup d\u2019hydratation. L\u2019objectif est d\u2019avoir une peau qui reste aussi jeune que possible et le plus longtemps possible. Belle, ferme et souple. Le stress quotidien ne devrait m\u00eame pas pouvoir la toucher.<\/p>\n<h3 class=\"benefits--subtitle\">QUE FAIT L\u2019ACIDE HYALURONIQUE?<\/h3>\n<p class=\"benefits--text\">L\u2019acide hyaluronique est un composant naturel de la peau. Ce liquide g\u00e9lifi\u00e9 se trouve, par exemple, dans le tissu conjonctif ou les articulations. Son avantage est qu\u2019il est capable de retenir de grandes quantit\u00e9s d\u2019eau. L\u2019acide hyaluronique, tr\u00e8s recherch\u00e9, assure donc un apport suffisant de liquide dans nos tissus. Et maintenant la mauvaise nouvelle: en vieillissant, la production de cet acide diminue. Cela cr\u00e9e de petites rides et ridules. La peau devient plus s\u00e8che et moins \u00e9lastique.<\/p>\n<h3 class=\"benefits--subtitle\">POURQUOI LES ACIDES HYALURONIQUES FONCTIONNENT-ILS SI BIEN?<\/h3>\n<p class=\"benefits--text\">On le sait d\u00e9j\u00e0: l\u2019organisme peut produire lui-m\u00eame de l\u2019acide hyaluronique. Par cons\u00e9quent, il reconna\u00eet \u00e9galement les mol\u00e9cules de l\u2019ext\u00e9rieur. Il les absorbe donc tr\u00e8s facilement. C\u2019est pourquoi les s\u00e9rums hyaluroniques sont consid\u00e9r\u00e9s comme de v\u00e9ritables stars sur le march\u00e9 des produits anti-\u00e2ge. Ils nourrissent notre peau avec beaucoup d\u2019hydratation.<\/p>\n<p class=\"responsive-video-wrap clr\"><iframe title=\"hydrating serum\" width=\"1200\" height=\"675\" src=\"https:\/\/www.youtube.com\/embed\/M9q4ZTRRSWo?feature=oembed\" frameborder=\"0\" allow=\"accelerometer; autoplay; clipboard-write; encrypted-media; gyroscope; picture-in-picture; web-share\" allowfullscreen><\/iframe><\/p>\n","protected":false},"excerpt":{"rendered":"<p><strong>S\u00e9rum hydratant avec Aloe Vera et acide hyaluronique<\/strong><\/p>\n<div class=\"product--description\">\n<p>Prot\u00e8ge ta peau contre les facteurs de stress environnementaux et le vieillissement pr\u00e9matur\u00e9 avec hydrating serum de Forever. Il contient 37% de gel d&rsquo;Aloe Vera pur, ainsi que quatre types d&rsquo;acide hyaluronique qui apportent \u00e0 la peau une charge concentr\u00e9e en hydratation, am\u00e9liorent l&rsquo;\u00e9lasticit\u00e9 de la peau et donnent une texture visiblement plus ferme.<\/p>\n<\/div>\n","protected":false},"featured_media":1781,"comment_status":"open","ping_status":"closed","template":"","meta":{"_monsterinsights_skip_tracking":false,"_monsterinsights_sitenote_active":false,"_monsterinsights_sitenote_note":"","_monsterinsights_sitenote_category":0,"ocean_post_layout":"","ocean_both_sidebars_style":"","ocean_both_sidebars_content_width":0,"ocean_both_sidebars_sidebars_width":0,"ocean_sidebar":"0","ocean_second_sidebar":"0","ocean_disable_margins":"enable","ocean_add_body_class":"","ocean_shortcode_before_top_bar":"","ocean_shortcode_after_top_bar":"","ocean_shortcode_before_header":"","ocean_shortcode_after_header":"","ocean_has_shortcode":"","ocean_shortcode_after_title":"","ocean_shortcode_before_footer_widgets":"","ocean_shortcode_after_footer_widgets":"","ocean_shortcode_before_footer_bottom":"","ocean_shortcode_after_footer_bottom":"","ocean_display_top_bar":"default","ocean_display_header":"default","ocean_header_style":"","ocean_center_header_left_menu":"0","ocean_custom_header_template":"0","ocean_custom_logo":0,"ocean_custom_retina_logo":0,"ocean_custom_logo_max_width":0,"ocean_custom_logo_tablet_max_width":0,"ocean_custom_logo_mobile_max_width":0,"ocean_custom_logo_max_height":0,"ocean_custom_logo_tablet_max_height":0,"ocean_custom_logo_mobile_max_height":0,"ocean_header_custom_menu":"0","ocean_menu_typo_font_family":"0","ocean_menu_typo_font_subset":"","ocean_menu_typo_font_size":0,"ocean_menu_typo_font_size_tablet":0,"ocean_menu_typo_font_size_mobile":0,"ocean_menu_typo_font_size_unit":"px","ocean_menu_typo_font_weight":"","ocean_menu_typo_font_weight_tablet":"","ocean_menu_typo_font_weight_mobile":"","ocean_menu_typo_transform":"","ocean_menu_typo_transform_tablet":"","ocean_menu_typo_transform_mobile":"","ocean_menu_typo_line_height":0,"ocean_menu_typo_line_height_tablet":0,"ocean_menu_typo_line_height_mobile":0,"ocean_menu_typo_line_height_unit":"","ocean_menu_typo_spacing":0,"ocean_menu_typo_spacing_tablet":0,"ocean_menu_typo_spacing_mobile":0,"ocean_menu_typo_spacing_unit":"","ocean_menu_link_color":"","ocean_menu_link_color_hover":"","ocean_menu_link_color_active":"","ocean_menu_link_background":"","ocean_menu_link_hover_background":"","ocean_menu_link_active_background":"","ocean_menu_social_links_bg":"","ocean_menu_social_hover_links_bg":"","ocean_menu_social_links_color":"","ocean_menu_social_hover_links_color":"","ocean_disable_title":"default","ocean_disable_heading":"default","ocean_post_title":"","ocean_post_subheading":"","ocean_post_title_style":"","ocean_post_title_background_color":"","ocean_post_title_background":0,"ocean_post_title_bg_image_position":"","ocean_post_title_bg_image_attachment":"","ocean_post_title_bg_image_repeat":"","ocean_post_title_bg_image_size":"","ocean_post_title_height":0,"ocean_post_title_bg_overlay":0.5,"ocean_post_title_bg_overlay_color":"","ocean_disable_breadcrumbs":"default","ocean_breadcrumbs_color":"","ocean_breadcrumbs_separator_color":"","ocean_breadcrumbs_links_color":"","ocean_breadcrumbs_links_hover_color":"","ocean_display_footer_widgets":"default","ocean_display_footer_bottom":"default","ocean_custom_footer_template":"0","_joinchat":[],"jetpack_publicize_message":"","jetpack_publicize_feature_enabled":true,"jetpack_social_post_already_shared":false,"jetpack_social_options":{"image_generator_settings":{"template":"highway","default_image_id":0,"font":"","enabled":false},"version":2}},"product_brand":[],"product_cat":[15,44],"product_tag":[],"class_list":{"0":"post-1780","1":"product","2":"type-product","3":"status-publish","4":"has-post-thumbnail","6":"product_cat-forever","7":"product_cat-soins-personnels","9":"entry","10":"has-media","12":"first","13":"instock","14":"taxable","15":"shipping-taxable","16":"purchasable","17":"product-type-simple","18":"has-product-nav","19":"col","20":"span_1_of_3","21":"owp-content-center","22":"owp-thumbs-layout-horizontal","23":"owp-btn-normal","24":"owp-tabs-layout-vertical","26":"circle-sale"},"jetpack_publicize_connections":[],"jetpack_likes_enabled":true,"jetpack_sharing_enabled":true,"_links":{"self":[{"href":"https:\/\/distributeurforever.elielmarket-ci.com\/index.php\/wp-json\/wp\/v2\/product\/1780","targetHints":{"allow":["GET"]}}],"collection":[{"href":"https:\/\/distributeurforever.elielmarket-ci.com\/index.php\/wp-json\/wp\/v2\/product"}],"about":[{"href":"https:\/\/distributeurforever.elielmarket-ci.com\/index.php\/wp-json\/wp\/v2\/types\/product"}],"replies":[{"embeddable":true,"href":"https:\/\/distributeurforever.elielmarket-ci.com\/index.php\/wp-json\/wp\/v2\/comments?post=1780"}],"wp:featuredmedia":[{"embeddable":true,"href":"https:\/\/distributeurforever.elielmarket-ci.com\/index.php\/wp-json\/wp\/v2\/media\/1781"}],"wp:attachment":[{"href":"https:\/\/distributeurforever.elielmarket-ci.com\/index.php\/wp-json\/wp\/v2\/media?parent=1780"}],"wp:term":[{"taxonomy":"product_brand","embeddable":true,"href":"https:\/\/distributeurforever.elielmarket-ci.com\/index.php\/wp-json\/wp\/v2\/product_brand?post=1780"},{"taxonomy":"product_cat","embeddable":true,"href":"https:\/\/distributeurforever.elielmarket-ci.com\/index.php\/wp-json\/wp\/v2\/product_cat?post=1780"},{"taxonomy":"product_tag","embeddable":true,"href":"https:\/\/distributeurforever.elielmarket-ci.com\/index.php\/wp-json\/wp\/v2\/product_tag?post=1780"}],"curies":[{"name":"wp","href":"https:\/\/api.w.org\/{rel}","templated":true}]}}