{"id":1773,"date":"2023-06-04T16:02:56","date_gmt":"2023-06-04T16:02:56","guid":{"rendered":"https:\/\/distributeurforever.elielmarket-ci.com\/?post_type=product&#038;p=1773"},"modified":"2023-06-04T16:02:57","modified_gmt":"2023-06-04T16:02:57","slug":"aloe-activator","status":"publish","type":"product","link":"https:\/\/distributeurforever.elielmarket-ci.com\/index.php\/produit\/aloe-activator\/","title":{"rendered":"Aloe Activator"},"content":{"rendered":"<h2 class=\"benefits--title\">Aloe Activator<\/h2>\n<p class=\"benefits--subtitle\">Aloe Activator &#8211; Ce produit multifonctionnel est un excellent hydratant pour ta peau. Ce tonique facial avec 99% de pur gel d&rsquo;Aloe Vera et de l&rsquo;allanto\u00efne pure hydrate, rafra\u00eechit et nettoie la peau. Id\u00e9al pour toutes les conditions de peau, particuli\u00e8rement adapt\u00e9 comme tonique facial pour les peaux sensibles.<\/p>\n<h3 class=\"benefits--subtitle\">LE MEILLEUR HYDRATANT<\/h3>\n<p class=\"benefits--text\">Gr\u00e2ce au gel d&rsquo;Aloe Vera pur, aloe activator\u00ae contient les vitamines A, C et E. Le tonique facial contient \u00e9galement des enzymes d&rsquo;Aloe Vera, des acides amin\u00e9s et des polysaccharides. La meilleure option quand il s&rsquo;agit d&rsquo;anti-\u00e2ge.<\/p>\n<h3 class=\"benefits--subtitle\">COMME MASQUE FACIAL<\/h3>\n<p class=\"benefits--text\">Pour faire un masque \u00e0 l&rsquo;Aloe m\u00e9lange une cuill\u00e8re \u00e0 caf\u00e9 de aloe activator avec notre Mask Powder et applique une fine couche sur la peau nettoy\u00e9e. Apr\u00e8s 30 minutes, rince soigneusement le visage \u00e0 l&rsquo;eau ti\u00e8de. Le r\u00e9sultat: une peau \u00e9tonnamment fra\u00eeche et soign\u00e9e. Tu peux l&rsquo;utiliser deux ou trois fois par semaine. Pour un teint ros\u00e9!<\/p>\n<h3 class=\"benefits--subtitle\">ID\u00c9AL AUSSI POUR TON ANIMAL DOMESTIQUE PR\u00c9F\u00c9R\u00c9<\/h3>\n<p class=\"benefits--text\">Ce tonique riche est \u00e9galement un hydratant optimal pour ton animal \u00e0 quatre pattes. Il suffit de l&rsquo;appliquer sur un coton et de nettoyer les oreilles ou les yeux de ton animal en cas de s\u00e9cr\u00e9tions lacrymales. Pour un pelage brillant et souple, frotte un peu aloe activator sur la paume de tes mains et caresse ensuite ton animal de compagnie. Pour vaporiser le produit sur ton animal, tu peux aussi verser aloe activator dans un vaporisateur et le m\u00e9langer \u00e0 d&rsquo;autres produits de soin, par exemple avec Aloe Propolis Creme.<\/p>\n<p class=\"responsive-video-wrap clr\"><iframe title=\"Forever Aloe Activator\" width=\"1200\" height=\"675\" src=\"https:\/\/www.youtube.com\/embed\/UeHTtBmWb-Y?feature=oembed\" frameborder=\"0\" allow=\"accelerometer; autoplay; clipboard-write; encrypted-media; gyroscope; picture-in-picture; web-share\" allowfullscreen><\/iframe><\/p>\n","protected":false},"excerpt":{"rendered":"<p><strong>Tonique de pur gel d\u2019Aloe Vera.<\/strong><\/p>\n<div class=\"product--description\">\n<p>Avec 99 % de gel d&rsquo;Aloe Vera pur, aloe activator nettoie et calme la peau du visage et lui donne une grande sensation de fra\u00eecheur, m\u00eame apr\u00e8s la premi\u00e8re application. Notre Forever Aloe\u2122 de haute qualit\u00e9 a \u00e9t\u00e9 combin\u00e9 avec allanto\u00efne, un hydratant efficace. Avec sa haute teneur en Aloe Vera, ce produit multifonctionnel supporte le r\u00e9sultat des autres produits de soins du visage Forever.<\/p>\n<p>Id\u00e9al aussi pour ton animal de compagnie.<\/p>\n<\/div>\n","protected":false},"featured_media":1774,"comment_status":"open","ping_status":"closed","template":"","meta":{"_monsterinsights_skip_tracking":false,"_monsterinsights_sitenote_active":false,"_monsterinsights_sitenote_note":"","_monsterinsights_sitenote_category":0,"ocean_post_layout":"","ocean_both_sidebars_style":"","ocean_both_sidebars_content_width":0,"ocean_both_sidebars_sidebars_width":0,"ocean_sidebar":"0","ocean_second_sidebar":"0","ocean_disable_margins":"enable","ocean_add_body_class":"","ocean_shortcode_before_top_bar":"","ocean_shortcode_after_top_bar":"","ocean_shortcode_before_header":"","ocean_shortcode_after_header":"","ocean_has_shortcode":"","ocean_shortcode_after_title":"","ocean_shortcode_before_footer_widgets":"","ocean_shortcode_after_footer_widgets":"","ocean_shortcode_before_footer_bottom":"","ocean_shortcode_after_footer_bottom":"","ocean_display_top_bar":"default","ocean_display_header":"default","ocean_header_style":"","ocean_center_header_left_menu":"0","ocean_custom_header_template":"0","ocean_custom_logo":0,"ocean_custom_retina_logo":0,"ocean_custom_logo_max_width":0,"ocean_custom_logo_tablet_max_width":0,"ocean_custom_logo_mobile_max_width":0,"ocean_custom_logo_max_height":0,"ocean_custom_logo_tablet_max_height":0,"ocean_custom_logo_mobile_max_height":0,"ocean_header_custom_menu":"0","ocean_menu_typo_font_family":"0","ocean_menu_typo_font_subset":"","ocean_menu_typo_font_size":0,"ocean_menu_typo_font_size_tablet":0,"ocean_menu_typo_font_size_mobile":0,"ocean_menu_typo_font_size_unit":"px","ocean_menu_typo_font_weight":"","ocean_menu_typo_font_weight_tablet":"","ocean_menu_typo_font_weight_mobile":"","ocean_menu_typo_transform":"","ocean_menu_typo_transform_tablet":"","ocean_menu_typo_transform_mobile":"","ocean_menu_typo_line_height":0,"ocean_menu_typo_line_height_tablet":0,"ocean_menu_typo_line_height_mobile":0,"ocean_menu_typo_line_height_unit":"","ocean_menu_typo_spacing":0,"ocean_menu_typo_spacing_tablet":0,"ocean_menu_typo_spacing_mobile":0,"ocean_menu_typo_spacing_unit":"","ocean_menu_link_color":"","ocean_menu_link_color_hover":"","ocean_menu_link_color_active":"","ocean_menu_link_background":"","ocean_menu_link_hover_background":"","ocean_menu_link_active_background":"","ocean_menu_social_links_bg":"","ocean_menu_social_hover_links_bg":"","ocean_menu_social_links_color":"","ocean_menu_social_hover_links_color":"","ocean_disable_title":"default","ocean_disable_heading":"default","ocean_post_title":"","ocean_post_subheading":"","ocean_post_title_style":"","ocean_post_title_background_color":"","ocean_post_title_background":0,"ocean_post_title_bg_image_position":"","ocean_post_title_bg_image_attachment":"","ocean_post_title_bg_image_repeat":"","ocean_post_title_bg_image_size":"","ocean_post_title_height":0,"ocean_post_title_bg_overlay":0.5,"ocean_post_title_bg_overlay_color":"","ocean_disable_breadcrumbs":"default","ocean_breadcrumbs_color":"","ocean_breadcrumbs_separator_color":"","ocean_breadcrumbs_links_color":"","ocean_breadcrumbs_links_hover_color":"","ocean_display_footer_widgets":"default","ocean_display_footer_bottom":"default","ocean_custom_footer_template":"0","_joinchat":[],"jetpack_publicize_message":"","jetpack_publicize_feature_enabled":true,"jetpack_social_post_already_shared":false,"jetpack_social_options":{"image_generator_settings":{"template":"highway","default_image_id":0,"font":"","enabled":false},"version":2}},"product_brand":[],"product_cat":[15,44],"product_tag":[],"class_list":{"0":"post-1773","1":"product","2":"type-product","3":"status-publish","4":"has-post-thumbnail","6":"product_cat-forever","7":"product_cat-soins-personnels","9":"entry","10":"has-media","12":"first","13":"instock","14":"taxable","15":"shipping-taxable","16":"purchasable","17":"product-type-simple","18":"has-product-nav","19":"col","20":"span_1_of_3","21":"owp-content-center","22":"owp-thumbs-layout-horizontal","23":"owp-btn-normal","24":"owp-tabs-layout-vertical","26":"circle-sale"},"jetpack_publicize_connections":[],"jetpack_likes_enabled":true,"jetpack_sharing_enabled":true,"_links":{"self":[{"href":"https:\/\/distributeurforever.elielmarket-ci.com\/index.php\/wp-json\/wp\/v2\/product\/1773","targetHints":{"allow":["GET"]}}],"collection":[{"href":"https:\/\/distributeurforever.elielmarket-ci.com\/index.php\/wp-json\/wp\/v2\/product"}],"about":[{"href":"https:\/\/distributeurforever.elielmarket-ci.com\/index.php\/wp-json\/wp\/v2\/types\/product"}],"replies":[{"embeddable":true,"href":"https:\/\/distributeurforever.elielmarket-ci.com\/index.php\/wp-json\/wp\/v2\/comments?post=1773"}],"wp:featuredmedia":[{"embeddable":true,"href":"https:\/\/distributeurforever.elielmarket-ci.com\/index.php\/wp-json\/wp\/v2\/media\/1774"}],"wp:attachment":[{"href":"https:\/\/distributeurforever.elielmarket-ci.com\/index.php\/wp-json\/wp\/v2\/media?parent=1773"}],"wp:term":[{"taxonomy":"product_brand","embeddable":true,"href":"https:\/\/distributeurforever.elielmarket-ci.com\/index.php\/wp-json\/wp\/v2\/product_brand?post=1773"},{"taxonomy":"product_cat","embeddable":true,"href":"https:\/\/distributeurforever.elielmarket-ci.com\/index.php\/wp-json\/wp\/v2\/product_cat?post=1773"},{"taxonomy":"product_tag","embeddable":true,"href":"https:\/\/distributeurforever.elielmarket-ci.com\/index.php\/wp-json\/wp\/v2\/product_tag?post=1773"}],"curies":[{"name":"wp","href":"https:\/\/api.w.org\/{rel}","templated":true}]}}