{"id":1770,"date":"2023-06-04T15:53:28","date_gmt":"2023-06-04T15:53:28","guid":{"rendered":"https:\/\/distributeurforever.elielmarket-ci.com\/?post_type=product&#038;p=1770"},"modified":"2023-06-04T15:53:28","modified_gmt":"2023-06-04T15:53:28","slug":"infinite-forever-hydrating-cleanser","status":"publish","type":"product","link":"https:\/\/distributeurforever.elielmarket-ci.com\/index.php\/produit\/infinite-forever-hydrating-cleanser\/","title":{"rendered":"Infinite Forever Hydrating Cleanser"},"content":{"rendered":"<h1>Infinite Forever Hydrating Cleanser<\/h1>\n<p class=\"benefits--subtitle\">Infinite Forever Hydrating Cleanser &#8211; de la s\u00e9rie infinite by Forever\u2122 est une lotion nettoyante douce pour le visage, le cou et le d\u00e9collet\u00e9 \u2013 elle convient de mani\u00e8re optimale \u00e0 toutes les peaux, donc aussi aux peaux sensibles. Le nettoyage du visage est ce qu&rsquo;il y a de mieux pour chaque peau: deux fois par jour, c&rsquo;est-\u00e0-dire le matin et le soir. La peau est ainsi d\u00e9barrass\u00e9e de ses bact\u00e9ries, cellules mortes et impuret\u00e9s. Convient aussi bien aux hommes qu&rsquo;aux femmes. Essaie-la!<\/p>\n<h3 class=\"benefits--subtitle\">NETTOYAGE DOUX DU VISAGE \u00c0 L&rsquo;ALOE VERA<\/h3>\n<p class=\"benefits--text\">Hydrating cleanser est riche en composants efficaces pour un nettoyage parfait et pour prendre en m\u00eame temps soin de ta peau. 36% d&rsquo;Aloe Vera pur conf\u00e8rent un effet de fra\u00eecheur imm\u00e9diat \u00e0 la peau. Des substances naturelles contribuent \u00e0 un teint resplendissant et clair. hydrating cleanser contient un extrait de pomme et des amino-acides issus de pommes; le sodium cocoyl glycinate est gagn\u00e9 \u00e0 partir de noix de coco et de glycine, un amino-acide. Il s&rsquo;agit d&rsquo;une substance naturelle douce \u00e0 propri\u00e9t\u00e9s hypoallerg\u00e9niques qui prend soin de la peau et lui apporte douceur et confort. L&rsquo;huile de tournesol, qui est riche en acide linol\u00e9ique et en vitamine E, s\u00e9pare les particules de salet\u00e9 et les d\u00e9p\u00f4ts sont ensuite \u00e9limin\u00e9s en douceur. Pour le nettoyage parfait de ton visage!<\/p>\n<h3 class=\"benefits--subtitle\">SOIN ANTI-\u00c2GE OPTIMAL DE L&rsquo;INT\u00c9RIEUR ET DE L&rsquo;EXT\u00c9RIEUR<\/h3>\n<p class=\"benefits--text\">Soin anti-\u00e2ge optimal de l&rsquo;int\u00e9rieur et de l&rsquo;ext\u00e9rieur hydrating cleanser est une lotion de nettoyage douce et onctueuse qui laisse une sensation de douceur agr\u00e9able sur la peau et qui forme une base id\u00e9ale pour d&rsquo;autres soins anti-\u00e2ge avec les produits de la s\u00e9rie hydrating cleanser. Prends soin de toi en beaut\u00e9!<\/p>\n","protected":false},"excerpt":{"rendered":"<p><strong>Une lotion nettoyante douce pour le visage, le cou et le d\u00e9collet\u00e9.<\/strong><\/p>\n<div class=\"product--description\">\n<p>Cette lotion nettoyante douce est riche en ingr\u00e9dients puissants d\u2019origine naturelle, tels qu\u2019un extrait et des acides amin\u00e9s de pomme ainsi que des acides gras de coco. Ces ingr\u00e9dients augmentent imm\u00e9diatement l\u2019hydratation de la peau, mais permettent aussi la suspension d\u2019impuret\u00e9s, par exemple r\u00e9sidus graisseux, pour faciliter leur \u00e9limination. Le hydrating cleanser laissera ta peau hydrat\u00e9e, douce et propre, posant ainsi les fondations de ta routine anti-\u00e2ge.<\/p>\n<\/div>\n","protected":false},"featured_media":1771,"comment_status":"open","ping_status":"closed","template":"","meta":{"_monsterinsights_skip_tracking":false,"_monsterinsights_sitenote_active":false,"_monsterinsights_sitenote_note":"","_monsterinsights_sitenote_category":0,"ocean_post_layout":"","ocean_both_sidebars_style":"","ocean_both_sidebars_content_width":0,"ocean_both_sidebars_sidebars_width":0,"ocean_sidebar":"0","ocean_second_sidebar":"0","ocean_disable_margins":"enable","ocean_add_body_class":"","ocean_shortcode_before_top_bar":"","ocean_shortcode_after_top_bar":"","ocean_shortcode_before_header":"","ocean_shortcode_after_header":"","ocean_has_shortcode":"","ocean_shortcode_after_title":"","ocean_shortcode_before_footer_widgets":"","ocean_shortcode_after_footer_widgets":"","ocean_shortcode_before_footer_bottom":"","ocean_shortcode_after_footer_bottom":"","ocean_display_top_bar":"default","ocean_display_header":"default","ocean_header_style":"","ocean_center_header_left_menu":"0","ocean_custom_header_template":"0","ocean_custom_logo":0,"ocean_custom_retina_logo":0,"ocean_custom_logo_max_width":0,"ocean_custom_logo_tablet_max_width":0,"ocean_custom_logo_mobile_max_width":0,"ocean_custom_logo_max_height":0,"ocean_custom_logo_tablet_max_height":0,"ocean_custom_logo_mobile_max_height":0,"ocean_header_custom_menu":"0","ocean_menu_typo_font_family":"0","ocean_menu_typo_font_subset":"","ocean_menu_typo_font_size":0,"ocean_menu_typo_font_size_tablet":0,"ocean_menu_typo_font_size_mobile":0,"ocean_menu_typo_font_size_unit":"px","ocean_menu_typo_font_weight":"","ocean_menu_typo_font_weight_tablet":"","ocean_menu_typo_font_weight_mobile":"","ocean_menu_typo_transform":"","ocean_menu_typo_transform_tablet":"","ocean_menu_typo_transform_mobile":"","ocean_menu_typo_line_height":0,"ocean_menu_typo_line_height_tablet":0,"ocean_menu_typo_line_height_mobile":0,"ocean_menu_typo_line_height_unit":"","ocean_menu_typo_spacing":0,"ocean_menu_typo_spacing_tablet":0,"ocean_menu_typo_spacing_mobile":0,"ocean_menu_typo_spacing_unit":"","ocean_menu_link_color":"","ocean_menu_link_color_hover":"","ocean_menu_link_color_active":"","ocean_menu_link_background":"","ocean_menu_link_hover_background":"","ocean_menu_link_active_background":"","ocean_menu_social_links_bg":"","ocean_menu_social_hover_links_bg":"","ocean_menu_social_links_color":"","ocean_menu_social_hover_links_color":"","ocean_disable_title":"default","ocean_disable_heading":"default","ocean_post_title":"","ocean_post_subheading":"","ocean_post_title_style":"","ocean_post_title_background_color":"","ocean_post_title_background":0,"ocean_post_title_bg_image_position":"","ocean_post_title_bg_image_attachment":"","ocean_post_title_bg_image_repeat":"","ocean_post_title_bg_image_size":"","ocean_post_title_height":0,"ocean_post_title_bg_overlay":0.5,"ocean_post_title_bg_overlay_color":"","ocean_disable_breadcrumbs":"default","ocean_breadcrumbs_color":"","ocean_breadcrumbs_separator_color":"","ocean_breadcrumbs_links_color":"","ocean_breadcrumbs_links_hover_color":"","ocean_display_footer_widgets":"default","ocean_display_footer_bottom":"default","ocean_custom_footer_template":"0","_joinchat":[],"jetpack_publicize_message":"","jetpack_publicize_feature_enabled":true,"jetpack_social_post_already_shared":false,"jetpack_social_options":{"image_generator_settings":{"template":"highway","default_image_id":0,"font":"","enabled":false},"version":2}},"product_brand":[],"product_cat":[15,44],"product_tag":[],"class_list":{"0":"post-1770","1":"product","2":"type-product","3":"status-publish","4":"has-post-thumbnail","6":"product_cat-forever","7":"product_cat-soins-personnels","9":"entry","10":"has-media","12":"first","13":"instock","14":"taxable","15":"shipping-taxable","16":"purchasable","17":"product-type-simple","18":"has-product-nav","19":"col","20":"span_1_of_3","21":"owp-content-center","22":"owp-thumbs-layout-horizontal","23":"owp-btn-normal","24":"owp-tabs-layout-vertical","26":"circle-sale"},"jetpack_publicize_connections":[],"jetpack_likes_enabled":true,"jetpack_sharing_enabled":true,"_links":{"self":[{"href":"https:\/\/distributeurforever.elielmarket-ci.com\/index.php\/wp-json\/wp\/v2\/product\/1770","targetHints":{"allow":["GET"]}}],"collection":[{"href":"https:\/\/distributeurforever.elielmarket-ci.com\/index.php\/wp-json\/wp\/v2\/product"}],"about":[{"href":"https:\/\/distributeurforever.elielmarket-ci.com\/index.php\/wp-json\/wp\/v2\/types\/product"}],"replies":[{"embeddable":true,"href":"https:\/\/distributeurforever.elielmarket-ci.com\/index.php\/wp-json\/wp\/v2\/comments?post=1770"}],"wp:featuredmedia":[{"embeddable":true,"href":"https:\/\/distributeurforever.elielmarket-ci.com\/index.php\/wp-json\/wp\/v2\/media\/1771"}],"wp:attachment":[{"href":"https:\/\/distributeurforever.elielmarket-ci.com\/index.php\/wp-json\/wp\/v2\/media?parent=1770"}],"wp:term":[{"taxonomy":"product_brand","embeddable":true,"href":"https:\/\/distributeurforever.elielmarket-ci.com\/index.php\/wp-json\/wp\/v2\/product_brand?post=1770"},{"taxonomy":"product_cat","embeddable":true,"href":"https:\/\/distributeurforever.elielmarket-ci.com\/index.php\/wp-json\/wp\/v2\/product_cat?post=1770"},{"taxonomy":"product_tag","embeddable":true,"href":"https:\/\/distributeurforever.elielmarket-ci.com\/index.php\/wp-json\/wp\/v2\/product_tag?post=1770"}],"curies":[{"name":"wp","href":"https:\/\/api.w.org\/{rel}","templated":true}]}}