{"id":1767,"date":"2023-06-04T15:38:44","date_gmt":"2023-06-04T15:38:44","guid":{"rendered":"https:\/\/distributeurforever.elielmarket-ci.com\/?post_type=product&#038;p=1767"},"modified":"2023-06-04T15:38:44","modified_gmt":"2023-06-04T15:38:44","slug":"infinite-forever-firming-serum","status":"publish","type":"product","link":"https:\/\/distributeurforever.elielmarket-ci.com\/index.php\/produit\/infinite-forever-firming-serum\/","title":{"rendered":"Infinite Forever Firming serum"},"content":{"rendered":"<h2 class=\"benefits--title\">Infinite Forever firming serum<\/h2>\n<p class=\"benefits--subtitle\">Chaque produit \u00e0 succ\u00e8s a son secret : Gr\u00e2ce aux r\u00e9cents acquis de la recherche scientifique, infinite by Forever\u2122 firming serum peut combattre de mani\u00e8re cibl\u00e9e les signes du vieillissement de la peau. Les propri\u00e9t\u00e9s sont ici renforc\u00e9es par un peptide se composant de trois amino-acides (tripeptide) qui imite le processus naturel de la peau. La peau est renforc\u00e9e et les ridules sont estomp\u00e9es.<\/p>\n<h3 class=\"benefits--subtitle\">WE PROUDLY PRESENT : BEAUTY-AWARD<\/h3>\n<p class=\"benefits--text\">infinite by Forever\u2122 firming serum a remport\u00e9 le SILVER AWARD dans la cat\u00e9gorie Best New Premium Anti-Aging Product 2017 ! Le Beauty-Award r\u00e9compense r\u00e9guli\u00e8rement les produits les plus innovants et les plus int\u00e9ressants de la branche.<\/p>\n<h3 class=\"benefits--subtitle\">COMPOSANTS R\u00c9VOLUTIONNAIRES<\/h3>\n<p class=\"benefits--text\">Le firming serum contient 49 % d&rsquo;un gel d&rsquo;Aloe vera pur. Les composants ultra efficaces imitent le processus naturel de la peau. Le r\u00e9sultat : une peau resplendissante et rajeunie. Des \u00e9tudes cliniques ont prouv\u00e9 que l&rsquo;\u00e9lasticit\u00e9 de la peau des personnes test\u00e9es s&rsquo;est am\u00e9lior\u00e9e apr\u00e8s l&rsquo;utilisation du s\u00e9rum. Un extrait de levure favorise la formation de collag\u00e8ne et soutient la protection naturelle de la peau, ce qui a pour effet d&rsquo;affiner les peaux \u00e0 l&rsquo;aspect irr\u00e9gulier. Les prot\u00e9ines de petit lait rendent en m\u00eame temps la peau plus lisse et plus tonique.<\/p>\n<h3 class=\"benefits--subtitle\">ANTI-\u00c2GE PARFAIT<\/h3>\n<p class=\"benefits--text\">Les composants ultra-efficaces contenus dans firming serum s&rsquo;attaquent au vieillissement de la peau, de l&rsquo;ext\u00e9rieur vers l&rsquo;int\u00e9rieur. Le firming serum sans parfum est un s\u00e9rum raffermissant et hydratant pour le visage &#8211; pour un programme anti-\u00e2ge naturel.<\/p>\n","protected":false},"excerpt":{"rendered":"<p><strong>S\u00e9rum visage raffermissant et hydratant.<\/strong><\/p>\n<div class=\"product--description\">\n<p>Le firming serum intensifie la puissance de l\u2019Aloe Vera en l\u2019associant \u00e0 un tri-peptide cliniquement test\u00e9 (cha\u00eene de trois acides amin\u00e9s) qui mime le processus de r\u00e9g\u00e9n\u00e9ration de la peau afin de repulper le visage et de r\u00e9duire l\u2019apparence des ridules. En combinaison avec des ingr\u00e9dients naturels et l\u2019Aloe de Forever\u2122, le firming serum hydrate et raffermit la peau tout en augmentant son \u00e9lasticit\u00e9. Pour un aspect juv\u00e9nile et lumineux.<\/p>\n<\/div>\n","protected":false},"featured_media":1768,"comment_status":"open","ping_status":"closed","template":"","meta":{"_monsterinsights_skip_tracking":false,"_monsterinsights_sitenote_active":false,"_monsterinsights_sitenote_note":"","_monsterinsights_sitenote_category":0,"ocean_post_layout":"","ocean_both_sidebars_style":"","ocean_both_sidebars_content_width":0,"ocean_both_sidebars_sidebars_width":0,"ocean_sidebar":"0","ocean_second_sidebar":"0","ocean_disable_margins":"enable","ocean_add_body_class":"","ocean_shortcode_before_top_bar":"","ocean_shortcode_after_top_bar":"","ocean_shortcode_before_header":"","ocean_shortcode_after_header":"","ocean_has_shortcode":"","ocean_shortcode_after_title":"","ocean_shortcode_before_footer_widgets":"","ocean_shortcode_after_footer_widgets":"","ocean_shortcode_before_footer_bottom":"","ocean_shortcode_after_footer_bottom":"","ocean_display_top_bar":"default","ocean_display_header":"default","ocean_header_style":"","ocean_center_header_left_menu":"0","ocean_custom_header_template":"0","ocean_custom_logo":0,"ocean_custom_retina_logo":0,"ocean_custom_logo_max_width":0,"ocean_custom_logo_tablet_max_width":0,"ocean_custom_logo_mobile_max_width":0,"ocean_custom_logo_max_height":0,"ocean_custom_logo_tablet_max_height":0,"ocean_custom_logo_mobile_max_height":0,"ocean_header_custom_menu":"0","ocean_menu_typo_font_family":"0","ocean_menu_typo_font_subset":"","ocean_menu_typo_font_size":0,"ocean_menu_typo_font_size_tablet":0,"ocean_menu_typo_font_size_mobile":0,"ocean_menu_typo_font_size_unit":"px","ocean_menu_typo_font_weight":"","ocean_menu_typo_font_weight_tablet":"","ocean_menu_typo_font_weight_mobile":"","ocean_menu_typo_transform":"","ocean_menu_typo_transform_tablet":"","ocean_menu_typo_transform_mobile":"","ocean_menu_typo_line_height":0,"ocean_menu_typo_line_height_tablet":0,"ocean_menu_typo_line_height_mobile":0,"ocean_menu_typo_line_height_unit":"","ocean_menu_typo_spacing":0,"ocean_menu_typo_spacing_tablet":0,"ocean_menu_typo_spacing_mobile":0,"ocean_menu_typo_spacing_unit":"","ocean_menu_link_color":"","ocean_menu_link_color_hover":"","ocean_menu_link_color_active":"","ocean_menu_link_background":"","ocean_menu_link_hover_background":"","ocean_menu_link_active_background":"","ocean_menu_social_links_bg":"","ocean_menu_social_hover_links_bg":"","ocean_menu_social_links_color":"","ocean_menu_social_hover_links_color":"","ocean_disable_title":"default","ocean_disable_heading":"default","ocean_post_title":"","ocean_post_subheading":"","ocean_post_title_style":"","ocean_post_title_background_color":"","ocean_post_title_background":0,"ocean_post_title_bg_image_position":"","ocean_post_title_bg_image_attachment":"","ocean_post_title_bg_image_repeat":"","ocean_post_title_bg_image_size":"","ocean_post_title_height":0,"ocean_post_title_bg_overlay":0.5,"ocean_post_title_bg_overlay_color":"","ocean_disable_breadcrumbs":"default","ocean_breadcrumbs_color":"","ocean_breadcrumbs_separator_color":"","ocean_breadcrumbs_links_color":"","ocean_breadcrumbs_links_hover_color":"","ocean_display_footer_widgets":"default","ocean_display_footer_bottom":"default","ocean_custom_footer_template":"0","_joinchat":[],"jetpack_publicize_message":"","jetpack_publicize_feature_enabled":true,"jetpack_social_post_already_shared":false,"jetpack_social_options":{"image_generator_settings":{"template":"highway","default_image_id":0,"font":"","enabled":false},"version":2}},"product_brand":[],"product_cat":[15,44],"product_tag":[],"class_list":{"0":"post-1767","1":"product","2":"type-product","3":"status-publish","4":"has-post-thumbnail","6":"product_cat-forever","7":"product_cat-soins-personnels","9":"entry","10":"has-media","12":"first","13":"instock","14":"taxable","15":"shipping-taxable","16":"purchasable","17":"product-type-simple","18":"has-product-nav","19":"col","20":"span_1_of_3","21":"owp-content-center","22":"owp-thumbs-layout-horizontal","23":"owp-btn-normal","24":"owp-tabs-layout-vertical","26":"circle-sale"},"jetpack_publicize_connections":[],"jetpack_likes_enabled":true,"jetpack_sharing_enabled":true,"_links":{"self":[{"href":"https:\/\/distributeurforever.elielmarket-ci.com\/index.php\/wp-json\/wp\/v2\/product\/1767","targetHints":{"allow":["GET"]}}],"collection":[{"href":"https:\/\/distributeurforever.elielmarket-ci.com\/index.php\/wp-json\/wp\/v2\/product"}],"about":[{"href":"https:\/\/distributeurforever.elielmarket-ci.com\/index.php\/wp-json\/wp\/v2\/types\/product"}],"replies":[{"embeddable":true,"href":"https:\/\/distributeurforever.elielmarket-ci.com\/index.php\/wp-json\/wp\/v2\/comments?post=1767"}],"wp:featuredmedia":[{"embeddable":true,"href":"https:\/\/distributeurforever.elielmarket-ci.com\/index.php\/wp-json\/wp\/v2\/media\/1768"}],"wp:attachment":[{"href":"https:\/\/distributeurforever.elielmarket-ci.com\/index.php\/wp-json\/wp\/v2\/media?parent=1767"}],"wp:term":[{"taxonomy":"product_brand","embeddable":true,"href":"https:\/\/distributeurforever.elielmarket-ci.com\/index.php\/wp-json\/wp\/v2\/product_brand?post=1767"},{"taxonomy":"product_cat","embeddable":true,"href":"https:\/\/distributeurforever.elielmarket-ci.com\/index.php\/wp-json\/wp\/v2\/product_cat?post=1767"},{"taxonomy":"product_tag","embeddable":true,"href":"https:\/\/distributeurforever.elielmarket-ci.com\/index.php\/wp-json\/wp\/v2\/product_tag?post=1767"}],"curies":[{"name":"wp","href":"https:\/\/api.w.org\/{rel}","templated":true}]}}