{"id":1764,"date":"2023-06-04T13:52:00","date_gmt":"2023-06-04T13:52:00","guid":{"rendered":"https:\/\/distributeurforever.elielmarket-ci.com\/?post_type=product&#038;p=1764"},"modified":"2023-06-04T18:08:27","modified_gmt":"2023-06-04T18:08:27","slug":"infinite-forever-firming-complex","status":"publish","type":"product","link":"https:\/\/distributeurforever.elielmarket-ci.com\/index.php\/produit\/infinite-forever-firming-complex\/","title":{"rendered":"Infinite Forever Firming complex"},"content":{"rendered":"<h2 class=\"benefits--title\">Infinite Forever Firming complex<\/h2>\n<p class=\"benefits--subtitle\">Infinite Forever Firming complex &#8211; Consid\u00e9r\u00e9e sous un angle global, la beaut\u00e9 d\u00e9passe les soins externes offerts \u00e0 la peau. Ton alimentation joue un r\u00f4le essentiel en mati\u00e8re d&rsquo;anti-\u00e2ge. firming complex pr\u00e9vient le vieillissement de la peau, de l&rsquo;int\u00e9rieur vers l&rsquo;ext\u00e9rieur. L&rsquo;anti-\u00e2ge au collag\u00e8ne ainsi que d&rsquo;autres composants pr\u00e9cieux font para\u00eetre la peau plus jeune.<\/p>\n<h3 class=\"benefits--subtitle\">PROT\u00c8GE CONTRE LES RADICAUX LIBRES<\/h3>\n<p class=\"benefits--text\">Les comprim\u00e9s firming complex consistent en un concentr\u00e9 de jus de melon brod\u00e9, des phytoc\u00e9ramides et du collag\u00e8ne marin. Le melon brod\u00e9 contient de la dismutase, l&rsquo;anti-oxydant enzymatique le plus important qui a pour effet de prot\u00e9ger les cellules contre les radicaux libres. Nous avons ajout\u00e9 du collag\u00e8ne marin car la prise orale de collag\u00e8ne r\u00e9duit de fa\u00e7on av\u00e9r\u00e9e la formation des rides et accro\u00eet l&rsquo;\u00e9lasticit\u00e9 et l&rsquo;hydratation de la peau. La vitamine C et la biotine sont importantes pour les processus biologiques, responsables de l&rsquo;aspect doux et soign\u00e9 de la peau.<\/p>\n<h3 class=\"benefits--subtitle\">POUR ELLE ET POUR LUI<\/h3>\n<p class=\"benefits--text\">Le nouvel anti-\u00e2ge pour hommes et pour femmes, le soin pour la peau \u00e0 base de collag\u00e8ne, intensifie l&rsquo;aspect de la peau de l&rsquo;int\u00e9rieur. Notre compl\u00e9ment alimentaire au collag\u00e8ne ainsi que d&rsquo;autres composants pr\u00e9cieux offrent tout ce que la nature a de meilleur pour ton bien-\u00eatre.<\/p>\n","protected":false},"excerpt":{"rendered":"<h2 class=\"product--subtitle\">Compl\u00e9ment alimentaire avec vitamine C, collag\u00e8ne et extrait de c\u00e9ramides de bl\u00e9<\/h2>\n<div class=\"product--description\">\n<p>Le firming complex est un compl\u00e9ment alimentaire avec vitamine C, collag\u00e8ne et un extrait de c\u00e9ramides de bl\u00e9 qui aide \u00e0 lutter de l\u2019int\u00e9rieur vers l\u2019ext\u00e9rieur contre les signes apparents de l\u2019\u00e2ge. Il contient un concentr\u00e9 de jus de melon brod\u00e9, des phytoc\u00e9ramides et du collag\u00e8ne marin \u2013 une formule sp\u00e9cialement con\u00e7ue pour favoriser l\u2019hydratation et l\u2019\u00e9lasticit\u00e9 de la peau et pour r\u00e9duire l\u2019apparence des ridules.<\/p>\n<\/div>\n","protected":false},"featured_media":1765,"comment_status":"open","ping_status":"closed","template":"","meta":{"_monsterinsights_skip_tracking":false,"_monsterinsights_sitenote_active":false,"_monsterinsights_sitenote_note":"","_monsterinsights_sitenote_category":0,"ocean_post_layout":"","ocean_both_sidebars_style":"","ocean_both_sidebars_content_width":0,"ocean_both_sidebars_sidebars_width":0,"ocean_sidebar":"0","ocean_second_sidebar":"0","ocean_disable_margins":"enable","ocean_add_body_class":"","ocean_shortcode_before_top_bar":"","ocean_shortcode_after_top_bar":"","ocean_shortcode_before_header":"","ocean_shortcode_after_header":"","ocean_has_shortcode":"","ocean_shortcode_after_title":"","ocean_shortcode_before_footer_widgets":"","ocean_shortcode_after_footer_widgets":"","ocean_shortcode_before_footer_bottom":"","ocean_shortcode_after_footer_bottom":"","ocean_display_top_bar":"default","ocean_display_header":"default","ocean_header_style":"","ocean_center_header_left_menu":"0","ocean_custom_header_template":"0","ocean_custom_logo":0,"ocean_custom_retina_logo":0,"ocean_custom_logo_max_width":0,"ocean_custom_logo_tablet_max_width":0,"ocean_custom_logo_mobile_max_width":0,"ocean_custom_logo_max_height":0,"ocean_custom_logo_tablet_max_height":0,"ocean_custom_logo_mobile_max_height":0,"ocean_header_custom_menu":"0","ocean_menu_typo_font_family":"0","ocean_menu_typo_font_subset":"","ocean_menu_typo_font_size":0,"ocean_menu_typo_font_size_tablet":0,"ocean_menu_typo_font_size_mobile":0,"ocean_menu_typo_font_size_unit":"px","ocean_menu_typo_font_weight":"","ocean_menu_typo_font_weight_tablet":"","ocean_menu_typo_font_weight_mobile":"","ocean_menu_typo_transform":"","ocean_menu_typo_transform_tablet":"","ocean_menu_typo_transform_mobile":"","ocean_menu_typo_line_height":0,"ocean_menu_typo_line_height_tablet":0,"ocean_menu_typo_line_height_mobile":0,"ocean_menu_typo_line_height_unit":"","ocean_menu_typo_spacing":0,"ocean_menu_typo_spacing_tablet":0,"ocean_menu_typo_spacing_mobile":0,"ocean_menu_typo_spacing_unit":"","ocean_menu_link_color":"","ocean_menu_link_color_hover":"","ocean_menu_link_color_active":"","ocean_menu_link_background":"","ocean_menu_link_hover_background":"","ocean_menu_link_active_background":"","ocean_menu_social_links_bg":"","ocean_menu_social_hover_links_bg":"","ocean_menu_social_links_color":"","ocean_menu_social_hover_links_color":"","ocean_disable_title":"default","ocean_disable_heading":"default","ocean_post_title":"","ocean_post_subheading":"","ocean_post_title_style":"","ocean_post_title_background_color":"","ocean_post_title_background":0,"ocean_post_title_bg_image_position":"","ocean_post_title_bg_image_attachment":"","ocean_post_title_bg_image_repeat":"","ocean_post_title_bg_image_size":"","ocean_post_title_height":0,"ocean_post_title_bg_overlay":0.5,"ocean_post_title_bg_overlay_color":"","ocean_disable_breadcrumbs":"default","ocean_breadcrumbs_color":"","ocean_breadcrumbs_separator_color":"","ocean_breadcrumbs_links_color":"","ocean_breadcrumbs_links_hover_color":"","ocean_display_footer_widgets":"default","ocean_display_footer_bottom":"default","ocean_custom_footer_template":"0","_joinchat":[],"jetpack_publicize_message":"","jetpack_publicize_feature_enabled":true,"jetpack_social_post_already_shared":false,"jetpack_social_options":{"image_generator_settings":{"template":"highway","default_image_id":0,"font":"","enabled":false},"version":2}},"product_brand":[],"product_cat":[15,44],"product_tag":[],"class_list":{"0":"post-1764","1":"product","2":"type-product","3":"status-publish","4":"has-post-thumbnail","6":"product_cat-forever","7":"product_cat-soins-personnels","9":"entry","10":"has-media","12":"first","13":"instock","14":"taxable","15":"shipping-taxable","16":"purchasable","17":"product-type-simple","18":"has-product-nav","19":"col","20":"span_1_of_3","21":"owp-content-center","22":"owp-thumbs-layout-horizontal","23":"owp-btn-normal","24":"owp-tabs-layout-vertical","26":"circle-sale"},"jetpack_publicize_connections":[],"jetpack_likes_enabled":true,"jetpack_sharing_enabled":true,"_links":{"self":[{"href":"https:\/\/distributeurforever.elielmarket-ci.com\/index.php\/wp-json\/wp\/v2\/product\/1764","targetHints":{"allow":["GET"]}}],"collection":[{"href":"https:\/\/distributeurforever.elielmarket-ci.com\/index.php\/wp-json\/wp\/v2\/product"}],"about":[{"href":"https:\/\/distributeurforever.elielmarket-ci.com\/index.php\/wp-json\/wp\/v2\/types\/product"}],"replies":[{"embeddable":true,"href":"https:\/\/distributeurforever.elielmarket-ci.com\/index.php\/wp-json\/wp\/v2\/comments?post=1764"}],"wp:featuredmedia":[{"embeddable":true,"href":"https:\/\/distributeurforever.elielmarket-ci.com\/index.php\/wp-json\/wp\/v2\/media\/1765"}],"wp:attachment":[{"href":"https:\/\/distributeurforever.elielmarket-ci.com\/index.php\/wp-json\/wp\/v2\/media?parent=1764"}],"wp:term":[{"taxonomy":"product_brand","embeddable":true,"href":"https:\/\/distributeurforever.elielmarket-ci.com\/index.php\/wp-json\/wp\/v2\/product_brand?post=1764"},{"taxonomy":"product_cat","embeddable":true,"href":"https:\/\/distributeurforever.elielmarket-ci.com\/index.php\/wp-json\/wp\/v2\/product_cat?post=1764"},{"taxonomy":"product_tag","embeddable":true,"href":"https:\/\/distributeurforever.elielmarket-ci.com\/index.php\/wp-json\/wp\/v2\/product_tag?post=1764"}],"curies":[{"name":"wp","href":"https:\/\/api.w.org\/{rel}","templated":true}]}}