{"id":1758,"date":"2023-06-04T13:37:47","date_gmt":"2023-06-04T13:37:47","guid":{"rendered":"https:\/\/distributeurforever.elielmarket-ci.com\/?post_type=product&#038;p=1758"},"modified":"2023-06-04T13:37:47","modified_gmt":"2023-06-04T13:37:47","slug":"infinite-forever-restoring-creme","status":"publish","type":"product","link":"https:\/\/distributeurforever.elielmarket-ci.com\/index.php\/produit\/infinite-forever-restoring-creme\/","title":{"rendered":"infinite Forever &#8211; Restoring cr\u00e8me"},"content":{"rendered":"<h2 class=\"benefits--title\">infinite Forever Restoring cr\u00e8me<\/h2>\n<p class=\"benefits--subtitle\">Nous avons ajout\u00e9 \u00e0 infinite Forever &#8211; Restoring cr\u00e8me plus de 15 composants de soin pour compl\u00e9ter notre ligne anti-\u00e2ge performante. Cette cr\u00e8me de nuit de grande qualit\u00e9 conf\u00e8re douceur et l\u00e9g\u00e8ret\u00e9 \u00e0 peau. L&rsquo;association r\u00e9volutionnaire de composants haut de gamme aide \u00e0 am\u00e9liorer la r\u00e9tention d&rsquo;eau. La peau est ainsi \u00eatre hydrat\u00e9e de mani\u00e8re optimale. La meilleure cr\u00e8me de nuit pour toi, avec une teneur en Aloe de 38 % !<\/p>\n<h3 class=\"benefits--subtitle\">CHOUCHOUTE TA PEAU<\/h3>\n<p class=\"benefits--text\">Les substances v\u00e9g\u00e9tales ultra efficaces de la baie d&rsquo;a\u00e7ai et de la grenade prennent soin de ta peau et lui procurent douceur et confort. La plante Centipeda cunninghamii originaire d&rsquo;Australie renforce les nombreux avantages procur\u00e9s par l&rsquo;Aloe. L&rsquo;ensemble de ces composants fournit les r\u00e9sultats probants d&rsquo;une peau apais\u00e9e. La vitamine B3 et la betterave rouge unifient l&rsquo;aspect et le grain de la peau qui retrouve un teint rajeuni.<\/p>\n<h3 class=\"benefits--subtitle\">ANTI-\u00c2GE EFFICACE<\/h3>\n<p class=\"benefits--text\">Les extraits anti-\u00e2ge du th\u00e9 vert soutiennent les propri\u00e9t\u00e9s nourrissantes de l&rsquo;Aloe et aident ta peau \u00e0 se r\u00e9g\u00e9n\u00e9rer et \u00e0 se revitaliser de mani\u00e8re optimale pendant la nuit. Ainsi le lendemain tu peux te r\u00e9veiller avec une peau lisse et soyeuse!<\/p>\n","protected":false},"excerpt":{"rendered":"<p><strong>Cr\u00e8me nuit de qualit\u00e9 avec de nombreux agents traitants<\/strong><\/p>\n<div class=\"product--description\">\n<p>Restoring cr\u00e8me contient plus de 15 ingr\u00e9dients soignants qui sont rapidement absorb\u00e9s par la peau. Ils apportent \u00e0 la peau hydratation et souplesse. Les derni\u00e8res d\u00e9couvertes scientifiques sur l&rsquo;Aloe Vera ont \u00e9t\u00e9 combin\u00e9es avec un concentr\u00e9 d&rsquo;extraits d&rsquo;a\u00e7ai, de grenade et d&rsquo;autres extraits anti-\u00e2ge pour reconstituer la peau stress\u00e9e et d\u00e9shydrat\u00e9e.<\/p>\n<\/div>\n","protected":false},"featured_media":1762,"comment_status":"open","ping_status":"closed","template":"","meta":{"_monsterinsights_skip_tracking":false,"_monsterinsights_sitenote_active":false,"_monsterinsights_sitenote_note":"","_monsterinsights_sitenote_category":0,"ocean_post_layout":"","ocean_both_sidebars_style":"","ocean_both_sidebars_content_width":0,"ocean_both_sidebars_sidebars_width":0,"ocean_sidebar":"0","ocean_second_sidebar":"0","ocean_disable_margins":"enable","ocean_add_body_class":"","ocean_shortcode_before_top_bar":"","ocean_shortcode_after_top_bar":"","ocean_shortcode_before_header":"","ocean_shortcode_after_header":"","ocean_has_shortcode":"","ocean_shortcode_after_title":"","ocean_shortcode_before_footer_widgets":"","ocean_shortcode_after_footer_widgets":"","ocean_shortcode_before_footer_bottom":"","ocean_shortcode_after_footer_bottom":"","ocean_display_top_bar":"default","ocean_display_header":"default","ocean_header_style":"","ocean_center_header_left_menu":"0","ocean_custom_header_template":"0","ocean_custom_logo":0,"ocean_custom_retina_logo":0,"ocean_custom_logo_max_width":0,"ocean_custom_logo_tablet_max_width":0,"ocean_custom_logo_mobile_max_width":0,"ocean_custom_logo_max_height":0,"ocean_custom_logo_tablet_max_height":0,"ocean_custom_logo_mobile_max_height":0,"ocean_header_custom_menu":"0","ocean_menu_typo_font_family":"0","ocean_menu_typo_font_subset":"","ocean_menu_typo_font_size":0,"ocean_menu_typo_font_size_tablet":0,"ocean_menu_typo_font_size_mobile":0,"ocean_menu_typo_font_size_unit":"px","ocean_menu_typo_font_weight":"","ocean_menu_typo_font_weight_tablet":"","ocean_menu_typo_font_weight_mobile":"","ocean_menu_typo_transform":"","ocean_menu_typo_transform_tablet":"","ocean_menu_typo_transform_mobile":"","ocean_menu_typo_line_height":0,"ocean_menu_typo_line_height_tablet":0,"ocean_menu_typo_line_height_mobile":0,"ocean_menu_typo_line_height_unit":"","ocean_menu_typo_spacing":0,"ocean_menu_typo_spacing_tablet":0,"ocean_menu_typo_spacing_mobile":0,"ocean_menu_typo_spacing_unit":"","ocean_menu_link_color":"","ocean_menu_link_color_hover":"","ocean_menu_link_color_active":"","ocean_menu_link_background":"","ocean_menu_link_hover_background":"","ocean_menu_link_active_background":"","ocean_menu_social_links_bg":"","ocean_menu_social_hover_links_bg":"","ocean_menu_social_links_color":"","ocean_menu_social_hover_links_color":"","ocean_disable_title":"default","ocean_disable_heading":"default","ocean_post_title":"","ocean_post_subheading":"","ocean_post_title_style":"","ocean_post_title_background_color":"","ocean_post_title_background":0,"ocean_post_title_bg_image_position":"","ocean_post_title_bg_image_attachment":"","ocean_post_title_bg_image_repeat":"","ocean_post_title_bg_image_size":"","ocean_post_title_height":0,"ocean_post_title_bg_overlay":0.5,"ocean_post_title_bg_overlay_color":"","ocean_disable_breadcrumbs":"default","ocean_breadcrumbs_color":"","ocean_breadcrumbs_separator_color":"","ocean_breadcrumbs_links_color":"","ocean_breadcrumbs_links_hover_color":"","ocean_display_footer_widgets":"default","ocean_display_footer_bottom":"default","ocean_custom_footer_template":"0","_joinchat":[],"jetpack_publicize_message":"","jetpack_publicize_feature_enabled":true,"jetpack_social_post_already_shared":false,"jetpack_social_options":{"image_generator_settings":{"template":"highway","default_image_id":0,"font":"","enabled":false},"version":2}},"product_brand":[],"product_cat":[15,44],"product_tag":[],"class_list":{"0":"post-1758","1":"product","2":"type-product","3":"status-publish","4":"has-post-thumbnail","6":"product_cat-forever","7":"product_cat-soins-personnels","9":"entry","10":"has-media","12":"first","13":"instock","14":"taxable","15":"shipping-taxable","16":"purchasable","17":"product-type-simple","18":"has-product-nav","19":"col","20":"span_1_of_3","21":"owp-content-center","22":"owp-thumbs-layout-horizontal","23":"owp-btn-normal","24":"owp-tabs-layout-vertical","26":"circle-sale"},"jetpack_publicize_connections":[],"jetpack_likes_enabled":true,"jetpack_sharing_enabled":true,"_links":{"self":[{"href":"https:\/\/distributeurforever.elielmarket-ci.com\/index.php\/wp-json\/wp\/v2\/product\/1758","targetHints":{"allow":["GET"]}}],"collection":[{"href":"https:\/\/distributeurforever.elielmarket-ci.com\/index.php\/wp-json\/wp\/v2\/product"}],"about":[{"href":"https:\/\/distributeurforever.elielmarket-ci.com\/index.php\/wp-json\/wp\/v2\/types\/product"}],"replies":[{"embeddable":true,"href":"https:\/\/distributeurforever.elielmarket-ci.com\/index.php\/wp-json\/wp\/v2\/comments?post=1758"}],"wp:featuredmedia":[{"embeddable":true,"href":"https:\/\/distributeurforever.elielmarket-ci.com\/index.php\/wp-json\/wp\/v2\/media\/1762"}],"wp:attachment":[{"href":"https:\/\/distributeurforever.elielmarket-ci.com\/index.php\/wp-json\/wp\/v2\/media?parent=1758"}],"wp:term":[{"taxonomy":"product_brand","embeddable":true,"href":"https:\/\/distributeurforever.elielmarket-ci.com\/index.php\/wp-json\/wp\/v2\/product_brand?post=1758"},{"taxonomy":"product_cat","embeddable":true,"href":"https:\/\/distributeurforever.elielmarket-ci.com\/index.php\/wp-json\/wp\/v2\/product_cat?post=1758"},{"taxonomy":"product_tag","embeddable":true,"href":"https:\/\/distributeurforever.elielmarket-ci.com\/index.php\/wp-json\/wp\/v2\/product_tag?post=1758"}],"curies":[{"name":"wp","href":"https:\/\/api.w.org\/{rel}","templated":true}]}}