{"id":1755,"date":"2023-06-04T13:00:16","date_gmt":"2023-06-04T13:00:16","guid":{"rendered":"https:\/\/distributeurforever.elielmarket-ci.com\/?post_type=product&#038;p=1755"},"modified":"2023-06-04T13:02:55","modified_gmt":"2023-06-04T13:02:55","slug":"aloe-avocado","status":"publish","type":"product","link":"https:\/\/distributeurforever.elielmarket-ci.com\/index.php\/produit\/aloe-avocado\/","title":{"rendered":"Aloe Avocado"},"content":{"rendered":"<h2 class=\"benefits--title\">Aloe Avocado Face &amp; Body Soap<\/h2>\n<p class=\"benefits--subtitle\">Avec du gel d&rsquo;Aloe Vera pur et de l&rsquo;huile d&rsquo;avocat de haute qualit\u00e9. Aloe Avocado Face &amp; Body Soap dorlote la peau en profondeur. Le savon rafra\u00eechissant convient \u00e0 tous les types de peau, m\u00eame aux peaux sensibles. Les avocats sont tr\u00e8s nutritifs et contiennent beaucoup de vitamines et de min\u00e9raux, comme les vitamines A, C et E. De plus, la haute teneur en mati\u00e8res grasses forme une base riche pour notre savon et donne \u00e0 la peau une sensation d\u00e9licate tout au long de la journ\u00e9e. De plus, le parfum frais du citron envo\u00fbte tes sens.<\/p>\n<h3 class=\"benefits--subtitle\">SAVON DOUX ET CR\u00c9MEUX POUR LE VISAGE, LES MAINS ET LE CORPS<\/h3>\n<p class=\"benefits--text\">La peau est intens\u00e9ment nettoy\u00e9e avec le savon \u00e0 l&rsquo;avocat, qui ne la dess\u00e8che pas. Et, c&rsquo;est l\u00e0 son point plus: ce savon doux \u00e0 l&rsquo;avocat convient \u00e9galement aux peaux grasses. L&rsquo;acide gras d&rsquo;avocat d\u00e9pose un film protecteur sur la peau et emp\u00eache la production permanente d&rsquo;une couche grasse. La peau cesse de produire ce film gras ind\u00e9sirable, car elle re\u00e7oit exactement le soin dont elle a besoin pour retrouver son \u00e9quilibre.<\/p>\n<h3 class=\"benefits--subtitle\">NETTOYAGE DOUX<\/h3>\n<p class=\"benefits--text\">Prends soin de ta peau avec un savon qui contient de la pr\u00e9cieuse huile d&rsquo;avocat. Cette huile est gagn\u00e9e \u00e0 partir d&rsquo;avocats m\u00fbrs et est utilis\u00e9e dans les r\u00e9gions tropicales et subtropicales, comme soin traditionnel pour prot\u00e9ger la peau contre le dess\u00e8chement. Le nettoyage doux quotidien du visage et du corps avec ce savon \u00e0 l&rsquo;huile d&rsquo;avocat est un moment rafra\u00eechissant.<\/p>\n<p class=\"responsive-video-wrap clr\"><iframe title=\"Aloe Avocado Face &amp; Body Soap\" width=\"1200\" height=\"675\" src=\"https:\/\/www.youtube.com\/embed\/TW1bp3eJOyk?feature=oembed\" frameborder=\"0\" allow=\"accelerometer; autoplay; clipboard-write; encrypted-media; gyroscope; picture-in-picture; web-share\" allowfullscreen><\/iframe><\/p>\n","protected":false},"excerpt":{"rendered":"<p><strong>Savon parfum\u00e9 avec Aloe Vera \u2013 nettoie et prot\u00e8ge.<\/strong><\/p>\n<div class=\"product--description\">\n<p>Ce savon sp\u00e9cial marque le d\u00e9but de la journ\u00e9e avec succ\u00e8s. Une mousse onctueuse et d\u00e9licate, le parfum du citron et les huiles essentielles de l&rsquo;avocat dorlotent les sens. De plus, enrichi avec Aloe Vera et de glyc\u00e9rine, il procure une hydratation en profondeur. Nettoie en douceur et apporte souplesse.<\/p>\n<\/div>\n","protected":false},"featured_media":1756,"comment_status":"open","ping_status":"closed","template":"","meta":{"_monsterinsights_skip_tracking":false,"_monsterinsights_sitenote_active":false,"_monsterinsights_sitenote_note":"","_monsterinsights_sitenote_category":0,"ocean_post_layout":"","ocean_both_sidebars_style":"","ocean_both_sidebars_content_width":0,"ocean_both_sidebars_sidebars_width":0,"ocean_sidebar":"0","ocean_second_sidebar":"0","ocean_disable_margins":"enable","ocean_add_body_class":"","ocean_shortcode_before_top_bar":"","ocean_shortcode_after_top_bar":"","ocean_shortcode_before_header":"","ocean_shortcode_after_header":"","ocean_has_shortcode":"","ocean_shortcode_after_title":"","ocean_shortcode_before_footer_widgets":"","ocean_shortcode_after_footer_widgets":"","ocean_shortcode_before_footer_bottom":"","ocean_shortcode_after_footer_bottom":"","ocean_display_top_bar":"default","ocean_display_header":"default","ocean_header_style":"","ocean_center_header_left_menu":"0","ocean_custom_header_template":"0","ocean_custom_logo":0,"ocean_custom_retina_logo":0,"ocean_custom_logo_max_width":0,"ocean_custom_logo_tablet_max_width":0,"ocean_custom_logo_mobile_max_width":0,"ocean_custom_logo_max_height":0,"ocean_custom_logo_tablet_max_height":0,"ocean_custom_logo_mobile_max_height":0,"ocean_header_custom_menu":"0","ocean_menu_typo_font_family":"0","ocean_menu_typo_font_subset":"","ocean_menu_typo_font_size":0,"ocean_menu_typo_font_size_tablet":0,"ocean_menu_typo_font_size_mobile":0,"ocean_menu_typo_font_size_unit":"px","ocean_menu_typo_font_weight":"","ocean_menu_typo_font_weight_tablet":"","ocean_menu_typo_font_weight_mobile":"","ocean_menu_typo_transform":"","ocean_menu_typo_transform_tablet":"","ocean_menu_typo_transform_mobile":"","ocean_menu_typo_line_height":0,"ocean_menu_typo_line_height_tablet":0,"ocean_menu_typo_line_height_mobile":0,"ocean_menu_typo_line_height_unit":"","ocean_menu_typo_spacing":0,"ocean_menu_typo_spacing_tablet":0,"ocean_menu_typo_spacing_mobile":0,"ocean_menu_typo_spacing_unit":"","ocean_menu_link_color":"","ocean_menu_link_color_hover":"","ocean_menu_link_color_active":"","ocean_menu_link_background":"","ocean_menu_link_hover_background":"","ocean_menu_link_active_background":"","ocean_menu_social_links_bg":"","ocean_menu_social_hover_links_bg":"","ocean_menu_social_links_color":"","ocean_menu_social_hover_links_color":"","ocean_disable_title":"default","ocean_disable_heading":"default","ocean_post_title":"","ocean_post_subheading":"","ocean_post_title_style":"","ocean_post_title_background_color":"","ocean_post_title_background":0,"ocean_post_title_bg_image_position":"","ocean_post_title_bg_image_attachment":"","ocean_post_title_bg_image_repeat":"","ocean_post_title_bg_image_size":"","ocean_post_title_height":0,"ocean_post_title_bg_overlay":0.5,"ocean_post_title_bg_overlay_color":"","ocean_disable_breadcrumbs":"default","ocean_breadcrumbs_color":"","ocean_breadcrumbs_separator_color":"","ocean_breadcrumbs_links_color":"","ocean_breadcrumbs_links_hover_color":"","ocean_display_footer_widgets":"default","ocean_display_footer_bottom":"default","ocean_custom_footer_template":"0","_joinchat":[],"jetpack_publicize_message":"","jetpack_publicize_feature_enabled":true,"jetpack_social_post_already_shared":false,"jetpack_social_options":{"image_generator_settings":{"template":"highway","default_image_id":0,"font":"","enabled":false},"version":2}},"product_brand":[],"product_cat":[15,44],"product_tag":[],"class_list":{"0":"post-1755","1":"product","2":"type-product","3":"status-publish","4":"has-post-thumbnail","6":"product_cat-forever","7":"product_cat-soins-personnels","9":"entry","10":"has-media","12":"first","13":"instock","14":"taxable","15":"shipping-taxable","16":"purchasable","17":"product-type-simple","18":"has-product-nav","19":"col","20":"span_1_of_3","21":"owp-content-center","22":"owp-thumbs-layout-horizontal","23":"owp-btn-normal","24":"owp-tabs-layout-vertical","26":"circle-sale"},"jetpack_publicize_connections":[],"jetpack_likes_enabled":true,"jetpack_sharing_enabled":true,"_links":{"self":[{"href":"https:\/\/distributeurforever.elielmarket-ci.com\/index.php\/wp-json\/wp\/v2\/product\/1755","targetHints":{"allow":["GET"]}}],"collection":[{"href":"https:\/\/distributeurforever.elielmarket-ci.com\/index.php\/wp-json\/wp\/v2\/product"}],"about":[{"href":"https:\/\/distributeurforever.elielmarket-ci.com\/index.php\/wp-json\/wp\/v2\/types\/product"}],"replies":[{"embeddable":true,"href":"https:\/\/distributeurforever.elielmarket-ci.com\/index.php\/wp-json\/wp\/v2\/comments?post=1755"}],"wp:featuredmedia":[{"embeddable":true,"href":"https:\/\/distributeurforever.elielmarket-ci.com\/index.php\/wp-json\/wp\/v2\/media\/1756"}],"wp:attachment":[{"href":"https:\/\/distributeurforever.elielmarket-ci.com\/index.php\/wp-json\/wp\/v2\/media?parent=1755"}],"wp:term":[{"taxonomy":"product_brand","embeddable":true,"href":"https:\/\/distributeurforever.elielmarket-ci.com\/index.php\/wp-json\/wp\/v2\/product_brand?post=1755"},{"taxonomy":"product_cat","embeddable":true,"href":"https:\/\/distributeurforever.elielmarket-ci.com\/index.php\/wp-json\/wp\/v2\/product_cat?post=1755"},{"taxonomy":"product_tag","embeddable":true,"href":"https:\/\/distributeurforever.elielmarket-ci.com\/index.php\/wp-json\/wp\/v2\/product_tag?post=1755"}],"curies":[{"name":"wp","href":"https:\/\/api.w.org\/{rel}","templated":true}]}}