{"id":1751,"date":"2023-06-04T12:30:03","date_gmt":"2023-06-04T12:30:03","guid":{"rendered":"https:\/\/distributeurforever.elielmarket-ci.com\/?post_type=product&#038;p=1751"},"modified":"2023-06-04T12:31:16","modified_gmt":"2023-06-04T12:31:16","slug":"aloe-lips","status":"publish","type":"product","link":"https:\/\/distributeurforever.elielmarket-ci.com\/index.php\/produit\/aloe-lips\/","title":{"rendered":"Aloe Lips"},"content":{"rendered":"<h2 class=\"benefits--title\">Aloe Lips, le soin des l\u00e8vres par excellence<\/h2>\n<p class=\"benefits--subtitle\">Aloe Lips &#8211; Le meilleur produit de soin contre les l\u00e8vres s\u00e8ches: 28% de gel d&rsquo;Aloe Vera pur, de l&rsquo;huile de jojoba de grande qualit\u00e9, de la cire d&rsquo;abeilles, de la cire de carnauba provenant du palmier carnauba, beaucoup de vitamines et de min\u00e9raux. Notre stick de soin des l\u00e8vres haut de gamme accentue ton sourire \u00e0 tout moment de la journ\u00e9e et en toute saison.<\/p>\n<h3 class=\"benefits--subtitle\">L&rsquo;HYDRATATION AVANT TOUT<\/h3>\n<p class=\"benefits--text\">La premi\u00e8re r\u00e8gle qui concerne les soins des l\u00e8vres est: la partie sensible de tes l\u00e8vres r\u00e9clame un maximum d&rsquo;hydratation. Utilise le stick de soins des l\u00e8vres Forever Aloe Lips\u2122 qui r\u00e9gule le taux d&rsquo;hydratation de tes l\u00e8vres: apr\u00e8s l&rsquo;avoir essay\u00e9 pour la premi\u00e8re fois, tu ne pourras plus t&rsquo;en passer. Le soin des l\u00e8vres \u00e0 l&rsquo;Aloe Vera laisse sur les l\u00e8vres une incroyable sensation de douceur. Just try it!<\/p>\n<h3 class=\"benefits--subtitle\">LE SOIN VARI\u00c9 POUR LA PEAU<\/h3>\n<p class=\"benefits--text\">Chaque zone de la peau se r\u00e9jouit d&rsquo;un soin suppl\u00e9mentaire: Aloe Lips\u2122 est aussi utile en cas de ridules ou de piq\u00fbres d&rsquo;insectes. Avec le label de qualit\u00e9 TR\u00c8S BON d\u00e9cern\u00e9 par l&rsquo;Institut Dermatest\u00ae, convient aux enfants et est pr\u00eat \u00e0 \u00eatre utilis\u00e9 partout, un produit de soin pour les l\u00e8vres que tu vas appr\u00e9cier!<\/p>\n<h3 class=\"benefits--subtitle\">POUR LES MOMENTS MAGIQUES &#8230;<\/h3>\n<p class=\"benefits--text\">&#8230; de la vie. Les essences pr\u00e9cieuses d&rsquo;Aloe Lips\u2122 de Forever accentuent ton sourire avec toute la force de la nature, par tous les temps, au soleil, en cas de vent, de froid ou de s\u00e9cheresse. Des l\u00e8vres c\u00e2lines pour elle et pour lui, pour toute la famille, un fid\u00e8le compagnon!<\/p>\n<h3 class=\"benefits--subtitle\">ID\u00c9AL AUSSI POUR TON ANIMAL PR\u00c9F\u00c9R\u00c9<\/h3>\n<p class=\"benefits--text\">Aloe Lips\u2122 doit toujours \u00eatre \u00e0 port\u00e9e de main pour les amoureux des animaux. L&rsquo;Aloe Vera pur et l&rsquo;huile de jojoba hydratent et apportent une dose suppl\u00e9mentaire de soin. Il suffit de l&rsquo;appliquer sur les parties du corps sollicit\u00e9es, par exemple, sur le museau sensible des chiens. Le stick gliss\u00e9 dans chaque pochette et est tr\u00e8s pratique pour les d\u00e9placements. Tu as ainsi toujours \u00e0 port\u00e9e de main un soin imm\u00e9diat.<\/p>\n","protected":false},"excerpt":{"rendered":"<p>Un stick \u00e0 l\u00e8vres de haute qualit\u00e9 \u00e0 base d\u2019Aloe Vera et de jojoba.<\/p>\n<div class=\"product--description\">\n<p>Des l\u00e8vres d\u2019une douceur incroyable gr\u00e2ce \u00e0 l\u2019Aloe Vera et \u00e0 l\u2019huile de jojoba. Avec le soin des l\u00e8vres en stick de haute qualit\u00e9 Aloe Lips\u2122, c\u2019en est fini des l\u00e8vres fissur\u00e9es ou s\u00e8ches.<\/p>\n<p>Id\u00e9al aussi pour ton animal de compagnie.<\/p>\n<\/div>\n","protected":false},"featured_media":1754,"comment_status":"open","ping_status":"closed","template":"","meta":{"_monsterinsights_skip_tracking":false,"_monsterinsights_sitenote_active":false,"_monsterinsights_sitenote_note":"","_monsterinsights_sitenote_category":0,"ocean_post_layout":"","ocean_both_sidebars_style":"","ocean_both_sidebars_content_width":0,"ocean_both_sidebars_sidebars_width":0,"ocean_sidebar":"0","ocean_second_sidebar":"0","ocean_disable_margins":"enable","ocean_add_body_class":"","ocean_shortcode_before_top_bar":"","ocean_shortcode_after_top_bar":"","ocean_shortcode_before_header":"","ocean_shortcode_after_header":"","ocean_has_shortcode":"","ocean_shortcode_after_title":"","ocean_shortcode_before_footer_widgets":"","ocean_shortcode_after_footer_widgets":"","ocean_shortcode_before_footer_bottom":"","ocean_shortcode_after_footer_bottom":"","ocean_display_top_bar":"default","ocean_display_header":"default","ocean_header_style":"","ocean_center_header_left_menu":"0","ocean_custom_header_template":"0","ocean_custom_logo":0,"ocean_custom_retina_logo":0,"ocean_custom_logo_max_width":0,"ocean_custom_logo_tablet_max_width":0,"ocean_custom_logo_mobile_max_width":0,"ocean_custom_logo_max_height":0,"ocean_custom_logo_tablet_max_height":0,"ocean_custom_logo_mobile_max_height":0,"ocean_header_custom_menu":"0","ocean_menu_typo_font_family":"0","ocean_menu_typo_font_subset":"","ocean_menu_typo_font_size":0,"ocean_menu_typo_font_size_tablet":0,"ocean_menu_typo_font_size_mobile":0,"ocean_menu_typo_font_size_unit":"px","ocean_menu_typo_font_weight":"","ocean_menu_typo_font_weight_tablet":"","ocean_menu_typo_font_weight_mobile":"","ocean_menu_typo_transform":"","ocean_menu_typo_transform_tablet":"","ocean_menu_typo_transform_mobile":"","ocean_menu_typo_line_height":0,"ocean_menu_typo_line_height_tablet":0,"ocean_menu_typo_line_height_mobile":0,"ocean_menu_typo_line_height_unit":"","ocean_menu_typo_spacing":0,"ocean_menu_typo_spacing_tablet":0,"ocean_menu_typo_spacing_mobile":0,"ocean_menu_typo_spacing_unit":"","ocean_menu_link_color":"","ocean_menu_link_color_hover":"","ocean_menu_link_color_active":"","ocean_menu_link_background":"","ocean_menu_link_hover_background":"","ocean_menu_link_active_background":"","ocean_menu_social_links_bg":"","ocean_menu_social_hover_links_bg":"","ocean_menu_social_links_color":"","ocean_menu_social_hover_links_color":"","ocean_disable_title":"default","ocean_disable_heading":"default","ocean_post_title":"","ocean_post_subheading":"","ocean_post_title_style":"","ocean_post_title_background_color":"","ocean_post_title_background":0,"ocean_post_title_bg_image_position":"","ocean_post_title_bg_image_attachment":"","ocean_post_title_bg_image_repeat":"","ocean_post_title_bg_image_size":"","ocean_post_title_height":0,"ocean_post_title_bg_overlay":0.5,"ocean_post_title_bg_overlay_color":"","ocean_disable_breadcrumbs":"default","ocean_breadcrumbs_color":"","ocean_breadcrumbs_separator_color":"","ocean_breadcrumbs_links_color":"","ocean_breadcrumbs_links_hover_color":"","ocean_display_footer_widgets":"default","ocean_display_footer_bottom":"default","ocean_custom_footer_template":"0","_joinchat":[],"jetpack_publicize_message":"","jetpack_publicize_feature_enabled":true,"jetpack_social_post_already_shared":false,"jetpack_social_options":{"image_generator_settings":{"template":"highway","default_image_id":0,"font":"","enabled":false},"version":2}},"product_brand":[],"product_cat":[15,44],"product_tag":[],"class_list":{"0":"post-1751","1":"product","2":"type-product","3":"status-publish","4":"has-post-thumbnail","6":"product_cat-forever","7":"product_cat-soins-personnels","9":"entry","10":"has-media","12":"first","13":"instock","14":"taxable","15":"shipping-taxable","16":"purchasable","17":"product-type-simple","18":"has-product-nav","19":"col","20":"span_1_of_3","21":"owp-content-center","22":"owp-thumbs-layout-horizontal","23":"owp-btn-normal","24":"owp-tabs-layout-vertical","26":"circle-sale"},"jetpack_publicize_connections":[],"jetpack_likes_enabled":true,"jetpack_sharing_enabled":true,"_links":{"self":[{"href":"https:\/\/distributeurforever.elielmarket-ci.com\/index.php\/wp-json\/wp\/v2\/product\/1751","targetHints":{"allow":["GET"]}}],"collection":[{"href":"https:\/\/distributeurforever.elielmarket-ci.com\/index.php\/wp-json\/wp\/v2\/product"}],"about":[{"href":"https:\/\/distributeurforever.elielmarket-ci.com\/index.php\/wp-json\/wp\/v2\/types\/product"}],"replies":[{"embeddable":true,"href":"https:\/\/distributeurforever.elielmarket-ci.com\/index.php\/wp-json\/wp\/v2\/comments?post=1751"}],"wp:featuredmedia":[{"embeddable":true,"href":"https:\/\/distributeurforever.elielmarket-ci.com\/index.php\/wp-json\/wp\/v2\/media\/1754"}],"wp:attachment":[{"href":"https:\/\/distributeurforever.elielmarket-ci.com\/index.php\/wp-json\/wp\/v2\/media?parent=1751"}],"wp:term":[{"taxonomy":"product_brand","embeddable":true,"href":"https:\/\/distributeurforever.elielmarket-ci.com\/index.php\/wp-json\/wp\/v2\/product_brand?post=1751"},{"taxonomy":"product_cat","embeddable":true,"href":"https:\/\/distributeurforever.elielmarket-ci.com\/index.php\/wp-json\/wp\/v2\/product_cat?post=1751"},{"taxonomy":"product_tag","embeddable":true,"href":"https:\/\/distributeurforever.elielmarket-ci.com\/index.php\/wp-json\/wp\/v2\/product_tag?post=1751"}],"curies":[{"name":"wp","href":"https:\/\/api.w.org\/{rel}","templated":true}]}}