{"id":1741,"date":"2023-06-04T11:22:43","date_gmt":"2023-06-04T11:22:43","guid":{"rendered":"https:\/\/distributeurforever.elielmarket-ci.com\/?post_type=product&#038;p=1741"},"modified":"2023-06-04T12:17:15","modified_gmt":"2023-06-04T12:17:15","slug":"clean-body","status":"publish","type":"product","link":"https:\/\/distributeurforever.elielmarket-ci.com\/index.php\/produit\/clean-body\/","title":{"rendered":"Clean Body"},"content":{"rendered":"<h1>Clean Body<\/h1>\n<p><strong>Clean Body &#8211; 4 produits \u00e0 base d&rsquo;Aloe Vera pour la plus rafra\u00eechissante des routines de douche<\/strong><\/p>\n<div class=\"product--description\">\n<p>Ton gel douche pr\u00e9f\u00e9r\u00e9 ne doit pas seulement sentir bon, il doit aussi chouchouter ta peau et l&rsquo;hydrater richement. C&rsquo;est exactement ce que peut faire Aloe Body Wash, car c&rsquo;est un gel douche doux qui nettoie en profondeur et contient 37% d&rsquo;Aloe Vera qui soigne la peau.<br \/>\nEnsuite, nous recommandons Aloe Body Lotion, car c&rsquo;est l&rsquo;hydratant quotidien parfait pour adoucir et assouplir la peau. La formule l\u00e9g\u00e8re p\u00e9n\u00e8tre rapidement pour que la peau puisse absorber imm\u00e9diatement les propri\u00e9t\u00e9s positives de l&rsquo;Aloe Vera (38%) et d&rsquo;autres ingr\u00e9dients hydratants.<\/p>\n<p>Bien entendu, le lavage des cheveux fait aussi partie de la routine de la douche. Pour cela, il existe un duo parfait:\u00a0Aloe-Jojoba Shampoo et Aloe-Jojoba Conditioner. Ces deux produits contiennent 40% de gel d&rsquo;Aloe Vera pur et de l&rsquo;huile de jojoba qui fortifie les cheveux. Ils sont parfaitement adapt\u00e9s \u00e0 un usage quotidien et soignent tes cheveux de mani\u00e8re optimale. Des ar\u00f4mes rafra\u00eechissants de fruits tropicaux associ\u00e9s \u00e0 du melon et \u00e0 une note sucr\u00e9e te procurent une exp\u00e9rience olfactive tr\u00e8s s\u00e9duisante.<\/p>\n<\/div>\n","protected":false},"excerpt":{"rendered":"<h3>4 produits \u00e0 base d&rsquo;Aloe Vera pour la plus rafra\u00eechissante des routines de douche<\/h3>\n<div class=\"product--description\">\n<p>Ton gel douche pr\u00e9f\u00e9r\u00e9 ne doit pas seulement sentir bon, il doit aussi chouchouter ta peau et l&rsquo;hydrater richement. C&rsquo;est exactement ce que peut faire Aloe Body Wash, car c&rsquo;est un gel douche doux qui nettoie en profondeur et contient 37% d&rsquo;Aloe Vera qui soigne la peau.<br \/>\nEnsuite, nous recommandons Aloe Body Lotion, car c&rsquo;est l&rsquo;hydratant quotidien parfait pour adoucir et assouplir la peau. La formule l\u00e9g\u00e8re p\u00e9n\u00e8tre rapidement pour que la peau puisse absorber imm\u00e9diatement les propri\u00e9t\u00e9s positives de l&rsquo;Aloe Vera (38%) et d&rsquo;autres ingr\u00e9dients hydratants.<\/p>\n<\/div>\n","protected":false},"featured_media":1749,"comment_status":"open","ping_status":"closed","template":"","meta":{"_monsterinsights_skip_tracking":false,"_monsterinsights_sitenote_active":false,"_monsterinsights_sitenote_note":"","_monsterinsights_sitenote_category":0,"ocean_post_layout":"","ocean_both_sidebars_style":"","ocean_both_sidebars_content_width":0,"ocean_both_sidebars_sidebars_width":0,"ocean_sidebar":"0","ocean_second_sidebar":"0","ocean_disable_margins":"enable","ocean_add_body_class":"","ocean_shortcode_before_top_bar":"","ocean_shortcode_after_top_bar":"","ocean_shortcode_before_header":"","ocean_shortcode_after_header":"","ocean_has_shortcode":"","ocean_shortcode_after_title":"","ocean_shortcode_before_footer_widgets":"","ocean_shortcode_after_footer_widgets":"","ocean_shortcode_before_footer_bottom":"","ocean_shortcode_after_footer_bottom":"","ocean_display_top_bar":"default","ocean_display_header":"default","ocean_header_style":"","ocean_center_header_left_menu":"0","ocean_custom_header_template":"0","ocean_custom_logo":0,"ocean_custom_retina_logo":0,"ocean_custom_logo_max_width":0,"ocean_custom_logo_tablet_max_width":0,"ocean_custom_logo_mobile_max_width":0,"ocean_custom_logo_max_height":0,"ocean_custom_logo_tablet_max_height":0,"ocean_custom_logo_mobile_max_height":0,"ocean_header_custom_menu":"0","ocean_menu_typo_font_family":"0","ocean_menu_typo_font_subset":"","ocean_menu_typo_font_size":0,"ocean_menu_typo_font_size_tablet":0,"ocean_menu_typo_font_size_mobile":0,"ocean_menu_typo_font_size_unit":"px","ocean_menu_typo_font_weight":"","ocean_menu_typo_font_weight_tablet":"","ocean_menu_typo_font_weight_mobile":"","ocean_menu_typo_transform":"","ocean_menu_typo_transform_tablet":"","ocean_menu_typo_transform_mobile":"","ocean_menu_typo_line_height":0,"ocean_menu_typo_line_height_tablet":0,"ocean_menu_typo_line_height_mobile":0,"ocean_menu_typo_line_height_unit":"","ocean_menu_typo_spacing":0,"ocean_menu_typo_spacing_tablet":0,"ocean_menu_typo_spacing_mobile":0,"ocean_menu_typo_spacing_unit":"","ocean_menu_link_color":"","ocean_menu_link_color_hover":"","ocean_menu_link_color_active":"","ocean_menu_link_background":"","ocean_menu_link_hover_background":"","ocean_menu_link_active_background":"","ocean_menu_social_links_bg":"","ocean_menu_social_hover_links_bg":"","ocean_menu_social_links_color":"","ocean_menu_social_hover_links_color":"","ocean_disable_title":"default","ocean_disable_heading":"default","ocean_post_title":"","ocean_post_subheading":"","ocean_post_title_style":"","ocean_post_title_background_color":"","ocean_post_title_background":0,"ocean_post_title_bg_image_position":"","ocean_post_title_bg_image_attachment":"","ocean_post_title_bg_image_repeat":"","ocean_post_title_bg_image_size":"","ocean_post_title_height":0,"ocean_post_title_bg_overlay":0.5,"ocean_post_title_bg_overlay_color":"","ocean_disable_breadcrumbs":"default","ocean_breadcrumbs_color":"","ocean_breadcrumbs_separator_color":"","ocean_breadcrumbs_links_color":"","ocean_breadcrumbs_links_hover_color":"","ocean_display_footer_widgets":"default","ocean_display_footer_bottom":"default","ocean_custom_footer_template":"0","_joinchat":[],"jetpack_publicize_message":"","jetpack_publicize_feature_enabled":true,"jetpack_social_post_already_shared":false,"jetpack_social_options":{"image_generator_settings":{"template":"highway","default_image_id":0,"font":"","enabled":false},"version":2}},"product_brand":[],"product_cat":[15,44],"product_tag":[],"class_list":{"0":"post-1741","1":"product","2":"type-product","3":"status-publish","4":"has-post-thumbnail","6":"product_cat-forever","7":"product_cat-soins-personnels","9":"entry","10":"has-media","12":"first","13":"instock","14":"taxable","15":"shipping-taxable","16":"purchasable","17":"product-type-simple","18":"has-product-nav","19":"col","20":"span_1_of_3","21":"owp-content-center","22":"owp-thumbs-layout-horizontal","23":"owp-btn-normal","24":"owp-tabs-layout-vertical","26":"circle-sale"},"jetpack_publicize_connections":[],"jetpack_likes_enabled":true,"jetpack_sharing_enabled":true,"_links":{"self":[{"href":"https:\/\/distributeurforever.elielmarket-ci.com\/index.php\/wp-json\/wp\/v2\/product\/1741","targetHints":{"allow":["GET"]}}],"collection":[{"href":"https:\/\/distributeurforever.elielmarket-ci.com\/index.php\/wp-json\/wp\/v2\/product"}],"about":[{"href":"https:\/\/distributeurforever.elielmarket-ci.com\/index.php\/wp-json\/wp\/v2\/types\/product"}],"replies":[{"embeddable":true,"href":"https:\/\/distributeurforever.elielmarket-ci.com\/index.php\/wp-json\/wp\/v2\/comments?post=1741"}],"wp:featuredmedia":[{"embeddable":true,"href":"https:\/\/distributeurforever.elielmarket-ci.com\/index.php\/wp-json\/wp\/v2\/media\/1749"}],"wp:attachment":[{"href":"https:\/\/distributeurforever.elielmarket-ci.com\/index.php\/wp-json\/wp\/v2\/media?parent=1741"}],"wp:term":[{"taxonomy":"product_brand","embeddable":true,"href":"https:\/\/distributeurforever.elielmarket-ci.com\/index.php\/wp-json\/wp\/v2\/product_brand?post=1741"},{"taxonomy":"product_cat","embeddable":true,"href":"https:\/\/distributeurforever.elielmarket-ci.com\/index.php\/wp-json\/wp\/v2\/product_cat?post=1741"},{"taxonomy":"product_tag","embeddable":true,"href":"https:\/\/distributeurforever.elielmarket-ci.com\/index.php\/wp-json\/wp\/v2\/product_tag?post=1741"}],"curies":[{"name":"wp","href":"https:\/\/api.w.org\/{rel}","templated":true}]}}