{"id":1737,"date":"2023-06-04T11:03:50","date_gmt":"2023-06-04T11:03:50","guid":{"rendered":"https:\/\/distributeurforever.elielmarket-ci.com\/?post_type=product&#038;p=1737"},"modified":"2023-06-04T11:06:09","modified_gmt":"2023-06-04T11:06:09","slug":"forever-hand-sanitizer","status":"publish","type":"product","link":"https:\/\/distributeurforever.elielmarket-ci.com\/index.php\/produit\/forever-hand-sanitizer\/","title":{"rendered":"Forever Hand Sanitizer"},"content":{"rendered":"<h2 class=\"benefits--title\">Forever Hand Sanitizer<\/h2>\n<p class=\"benefits--subtitle\">Les bact\u00e9ries et les germes prolif\u00e8rent particuli\u00e8rement bien l\u00e0 o\u00f9 beaucoup de personnes sont rassembl\u00e9es. Prot\u00e8ge-toi avec le d\u00e9sinfectant doux Forever Hand Sanitizer et d\u00e9sinfecte quotidiennement tes mains avec de l&rsquo;Aloe vera et du miel. Le flacon de petite taille a sa place dans tous les sacs.<\/p>\n<h3 class=\"benefits--subtitle\">ODEUR AGR\u00c9ABLE DE LEMONGRASS ET DE LAVANDE<\/h3>\n<p class=\"benefits--text\">Notre corps entre quotidiennement en contact avec des germes et bact\u00e9ries, que ce soit en \u00e9changeant des poign\u00e9es de mains, dans les transports publics, les caf\u00e9s et dans de nombreux autres lieux. Il est donc important de se d\u00e9sinfecter correctement les mains. Prot\u00e8ge-toi avec Forever Hand Sanitizer\u00ae et appr\u00e9cie le d\u00e9licieux parfum du lemongrass et de la lavande.<\/p>\n<h3 class=\"benefits--subtitle\">LE D\u00c9SINFECTANT PARFAIT POUR UNE UTILISATION QUOTIDIENNE<\/h3>\n<p class=\"benefits--text\">Forever Hand Sanitizer\u00ae \u00e9limine 99 % de tous les germes et bact\u00e9ries, d\u00e9sinfecte en douceur et ne dess\u00e8che pas la peau. Le petit flacon est pratique \u00e0 emporter et a sa place dans tous les sacs. La d\u00e9sinfection optimale hors de chez soi\u00a0!<\/p>\n<h3 class=\"benefits--subtitle\">NOTRE CONSEIL<\/h3>\n<p class=\"benefits--text\">Le gel de soin cutan\u00e9 d\u00e9sinfectant convient \u00e0 tous les types de peau et est id\u00e9al tous les jours, hors de chez soi, au travail et \u00e0 la maison.<\/p>\n","protected":false},"excerpt":{"rendered":"<p>Chaque jour, notre corps entre en contact avec d\u2019innombrables bact\u00e9ries et germes \u2013 et cela ne se limite pas aux poign\u00e9es de main dans la vie professionnelle. Donc: prot\u00e8getoi en te d\u00e9sinfectant les mains quotidiennement avec le Forever Hand Sanitizer<sup>\u00ae<\/sup>, qui contient de l\u2019Aloe Vera et du miel. Ce d\u00e9sinfectant \u00e9limine 99 % de toutes les bact\u00e9ries et de tous les germes. La petite bouteille, pratique \u00e0 emporter, trouve sa place dans chaque sac \u00e0 main!<\/p>\n","protected":false},"featured_media":1738,"comment_status":"open","ping_status":"closed","template":"","meta":{"_monsterinsights_skip_tracking":false,"_monsterinsights_sitenote_active":false,"_monsterinsights_sitenote_note":"","_monsterinsights_sitenote_category":0,"ocean_post_layout":"","ocean_both_sidebars_style":"","ocean_both_sidebars_content_width":0,"ocean_both_sidebars_sidebars_width":0,"ocean_sidebar":"0","ocean_second_sidebar":"0","ocean_disable_margins":"enable","ocean_add_body_class":"","ocean_shortcode_before_top_bar":"","ocean_shortcode_after_top_bar":"","ocean_shortcode_before_header":"","ocean_shortcode_after_header":"","ocean_has_shortcode":"","ocean_shortcode_after_title":"","ocean_shortcode_before_footer_widgets":"","ocean_shortcode_after_footer_widgets":"","ocean_shortcode_before_footer_bottom":"","ocean_shortcode_after_footer_bottom":"","ocean_display_top_bar":"default","ocean_display_header":"default","ocean_header_style":"","ocean_center_header_left_menu":"0","ocean_custom_header_template":"0","ocean_custom_logo":0,"ocean_custom_retina_logo":0,"ocean_custom_logo_max_width":0,"ocean_custom_logo_tablet_max_width":0,"ocean_custom_logo_mobile_max_width":0,"ocean_custom_logo_max_height":0,"ocean_custom_logo_tablet_max_height":0,"ocean_custom_logo_mobile_max_height":0,"ocean_header_custom_menu":"0","ocean_menu_typo_font_family":"0","ocean_menu_typo_font_subset":"","ocean_menu_typo_font_size":0,"ocean_menu_typo_font_size_tablet":0,"ocean_menu_typo_font_size_mobile":0,"ocean_menu_typo_font_size_unit":"px","ocean_menu_typo_font_weight":"","ocean_menu_typo_font_weight_tablet":"","ocean_menu_typo_font_weight_mobile":"","ocean_menu_typo_transform":"","ocean_menu_typo_transform_tablet":"","ocean_menu_typo_transform_mobile":"","ocean_menu_typo_line_height":0,"ocean_menu_typo_line_height_tablet":0,"ocean_menu_typo_line_height_mobile":0,"ocean_menu_typo_line_height_unit":"","ocean_menu_typo_spacing":0,"ocean_menu_typo_spacing_tablet":0,"ocean_menu_typo_spacing_mobile":0,"ocean_menu_typo_spacing_unit":"","ocean_menu_link_color":"","ocean_menu_link_color_hover":"","ocean_menu_link_color_active":"","ocean_menu_link_background":"","ocean_menu_link_hover_background":"","ocean_menu_link_active_background":"","ocean_menu_social_links_bg":"","ocean_menu_social_hover_links_bg":"","ocean_menu_social_links_color":"","ocean_menu_social_hover_links_color":"","ocean_disable_title":"default","ocean_disable_heading":"default","ocean_post_title":"","ocean_post_subheading":"","ocean_post_title_style":"","ocean_post_title_background_color":"","ocean_post_title_background":0,"ocean_post_title_bg_image_position":"","ocean_post_title_bg_image_attachment":"","ocean_post_title_bg_image_repeat":"","ocean_post_title_bg_image_size":"","ocean_post_title_height":0,"ocean_post_title_bg_overlay":0.5,"ocean_post_title_bg_overlay_color":"","ocean_disable_breadcrumbs":"default","ocean_breadcrumbs_color":"","ocean_breadcrumbs_separator_color":"","ocean_breadcrumbs_links_color":"","ocean_breadcrumbs_links_hover_color":"","ocean_display_footer_widgets":"default","ocean_display_footer_bottom":"default","ocean_custom_footer_template":"0","_joinchat":[],"jetpack_publicize_message":"","jetpack_publicize_feature_enabled":true,"jetpack_social_post_already_shared":false,"jetpack_social_options":{"image_generator_settings":{"template":"highway","default_image_id":0,"font":"","enabled":false},"version":2}},"product_brand":[],"product_cat":[15,44],"product_tag":[],"class_list":{"0":"post-1737","1":"product","2":"type-product","3":"status-publish","4":"has-post-thumbnail","6":"product_cat-forever","7":"product_cat-soins-personnels","9":"entry","10":"has-media","12":"first","13":"instock","14":"taxable","15":"shipping-taxable","16":"purchasable","17":"product-type-simple","18":"has-product-nav","19":"col","20":"span_1_of_3","21":"owp-content-center","22":"owp-thumbs-layout-horizontal","23":"owp-btn-normal","24":"owp-tabs-layout-vertical","26":"circle-sale"},"jetpack_publicize_connections":[],"jetpack_likes_enabled":true,"jetpack_sharing_enabled":true,"_links":{"self":[{"href":"https:\/\/distributeurforever.elielmarket-ci.com\/index.php\/wp-json\/wp\/v2\/product\/1737","targetHints":{"allow":["GET"]}}],"collection":[{"href":"https:\/\/distributeurforever.elielmarket-ci.com\/index.php\/wp-json\/wp\/v2\/product"}],"about":[{"href":"https:\/\/distributeurforever.elielmarket-ci.com\/index.php\/wp-json\/wp\/v2\/types\/product"}],"replies":[{"embeddable":true,"href":"https:\/\/distributeurforever.elielmarket-ci.com\/index.php\/wp-json\/wp\/v2\/comments?post=1737"}],"wp:featuredmedia":[{"embeddable":true,"href":"https:\/\/distributeurforever.elielmarket-ci.com\/index.php\/wp-json\/wp\/v2\/media\/1738"}],"wp:attachment":[{"href":"https:\/\/distributeurforever.elielmarket-ci.com\/index.php\/wp-json\/wp\/v2\/media?parent=1737"}],"wp:term":[{"taxonomy":"product_brand","embeddable":true,"href":"https:\/\/distributeurforever.elielmarket-ci.com\/index.php\/wp-json\/wp\/v2\/product_brand?post=1737"},{"taxonomy":"product_cat","embeddable":true,"href":"https:\/\/distributeurforever.elielmarket-ci.com\/index.php\/wp-json\/wp\/v2\/product_cat?post=1737"},{"taxonomy":"product_tag","embeddable":true,"href":"https:\/\/distributeurforever.elielmarket-ci.com\/index.php\/wp-json\/wp\/v2\/product_tag?post=1737"}],"curies":[{"name":"wp","href":"https:\/\/api.w.org\/{rel}","templated":true}]}}