{"id":1731,"date":"2023-06-04T10:44:53","date_gmt":"2023-06-04T10:44:53","guid":{"rendered":"https:\/\/distributeurforever.elielmarket-ci.com\/?post_type=product&#038;p=1731"},"modified":"2023-06-04T10:50:46","modified_gmt":"2023-06-04T10:50:46","slug":"aloe-liquid-soapaloe-liquid-soap","status":"publish","type":"product","link":"https:\/\/distributeurforever.elielmarket-ci.com\/index.php\/produit\/aloe-liquid-soapaloe-liquid-soap\/","title":{"rendered":"Aloe Liquid Soap"},"content":{"rendered":"<h2 class=\"benefits--title\">Aloe Liquid Soap<\/h2>\n<p class=\"benefits--subtitle\">Ce merveilleux savon liquide Aloe Liquid Soap prend soin de ta peau en douceur. Pour une hygi\u00e8ne et un bien-\u00eatre de la t\u00eate aux pieds.<\/p>\n<h3 class=\"benefits--subtitle\">LE SAVON DOUX POUR TOUTE LA FAMILLE<\/h3>\n<p class=\"benefits--text\">La combinaison d\u2019huiles naturelles, d\u2019extraits et de gel d\u2019Aloe Vera pur fait du ALOE LIQUID SOAP le produit parfait pour le monde actuel. Ainsi, non seulement ta peau sera parfaitement nettoy\u00e9e, mais elle b\u00e9n\u00e9ficiera \u00e9galement d\u2019un rajeunissement et d\u2019une nutrition optimale.<\/p>\n<h3 class=\"benefits--subtitle\">LE SAVON LIQUIDE POUR UNE HYGI\u00c8NE OPTIMALE<\/h3>\n<p class=\"benefits--text\">De nos jours, tout le monde est plus attentif que d\u2019habitude \u00e0 l\u2019hygi\u00e8ne. En utilisant un savon liquide, on peut contribuer de mani\u00e8re optimale \u00e0 la pr\u00e9vention. Surtout dans les endroits o\u00f9 de nombreuses personnes se lavent les mains, comme dans les salles de bain ou les cabinets m\u00e9dicaux et les magasins. Dans ces cas, il est conseill\u00e9 d\u2019utiliser du savon liquide directement \u00e0 partir du doseur. No-touch signifie que on a juste \u00e0 toucher bri\u00e8vement le flacon \u2013 un point qui est tout \u00e0 fait en faveur des savons liquides.<\/p>\n<h3 class=\"benefits--subtitle\">NOTRE CONSEIL<\/h3>\n<p class=\"benefits--text\">On doit se laver les mains et le corps en douceur. La meilleure temp\u00e9rature est celle avec laquelle tu es le plus \u00e0 l\u2019aise. Appliquer ALOE LIQUID SOAP sur les mains humides et masser pendant 20 secondes \u2013 ne pas oublier les pouces et le dos des mains \u2013 puis rincer abondamment. Pour une sensation fantastique!<\/p>\n<p class=\"benefits--subtitle\">prend soin de ta peau en douceur. Pour une hygi\u00e8ne et un bien-\u00eatre de la t\u00eate aux pieds.<\/p>\n<h3 class=\"benefits--subtitle\">LE SAVON DOUX POUR TOUTE LA FAMILLE<\/h3>\n<p class=\"benefits--text\">La combinaison d\u2019huiles naturelles, d\u2019extraits et de gel d\u2019Aloe Vera pur fait du ALOE LIQUID SOAP le produit parfait pour le monde actuel. Ainsi, non seulement ta peau sera parfaitement nettoy\u00e9e, mais elle b\u00e9n\u00e9ficiera \u00e9galement d\u2019un rajeunissement et d\u2019une nutrition optimale.<\/p>\n<h3 class=\"benefits--subtitle\">LE SAVON LIQUIDE POUR UNE HYGI\u00c8NE OPTIMALE<\/h3>\n<p class=\"benefits--text\">De nos jours, tout le monde est plus attentif que d\u2019habitude \u00e0 l\u2019hygi\u00e8ne. En utilisant un savon liquide, on peut contribuer de mani\u00e8re optimale \u00e0 la pr\u00e9vention. Surtout dans les endroits o\u00f9 de nombreuses personnes se lavent les mains, comme dans les salles de bain ou les cabinets m\u00e9dicaux et les magasins. Dans ces cas, il est conseill\u00e9 d\u2019utiliser du savon liquide directement \u00e0 partir du doseur. No-touch signifie que on a juste \u00e0 toucher bri\u00e8vement le flacon \u2013 un point qui est tout \u00e0 fait en faveur des savons liquides.<\/p>\n<h3 class=\"benefits--subtitle\">NOTRE CONSEIL<\/h3>\n<p class=\"benefits--text\">On doit se laver les mains et le corps en douceur. La meilleure temp\u00e9rature est celle avec laquelle tu es le plus \u00e0 l\u2019aise. Appliquer ALOE LIQUID SOAP sur les mains humides et masser pendant 20 secondes \u2013 ne pas oublier les pouces et le dos des mains \u2013 puis rincer abondamment. Pour une sensation fantastique!<\/p>\n<p class=\"responsive-video-wrap clr\"><iframe title=\"Aloe Liquid Soap\" width=\"1200\" height=\"675\" src=\"https:\/\/www.youtube.com\/embed\/Lr5rQPg40s4?feature=oembed\" frameborder=\"0\" allow=\"accelerometer; autoplay; clipboard-write; encrypted-media; gyroscope; picture-in-picture; web-share\" allowfullscreen><\/iframe><\/p>\n","protected":false},"excerpt":{"rendered":"<p>Un savon liquide versatile pour toute la famille<\/p>\n<div class=\"product--description\">\n<p>Aloe Liquid Soap de Forever nettoie la peau naturellement sans la dess\u00e9cher. La combinaison de 40% de pur gel d&rsquo;Aloe Vera, d&rsquo;huile d&rsquo;argan, huile de jojoba et d&rsquo;autres extraits v\u00e9g\u00e9taux fait de ce savon liquide un produit complet, parfait pour tout le corps. Apr\u00e8s utilisation, la peau est nettoy\u00e9e, nourrie et rajeunie. \u00a0Un parfum frais d&rsquo;agrumes associ\u00e9 \u00e0 des ar\u00f4mes epic\u00e9es de cannelle, de feuille de c\u00e8dre et de roses compl\u00e8tent ce savon cr\u00e9meux.<\/p>\n<p>Id\u00e9al aussi pour ton animal de compagnie.<\/p>\n<\/div>\n","protected":false},"featured_media":1732,"comment_status":"open","ping_status":"closed","template":"","meta":{"_monsterinsights_skip_tracking":false,"_monsterinsights_sitenote_active":false,"_monsterinsights_sitenote_note":"","_monsterinsights_sitenote_category":0,"ocean_post_layout":"","ocean_both_sidebars_style":"","ocean_both_sidebars_content_width":0,"ocean_both_sidebars_sidebars_width":0,"ocean_sidebar":"0","ocean_second_sidebar":"0","ocean_disable_margins":"enable","ocean_add_body_class":"","ocean_shortcode_before_top_bar":"","ocean_shortcode_after_top_bar":"","ocean_shortcode_before_header":"","ocean_shortcode_after_header":"","ocean_has_shortcode":"","ocean_shortcode_after_title":"","ocean_shortcode_before_footer_widgets":"","ocean_shortcode_after_footer_widgets":"","ocean_shortcode_before_footer_bottom":"","ocean_shortcode_after_footer_bottom":"","ocean_display_top_bar":"default","ocean_display_header":"default","ocean_header_style":"","ocean_center_header_left_menu":"0","ocean_custom_header_template":"0","ocean_custom_logo":0,"ocean_custom_retina_logo":0,"ocean_custom_logo_max_width":0,"ocean_custom_logo_tablet_max_width":0,"ocean_custom_logo_mobile_max_width":0,"ocean_custom_logo_max_height":0,"ocean_custom_logo_tablet_max_height":0,"ocean_custom_logo_mobile_max_height":0,"ocean_header_custom_menu":"0","ocean_menu_typo_font_family":"0","ocean_menu_typo_font_subset":"","ocean_menu_typo_font_size":0,"ocean_menu_typo_font_size_tablet":0,"ocean_menu_typo_font_size_mobile":0,"ocean_menu_typo_font_size_unit":"px","ocean_menu_typo_font_weight":"","ocean_menu_typo_font_weight_tablet":"","ocean_menu_typo_font_weight_mobile":"","ocean_menu_typo_transform":"","ocean_menu_typo_transform_tablet":"","ocean_menu_typo_transform_mobile":"","ocean_menu_typo_line_height":0,"ocean_menu_typo_line_height_tablet":0,"ocean_menu_typo_line_height_mobile":0,"ocean_menu_typo_line_height_unit":"","ocean_menu_typo_spacing":0,"ocean_menu_typo_spacing_tablet":0,"ocean_menu_typo_spacing_mobile":0,"ocean_menu_typo_spacing_unit":"","ocean_menu_link_color":"","ocean_menu_link_color_hover":"","ocean_menu_link_color_active":"","ocean_menu_link_background":"","ocean_menu_link_hover_background":"","ocean_menu_link_active_background":"","ocean_menu_social_links_bg":"","ocean_menu_social_hover_links_bg":"","ocean_menu_social_links_color":"","ocean_menu_social_hover_links_color":"","ocean_disable_title":"default","ocean_disable_heading":"default","ocean_post_title":"","ocean_post_subheading":"","ocean_post_title_style":"","ocean_post_title_background_color":"","ocean_post_title_background":0,"ocean_post_title_bg_image_position":"","ocean_post_title_bg_image_attachment":"","ocean_post_title_bg_image_repeat":"","ocean_post_title_bg_image_size":"","ocean_post_title_height":0,"ocean_post_title_bg_overlay":0.5,"ocean_post_title_bg_overlay_color":"","ocean_disable_breadcrumbs":"default","ocean_breadcrumbs_color":"","ocean_breadcrumbs_separator_color":"","ocean_breadcrumbs_links_color":"","ocean_breadcrumbs_links_hover_color":"","ocean_display_footer_widgets":"default","ocean_display_footer_bottom":"default","ocean_custom_footer_template":"0","_joinchat":[],"jetpack_publicize_message":"","jetpack_publicize_feature_enabled":true,"jetpack_social_post_already_shared":false,"jetpack_social_options":{"image_generator_settings":{"template":"highway","default_image_id":0,"font":"","enabled":false},"version":2}},"product_brand":[],"product_cat":[15,44],"product_tag":[],"class_list":{"0":"post-1731","1":"product","2":"type-product","3":"status-publish","4":"has-post-thumbnail","6":"product_cat-forever","7":"product_cat-soins-personnels","9":"entry","10":"has-media","12":"first","13":"instock","14":"taxable","15":"shipping-taxable","16":"purchasable","17":"product-type-simple","18":"has-product-nav","19":"col","20":"span_1_of_3","21":"owp-content-center","22":"owp-thumbs-layout-horizontal","23":"owp-btn-normal","24":"owp-tabs-layout-vertical","26":"circle-sale"},"jetpack_publicize_connections":[],"jetpack_likes_enabled":true,"jetpack_sharing_enabled":true,"_links":{"self":[{"href":"https:\/\/distributeurforever.elielmarket-ci.com\/index.php\/wp-json\/wp\/v2\/product\/1731","targetHints":{"allow":["GET"]}}],"collection":[{"href":"https:\/\/distributeurforever.elielmarket-ci.com\/index.php\/wp-json\/wp\/v2\/product"}],"about":[{"href":"https:\/\/distributeurforever.elielmarket-ci.com\/index.php\/wp-json\/wp\/v2\/types\/product"}],"replies":[{"embeddable":true,"href":"https:\/\/distributeurforever.elielmarket-ci.com\/index.php\/wp-json\/wp\/v2\/comments?post=1731"}],"wp:featuredmedia":[{"embeddable":true,"href":"https:\/\/distributeurforever.elielmarket-ci.com\/index.php\/wp-json\/wp\/v2\/media\/1732"}],"wp:attachment":[{"href":"https:\/\/distributeurforever.elielmarket-ci.com\/index.php\/wp-json\/wp\/v2\/media?parent=1731"}],"wp:term":[{"taxonomy":"product_brand","embeddable":true,"href":"https:\/\/distributeurforever.elielmarket-ci.com\/index.php\/wp-json\/wp\/v2\/product_brand?post=1731"},{"taxonomy":"product_cat","embeddable":true,"href":"https:\/\/distributeurforever.elielmarket-ci.com\/index.php\/wp-json\/wp\/v2\/product_cat?post=1731"},{"taxonomy":"product_tag","embeddable":true,"href":"https:\/\/distributeurforever.elielmarket-ci.com\/index.php\/wp-json\/wp\/v2\/product_tag?post=1731"}],"curies":[{"name":"wp","href":"https:\/\/api.w.org\/{rel}","templated":true}]}}