{"id":1727,"date":"2023-06-04T10:34:28","date_gmt":"2023-06-04T10:34:28","guid":{"rendered":"https:\/\/distributeurforever.elielmarket-ci.com\/?post_type=product&#038;p=1727"},"modified":"2023-06-04T10:34:29","modified_gmt":"2023-06-04T10:34:29","slug":"aloe-msm-gel","status":"publish","type":"product","link":"https:\/\/distributeurforever.elielmarket-ci.com\/index.php\/produit\/aloe-msm-gel\/","title":{"rendered":"Aloe MSM Gel"},"content":{"rendered":"<h2 class=\"benefits--title\">Aloe MSM Gel<\/h2>\n<p class=\"benefits--subtitle\">Aloe MSM Gel est un gel haut de gamme doux, qui p\u00e9n\u00e8tre rapidement, contenant 40 % d&rsquo;Aloe vera, pour la peau, le tissu conjonctif, les articulations, le cartilage et les os.<\/p>\n<h3 class=\"benefits--subtitle\">ID\u00c9AL POUR LES SPORTIFS ET LES PERSONNES ACTIVES<\/h3>\n<p class=\"benefits--text\">Aloe MSM Gel\u00ae permet d&rsquo;apporter \u00e0 ta peau les pr\u00e9cieux nutriments suppl\u00e9mentaires et l&rsquo;hydratation dont elle a besoin, notamment apr\u00e8s des activit\u00e9s sportives. Les substances v\u00e9g\u00e9tales offrent en plus une d\u00e9tente, gr\u00e2ce au compos\u00e9 de soufre organique sp\u00e9cial, le gel forme une substance particuli\u00e8rement appr\u00e9ci\u00e9e des sportifs pour renforcer les articulations et les tissus conjonctifs. La combinaison de busserole, d&rsquo;huile d&rsquo;arbre \u00e0 th\u00e9, de romarin et de saule blanc associe de mani\u00e8re optimale ces pr\u00e9cieux composants suppl\u00e9mentaires. Un produit de pointe absolu.<\/p>\n<h3 class=\"benefits--subtitle\">TISSU CONJONCTIF RAFFERMI<\/h3>\n<p class=\"benefits--text\">Le gel \u00e0 l&rsquo;Aloe vera pur et un compos\u00e9 de soufre organique peuvent renforcer ton tissu conjonctif. Cr\u00e8me-toi avec le gel Aloe MSM\u00ae et appr\u00e9cie la sensation soyeuse que laisse l&rsquo;Aloe Vera pur et les extraits naturels sur ta peau. Tu pourras non seulement te d\u00e9tendre mais aussi renforcer ton tissu conjonctif.<\/p>\n","protected":false},"excerpt":{"rendered":"<p>Une combinaison gagnante: le gel d\u2019Aloe Vera et le soufre, une substance min\u00e9rale importante.<\/p>\n<div class=\"product--description\">\n<p>Toute la force de l\u2019Aloe Vera combin\u00e9e avec le m\u00e9thane m\u00e9thylique de sulfonyl (MSM). Pour un meilleur tissu conjonctif et pour un effet bienfaisant sur la peau. Une combinaison de busserole, d\u2019huile d\u2019arbre \u00e0 th\u00e9, de romarin et de saule argent\u00e9 compl\u00e8te de mani\u00e8re id\u00e9ale ces pr\u00e9cieuses substances. Un produit de pointe absolu qui ne peut manquer dans aucun sac de sport.<\/p>\n<\/div>\n","protected":false},"featured_media":1728,"comment_status":"open","ping_status":"closed","template":"","meta":{"_monsterinsights_skip_tracking":false,"_monsterinsights_sitenote_active":false,"_monsterinsights_sitenote_note":"","_monsterinsights_sitenote_category":0,"ocean_post_layout":"","ocean_both_sidebars_style":"","ocean_both_sidebars_content_width":0,"ocean_both_sidebars_sidebars_width":0,"ocean_sidebar":"0","ocean_second_sidebar":"0","ocean_disable_margins":"enable","ocean_add_body_class":"","ocean_shortcode_before_top_bar":"","ocean_shortcode_after_top_bar":"","ocean_shortcode_before_header":"","ocean_shortcode_after_header":"","ocean_has_shortcode":"","ocean_shortcode_after_title":"","ocean_shortcode_before_footer_widgets":"","ocean_shortcode_after_footer_widgets":"","ocean_shortcode_before_footer_bottom":"","ocean_shortcode_after_footer_bottom":"","ocean_display_top_bar":"default","ocean_display_header":"default","ocean_header_style":"","ocean_center_header_left_menu":"0","ocean_custom_header_template":"0","ocean_custom_logo":0,"ocean_custom_retina_logo":0,"ocean_custom_logo_max_width":0,"ocean_custom_logo_tablet_max_width":0,"ocean_custom_logo_mobile_max_width":0,"ocean_custom_logo_max_height":0,"ocean_custom_logo_tablet_max_height":0,"ocean_custom_logo_mobile_max_height":0,"ocean_header_custom_menu":"0","ocean_menu_typo_font_family":"0","ocean_menu_typo_font_subset":"","ocean_menu_typo_font_size":0,"ocean_menu_typo_font_size_tablet":0,"ocean_menu_typo_font_size_mobile":0,"ocean_menu_typo_font_size_unit":"px","ocean_menu_typo_font_weight":"","ocean_menu_typo_font_weight_tablet":"","ocean_menu_typo_font_weight_mobile":"","ocean_menu_typo_transform":"","ocean_menu_typo_transform_tablet":"","ocean_menu_typo_transform_mobile":"","ocean_menu_typo_line_height":0,"ocean_menu_typo_line_height_tablet":0,"ocean_menu_typo_line_height_mobile":0,"ocean_menu_typo_line_height_unit":"","ocean_menu_typo_spacing":0,"ocean_menu_typo_spacing_tablet":0,"ocean_menu_typo_spacing_mobile":0,"ocean_menu_typo_spacing_unit":"","ocean_menu_link_color":"","ocean_menu_link_color_hover":"","ocean_menu_link_color_active":"","ocean_menu_link_background":"","ocean_menu_link_hover_background":"","ocean_menu_link_active_background":"","ocean_menu_social_links_bg":"","ocean_menu_social_hover_links_bg":"","ocean_menu_social_links_color":"","ocean_menu_social_hover_links_color":"","ocean_disable_title":"default","ocean_disable_heading":"default","ocean_post_title":"","ocean_post_subheading":"","ocean_post_title_style":"","ocean_post_title_background_color":"","ocean_post_title_background":0,"ocean_post_title_bg_image_position":"","ocean_post_title_bg_image_attachment":"","ocean_post_title_bg_image_repeat":"","ocean_post_title_bg_image_size":"","ocean_post_title_height":0,"ocean_post_title_bg_overlay":0.5,"ocean_post_title_bg_overlay_color":"","ocean_disable_breadcrumbs":"default","ocean_breadcrumbs_color":"","ocean_breadcrumbs_separator_color":"","ocean_breadcrumbs_links_color":"","ocean_breadcrumbs_links_hover_color":"","ocean_display_footer_widgets":"default","ocean_display_footer_bottom":"default","ocean_custom_footer_template":"0","_joinchat":[],"jetpack_publicize_message":"","jetpack_publicize_feature_enabled":true,"jetpack_social_post_already_shared":false,"jetpack_social_options":{"image_generator_settings":{"template":"highway","default_image_id":0,"font":"","enabled":false},"version":2}},"product_brand":[],"product_cat":[15,44],"product_tag":[],"class_list":{"0":"post-1727","1":"product","2":"type-product","3":"status-publish","4":"has-post-thumbnail","6":"product_cat-forever","7":"product_cat-soins-personnels","9":"entry","10":"has-media","12":"first","13":"instock","14":"taxable","15":"shipping-taxable","16":"purchasable","17":"product-type-simple","18":"has-product-nav","19":"col","20":"span_1_of_3","21":"owp-content-center","22":"owp-thumbs-layout-horizontal","23":"owp-btn-normal","24":"owp-tabs-layout-vertical","26":"circle-sale"},"jetpack_publicize_connections":[],"jetpack_likes_enabled":true,"jetpack_sharing_enabled":true,"_links":{"self":[{"href":"https:\/\/distributeurforever.elielmarket-ci.com\/index.php\/wp-json\/wp\/v2\/product\/1727","targetHints":{"allow":["GET"]}}],"collection":[{"href":"https:\/\/distributeurforever.elielmarket-ci.com\/index.php\/wp-json\/wp\/v2\/product"}],"about":[{"href":"https:\/\/distributeurforever.elielmarket-ci.com\/index.php\/wp-json\/wp\/v2\/types\/product"}],"replies":[{"embeddable":true,"href":"https:\/\/distributeurforever.elielmarket-ci.com\/index.php\/wp-json\/wp\/v2\/comments?post=1727"}],"wp:featuredmedia":[{"embeddable":true,"href":"https:\/\/distributeurforever.elielmarket-ci.com\/index.php\/wp-json\/wp\/v2\/media\/1728"}],"wp:attachment":[{"href":"https:\/\/distributeurforever.elielmarket-ci.com\/index.php\/wp-json\/wp\/v2\/media?parent=1727"}],"wp:term":[{"taxonomy":"product_brand","embeddable":true,"href":"https:\/\/distributeurforever.elielmarket-ci.com\/index.php\/wp-json\/wp\/v2\/product_brand?post=1727"},{"taxonomy":"product_cat","embeddable":true,"href":"https:\/\/distributeurforever.elielmarket-ci.com\/index.php\/wp-json\/wp\/v2\/product_cat?post=1727"},{"taxonomy":"product_tag","embeddable":true,"href":"https:\/\/distributeurforever.elielmarket-ci.com\/index.php\/wp-json\/wp\/v2\/product_tag?post=1727"}],"curies":[{"name":"wp","href":"https:\/\/api.w.org\/{rel}","templated":true}]}}