{"id":1723,"date":"2023-06-04T10:15:11","date_gmt":"2023-06-04T10:15:11","guid":{"rendered":"https:\/\/distributeurforever.elielmarket-ci.com\/?post_type=product&#038;p=1723"},"modified":"2023-06-04T10:16:37","modified_gmt":"2023-06-04T10:16:37","slug":"gentlemans-pride","status":"publish","type":"product","link":"https:\/\/distributeurforever.elielmarket-ci.com\/index.php\/produit\/gentlemans-pride\/","title":{"rendered":"Gentleman&rsquo;s Pride"},"content":{"rendered":"<h2 class=\"benefits--title\">Gentleman\u2019s Pride<\/h2>\n<p class=\"benefits--subtitle\">Gentleman\u2019s Pride prend parfaitement soin de la peau apr\u00e8s le rasage et la laisse fra\u00eeche, d\u00e9tendue et souple. Calme, prend soin de la peau et est en m\u00eame temps une protection optimale de la peau contre les influences atmosph\u00e9riques. Toute la force de l&rsquo;Aloe vera, du romarin et du concombre.<\/p>\n<h3 class=\"benefits--subtitle\">RAFRA\u00ceCHIT ET PREND SOIN DE LA PEAU AVEC LE RASAGE<\/h3>\n<p class=\"benefits--text\">L&rsquo;eau de rasage \u00e0 l&rsquo;Aloe vera prend parfaitement soin de la peau apr\u00e8s le rasage et la laisse fra\u00eeche, d\u00e9tendue et souple. Par ailleurs, cette lotion apr\u00e8s-rasage apporte \u00e0 la peau des substances stimulantes et de soin comme l&rsquo;acide hyaluronique, la vitamine E et A, l&rsquo;allanto\u00efne, l&rsquo;extrait de romarin et de concombre. L&rsquo;apr\u00e8s-rasage doux apporte hydratation \u00e0 la peau apr\u00e8s le rasage.<\/p>\n<h3 class=\"benefits--subtitle\">APR\u00c8S-RASAGE SANS ALCOOL<\/h3>\n<p class=\"benefits--text\">Soin doux\u00a0: L&rsquo;apr\u00e8s-rasage Gentleman\u2019s Pride\u00ae. L&rsquo;eau de rasage sans alcool est particuli\u00e8rement bien tol\u00e9r\u00e9e par la peau et pr\u00e9vient l&rsquo;apparition de rougeurs et de boursouflures. Lorsque l&rsquo;apr\u00e8s-rasage a bien p\u00e9n\u00e9tr\u00e9, tu peux encore utiliser une lotion hydratante riche en substances nutritives. Si ta peau est s\u00e8che, tu pr\u00e9viens ainsi les tiraillements et les rides.<\/p>\n<h3 class=\"benefits--subtitle\">NOTRE CONSEIL<\/h3>\n<p class=\"benefits--text\">L&rsquo;apr\u00e8s-rasage doux de Forever \u00e0 l&rsquo;Aloe vera convient aussi aux dames, par exemple apr\u00e8s le rasage des jambes. L&rsquo;eau de rasage agit comme un baume apr\u00e8s le rasage pour les peaux sensibles.<\/p>\n","protected":false},"excerpt":{"rendered":"<p>Deux en un: un apr\u00e8s-rasage, une lotion hydratante en un seul flacon. Toute la force de l\u2019Aloe, du romarin et du concombre.<\/p>\n<div class=\"product--description\">\n<p>Sans alcool, avec beaucoup d\u2019Aloe Vera pour une action curative. Ce produit a un effet relaxant, traitant et constitue en m\u00eame temps une protection optimale contre les effets de l\u2019environnement. En outre, la lotion contient des substances stimulantes comme l\u2019acide hyaluronique et des extraits de romarin et de concombre.<\/p>\n<\/div>\n","protected":false},"featured_media":1724,"comment_status":"open","ping_status":"closed","template":"","meta":{"_monsterinsights_skip_tracking":false,"_monsterinsights_sitenote_active":false,"_monsterinsights_sitenote_note":"","_monsterinsights_sitenote_category":0,"ocean_post_layout":"","ocean_both_sidebars_style":"","ocean_both_sidebars_content_width":0,"ocean_both_sidebars_sidebars_width":0,"ocean_sidebar":"0","ocean_second_sidebar":"0","ocean_disable_margins":"enable","ocean_add_body_class":"","ocean_shortcode_before_top_bar":"","ocean_shortcode_after_top_bar":"","ocean_shortcode_before_header":"","ocean_shortcode_after_header":"","ocean_has_shortcode":"","ocean_shortcode_after_title":"","ocean_shortcode_before_footer_widgets":"","ocean_shortcode_after_footer_widgets":"","ocean_shortcode_before_footer_bottom":"","ocean_shortcode_after_footer_bottom":"","ocean_display_top_bar":"default","ocean_display_header":"default","ocean_header_style":"","ocean_center_header_left_menu":"0","ocean_custom_header_template":"0","ocean_custom_logo":0,"ocean_custom_retina_logo":0,"ocean_custom_logo_max_width":0,"ocean_custom_logo_tablet_max_width":0,"ocean_custom_logo_mobile_max_width":0,"ocean_custom_logo_max_height":0,"ocean_custom_logo_tablet_max_height":0,"ocean_custom_logo_mobile_max_height":0,"ocean_header_custom_menu":"0","ocean_menu_typo_font_family":"0","ocean_menu_typo_font_subset":"","ocean_menu_typo_font_size":0,"ocean_menu_typo_font_size_tablet":0,"ocean_menu_typo_font_size_mobile":0,"ocean_menu_typo_font_size_unit":"px","ocean_menu_typo_font_weight":"","ocean_menu_typo_font_weight_tablet":"","ocean_menu_typo_font_weight_mobile":"","ocean_menu_typo_transform":"","ocean_menu_typo_transform_tablet":"","ocean_menu_typo_transform_mobile":"","ocean_menu_typo_line_height":0,"ocean_menu_typo_line_height_tablet":0,"ocean_menu_typo_line_height_mobile":0,"ocean_menu_typo_line_height_unit":"","ocean_menu_typo_spacing":0,"ocean_menu_typo_spacing_tablet":0,"ocean_menu_typo_spacing_mobile":0,"ocean_menu_typo_spacing_unit":"","ocean_menu_link_color":"","ocean_menu_link_color_hover":"","ocean_menu_link_color_active":"","ocean_menu_link_background":"","ocean_menu_link_hover_background":"","ocean_menu_link_active_background":"","ocean_menu_social_links_bg":"","ocean_menu_social_hover_links_bg":"","ocean_menu_social_links_color":"","ocean_menu_social_hover_links_color":"","ocean_disable_title":"default","ocean_disable_heading":"default","ocean_post_title":"","ocean_post_subheading":"","ocean_post_title_style":"","ocean_post_title_background_color":"","ocean_post_title_background":0,"ocean_post_title_bg_image_position":"","ocean_post_title_bg_image_attachment":"","ocean_post_title_bg_image_repeat":"","ocean_post_title_bg_image_size":"","ocean_post_title_height":0,"ocean_post_title_bg_overlay":0.5,"ocean_post_title_bg_overlay_color":"","ocean_disable_breadcrumbs":"default","ocean_breadcrumbs_color":"","ocean_breadcrumbs_separator_color":"","ocean_breadcrumbs_links_color":"","ocean_breadcrumbs_links_hover_color":"","ocean_display_footer_widgets":"default","ocean_display_footer_bottom":"default","ocean_custom_footer_template":"0","_joinchat":[],"jetpack_publicize_message":"","jetpack_publicize_feature_enabled":true,"jetpack_social_post_already_shared":false,"jetpack_social_options":{"image_generator_settings":{"template":"highway","default_image_id":0,"font":"","enabled":false},"version":2}},"product_brand":[],"product_cat":[15,44],"product_tag":[],"class_list":{"0":"post-1723","1":"product","2":"type-product","3":"status-publish","4":"has-post-thumbnail","6":"product_cat-forever","7":"product_cat-soins-personnels","9":"entry","10":"has-media","12":"first","13":"instock","14":"taxable","15":"shipping-taxable","16":"purchasable","17":"product-type-simple","18":"has-product-nav","19":"col","20":"span_1_of_3","21":"owp-content-center","22":"owp-thumbs-layout-horizontal","23":"owp-btn-normal","24":"owp-tabs-layout-vertical","26":"circle-sale"},"jetpack_publicize_connections":[],"jetpack_likes_enabled":true,"jetpack_sharing_enabled":true,"_links":{"self":[{"href":"https:\/\/distributeurforever.elielmarket-ci.com\/index.php\/wp-json\/wp\/v2\/product\/1723","targetHints":{"allow":["GET"]}}],"collection":[{"href":"https:\/\/distributeurforever.elielmarket-ci.com\/index.php\/wp-json\/wp\/v2\/product"}],"about":[{"href":"https:\/\/distributeurforever.elielmarket-ci.com\/index.php\/wp-json\/wp\/v2\/types\/product"}],"replies":[{"embeddable":true,"href":"https:\/\/distributeurforever.elielmarket-ci.com\/index.php\/wp-json\/wp\/v2\/comments?post=1723"}],"wp:featuredmedia":[{"embeddable":true,"href":"https:\/\/distributeurforever.elielmarket-ci.com\/index.php\/wp-json\/wp\/v2\/media\/1724"}],"wp:attachment":[{"href":"https:\/\/distributeurforever.elielmarket-ci.com\/index.php\/wp-json\/wp\/v2\/media?parent=1723"}],"wp:term":[{"taxonomy":"product_brand","embeddable":true,"href":"https:\/\/distributeurforever.elielmarket-ci.com\/index.php\/wp-json\/wp\/v2\/product_brand?post=1723"},{"taxonomy":"product_cat","embeddable":true,"href":"https:\/\/distributeurforever.elielmarket-ci.com\/index.php\/wp-json\/wp\/v2\/product_cat?post=1723"},{"taxonomy":"product_tag","embeddable":true,"href":"https:\/\/distributeurforever.elielmarket-ci.com\/index.php\/wp-json\/wp\/v2\/product_tag?post=1723"}],"curies":[{"name":"wp","href":"https:\/\/api.w.org\/{rel}","templated":true}]}}