{"id":1718,"date":"2023-06-04T09:50:56","date_gmt":"2023-06-04T09:50:56","guid":{"rendered":"https:\/\/distributeurforever.elielmarket-ci.com\/?post_type=product&#038;p=1718"},"modified":"2023-06-04T09:56:11","modified_gmt":"2023-06-04T09:56:11","slug":"aloe-body-wash","status":"publish","type":"product","link":"https:\/\/distributeurforever.elielmarket-ci.com\/index.php\/produit\/aloe-body-wash\/","title":{"rendered":"Aloe Body Wash"},"content":{"rendered":"<h2 class=\"benefits--title\">Aloe Body Wash<\/h2>\n<p class=\"benefits--subtitle\">Elle nous rafra\u00eechit, nous r\u00e9veille et nous d\u00e9tend : la douche quotidienne, le matin, le soir ou apr\u00e8s le sport, fait tout simplement partie de la vie. Gr\u00e2ce \u00e0 un Aloe Body Wash de qualit\u00e9, cela devient une v\u00e9ritable exp\u00e9rience de bien-\u00eatre \u00e0 la maison.<\/p>\n<h3 class=\"benefits--subtitle\">PARFUM FRAIS ET LOOK UNIQUE<\/h3>\n<p class=\"benefits--text\">ALOE BODY WASH\u00ae chouchoute tes sens de mani\u00e8re compl\u00e8te. Un parfum invitant de bois aromatique, d&rsquo;ambre et d&rsquo;un m\u00e9lange coordonn\u00e9 d&rsquo;herbes fait de la douche une exp\u00e9rience unique d\u00e8s le d\u00e9part. La couleur du gel douche, qui est d&rsquo;un vert marin \u00e9clatant, provient d&rsquo;une chlorophylle naturelle et constitue \u00e9galement une particularit\u00e9.<\/p>\n<h3 class=\"benefits--subtitle\">ALOE BODY WASH\u00ae<\/h3>\n<p class=\"benefits--text\">&#8230; produit une mousse riche qui ne dess\u00e8che pas la peau. Gr\u00e2ce \u00e0 sa teneur en huile d\u2019argan et en esters de jojoba, le gel nourrit et dorlote comme une lotion ou une huile de douche.<\/p>\n<h3 class=\"benefits--subtitle\">COMMENT UTILISER ALOE BODY WASH\u00ae<\/h3>\n<p class=\"benefits--text\">Applique le gel douche sur une \u00e9ponge de douche, un gant ou sur tes mains, fais mousser avec un mouvement circulaire. Rince la mousse onctueuse et termine la douche en te sentant profond\u00e9ment nettoy\u00e9 et frais.<\/p>\n","protected":false},"excerpt":{"rendered":"<p>Gel douche avec Aloe Vera<\/p>\n<div class=\"product--description\">\n<p>Le gel douche Aloe Body Wash combine l&rsquo;Aloe Vera, l&rsquo;huile d&rsquo;argan, l&rsquo;arnica, la mousse d&rsquo;Irlande et d&rsquo;autres ingr\u00e9dients efficaces qui nettoient la peau en douceur tout en la nourrissant. L&rsquo;huile de jojoba apporte une hydratation suppl\u00e9mentaire et laisse la peau souple. Gr\u00e2ce \u00e0 un subtil parfum d&rsquo;herbes, la peau est rafra\u00eechie et nettoy\u00e9e apr\u00e8s la douche.<\/p>\n<\/div>\n","protected":false},"featured_media":1719,"comment_status":"open","ping_status":"closed","template":"","meta":{"_monsterinsights_skip_tracking":false,"_monsterinsights_sitenote_active":false,"_monsterinsights_sitenote_note":"","_monsterinsights_sitenote_category":0,"ocean_post_layout":"","ocean_both_sidebars_style":"","ocean_both_sidebars_content_width":0,"ocean_both_sidebars_sidebars_width":0,"ocean_sidebar":"0","ocean_second_sidebar":"0","ocean_disable_margins":"enable","ocean_add_body_class":"","ocean_shortcode_before_top_bar":"","ocean_shortcode_after_top_bar":"","ocean_shortcode_before_header":"","ocean_shortcode_after_header":"","ocean_has_shortcode":"","ocean_shortcode_after_title":"","ocean_shortcode_before_footer_widgets":"","ocean_shortcode_after_footer_widgets":"","ocean_shortcode_before_footer_bottom":"","ocean_shortcode_after_footer_bottom":"","ocean_display_top_bar":"default","ocean_display_header":"default","ocean_header_style":"","ocean_center_header_left_menu":"0","ocean_custom_header_template":"0","ocean_custom_logo":0,"ocean_custom_retina_logo":0,"ocean_custom_logo_max_width":0,"ocean_custom_logo_tablet_max_width":0,"ocean_custom_logo_mobile_max_width":0,"ocean_custom_logo_max_height":0,"ocean_custom_logo_tablet_max_height":0,"ocean_custom_logo_mobile_max_height":0,"ocean_header_custom_menu":"0","ocean_menu_typo_font_family":"0","ocean_menu_typo_font_subset":"","ocean_menu_typo_font_size":0,"ocean_menu_typo_font_size_tablet":0,"ocean_menu_typo_font_size_mobile":0,"ocean_menu_typo_font_size_unit":"px","ocean_menu_typo_font_weight":"","ocean_menu_typo_font_weight_tablet":"","ocean_menu_typo_font_weight_mobile":"","ocean_menu_typo_transform":"","ocean_menu_typo_transform_tablet":"","ocean_menu_typo_transform_mobile":"","ocean_menu_typo_line_height":0,"ocean_menu_typo_line_height_tablet":0,"ocean_menu_typo_line_height_mobile":0,"ocean_menu_typo_line_height_unit":"","ocean_menu_typo_spacing":0,"ocean_menu_typo_spacing_tablet":0,"ocean_menu_typo_spacing_mobile":0,"ocean_menu_typo_spacing_unit":"","ocean_menu_link_color":"","ocean_menu_link_color_hover":"","ocean_menu_link_color_active":"","ocean_menu_link_background":"","ocean_menu_link_hover_background":"","ocean_menu_link_active_background":"","ocean_menu_social_links_bg":"","ocean_menu_social_hover_links_bg":"","ocean_menu_social_links_color":"","ocean_menu_social_hover_links_color":"","ocean_disable_title":"default","ocean_disable_heading":"default","ocean_post_title":"","ocean_post_subheading":"","ocean_post_title_style":"","ocean_post_title_background_color":"","ocean_post_title_background":0,"ocean_post_title_bg_image_position":"","ocean_post_title_bg_image_attachment":"","ocean_post_title_bg_image_repeat":"","ocean_post_title_bg_image_size":"","ocean_post_title_height":0,"ocean_post_title_bg_overlay":0.5,"ocean_post_title_bg_overlay_color":"","ocean_disable_breadcrumbs":"default","ocean_breadcrumbs_color":"","ocean_breadcrumbs_separator_color":"","ocean_breadcrumbs_links_color":"","ocean_breadcrumbs_links_hover_color":"","ocean_display_footer_widgets":"default","ocean_display_footer_bottom":"default","ocean_custom_footer_template":"0","_joinchat":[],"jetpack_publicize_message":"","jetpack_publicize_feature_enabled":true,"jetpack_social_post_already_shared":false,"jetpack_social_options":{"image_generator_settings":{"template":"highway","default_image_id":0,"font":"","enabled":false},"version":2}},"product_brand":[],"product_cat":[15,44],"product_tag":[],"class_list":{"0":"post-1718","1":"product","2":"type-product","3":"status-publish","4":"has-post-thumbnail","6":"product_cat-forever","7":"product_cat-soins-personnels","9":"entry","10":"has-media","12":"first","13":"instock","14":"taxable","15":"shipping-taxable","16":"purchasable","17":"product-type-simple","18":"has-product-nav","19":"col","20":"span_1_of_3","21":"owp-content-center","22":"owp-thumbs-layout-horizontal","23":"owp-btn-normal","24":"owp-tabs-layout-vertical","26":"circle-sale"},"jetpack_publicize_connections":[],"jetpack_likes_enabled":true,"jetpack_sharing_enabled":true,"_links":{"self":[{"href":"https:\/\/distributeurforever.elielmarket-ci.com\/index.php\/wp-json\/wp\/v2\/product\/1718","targetHints":{"allow":["GET"]}}],"collection":[{"href":"https:\/\/distributeurforever.elielmarket-ci.com\/index.php\/wp-json\/wp\/v2\/product"}],"about":[{"href":"https:\/\/distributeurforever.elielmarket-ci.com\/index.php\/wp-json\/wp\/v2\/types\/product"}],"replies":[{"embeddable":true,"href":"https:\/\/distributeurforever.elielmarket-ci.com\/index.php\/wp-json\/wp\/v2\/comments?post=1718"}],"wp:featuredmedia":[{"embeddable":true,"href":"https:\/\/distributeurforever.elielmarket-ci.com\/index.php\/wp-json\/wp\/v2\/media\/1719"}],"wp:attachment":[{"href":"https:\/\/distributeurforever.elielmarket-ci.com\/index.php\/wp-json\/wp\/v2\/media?parent=1718"}],"wp:term":[{"taxonomy":"product_brand","embeddable":true,"href":"https:\/\/distributeurforever.elielmarket-ci.com\/index.php\/wp-json\/wp\/v2\/product_brand?post=1718"},{"taxonomy":"product_cat","embeddable":true,"href":"https:\/\/distributeurforever.elielmarket-ci.com\/index.php\/wp-json\/wp\/v2\/product_cat?post=1718"},{"taxonomy":"product_tag","embeddable":true,"href":"https:\/\/distributeurforever.elielmarket-ci.com\/index.php\/wp-json\/wp\/v2\/product_tag?post=1718"}],"curies":[{"name":"wp","href":"https:\/\/api.w.org\/{rel}","templated":true}]}}