{"id":1714,"date":"2023-06-04T09:26:43","date_gmt":"2023-06-04T09:26:43","guid":{"rendered":"https:\/\/distributeurforever.elielmarket-ci.com\/?post_type=product&#038;p=1714"},"modified":"2023-06-04T09:26:43","modified_gmt":"2023-06-04T09:26:43","slug":"aloe-moisturizing-lotion","status":"publish","type":"product","link":"https:\/\/distributeurforever.elielmarket-ci.com\/index.php\/produit\/aloe-moisturizing-lotion\/","title":{"rendered":"Aloe Moisturizing Lotion"},"content":{"rendered":"<h2 class=\"benefits--title\">Aloe Mosturizing Lotion<\/h2>\n<p class=\"benefits--subtitle\">Riche en Aloe vera, collag\u00e8ne, huile de noyau d&rsquo;abricot et de jojoba, cette cr\u00e8me sp\u00e9ciale apporte une touche d&rsquo;hydratation suppl\u00e9mentaire pour le visage et le corps. La lotion \u00e0 l&rsquo;Aloe vera am\u00e9liore ainsi le pouvoir de r\u00e9tention d&rsquo;eau de la peau et son \u00e9lasticit\u00e9. La touche d&rsquo;hydratation suppl\u00e9mentaire est id\u00e9ale pour les parties particuli\u00e8rement s\u00e8ches des mains, des coudes ou des genoux.<\/p>\n<h3 class=\"benefits--subtitle\">UNE LOTION ADAPT\u00c9E \u00c0 TOUS LES CAS &#8230;<\/h3>\n<p class=\"benefits--text\">Ton soin de peau \u00e0 l&rsquo;Aloe vera. Pour chaque type de peau. La lotion prot\u00e8ge contre les influences du temps et de l&rsquo;environnement. Elle lisse les premi\u00e8res ridules et optimise la tonicit\u00e9 de la peau. Id\u00e9ale apr\u00e8s le bain ou une s\u00e9ance de sauna. Convient aussi particuli\u00e8rement bien \u00e0 la peau des enfants et des adolescents. Pour une belle peau, fine et douce.<\/p>\n<h3 class=\"benefits--subtitle\">PREND SOIN DE TA PEAU.<\/h3>\n<p class=\"benefits--text\">Sais-tu pourquoi la peau est aussi importante ? Ton plus grand organe est en m\u00eame temps une enveloppe de protection importante pour ton corps. La peau peut perdre son \u00e9quilibre sous l&rsquo;effet des influences atmosph\u00e9riques, de l&rsquo;\u00e2ge ou aussi des changements hormonaux. Il est donc particuli\u00e8rement important de prendre soin de sa peau avec une lotion hydratante.<\/p>\n","protected":false},"excerpt":{"rendered":"<p>Une lotion pour le visage et le corps aux notes d\u00e9licates. Apporte un surplus d\u2019hydratation \u00e0 la peau.<\/p>\n<div class=\"product--description\">\n<p>Une touche d\u2019hydratation suppl\u00e9mentaire avec un parfum discret pour le visage et le corps. Particuli\u00e8rement adapt\u00e9 pour les peaux d\u00e9shydrat\u00e9es. Lisse les premi\u00e8res ridules gr\u00e2ce \u00e0 l\u2019association efficace de l\u2019Aloe Vera \u00e0 l\u2019\u00e9lastine, le collag\u00e8ne, l\u2019huile de jojoba et de graine d\u2019abricot.<\/p>\n<\/div>\n","protected":false},"featured_media":1715,"comment_status":"open","ping_status":"closed","template":"","meta":{"_monsterinsights_skip_tracking":false,"_monsterinsights_sitenote_active":false,"_monsterinsights_sitenote_note":"","_monsterinsights_sitenote_category":0,"ocean_post_layout":"","ocean_both_sidebars_style":"","ocean_both_sidebars_content_width":0,"ocean_both_sidebars_sidebars_width":0,"ocean_sidebar":"0","ocean_second_sidebar":"0","ocean_disable_margins":"enable","ocean_add_body_class":"","ocean_shortcode_before_top_bar":"","ocean_shortcode_after_top_bar":"","ocean_shortcode_before_header":"","ocean_shortcode_after_header":"","ocean_has_shortcode":"","ocean_shortcode_after_title":"","ocean_shortcode_before_footer_widgets":"","ocean_shortcode_after_footer_widgets":"","ocean_shortcode_before_footer_bottom":"","ocean_shortcode_after_footer_bottom":"","ocean_display_top_bar":"default","ocean_display_header":"default","ocean_header_style":"","ocean_center_header_left_menu":"0","ocean_custom_header_template":"0","ocean_custom_logo":0,"ocean_custom_retina_logo":0,"ocean_custom_logo_max_width":0,"ocean_custom_logo_tablet_max_width":0,"ocean_custom_logo_mobile_max_width":0,"ocean_custom_logo_max_height":0,"ocean_custom_logo_tablet_max_height":0,"ocean_custom_logo_mobile_max_height":0,"ocean_header_custom_menu":"0","ocean_menu_typo_font_family":"0","ocean_menu_typo_font_subset":"","ocean_menu_typo_font_size":0,"ocean_menu_typo_font_size_tablet":0,"ocean_menu_typo_font_size_mobile":0,"ocean_menu_typo_font_size_unit":"px","ocean_menu_typo_font_weight":"","ocean_menu_typo_font_weight_tablet":"","ocean_menu_typo_font_weight_mobile":"","ocean_menu_typo_transform":"","ocean_menu_typo_transform_tablet":"","ocean_menu_typo_transform_mobile":"","ocean_menu_typo_line_height":0,"ocean_menu_typo_line_height_tablet":0,"ocean_menu_typo_line_height_mobile":0,"ocean_menu_typo_line_height_unit":"","ocean_menu_typo_spacing":0,"ocean_menu_typo_spacing_tablet":0,"ocean_menu_typo_spacing_mobile":0,"ocean_menu_typo_spacing_unit":"","ocean_menu_link_color":"","ocean_menu_link_color_hover":"","ocean_menu_link_color_active":"","ocean_menu_link_background":"","ocean_menu_link_hover_background":"","ocean_menu_link_active_background":"","ocean_menu_social_links_bg":"","ocean_menu_social_hover_links_bg":"","ocean_menu_social_links_color":"","ocean_menu_social_hover_links_color":"","ocean_disable_title":"default","ocean_disable_heading":"default","ocean_post_title":"","ocean_post_subheading":"","ocean_post_title_style":"","ocean_post_title_background_color":"","ocean_post_title_background":0,"ocean_post_title_bg_image_position":"","ocean_post_title_bg_image_attachment":"","ocean_post_title_bg_image_repeat":"","ocean_post_title_bg_image_size":"","ocean_post_title_height":0,"ocean_post_title_bg_overlay":0.5,"ocean_post_title_bg_overlay_color":"","ocean_disable_breadcrumbs":"default","ocean_breadcrumbs_color":"","ocean_breadcrumbs_separator_color":"","ocean_breadcrumbs_links_color":"","ocean_breadcrumbs_links_hover_color":"","ocean_display_footer_widgets":"default","ocean_display_footer_bottom":"default","ocean_custom_footer_template":"0","_joinchat":[],"jetpack_publicize_message":"","jetpack_publicize_feature_enabled":true,"jetpack_social_post_already_shared":false,"jetpack_social_options":{"image_generator_settings":{"template":"highway","default_image_id":0,"font":"","enabled":false},"version":2}},"product_brand":[],"product_cat":[15,44],"product_tag":[],"class_list":{"0":"post-1714","1":"product","2":"type-product","3":"status-publish","4":"has-post-thumbnail","6":"product_cat-forever","7":"product_cat-soins-personnels","9":"entry","10":"has-media","12":"first","13":"instock","14":"taxable","15":"shipping-taxable","16":"purchasable","17":"product-type-simple","18":"has-product-nav","19":"col","20":"span_1_of_3","21":"owp-content-center","22":"owp-thumbs-layout-horizontal","23":"owp-btn-normal","24":"owp-tabs-layout-vertical","26":"circle-sale"},"jetpack_publicize_connections":[],"jetpack_likes_enabled":true,"jetpack_sharing_enabled":true,"_links":{"self":[{"href":"https:\/\/distributeurforever.elielmarket-ci.com\/index.php\/wp-json\/wp\/v2\/product\/1714","targetHints":{"allow":["GET"]}}],"collection":[{"href":"https:\/\/distributeurforever.elielmarket-ci.com\/index.php\/wp-json\/wp\/v2\/product"}],"about":[{"href":"https:\/\/distributeurforever.elielmarket-ci.com\/index.php\/wp-json\/wp\/v2\/types\/product"}],"replies":[{"embeddable":true,"href":"https:\/\/distributeurforever.elielmarket-ci.com\/index.php\/wp-json\/wp\/v2\/comments?post=1714"}],"wp:featuredmedia":[{"embeddable":true,"href":"https:\/\/distributeurforever.elielmarket-ci.com\/index.php\/wp-json\/wp\/v2\/media\/1715"}],"wp:attachment":[{"href":"https:\/\/distributeurforever.elielmarket-ci.com\/index.php\/wp-json\/wp\/v2\/media?parent=1714"}],"wp:term":[{"taxonomy":"product_brand","embeddable":true,"href":"https:\/\/distributeurforever.elielmarket-ci.com\/index.php\/wp-json\/wp\/v2\/product_brand?post=1714"},{"taxonomy":"product_cat","embeddable":true,"href":"https:\/\/distributeurforever.elielmarket-ci.com\/index.php\/wp-json\/wp\/v2\/product_cat?post=1714"},{"taxonomy":"product_tag","embeddable":true,"href":"https:\/\/distributeurforever.elielmarket-ci.com\/index.php\/wp-json\/wp\/v2\/product_tag?post=1714"}],"curies":[{"name":"wp","href":"https:\/\/api.w.org\/{rel}","templated":true}]}}