{"id":1710,"date":"2023-06-04T09:10:30","date_gmt":"2023-06-04T09:10:30","guid":{"rendered":"https:\/\/distributeurforever.elielmarket-ci.com\/?post_type=product&#038;p=1710"},"modified":"2023-06-04T09:16:22","modified_gmt":"2023-06-04T09:16:22","slug":"aloe-jojoba-conditioner","status":"publish","type":"product","link":"https:\/\/distributeurforever.elielmarket-ci.com\/index.php\/produit\/aloe-jojoba-conditioner\/","title":{"rendered":"Aloe-Jojoba Conditioner"},"content":{"rendered":"<h2 class=\"benefits--title\">Aloe-Jojoba Conditioner<\/h2>\n<p class=\"benefits--subtitle\">Tu souhaites un programme complet de bien-\u00eatre? Puis, apr\u00e8s le lavage, offre \u00e0 tes cheveux encore plus de vitalit\u00e9 avec Aloe-Jojoba Conditioner. L&rsquo;apr\u00e8s-shampooing doux et polyvalent contenant le pouvoir de l&rsquo;Aloe Vera est le compl\u00e9ment parfait \u00e0 Aloe-Jojoba Shampoo et constitue une v\u00e9ritable exp\u00e9rience de dorlotement. Cet apr\u00e8s-shampooing riche nourrit et soigne les cheveux et le cuir chevelu d&rsquo;une mani\u00e8re particuli\u00e8re et r\u00e9pond \u00e9galement aux exigences des cuirs chevelus sensibles. La formule est totalement exempte de sulfate et hydrate tous les types de cheveux. Les cheveux deviennent plus lisses, plus doux et plus faciles \u00e0 coiffer. Les n\u0153uds font \u00e9galement partie du pass\u00e9. Aloe-Jojoba Conditioner\u00ae a un ar\u00f4me tropical et l\u00e9g\u00e8rement sucr\u00e9 de melon. Ainsi, tu commenceras la journ\u00e9e de bonne humeur. Le c\u00e9l\u00e8bre institut Dermatest\u00ae\ufe0f a d\u00e9cern\u00e9 \u00e0 l&rsquo;apr\u00e8s-shampooing le sceau TR\u00c8S BON. Aloe-Jojoba Conditioner\u00ae est \u00e9galement v\u00e9g\u00e9talien.<\/p>\n<h3 class=\"benefits--subtitle\">UN SOIN MAXIMAL GR\u00c2CE \u00c0 TROIS HUILES DE HAUTE QUALIT\u00c9<\/h3>\n<p class=\"benefits--text\">Aloe-Jojoba Conditioner\u00ae, dont la formule n&rsquo;alourdit pas les cheveux, les rend plus faciles \u00e0 coiffer. Gr\u00e2ce \u00e0 ses graisses naturelles, l&rsquo;huile de jojoba renforce tes cheveux et leur donne du volume. L&rsquo;huile d&rsquo;argan, surnomm\u00e9e l&rsquo;or liquide du Maroc, nourrit les cheveux avec la vitamine E antioxydante. L&rsquo;huile de cynorhodon et les vitamines C, E et B gardent les cheveux souples et doux. Le r\u00e9sultat est une chevelure saine avec une brillance \u00e9clatante.<\/p>\n<h3 class=\"benefits--subtitle\">NOTRE CONSEIL:<\/h3>\n<p class=\"benefits--text\">Il ne faut pas seulement appliquer Aloe-Jojoba Conditioner sur les longueurs des cheveux, mais le masser aussi sur le cuir chevelu pour une exp\u00e9rience capillaire parfaite. Le laisser agir pendant deux \u00e0 trois minutes. Ensuite, bien rincer. Aloe-Jojoba Conditioner\u00ae est en parfaite harmonie avec le Aloe-Jojoba Shampoo.<\/p>\n","protected":false},"excerpt":{"rendered":"<p>Aloe-Jojoba Conditioner Tu souhaites un programme complet de bien-\u00eatre? Puis, apr\u00e8s le lavage, offre \u00e0 tes cheveux encore plus de vitalit\u00e9 avec Aloe-Jojoba Conditioner. L&rsquo;apr\u00e8s-shampooing doux et polyvalent contenant le pouvoir de l&rsquo;Aloe Vera est le compl\u00e9ment parfait \u00e0 Aloe-Jojoba Shampoo et constitue une v\u00e9ritable exp\u00e9rience de dorlotement. Cet apr\u00e8s-shampooing riche nourrit et soigne les [&hellip;]<\/p>\n","protected":false},"featured_media":1711,"comment_status":"open","ping_status":"closed","template":"","meta":{"_monsterinsights_skip_tracking":false,"_monsterinsights_sitenote_active":false,"_monsterinsights_sitenote_note":"","_monsterinsights_sitenote_category":0,"ocean_post_layout":"","ocean_both_sidebars_style":"","ocean_both_sidebars_content_width":0,"ocean_both_sidebars_sidebars_width":0,"ocean_sidebar":"0","ocean_second_sidebar":"0","ocean_disable_margins":"enable","ocean_add_body_class":"","ocean_shortcode_before_top_bar":"","ocean_shortcode_after_top_bar":"","ocean_shortcode_before_header":"","ocean_shortcode_after_header":"","ocean_has_shortcode":"","ocean_shortcode_after_title":"","ocean_shortcode_before_footer_widgets":"","ocean_shortcode_after_footer_widgets":"","ocean_shortcode_before_footer_bottom":"","ocean_shortcode_after_footer_bottom":"","ocean_display_top_bar":"default","ocean_display_header":"default","ocean_header_style":"","ocean_center_header_left_menu":"0","ocean_custom_header_template":"0","ocean_custom_logo":0,"ocean_custom_retina_logo":0,"ocean_custom_logo_max_width":0,"ocean_custom_logo_tablet_max_width":0,"ocean_custom_logo_mobile_max_width":0,"ocean_custom_logo_max_height":0,"ocean_custom_logo_tablet_max_height":0,"ocean_custom_logo_mobile_max_height":0,"ocean_header_custom_menu":"0","ocean_menu_typo_font_family":"0","ocean_menu_typo_font_subset":"","ocean_menu_typo_font_size":0,"ocean_menu_typo_font_size_tablet":0,"ocean_menu_typo_font_size_mobile":0,"ocean_menu_typo_font_size_unit":"px","ocean_menu_typo_font_weight":"","ocean_menu_typo_font_weight_tablet":"","ocean_menu_typo_font_weight_mobile":"","ocean_menu_typo_transform":"","ocean_menu_typo_transform_tablet":"","ocean_menu_typo_transform_mobile":"","ocean_menu_typo_line_height":0,"ocean_menu_typo_line_height_tablet":0,"ocean_menu_typo_line_height_mobile":0,"ocean_menu_typo_line_height_unit":"","ocean_menu_typo_spacing":0,"ocean_menu_typo_spacing_tablet":0,"ocean_menu_typo_spacing_mobile":0,"ocean_menu_typo_spacing_unit":"","ocean_menu_link_color":"","ocean_menu_link_color_hover":"","ocean_menu_link_color_active":"","ocean_menu_link_background":"","ocean_menu_link_hover_background":"","ocean_menu_link_active_background":"","ocean_menu_social_links_bg":"","ocean_menu_social_hover_links_bg":"","ocean_menu_social_links_color":"","ocean_menu_social_hover_links_color":"","ocean_disable_title":"default","ocean_disable_heading":"default","ocean_post_title":"","ocean_post_subheading":"","ocean_post_title_style":"","ocean_post_title_background_color":"","ocean_post_title_background":0,"ocean_post_title_bg_image_position":"","ocean_post_title_bg_image_attachment":"","ocean_post_title_bg_image_repeat":"","ocean_post_title_bg_image_size":"","ocean_post_title_height":0,"ocean_post_title_bg_overlay":0.5,"ocean_post_title_bg_overlay_color":"","ocean_disable_breadcrumbs":"default","ocean_breadcrumbs_color":"","ocean_breadcrumbs_separator_color":"","ocean_breadcrumbs_links_color":"","ocean_breadcrumbs_links_hover_color":"","ocean_display_footer_widgets":"default","ocean_display_footer_bottom":"default","ocean_custom_footer_template":"0","_joinchat":[],"jetpack_publicize_message":"","jetpack_publicize_feature_enabled":true,"jetpack_social_post_already_shared":false,"jetpack_social_options":{"image_generator_settings":{"template":"highway","default_image_id":0,"font":"","enabled":false},"version":2}},"product_brand":[],"product_cat":[15,44],"product_tag":[],"class_list":{"0":"post-1710","1":"product","2":"type-product","3":"status-publish","4":"has-post-thumbnail","6":"product_cat-forever","7":"product_cat-soins-personnels","9":"entry","10":"has-media","12":"first","13":"instock","14":"taxable","15":"shipping-taxable","16":"purchasable","17":"product-type-simple","18":"has-product-nav","19":"col","20":"span_1_of_3","21":"owp-content-center","22":"owp-thumbs-layout-horizontal","23":"owp-btn-normal","24":"owp-tabs-layout-vertical","25":"has-no-thumbnails","27":"circle-sale"},"jetpack_publicize_connections":[],"jetpack_likes_enabled":true,"jetpack_sharing_enabled":true,"_links":{"self":[{"href":"https:\/\/distributeurforever.elielmarket-ci.com\/index.php\/wp-json\/wp\/v2\/product\/1710","targetHints":{"allow":["GET"]}}],"collection":[{"href":"https:\/\/distributeurforever.elielmarket-ci.com\/index.php\/wp-json\/wp\/v2\/product"}],"about":[{"href":"https:\/\/distributeurforever.elielmarket-ci.com\/index.php\/wp-json\/wp\/v2\/types\/product"}],"replies":[{"embeddable":true,"href":"https:\/\/distributeurforever.elielmarket-ci.com\/index.php\/wp-json\/wp\/v2\/comments?post=1710"}],"wp:featuredmedia":[{"embeddable":true,"href":"https:\/\/distributeurforever.elielmarket-ci.com\/index.php\/wp-json\/wp\/v2\/media\/1711"}],"wp:attachment":[{"href":"https:\/\/distributeurforever.elielmarket-ci.com\/index.php\/wp-json\/wp\/v2\/media?parent=1710"}],"wp:term":[{"taxonomy":"product_brand","embeddable":true,"href":"https:\/\/distributeurforever.elielmarket-ci.com\/index.php\/wp-json\/wp\/v2\/product_brand?post=1710"},{"taxonomy":"product_cat","embeddable":true,"href":"https:\/\/distributeurforever.elielmarket-ci.com\/index.php\/wp-json\/wp\/v2\/product_cat?post=1710"},{"taxonomy":"product_tag","embeddable":true,"href":"https:\/\/distributeurforever.elielmarket-ci.com\/index.php\/wp-json\/wp\/v2\/product_tag?post=1710"}],"curies":[{"name":"wp","href":"https:\/\/api.w.org\/{rel}","templated":true}]}}