{"id":1706,"date":"2023-06-04T08:55:19","date_gmt":"2023-06-04T08:55:19","guid":{"rendered":"https:\/\/distributeurforever.elielmarket-ci.com\/?post_type=product&#038;p=1706"},"modified":"2023-06-04T09:52:55","modified_gmt":"2023-06-04T09:52:55","slug":"aloe-body-lotion","status":"publish","type":"product","link":"https:\/\/distributeurforever.elielmarket-ci.com\/index.php\/produit\/aloe-body-lotion\/","title":{"rendered":"Aloe Body Lotion"},"content":{"rendered":"<h2 class=\"benefits--title\">Aloe Body Lotion<\/h2>\n<p class=\"benefits--subtitle\">La lotion Aloe Body Lotion pour le corps pour les soins quotidiens: avec beaucoup d&rsquo;Aloe Vera!<\/p>\n<h3 class=\"benefits--subtitle\">ABSORB\u00c9 EN UN CLIN D\u2019\u0152IL, TON SOIN OPTIMAL POUR LA PEAU<\/h3>\n<p class=\"benefits--text\">Le Body Lotion est devenue un \u00e9l\u00e9ment indispensable de notre routine de beaut\u00e9 quotidienne. Mais, il n\u2019est pas facile d\u2019en trouver un qui couvre vraiment tous nos besoins. Parce que en \u00e9t\u00e9, lorsqu\u2019il fait chaud et que le soleil brille, la lotion pour le corps doit \u00eatre aussi l\u00e9g\u00e8re que possible, non grasse et rapidement absorb\u00e9e. Les lotions pour le corps qui collent et laissent des r\u00e9sidus sur la peau sont tout simplement d\u00e9sagr\u00e9ables, surtout en \u00e9t\u00e9, car nous transpirons davantage. De plus, la saison chaude sollicite notre peau: le chlore et l\u2019eau sal\u00e9e la dess\u00e8chent, l\u2019influence du soleil la rend plus sensible. C\u2019est pour \u00e7a: hydrater et soigner! Une bonne lotion rafra\u00eechit et hydrate.<\/p>\n<h3 class=\"benefits--subtitle\">PROTECTION ET HYDRATATION AU QUOTIDIEN<\/h3>\n<p class=\"benefits--text\">Et, en hiver? Nous le savons tous: la peau devient plus s\u00e8che, plus rugueuse et d\u00e9mange \u00e0 cause de l\u2019air sec du chauffage, des douches chaudes et parce que la peau doit s\u2019adapter au changement fr\u00e9quent de temp\u00e9rature. En outre, nous buvons g\u00e9n\u00e9ralement moins en hiver qu\u2019en \u00e9t\u00e9. En hiver, une lotion pour le corps est donc avant tout un hydratant pour notre peau, qui devrait durer le plus longtemps possible. C\u2019est le seul moyen d\u2019\u00e9viter la d\u00e9sagr\u00e9able sensation de tiraillement et surtout, d\u2019irritation de la peau. Que ce soit en \u00e9t\u00e9, en hiver, au printemps ou en automne, ALOE BODY LOTION de Forever est ton soin hydratant quotidien id\u00e9al. Une peau toujours douce, \u00e9lastique et souple!<\/p>\n<h3 class=\"benefits--subtitle\">\u00c0 PROPOS:<\/h3>\n<p class=\"benefits--text\">Compos\u00e9e d\u2019ingr\u00e9dients purement v\u00e9g\u00e9taux, ALOE BODY LOTION est \u00e9galement parfaite pour les v\u00e9g\u00e9tariens et les v\u00e9g\u00e9taliens!<\/p>\n<p class=\"responsive-video-wrap clr\"><iframe title=\"Forever Aloe Body Lotion\" width=\"1200\" height=\"675\" src=\"https:\/\/www.youtube.com\/embed\/yTKrH3F0f3A?feature=oembed\" frameborder=\"0\" allow=\"accelerometer; autoplay; clipboard-write; encrypted-media; gyroscope; picture-in-picture; web-share\" allowfullscreen><\/iframe><\/p>\n","protected":false},"excerpt":{"rendered":"<p>Lotion pour le corps avec Aloe Vera<\/p>\n<div class=\"product--description\">\n<p>Aloe Body Lotion de Forever est l&rsquo;hydratant quotidien id\u00e9al pour un soin optimal de la peau. En plus du riche Aloe Vera, la lotion contient de l&rsquo;huile d&rsquo;argan, huile de jojoba et huile de noix de macadamia pour une peau \u00e9lastique et souple. Cette formule l\u00e9g\u00e8re s&rsquo;absorbe rapidement et te g\u00e2te avec un parfum floral.<\/p>\n<\/div>\n","protected":false},"featured_media":1707,"comment_status":"open","ping_status":"closed","template":"","meta":{"_monsterinsights_skip_tracking":false,"_monsterinsights_sitenote_active":false,"_monsterinsights_sitenote_note":"","_monsterinsights_sitenote_category":0,"ocean_post_layout":"","ocean_both_sidebars_style":"","ocean_both_sidebars_content_width":0,"ocean_both_sidebars_sidebars_width":0,"ocean_sidebar":"0","ocean_second_sidebar":"0","ocean_disable_margins":"enable","ocean_add_body_class":"","ocean_shortcode_before_top_bar":"","ocean_shortcode_after_top_bar":"","ocean_shortcode_before_header":"","ocean_shortcode_after_header":"","ocean_has_shortcode":"","ocean_shortcode_after_title":"","ocean_shortcode_before_footer_widgets":"","ocean_shortcode_after_footer_widgets":"","ocean_shortcode_before_footer_bottom":"","ocean_shortcode_after_footer_bottom":"","ocean_display_top_bar":"default","ocean_display_header":"default","ocean_header_style":"","ocean_center_header_left_menu":"0","ocean_custom_header_template":"0","ocean_custom_logo":0,"ocean_custom_retina_logo":0,"ocean_custom_logo_max_width":0,"ocean_custom_logo_tablet_max_width":0,"ocean_custom_logo_mobile_max_width":0,"ocean_custom_logo_max_height":0,"ocean_custom_logo_tablet_max_height":0,"ocean_custom_logo_mobile_max_height":0,"ocean_header_custom_menu":"0","ocean_menu_typo_font_family":"0","ocean_menu_typo_font_subset":"","ocean_menu_typo_font_size":0,"ocean_menu_typo_font_size_tablet":0,"ocean_menu_typo_font_size_mobile":0,"ocean_menu_typo_font_size_unit":"px","ocean_menu_typo_font_weight":"","ocean_menu_typo_font_weight_tablet":"","ocean_menu_typo_font_weight_mobile":"","ocean_menu_typo_transform":"","ocean_menu_typo_transform_tablet":"","ocean_menu_typo_transform_mobile":"","ocean_menu_typo_line_height":0,"ocean_menu_typo_line_height_tablet":0,"ocean_menu_typo_line_height_mobile":0,"ocean_menu_typo_line_height_unit":"","ocean_menu_typo_spacing":0,"ocean_menu_typo_spacing_tablet":0,"ocean_menu_typo_spacing_mobile":0,"ocean_menu_typo_spacing_unit":"","ocean_menu_link_color":"","ocean_menu_link_color_hover":"","ocean_menu_link_color_active":"","ocean_menu_link_background":"","ocean_menu_link_hover_background":"","ocean_menu_link_active_background":"","ocean_menu_social_links_bg":"","ocean_menu_social_hover_links_bg":"","ocean_menu_social_links_color":"","ocean_menu_social_hover_links_color":"","ocean_disable_title":"default","ocean_disable_heading":"default","ocean_post_title":"","ocean_post_subheading":"","ocean_post_title_style":"","ocean_post_title_background_color":"","ocean_post_title_background":0,"ocean_post_title_bg_image_position":"","ocean_post_title_bg_image_attachment":"","ocean_post_title_bg_image_repeat":"","ocean_post_title_bg_image_size":"","ocean_post_title_height":0,"ocean_post_title_bg_overlay":0.5,"ocean_post_title_bg_overlay_color":"","ocean_disable_breadcrumbs":"default","ocean_breadcrumbs_color":"","ocean_breadcrumbs_separator_color":"","ocean_breadcrumbs_links_color":"","ocean_breadcrumbs_links_hover_color":"","ocean_display_footer_widgets":"default","ocean_display_footer_bottom":"default","ocean_custom_footer_template":"0","_joinchat":[],"jetpack_publicize_message":"","jetpack_publicize_feature_enabled":true,"jetpack_social_post_already_shared":false,"jetpack_social_options":{"image_generator_settings":{"template":"highway","default_image_id":0,"font":"","enabled":false},"version":2}},"product_brand":[],"product_cat":[15,44],"product_tag":[],"class_list":{"0":"post-1706","1":"product","2":"type-product","3":"status-publish","4":"has-post-thumbnail","6":"product_cat-forever","7":"product_cat-soins-personnels","9":"entry","10":"has-media","12":"first","13":"instock","14":"taxable","15":"shipping-taxable","16":"purchasable","17":"product-type-simple","18":"has-product-nav","19":"col","20":"span_1_of_3","21":"owp-content-center","22":"owp-thumbs-layout-horizontal","23":"owp-btn-normal","24":"owp-tabs-layout-vertical","26":"circle-sale"},"jetpack_publicize_connections":[],"jetpack_likes_enabled":true,"jetpack_sharing_enabled":true,"_links":{"self":[{"href":"https:\/\/distributeurforever.elielmarket-ci.com\/index.php\/wp-json\/wp\/v2\/product\/1706","targetHints":{"allow":["GET"]}}],"collection":[{"href":"https:\/\/distributeurforever.elielmarket-ci.com\/index.php\/wp-json\/wp\/v2\/product"}],"about":[{"href":"https:\/\/distributeurforever.elielmarket-ci.com\/index.php\/wp-json\/wp\/v2\/types\/product"}],"replies":[{"embeddable":true,"href":"https:\/\/distributeurforever.elielmarket-ci.com\/index.php\/wp-json\/wp\/v2\/comments?post=1706"}],"wp:featuredmedia":[{"embeddable":true,"href":"https:\/\/distributeurforever.elielmarket-ci.com\/index.php\/wp-json\/wp\/v2\/media\/1707"}],"wp:attachment":[{"href":"https:\/\/distributeurforever.elielmarket-ci.com\/index.php\/wp-json\/wp\/v2\/media?parent=1706"}],"wp:term":[{"taxonomy":"product_brand","embeddable":true,"href":"https:\/\/distributeurforever.elielmarket-ci.com\/index.php\/wp-json\/wp\/v2\/product_brand?post=1706"},{"taxonomy":"product_cat","embeddable":true,"href":"https:\/\/distributeurforever.elielmarket-ci.com\/index.php\/wp-json\/wp\/v2\/product_cat?post=1706"},{"taxonomy":"product_tag","embeddable":true,"href":"https:\/\/distributeurforever.elielmarket-ci.com\/index.php\/wp-json\/wp\/v2\/product_tag?post=1706"}],"curies":[{"name":"wp","href":"https:\/\/api.w.org\/{rel}","templated":true}]}}