{"id":1702,"date":"2023-06-04T08:35:15","date_gmt":"2023-06-04T08:35:15","guid":{"rendered":"https:\/\/distributeurforever.elielmarket-ci.com\/?post_type=product&#038;p=1702"},"modified":"2023-06-04T18:06:47","modified_gmt":"2023-06-04T18:06:47","slug":"aloe-jojoba-shampoo","status":"publish","type":"product","link":"https:\/\/distributeurforever.elielmarket-ci.com\/index.php\/produit\/aloe-jojoba-shampoo\/","title":{"rendered":"Aloe-Jojoba Shampoo"},"content":{"rendered":"<h2 class=\"benefits--title\">Aloe-Jojoba Shampoo<\/h2>\n<p class=\"benefits--subtitle\">Cheveux bien soign\u00e9s jusqu&rsquo;aux pointes: notre shampooing \u00e0 base d&rsquo;Aloe Vera nourrit, prot\u00e8ge et hydrate naturellement et rend les cheveux cassants \u00e0 nouveau souples. La mousse l\u00e9g\u00e8re et fra\u00eeche du shampooing Aloe-Jojoba Shampoo \u00e9limine en douceur les r\u00e9sidus et la salet\u00e9 des cheveux tout en soutenant le cuir chevelu sensible. Le shampooing \u00e0 base de pr\u00e9cieux Aloe Vera est exempt de sulfates et convient donc \u00e0 toute la famille. En outre, chouchoute tes sens avec un parfum tropical de melon pendant que tu te laves les cheveux. Une v\u00e9ritable exp\u00e9rience olfactive!<\/p>\n<h3 class=\"benefits--subtitle\">SHAMPOO \u00c0 BASE D&rsquo;ALOE VERA<\/h3>\n<p class=\"benefits--text\">La haute proportion d&rsquo;Aloe Vera contenue dans le shampooing de Forever garantit un aspect brillant. Notre shampooing \u00e0 l&rsquo;Aloe Vera convient parfaitement \u00e0 toutes les conditions capillaires. Les cheveux secs et normaux b\u00e9n\u00e9ficient tout particuli\u00e8rement de ces pr\u00e9cieux ingr\u00e9dients. Bon \u00e0 savoir: bien que de nombreuses marques fassent de la publicit\u00e9 pour l&rsquo;Aloe Vera, notre shampooing \u00e0 l&rsquo;Aloe Vera contient en fait 40% de gel d&rsquo;Aloe Vera pur. En outre, notre shampooing est produit sans tests sur les animaux. Autre point int\u00e9ressant pour les clients: il s&rsquo;agit d&rsquo;un shampooing v\u00e9g\u00e9talien. L&rsquo;institut ind\u00e9pendant Dermatest\u00ae\ufe0f affirme: TR\u00c8S BON! Ce shampooing est donc id\u00e9al pour toute la famille.<\/p>\n<h3 class=\"benefits--subtitle\">SOUPLESSE ET BRILLANCE<\/h3>\n<p class=\"benefits--text\">Aloe-Jojoba Shampoo renforce les cheveux, r\u00e9gule l\u2019hydratation et cr\u00e9e du volume. L&rsquo;huile de jojoba favorise la couleur naturelle et la brillance des cheveux. Gr\u00e2ce \u00e0 l&rsquo;huile d&rsquo;argan, les pointes s\u00e8ches, les longueurs ab\u00eem\u00e9es et les cheveux cassants re\u00e7oivent un formidable soin. L&rsquo;huile de cynorhodon apporte des vitamines A et C et acc\u00e9l\u00e8re la r\u00e9g\u00e9n\u00e9ration du cuir chevelu. Ensuite, utilise Aloe-Jojoba Conditioner, dont la formule l\u00e9g\u00e8re permet de rendre les cheveux plus faciles \u00e0 coiffer. Le r\u00e9sultat de ce merveilleux soin capillaire \u00e0 base d\u2019Aloe est une chevelure saine avec une brillance \u00e9clatante.<\/p>\n<h3 class=\"benefits--subtitle\">HYDRATATION AVEC DE L&rsquo;ALOE VERA PUR<\/h3>\n<p class=\"benefits--text\">L&rsquo;Aloe Vera lisse la surface des cheveux, afin qu&rsquo;ils soient imm\u00e9diatement peinables et prot\u00e9g\u00e9s contre les cassures. La structure des cheveux est renforc\u00e9e et re\u00e7oit une brillance intense. Gr\u00e2ce \u00e0 sa teneur \u00e9lev\u00e9e en Aloe Vera (40%), ce shampooing convient parfaitement aux cheveux normaux et secs ainsi qu&rsquo;\u00e0 toutes les autres conditions capillaires. Il est \u00e9galement particuli\u00e8rement doux pour le cuir chevelu. Y a-t-il des questions?<\/p>\n<p class=\"responsive-video-wrap clr\"><iframe title=\"AVEC ALOE-JOJOBA SHAMPOO &amp; CONDITIONER\" width=\"1200\" height=\"675\" src=\"https:\/\/www.youtube.com\/embed\/BOLFitK31nc?feature=oembed\" frameborder=\"0\" allow=\"accelerometer; autoplay; clipboard-write; encrypted-media; gyroscope; picture-in-picture; web-share\" allowfullscreen><\/iframe><\/p>\n","protected":false},"excerpt":{"rendered":"<p>Shampooing fortifiant avec Aloe Vera et huile de jojoba<\/p>\n<div class=\"product--description\">\n<p>Aloe-Jojoba Shampoo contient du gel d&rsquo;Aloe Vera pur et de l&rsquo;huile de jojoba qui aide \u00e0 renforcer les cheveux. Des ar\u00f4mes rafra\u00eechissants de fruits tropicaux offrent une exp\u00e9rience olfactive tr\u00e8s s\u00e9duisante. Une combinaison d&rsquo;huile d&rsquo;argan, de vitamine B5 et d&rsquo;huile de cynhorodon permet de maintenir les cheveux souples et hydrat\u00e9s.<\/p>\n<\/div>\n","protected":false},"featured_media":1703,"comment_status":"open","ping_status":"closed","template":"","meta":{"_monsterinsights_skip_tracking":false,"_monsterinsights_sitenote_active":false,"_monsterinsights_sitenote_note":"","_monsterinsights_sitenote_category":0,"ocean_post_layout":"","ocean_both_sidebars_style":"","ocean_both_sidebars_content_width":0,"ocean_both_sidebars_sidebars_width":0,"ocean_sidebar":"0","ocean_second_sidebar":"0","ocean_disable_margins":"enable","ocean_add_body_class":"","ocean_shortcode_before_top_bar":"","ocean_shortcode_after_top_bar":"","ocean_shortcode_before_header":"","ocean_shortcode_after_header":"","ocean_has_shortcode":"","ocean_shortcode_after_title":"","ocean_shortcode_before_footer_widgets":"","ocean_shortcode_after_footer_widgets":"","ocean_shortcode_before_footer_bottom":"","ocean_shortcode_after_footer_bottom":"","ocean_display_top_bar":"default","ocean_display_header":"default","ocean_header_style":"","ocean_center_header_left_menu":"0","ocean_custom_header_template":"0","ocean_custom_logo":0,"ocean_custom_retina_logo":0,"ocean_custom_logo_max_width":0,"ocean_custom_logo_tablet_max_width":0,"ocean_custom_logo_mobile_max_width":0,"ocean_custom_logo_max_height":0,"ocean_custom_logo_tablet_max_height":0,"ocean_custom_logo_mobile_max_height":0,"ocean_header_custom_menu":"0","ocean_menu_typo_font_family":"0","ocean_menu_typo_font_subset":"","ocean_menu_typo_font_size":0,"ocean_menu_typo_font_size_tablet":0,"ocean_menu_typo_font_size_mobile":0,"ocean_menu_typo_font_size_unit":"px","ocean_menu_typo_font_weight":"","ocean_menu_typo_font_weight_tablet":"","ocean_menu_typo_font_weight_mobile":"","ocean_menu_typo_transform":"","ocean_menu_typo_transform_tablet":"","ocean_menu_typo_transform_mobile":"","ocean_menu_typo_line_height":0,"ocean_menu_typo_line_height_tablet":0,"ocean_menu_typo_line_height_mobile":0,"ocean_menu_typo_line_height_unit":"","ocean_menu_typo_spacing":0,"ocean_menu_typo_spacing_tablet":0,"ocean_menu_typo_spacing_mobile":0,"ocean_menu_typo_spacing_unit":"","ocean_menu_link_color":"","ocean_menu_link_color_hover":"","ocean_menu_link_color_active":"","ocean_menu_link_background":"","ocean_menu_link_hover_background":"","ocean_menu_link_active_background":"","ocean_menu_social_links_bg":"","ocean_menu_social_hover_links_bg":"","ocean_menu_social_links_color":"","ocean_menu_social_hover_links_color":"","ocean_disable_title":"default","ocean_disable_heading":"default","ocean_post_title":"","ocean_post_subheading":"","ocean_post_title_style":"","ocean_post_title_background_color":"","ocean_post_title_background":0,"ocean_post_title_bg_image_position":"","ocean_post_title_bg_image_attachment":"","ocean_post_title_bg_image_repeat":"","ocean_post_title_bg_image_size":"","ocean_post_title_height":0,"ocean_post_title_bg_overlay":0.5,"ocean_post_title_bg_overlay_color":"","ocean_disable_breadcrumbs":"default","ocean_breadcrumbs_color":"","ocean_breadcrumbs_separator_color":"","ocean_breadcrumbs_links_color":"","ocean_breadcrumbs_links_hover_color":"","ocean_display_footer_widgets":"default","ocean_display_footer_bottom":"default","ocean_custom_footer_template":"0","_joinchat":[],"jetpack_publicize_message":"","jetpack_publicize_feature_enabled":true,"jetpack_social_post_already_shared":false,"jetpack_social_options":{"image_generator_settings":{"template":"highway","default_image_id":0,"font":"","enabled":false},"version":2}},"product_brand":[],"product_cat":[15,44],"product_tag":[],"class_list":{"0":"post-1702","1":"product","2":"type-product","3":"status-publish","4":"has-post-thumbnail","6":"product_cat-forever","7":"product_cat-soins-personnels","9":"entry","10":"has-media","12":"first","13":"instock","14":"taxable","15":"shipping-taxable","16":"purchasable","17":"product-type-simple","18":"has-product-nav","19":"col","20":"span_1_of_3","21":"owp-content-center","22":"owp-thumbs-layout-horizontal","23":"owp-btn-normal","24":"owp-tabs-layout-vertical","26":"circle-sale"},"jetpack_publicize_connections":[],"jetpack_likes_enabled":true,"jetpack_sharing_enabled":true,"_links":{"self":[{"href":"https:\/\/distributeurforever.elielmarket-ci.com\/index.php\/wp-json\/wp\/v2\/product\/1702","targetHints":{"allow":["GET"]}}],"collection":[{"href":"https:\/\/distributeurforever.elielmarket-ci.com\/index.php\/wp-json\/wp\/v2\/product"}],"about":[{"href":"https:\/\/distributeurforever.elielmarket-ci.com\/index.php\/wp-json\/wp\/v2\/types\/product"}],"replies":[{"embeddable":true,"href":"https:\/\/distributeurforever.elielmarket-ci.com\/index.php\/wp-json\/wp\/v2\/comments?post=1702"}],"wp:featuredmedia":[{"embeddable":true,"href":"https:\/\/distributeurforever.elielmarket-ci.com\/index.php\/wp-json\/wp\/v2\/media\/1703"}],"wp:attachment":[{"href":"https:\/\/distributeurforever.elielmarket-ci.com\/index.php\/wp-json\/wp\/v2\/media?parent=1702"}],"wp:term":[{"taxonomy":"product_brand","embeddable":true,"href":"https:\/\/distributeurforever.elielmarket-ci.com\/index.php\/wp-json\/wp\/v2\/product_brand?post=1702"},{"taxonomy":"product_cat","embeddable":true,"href":"https:\/\/distributeurforever.elielmarket-ci.com\/index.php\/wp-json\/wp\/v2\/product_cat?post=1702"},{"taxonomy":"product_tag","embeddable":true,"href":"https:\/\/distributeurforever.elielmarket-ci.com\/index.php\/wp-json\/wp\/v2\/product_tag?post=1702"}],"curies":[{"name":"wp","href":"https:\/\/api.w.org\/{rel}","templated":true}]}}