{"id":1697,"date":"2023-06-04T08:22:51","date_gmt":"2023-06-04T08:22:51","guid":{"rendered":"https:\/\/distributeurforever.elielmarket-ci.com\/?post_type=product&#038;p=1697"},"modified":"2023-06-04T08:25:40","modified_gmt":"2023-06-04T08:25:40","slug":"aloe-first","status":"publish","type":"product","link":"https:\/\/distributeurforever.elielmarket-ci.com\/index.php\/produit\/aloe-first\/","title":{"rendered":"Aloe First"},"content":{"rendered":"<h2 class=\"benefits--title\">Aloe First<\/h2>\n<p class=\"benefits--subtitle\">Le spray aux multiples vertus Aloe First apporte hydratation et substances nutritives au corps. Le gel \u00e0 l&rsquo;Aloe vera pur avec de la propolis d&rsquo;abeilles et un m\u00e9lange d&rsquo;herbes s\u00e9lectionn\u00e9es agit comme spray de premier secours \u00e0 l&rsquo;Aloe vera rafra\u00eechissant de maintes fa\u00e7ons et ne devrait manquer dans aucun foyer. Le spray \u00e0 l&rsquo;Aloe vera en cas de dermatite atopique, de peaux agress\u00e9es par le soleil et de l\u00e9g\u00e8res blessures cutan\u00e9es.<\/p>\n<h3 class=\"benefits--subtitle\">81 % D&rsquo;ALOE PUR<\/h3>\n<p class=\"benefits--text\">Le spray \u00e0 l&rsquo;Aloe vera \u00e0 l&rsquo;action tranquillisante et bienfaisante se compose \u00e0 81 % de nos meilleurs Aloe Forever et de 11 herbes pr\u00e9cieuses comme la camomille, l&rsquo;eucalyptus, le pissenlit, la sauge ou le gingembre ainsi que de la pr\u00e9cieuse propolis d&rsquo;abeilles. Ta peau est nourrie par de pr\u00e9cieuses substances. \u00c0 vaporiser et \u00e0 appr\u00e9cier apr\u00e8s la douche.<\/p>\n<h3 class=\"benefits--subtitle\">UN VRAI TALENT UNIVERSEL<\/h3>\n<p class=\"benefits--text\">Notre talent aux multiples vertus peut encore davantage : Aloe First pour les cheveux, ton spray \u00e0 l&rsquo;Aloe vera \u00e9galement pour le cuir chevelu. Un spray \u00e0 l&rsquo;Aloe avec un plus pour les soins et l&rsquo;hydratation. Vaporiser tout simplement le spray premiers secours aux essences d&rsquo;herbes, faire p\u00e9n\u00e9trer en massant doucement et continuer avec les soins habituels apport\u00e9s \u00e0 la chevelure. Le matin, le spray \u00e0 l&rsquo;Aloe vera sert \u00e9galement de bain de bouche rafra\u00eechissant, il prend soin des muqueuses de la bouche et des gencives. Parfait aussi comme tonique clarifiant pour les peaux mixtes jeunes.<\/p>\n<h3 class=\"benefits--subtitle\">POUR LA SATISFACTION DE TOUTE LA FAMILLE &#8230;<\/h3>\n<p class=\"benefits--text\">Aloe First\u00ae est un produit d\u00e9di\u00e9 \u00e0 toute la famille et c&rsquo;est pourquoi ce spray \u00e0 l&rsquo;Aloe vera rafra\u00eechissant ne devrait manquer dans aucun foyer !<\/p>\n<h3 class=\"benefits--subtitle\">QUALIT\u00c9<\/h3>\n<p class=\"benefits--text\">L&rsquo;Institut Dermatest\u00ae s&rsquo;est montr\u00e9 convaincu par la qualit\u00e9 du spray premiers secours Aloe First\u00ae : Nous sommes fiers d&rsquo;avoir obtenu le label \u00ab TR\u00c8S BON \u00bb. Notre spray de premiers secours \u00e0 la propolis. Nous ne nous contentons pas de promettre une bonne qualit\u00e9, nous la garantissons !<\/p>\n<p class=\"responsive-video-wrap clr\"><iframe title=\"Aloe First\u00ae\" width=\"1200\" height=\"675\" src=\"https:\/\/www.youtube.com\/embed\/cPwXhphL3uI?feature=oembed\" frameborder=\"0\" allow=\"accelerometer; autoplay; clipboard-write; encrypted-media; gyroscope; picture-in-picture; web-share\" allowfullscreen><\/iframe><\/p>\n","protected":false},"excerpt":{"rendered":"<p>Une vaporisation qui rafra\u00eechit et hydrate. Toute la force de l\u2019Aloe dans un flacon! 81% de gel pur d\u2019Aloe Vera, propolis d\u2019abeille et 11 extraits de herbes s\u00e9lectionn\u00e9es pour am\u00e9liorer ton bien-\u00eatre.<\/p>\n<div class=\"product--description\">\n<p>Ce spray aux mille vertus apporte au corps hydratation et substances nutritives. Du gel pur d\u2019Aloe Vera avec de la propolis et des herbes choisies. Un spray polyvalent de premier secours, d\u2019une action rafra\u00eechissante, qui devrait \u00eatre pr\u00e9sent dans tous les foyers. Il est \u00e9galement id\u00e9al pour les peaux agress\u00e9es par le soleil ou l\u00e9g\u00e8rement bless\u00e9es. Tu peux aussi utiliser Aloe First\u00ae sur le cuir chevelu et les cheveux!<\/p>\n<\/div>\n","protected":false},"featured_media":1698,"comment_status":"open","ping_status":"closed","template":"","meta":{"_monsterinsights_skip_tracking":false,"_monsterinsights_sitenote_active":false,"_monsterinsights_sitenote_note":"","_monsterinsights_sitenote_category":0,"ocean_post_layout":"","ocean_both_sidebars_style":"","ocean_both_sidebars_content_width":0,"ocean_both_sidebars_sidebars_width":0,"ocean_sidebar":"0","ocean_second_sidebar":"0","ocean_disable_margins":"enable","ocean_add_body_class":"","ocean_shortcode_before_top_bar":"","ocean_shortcode_after_top_bar":"","ocean_shortcode_before_header":"","ocean_shortcode_after_header":"","ocean_has_shortcode":"","ocean_shortcode_after_title":"","ocean_shortcode_before_footer_widgets":"","ocean_shortcode_after_footer_widgets":"","ocean_shortcode_before_footer_bottom":"","ocean_shortcode_after_footer_bottom":"","ocean_display_top_bar":"default","ocean_display_header":"default","ocean_header_style":"","ocean_center_header_left_menu":"0","ocean_custom_header_template":"0","ocean_custom_logo":0,"ocean_custom_retina_logo":0,"ocean_custom_logo_max_width":0,"ocean_custom_logo_tablet_max_width":0,"ocean_custom_logo_mobile_max_width":0,"ocean_custom_logo_max_height":0,"ocean_custom_logo_tablet_max_height":0,"ocean_custom_logo_mobile_max_height":0,"ocean_header_custom_menu":"0","ocean_menu_typo_font_family":"0","ocean_menu_typo_font_subset":"","ocean_menu_typo_font_size":0,"ocean_menu_typo_font_size_tablet":0,"ocean_menu_typo_font_size_mobile":0,"ocean_menu_typo_font_size_unit":"px","ocean_menu_typo_font_weight":"","ocean_menu_typo_font_weight_tablet":"","ocean_menu_typo_font_weight_mobile":"","ocean_menu_typo_transform":"","ocean_menu_typo_transform_tablet":"","ocean_menu_typo_transform_mobile":"","ocean_menu_typo_line_height":0,"ocean_menu_typo_line_height_tablet":0,"ocean_menu_typo_line_height_mobile":0,"ocean_menu_typo_line_height_unit":"","ocean_menu_typo_spacing":0,"ocean_menu_typo_spacing_tablet":0,"ocean_menu_typo_spacing_mobile":0,"ocean_menu_typo_spacing_unit":"","ocean_menu_link_color":"","ocean_menu_link_color_hover":"","ocean_menu_link_color_active":"","ocean_menu_link_background":"","ocean_menu_link_hover_background":"","ocean_menu_link_active_background":"","ocean_menu_social_links_bg":"","ocean_menu_social_hover_links_bg":"","ocean_menu_social_links_color":"","ocean_menu_social_hover_links_color":"","ocean_disable_title":"default","ocean_disable_heading":"default","ocean_post_title":"","ocean_post_subheading":"","ocean_post_title_style":"","ocean_post_title_background_color":"","ocean_post_title_background":0,"ocean_post_title_bg_image_position":"","ocean_post_title_bg_image_attachment":"","ocean_post_title_bg_image_repeat":"","ocean_post_title_bg_image_size":"","ocean_post_title_height":0,"ocean_post_title_bg_overlay":0.5,"ocean_post_title_bg_overlay_color":"","ocean_disable_breadcrumbs":"default","ocean_breadcrumbs_color":"","ocean_breadcrumbs_separator_color":"","ocean_breadcrumbs_links_color":"","ocean_breadcrumbs_links_hover_color":"","ocean_display_footer_widgets":"default","ocean_display_footer_bottom":"default","ocean_custom_footer_template":"0","_joinchat":[],"jetpack_publicize_message":"","jetpack_publicize_feature_enabled":true,"jetpack_social_post_already_shared":false,"jetpack_social_options":{"image_generator_settings":{"template":"highway","default_image_id":0,"font":"","enabled":false},"version":2}},"product_brand":[],"product_cat":[15,44],"product_tag":[],"class_list":{"0":"post-1697","1":"product","2":"type-product","3":"status-publish","4":"has-post-thumbnail","6":"product_cat-forever","7":"product_cat-soins-personnels","9":"entry","10":"has-media","12":"first","13":"instock","14":"taxable","15":"shipping-taxable","16":"purchasable","17":"product-type-simple","18":"has-product-nav","19":"col","20":"span_1_of_3","21":"owp-content-center","22":"owp-thumbs-layout-horizontal","23":"owp-btn-normal","24":"owp-tabs-layout-vertical","26":"circle-sale"},"jetpack_publicize_connections":[],"jetpack_likes_enabled":true,"jetpack_sharing_enabled":true,"_links":{"self":[{"href":"https:\/\/distributeurforever.elielmarket-ci.com\/index.php\/wp-json\/wp\/v2\/product\/1697","targetHints":{"allow":["GET"]}}],"collection":[{"href":"https:\/\/distributeurforever.elielmarket-ci.com\/index.php\/wp-json\/wp\/v2\/product"}],"about":[{"href":"https:\/\/distributeurforever.elielmarket-ci.com\/index.php\/wp-json\/wp\/v2\/types\/product"}],"replies":[{"embeddable":true,"href":"https:\/\/distributeurforever.elielmarket-ci.com\/index.php\/wp-json\/wp\/v2\/comments?post=1697"}],"wp:featuredmedia":[{"embeddable":true,"href":"https:\/\/distributeurforever.elielmarket-ci.com\/index.php\/wp-json\/wp\/v2\/media\/1698"}],"wp:attachment":[{"href":"https:\/\/distributeurforever.elielmarket-ci.com\/index.php\/wp-json\/wp\/v2\/media?parent=1697"}],"wp:term":[{"taxonomy":"product_brand","embeddable":true,"href":"https:\/\/distributeurforever.elielmarket-ci.com\/index.php\/wp-json\/wp\/v2\/product_brand?post=1697"},{"taxonomy":"product_cat","embeddable":true,"href":"https:\/\/distributeurforever.elielmarket-ci.com\/index.php\/wp-json\/wp\/v2\/product_cat?post=1697"},{"taxonomy":"product_tag","embeddable":true,"href":"https:\/\/distributeurforever.elielmarket-ci.com\/index.php\/wp-json\/wp\/v2\/product_tag?post=1697"}],"curies":[{"name":"wp","href":"https:\/\/api.w.org\/{rel}","templated":true}]}}