{"id":1691,"date":"2023-06-04T07:50:27","date_gmt":"2023-06-04T07:50:27","guid":{"rendered":"https:\/\/distributeurforever.elielmarket-ci.com\/?post_type=product&#038;p=1691"},"modified":"2023-06-04T08:13:08","modified_gmt":"2023-06-04T08:13:08","slug":"aloe-propolis-creme","status":"publish","type":"product","link":"https:\/\/distributeurforever.elielmarket-ci.com\/index.php\/produit\/aloe-propolis-creme\/","title":{"rendered":"Aloe Propolis Creme"},"content":{"rendered":"<h2 class=\"benefits--title\">\u00aeAloe Propolis Creme<\/h2>\n<p class=\"benefits--subtitle\">Du gel \u00e0 l&rsquo;Aloe Vera combin\u00e9 \u00e0 la propolis des abeilles, \u00e0 des vitamines, \u00e0 de la camomille et \u00e0 des huiles regraissantes constituent l&rsquo;unique Aloe Propolis Creme \u00e0 utiliser au quotidien. Une cr\u00e8me pour le corps et le visage comme excellente source hydratante pour la peau. La cr\u00e8me pour peaux s\u00e8ches convient aussi particuli\u00e8rement bien aux peaux irrit\u00e9es.<\/p>\n<h3 class=\"benefits--subtitle\">PR\u00c8S DE 74% D&rsquo;ALOE VERA PUR<\/h3>\n<p class=\"benefits--text\">La belle apparence est souvent trompeuse; mais les produits Forever sont \u00e0 base de Forever Aloe\u2122 pur et v\u00e9ritable. Nous nous en portons garants! La forte teneur en Aloe Vera d&rsquo;environ 74%.\u00a0 Aloe Propolis Creme est compl\u00e9t\u00e9e par des substances reconstituantes importantes pour la peau: la propolis d&rsquo;abeille, les vitamines A, C et E ainsi que des extraits v\u00e9g\u00e9taux. La cr\u00e8me hydratante \u00e0 l&rsquo;Aloe Vera est un soin tr\u00e8s efficace pour les zones cutan\u00e9es particuli\u00e8rement sollicit\u00e9es ainsi que pour les peaux s\u00e8ches et gerc\u00e9es.<\/p>\n<h3 class=\"benefits--subtitle\">POUR UNE UTILISATION QUOTIDIENNE, M\u00caME LORSQUE LE THERMOM\u00c8TRE DESCEND EN DESSOUS DE Z\u00c9RO<\/h3>\n<p class=\"benefits--text\">Si tu fais r\u00e9guli\u00e8rement du sport en plein air en hiver, Aloe Propolis Creme ne devrait en aucun cas manquer dans ton sac! Car plus l&rsquo;air est froid, plus notre peau r\u00e9agit de mani\u00e8re sensible. Aloe Propolis Creme\u00ae offre une protection id\u00e9ale \u00e0 la peau lorsque les temp\u00e9ratures sont inf\u00e9rieures \u00e0 z\u00e9ro, car elle ne contient pas de composants aqueux suppl\u00e9mentaires.<\/p>\n<h3 class=\"benefits--subtitle\">SOIN DE SOUTIEN EN CAS DE DERMATITE ATOPIQUE<\/h3>\n<p class=\"benefits--text\">Aloe Propolis Creme\u00ae est \u00e9galement utilis\u00e9e pour soutenir le traitement de la dermatite atopique. Les irritations cutan\u00e9es sont ainsi att\u00e9nu\u00e9es.<\/p>\n<h3 class=\"benefits--subtitle\">ID\u00c9AL AUSSI POUR TON ANIMAL PR\u00c9F\u00c9R\u00c9<\/h3>\n<p class=\"benefits--text\">Les animaux aussi aiment Aloe Propolis Creme\u00ae. Cette cr\u00e8me \u00e9molliente prend soin des zones particuli\u00e8rement s\u00e8ches. Chouchoute aussi les pattes de velours de tes amis animaux avec cette cr\u00e8me sp\u00e9ciale. Aloe Propolis Creme a un effet pr\u00e9ventif contre le froid et le sel.<\/p>\n<p class=\"responsive-video-wrap clr\"><iframe title=\"Aloe Propolis Creme\" width=\"1200\" height=\"675\" src=\"https:\/\/www.youtube.com\/embed\/6CNuvWL-Lp4?feature=oembed\" frameborder=\"0\" allow=\"accelerometer; autoplay; clipboard-write; encrypted-media; gyroscope; picture-in-picture; web-share\" allowfullscreen><\/iframe><\/p>\n","protected":false},"excerpt":{"rendered":"<p>Cr\u00e8me \u00e0 la propolis et \u00e0 l&rsquo;Aloe Vera pour les peaux s\u00e8ches et irrit\u00e9es.<\/p>\n<div class=\"product--description\">\n<p>Une cr\u00e8me extraordinaire pour les peaux s\u00e8ches et irrit\u00e9es. Du gel d\u2019Aloe Vera combin\u00e9 avec de la propolis, des vitamines, de la camomille et des huiles hydratantes: voil\u00e0 un excellent moyen d\u2019hydratation. Favorise les soins en cas de peau \u00e9corch\u00e9e et crevass\u00e9e.<\/p>\n<p>Id\u00e9al aussi pour ton animal de compagnie.<\/p>\n<\/div>\n","protected":false},"featured_media":1692,"comment_status":"open","ping_status":"closed","template":"","meta":{"_monsterinsights_skip_tracking":false,"_monsterinsights_sitenote_active":false,"_monsterinsights_sitenote_note":"","_monsterinsights_sitenote_category":0,"ocean_post_layout":"","ocean_both_sidebars_style":"","ocean_both_sidebars_content_width":0,"ocean_both_sidebars_sidebars_width":0,"ocean_sidebar":"0","ocean_second_sidebar":"0","ocean_disable_margins":"enable","ocean_add_body_class":"","ocean_shortcode_before_top_bar":"","ocean_shortcode_after_top_bar":"","ocean_shortcode_before_header":"","ocean_shortcode_after_header":"","ocean_has_shortcode":"","ocean_shortcode_after_title":"","ocean_shortcode_before_footer_widgets":"","ocean_shortcode_after_footer_widgets":"","ocean_shortcode_before_footer_bottom":"","ocean_shortcode_after_footer_bottom":"","ocean_display_top_bar":"default","ocean_display_header":"default","ocean_header_style":"","ocean_center_header_left_menu":"0","ocean_custom_header_template":"0","ocean_custom_logo":0,"ocean_custom_retina_logo":0,"ocean_custom_logo_max_width":0,"ocean_custom_logo_tablet_max_width":0,"ocean_custom_logo_mobile_max_width":0,"ocean_custom_logo_max_height":0,"ocean_custom_logo_tablet_max_height":0,"ocean_custom_logo_mobile_max_height":0,"ocean_header_custom_menu":"0","ocean_menu_typo_font_family":"0","ocean_menu_typo_font_subset":"","ocean_menu_typo_font_size":0,"ocean_menu_typo_font_size_tablet":0,"ocean_menu_typo_font_size_mobile":0,"ocean_menu_typo_font_size_unit":"px","ocean_menu_typo_font_weight":"","ocean_menu_typo_font_weight_tablet":"","ocean_menu_typo_font_weight_mobile":"","ocean_menu_typo_transform":"","ocean_menu_typo_transform_tablet":"","ocean_menu_typo_transform_mobile":"","ocean_menu_typo_line_height":0,"ocean_menu_typo_line_height_tablet":0,"ocean_menu_typo_line_height_mobile":0,"ocean_menu_typo_line_height_unit":"","ocean_menu_typo_spacing":0,"ocean_menu_typo_spacing_tablet":0,"ocean_menu_typo_spacing_mobile":0,"ocean_menu_typo_spacing_unit":"","ocean_menu_link_color":"","ocean_menu_link_color_hover":"","ocean_menu_link_color_active":"","ocean_menu_link_background":"","ocean_menu_link_hover_background":"","ocean_menu_link_active_background":"","ocean_menu_social_links_bg":"","ocean_menu_social_hover_links_bg":"","ocean_menu_social_links_color":"","ocean_menu_social_hover_links_color":"","ocean_disable_title":"default","ocean_disable_heading":"default","ocean_post_title":"","ocean_post_subheading":"","ocean_post_title_style":"","ocean_post_title_background_color":"","ocean_post_title_background":0,"ocean_post_title_bg_image_position":"","ocean_post_title_bg_image_attachment":"","ocean_post_title_bg_image_repeat":"","ocean_post_title_bg_image_size":"","ocean_post_title_height":0,"ocean_post_title_bg_overlay":0.5,"ocean_post_title_bg_overlay_color":"","ocean_disable_breadcrumbs":"default","ocean_breadcrumbs_color":"","ocean_breadcrumbs_separator_color":"","ocean_breadcrumbs_links_color":"","ocean_breadcrumbs_links_hover_color":"","ocean_display_footer_widgets":"default","ocean_display_footer_bottom":"default","ocean_custom_footer_template":"0","_joinchat":[],"jetpack_publicize_message":"","jetpack_publicize_feature_enabled":true,"jetpack_social_post_already_shared":false,"jetpack_social_options":{"image_generator_settings":{"template":"highway","default_image_id":0,"font":"","enabled":false},"version":2}},"product_brand":[],"product_cat":[15,44],"product_tag":[],"class_list":{"0":"post-1691","1":"product","2":"type-product","3":"status-publish","4":"has-post-thumbnail","6":"product_cat-forever","7":"product_cat-soins-personnels","9":"entry","10":"has-media","12":"first","13":"instock","14":"taxable","15":"shipping-taxable","16":"purchasable","17":"product-type-simple","18":"has-product-nav","19":"col","20":"span_1_of_3","21":"owp-content-center","22":"owp-thumbs-layout-horizontal","23":"owp-btn-normal","24":"owp-tabs-layout-vertical","26":"circle-sale"},"jetpack_publicize_connections":[],"jetpack_likes_enabled":true,"jetpack_sharing_enabled":true,"_links":{"self":[{"href":"https:\/\/distributeurforever.elielmarket-ci.com\/index.php\/wp-json\/wp\/v2\/product\/1691","targetHints":{"allow":["GET"]}}],"collection":[{"href":"https:\/\/distributeurforever.elielmarket-ci.com\/index.php\/wp-json\/wp\/v2\/product"}],"about":[{"href":"https:\/\/distributeurforever.elielmarket-ci.com\/index.php\/wp-json\/wp\/v2\/types\/product"}],"replies":[{"embeddable":true,"href":"https:\/\/distributeurforever.elielmarket-ci.com\/index.php\/wp-json\/wp\/v2\/comments?post=1691"}],"wp:featuredmedia":[{"embeddable":true,"href":"https:\/\/distributeurforever.elielmarket-ci.com\/index.php\/wp-json\/wp\/v2\/media\/1692"}],"wp:attachment":[{"href":"https:\/\/distributeurforever.elielmarket-ci.com\/index.php\/wp-json\/wp\/v2\/media?parent=1691"}],"wp:term":[{"taxonomy":"product_brand","embeddable":true,"href":"https:\/\/distributeurforever.elielmarket-ci.com\/index.php\/wp-json\/wp\/v2\/product_brand?post=1691"},{"taxonomy":"product_cat","embeddable":true,"href":"https:\/\/distributeurforever.elielmarket-ci.com\/index.php\/wp-json\/wp\/v2\/product_cat?post=1691"},{"taxonomy":"product_tag","embeddable":true,"href":"https:\/\/distributeurforever.elielmarket-ci.com\/index.php\/wp-json\/wp\/v2\/product_tag?post=1691"}],"curies":[{"name":"wp","href":"https:\/\/api.w.org\/{rel}","templated":true}]}}