{"id":1684,"date":"2023-06-04T07:18:48","date_gmt":"2023-06-04T07:18:48","guid":{"rendered":"https:\/\/distributeurforever.elielmarket-ci.com\/?post_type=product&#038;p=1684"},"modified":"2023-06-04T07:22:17","modified_gmt":"2023-06-04T07:22:17","slug":"aloe-ever-shield","status":"publish","type":"product","link":"https:\/\/distributeurforever.elielmarket-ci.com\/index.php\/produit\/aloe-ever-shield\/","title":{"rendered":"Aloe Ever-Shield"},"content":{"rendered":"<h2 class=\"benefits--title\">Aloe Ever-Shield<\/h2>\n<p class=\"benefits--subtitle\">Le stick d\u00e9odorant \u00e0 l&rsquo;Aloe vera pour prendre soin de ta peau tous les jours et en toutes occasions. Ton d\u00e9odorant sans aluminium, un d\u00e9odorant sans alcool. D\u00e9pourvu d&rsquo;additifs bloquant la transpiration ou irritants pour la peau.\u00a0 Aloe Ever-Shield est particuli\u00e8rement bien tol\u00e9r\u00e9, m\u00eame pas les peaux stress\u00e9es, et prot\u00e8ge efficacement contre les odeurs de transpiration g\u00eanantes.<\/p>\n<h3 class=\"benefits--subtitle\">\u00ab JE TE SENS BIEN ! \u00bb<\/h3>\n<p class=\"benefits--text\">Le stick d\u00e9odorant Aloe Ever-Shield\u00ae, r\u00e9compens\u00e9 par le label de qualit\u00e9 \u00ab TR\u00c8S BON \u00bb de l&rsquo;Institut Dermatest, convainc par la fra\u00eecheur agr\u00e9able de la plante Aloe vera. Les nombreuses substances nourrissantes et vitales dont il se compose prot\u00e8gent et calment les peaux agress\u00e9es. Le d\u00e9odorant sans aluminium, ton stick d\u00e9odorant sans alcool, voil\u00e0 pourquoi Aloe Ever-Shield\u00ae peut aussi \u00eatre utilis\u00e9 sur les peaux qui viennent juste d&rsquo;\u00eatre ras\u00e9es et est \u00e9galement tr\u00e8s bien tol\u00e9r\u00e9 par les peaux sensibles et irrit\u00e9es.<\/p>\n<h3 class=\"benefits--subtitle\">SANS CRAINTE<\/h3>\n<p class=\"benefits--text\">Aloe Ever-Shield\u00ae, ton stick d\u00e9odorant parfait, se distingue par une protection efficace contre les odeurs de transpiration ; ce d\u00e9odorant est agr\u00e9able \u00e0 la peau et n&rsquo;agresse pas ton organisme. Tu te sens parfaitement bien !<\/p>\n","protected":false},"excerpt":{"rendered":"<p>Un d\u00e9o solide, d\u00e9pourvu de sels d\u2019aluminium et sans alcool. Un parfum agr\u00e9able et discret, une protection durable contre les odeurs corporelles. Ne laisse aucune trace sur les habits.<\/p>\n<div class=\"product--description\">\n<p>Un stick d\u00e9odorant \u00e0 l\u2019Aloe Vera pour une utilisation quotidienne et en toute occasion. Exempt d\u2019aluminium bloquant la transpiration et sans alcool irritant pour la peau, bien tol\u00e9r\u00e9 m\u00eame par les peaux sensibles et ayant un effet protecteur fiable contre les odeurs de transpiration.<\/p>\n<\/div>\n","protected":false},"featured_media":1686,"comment_status":"open","ping_status":"closed","template":"","meta":{"_monsterinsights_skip_tracking":false,"_monsterinsights_sitenote_active":false,"_monsterinsights_sitenote_note":"","_monsterinsights_sitenote_category":0,"ocean_post_layout":"","ocean_both_sidebars_style":"","ocean_both_sidebars_content_width":0,"ocean_both_sidebars_sidebars_width":0,"ocean_sidebar":"0","ocean_second_sidebar":"0","ocean_disable_margins":"enable","ocean_add_body_class":"","ocean_shortcode_before_top_bar":"","ocean_shortcode_after_top_bar":"","ocean_shortcode_before_header":"","ocean_shortcode_after_header":"","ocean_has_shortcode":"","ocean_shortcode_after_title":"","ocean_shortcode_before_footer_widgets":"","ocean_shortcode_after_footer_widgets":"","ocean_shortcode_before_footer_bottom":"","ocean_shortcode_after_footer_bottom":"","ocean_display_top_bar":"default","ocean_display_header":"default","ocean_header_style":"","ocean_center_header_left_menu":"0","ocean_custom_header_template":"0","ocean_custom_logo":0,"ocean_custom_retina_logo":0,"ocean_custom_logo_max_width":0,"ocean_custom_logo_tablet_max_width":0,"ocean_custom_logo_mobile_max_width":0,"ocean_custom_logo_max_height":0,"ocean_custom_logo_tablet_max_height":0,"ocean_custom_logo_mobile_max_height":0,"ocean_header_custom_menu":"0","ocean_menu_typo_font_family":"0","ocean_menu_typo_font_subset":"","ocean_menu_typo_font_size":0,"ocean_menu_typo_font_size_tablet":0,"ocean_menu_typo_font_size_mobile":0,"ocean_menu_typo_font_size_unit":"px","ocean_menu_typo_font_weight":"","ocean_menu_typo_font_weight_tablet":"","ocean_menu_typo_font_weight_mobile":"","ocean_menu_typo_transform":"","ocean_menu_typo_transform_tablet":"","ocean_menu_typo_transform_mobile":"","ocean_menu_typo_line_height":0,"ocean_menu_typo_line_height_tablet":0,"ocean_menu_typo_line_height_mobile":0,"ocean_menu_typo_line_height_unit":"","ocean_menu_typo_spacing":0,"ocean_menu_typo_spacing_tablet":0,"ocean_menu_typo_spacing_mobile":0,"ocean_menu_typo_spacing_unit":"","ocean_menu_link_color":"","ocean_menu_link_color_hover":"","ocean_menu_link_color_active":"","ocean_menu_link_background":"","ocean_menu_link_hover_background":"","ocean_menu_link_active_background":"","ocean_menu_social_links_bg":"","ocean_menu_social_hover_links_bg":"","ocean_menu_social_links_color":"","ocean_menu_social_hover_links_color":"","ocean_disable_title":"default","ocean_disable_heading":"default","ocean_post_title":"","ocean_post_subheading":"","ocean_post_title_style":"","ocean_post_title_background_color":"","ocean_post_title_background":0,"ocean_post_title_bg_image_position":"","ocean_post_title_bg_image_attachment":"","ocean_post_title_bg_image_repeat":"","ocean_post_title_bg_image_size":"","ocean_post_title_height":0,"ocean_post_title_bg_overlay":0.5,"ocean_post_title_bg_overlay_color":"","ocean_disable_breadcrumbs":"default","ocean_breadcrumbs_color":"","ocean_breadcrumbs_separator_color":"","ocean_breadcrumbs_links_color":"","ocean_breadcrumbs_links_hover_color":"","ocean_display_footer_widgets":"default","ocean_display_footer_bottom":"default","ocean_custom_footer_template":"0","_joinchat":[],"jetpack_publicize_message":"","jetpack_publicize_feature_enabled":true,"jetpack_social_post_already_shared":false,"jetpack_social_options":{"image_generator_settings":{"template":"highway","default_image_id":0,"font":"","enabled":false},"version":2}},"product_brand":[],"product_cat":[15,44],"product_tag":[],"class_list":{"0":"post-1684","1":"product","2":"type-product","3":"status-publish","4":"has-post-thumbnail","6":"product_cat-forever","7":"product_cat-soins-personnels","9":"entry","10":"has-media","12":"first","13":"instock","14":"taxable","15":"shipping-taxable","16":"purchasable","17":"product-type-simple","18":"has-product-nav","19":"col","20":"span_1_of_3","21":"owp-content-center","22":"owp-thumbs-layout-horizontal","23":"owp-btn-normal","24":"owp-tabs-layout-vertical","26":"circle-sale"},"jetpack_publicize_connections":[],"jetpack_likes_enabled":true,"jetpack_sharing_enabled":true,"_links":{"self":[{"href":"https:\/\/distributeurforever.elielmarket-ci.com\/index.php\/wp-json\/wp\/v2\/product\/1684","targetHints":{"allow":["GET"]}}],"collection":[{"href":"https:\/\/distributeurforever.elielmarket-ci.com\/index.php\/wp-json\/wp\/v2\/product"}],"about":[{"href":"https:\/\/distributeurforever.elielmarket-ci.com\/index.php\/wp-json\/wp\/v2\/types\/product"}],"replies":[{"embeddable":true,"href":"https:\/\/distributeurforever.elielmarket-ci.com\/index.php\/wp-json\/wp\/v2\/comments?post=1684"}],"wp:featuredmedia":[{"embeddable":true,"href":"https:\/\/distributeurforever.elielmarket-ci.com\/index.php\/wp-json\/wp\/v2\/media\/1686"}],"wp:attachment":[{"href":"https:\/\/distributeurforever.elielmarket-ci.com\/index.php\/wp-json\/wp\/v2\/media?parent=1684"}],"wp:term":[{"taxonomy":"product_brand","embeddable":true,"href":"https:\/\/distributeurforever.elielmarket-ci.com\/index.php\/wp-json\/wp\/v2\/product_brand?post=1684"},{"taxonomy":"product_cat","embeddable":true,"href":"https:\/\/distributeurforever.elielmarket-ci.com\/index.php\/wp-json\/wp\/v2\/product_cat?post=1684"},{"taxonomy":"product_tag","embeddable":true,"href":"https:\/\/distributeurforever.elielmarket-ci.com\/index.php\/wp-json\/wp\/v2\/product_tag?post=1684"}],"curies":[{"name":"wp","href":"https:\/\/api.w.org\/{rel}","templated":true}]}}