{"id":1680,"date":"2023-06-04T07:10:23","date_gmt":"2023-06-04T07:10:23","guid":{"rendered":"https:\/\/distributeurforever.elielmarket-ci.com\/?post_type=product&#038;p=1680"},"modified":"2023-06-04T07:10:23","modified_gmt":"2023-06-04T07:10:23","slug":"forever-bright","status":"publish","type":"product","link":"https:\/\/distributeurforever.elielmarket-ci.com\/index.php\/produit\/forever-bright\/","title":{"rendered":"Forever Bright"},"content":{"rendered":"<h2 class=\"benefits--title\">Forever Bright<\/h2>\n<p class=\"benefits--subtitle\">Un bon soin est d\u00e9cisif pour le dentifrice: Forever Bright nettoie soigneusement avec toute la douceur de l&rsquo;Aloe Vera, ce dentifrice ne contient ni substances de blanchiment ou particules abrasives et fortifie tes gencives. Le dentifrice doux \u00e0 l&rsquo;Aloe Vera parfait pour toi!<\/p>\n<h3 class=\"benefits--subtitle\">LE DENTIFRICE AU POUVOIR NETTOYANT EN DOUCEUR<\/h3>\n<p class=\"benefits--text\">Se laver les dents fait bien s\u00fbr partie de ton rituel de toilette quotidien. Un soin adapt\u00e9 avec un dentifrice doux est particuli\u00e8rement important lorsque l&rsquo;\u00e9mail de tes dents ou tes gencives sont fragilis\u00e9s. Forever Bright, un dentifrice tr\u00e8s doux au d\u00e9licieux go\u00fbt de menthe, est doux pour tes gencives, mais aussi tr\u00e8s efficace.<\/p>\n<h3 class=\"benefits--subtitle\">COMPOSANTS SP\u00c9CIAUX DU DENTIFRICE<\/h3>\n<p class=\"benefits--text\">Tu te demandes par quoi ce dentifrice se diff\u00e9rencie des autres? Forever Bright\u00ae contient 36% d&rsquo;Aloe Vera et nettoie tout en douceur sur la base de complexes enzymatiques. Le dentifrice aux enzymes est en plus d\u00e9pourvu de substances de blanchiment et abrasives. L&rsquo;ajout de propolis d&rsquo;abeilles fait \u00e9galement toute la particularit\u00e9 de ce dentifrice \u00e0 l&rsquo;Aloe.<\/p>\n<h3 class=\"benefits--subtitle\">DENTIFRICE: PARTICULI\u00c8REMENT BIEN TOL\u00c9R\u00c9<\/h3>\n<p class=\"benefits--text\">Nous attachons beaucoup d&rsquo;importance \u00e0 la culture, \u00e0 la production et \u00e0 la qualit\u00e9 de nos produits. L&rsquo;Institut Dermatest\u00ae ind\u00e9pendant a d\u00e9cern\u00e9 le label \u00ab\u00a0TR\u00c8S BON\u00a0\u00bb \u00e0 beaucoup de produits Forever. Nous en sommes vraiment fiers. Le dentifrice Forever Bright\u00ae porte \u00e9galement cette distinction.<\/p>\n","protected":false},"excerpt":{"rendered":"<p>Dentifrice doux, nettoie en douceur gr\u00e2ce une complexe enzymatique. Sans agents blanchissants ni abrasifs. Pour un sourire radieux.<\/p>\n<div class=\"product--description\">L\u2019effet nettoyant et protecteur de l\u2019Aloe Vera a \u00e9galement son utilit\u00e9 pour les soins dentaires, offrant les meilleurs r\u00e9sultats: l\u2019ajout de propolis fait de Forever Bright un produit de soin buccal extr\u00eamement b\u00e9n\u00e9fique. Il agit d\u00e9licatement au niveau des gencives sen\u00adsibles. Toutes ces qualit\u00e9s combin\u00e9es \u00e0 son go\u00fbt rafra\u00ee\u00adchis\u00adsant te convaincront d\u00e8s la premi\u00e8re utilisation. Pour un sourire rayonnant et une haleine fra\u00eeche.<\/div>\n","protected":false},"featured_media":1681,"comment_status":"open","ping_status":"closed","template":"","meta":{"_monsterinsights_skip_tracking":false,"_monsterinsights_sitenote_active":false,"_monsterinsights_sitenote_note":"","_monsterinsights_sitenote_category":0,"ocean_post_layout":"","ocean_both_sidebars_style":"","ocean_both_sidebars_content_width":0,"ocean_both_sidebars_sidebars_width":0,"ocean_sidebar":"0","ocean_second_sidebar":"0","ocean_disable_margins":"enable","ocean_add_body_class":"","ocean_shortcode_before_top_bar":"","ocean_shortcode_after_top_bar":"","ocean_shortcode_before_header":"","ocean_shortcode_after_header":"","ocean_has_shortcode":"","ocean_shortcode_after_title":"","ocean_shortcode_before_footer_widgets":"","ocean_shortcode_after_footer_widgets":"","ocean_shortcode_before_footer_bottom":"","ocean_shortcode_after_footer_bottom":"","ocean_display_top_bar":"default","ocean_display_header":"default","ocean_header_style":"","ocean_center_header_left_menu":"0","ocean_custom_header_template":"0","ocean_custom_logo":0,"ocean_custom_retina_logo":0,"ocean_custom_logo_max_width":0,"ocean_custom_logo_tablet_max_width":0,"ocean_custom_logo_mobile_max_width":0,"ocean_custom_logo_max_height":0,"ocean_custom_logo_tablet_max_height":0,"ocean_custom_logo_mobile_max_height":0,"ocean_header_custom_menu":"0","ocean_menu_typo_font_family":"0","ocean_menu_typo_font_subset":"","ocean_menu_typo_font_size":0,"ocean_menu_typo_font_size_tablet":0,"ocean_menu_typo_font_size_mobile":0,"ocean_menu_typo_font_size_unit":"px","ocean_menu_typo_font_weight":"","ocean_menu_typo_font_weight_tablet":"","ocean_menu_typo_font_weight_mobile":"","ocean_menu_typo_transform":"","ocean_menu_typo_transform_tablet":"","ocean_menu_typo_transform_mobile":"","ocean_menu_typo_line_height":0,"ocean_menu_typo_line_height_tablet":0,"ocean_menu_typo_line_height_mobile":0,"ocean_menu_typo_line_height_unit":"","ocean_menu_typo_spacing":0,"ocean_menu_typo_spacing_tablet":0,"ocean_menu_typo_spacing_mobile":0,"ocean_menu_typo_spacing_unit":"","ocean_menu_link_color":"","ocean_menu_link_color_hover":"","ocean_menu_link_color_active":"","ocean_menu_link_background":"","ocean_menu_link_hover_background":"","ocean_menu_link_active_background":"","ocean_menu_social_links_bg":"","ocean_menu_social_hover_links_bg":"","ocean_menu_social_links_color":"","ocean_menu_social_hover_links_color":"","ocean_disable_title":"default","ocean_disable_heading":"default","ocean_post_title":"","ocean_post_subheading":"","ocean_post_title_style":"","ocean_post_title_background_color":"","ocean_post_title_background":0,"ocean_post_title_bg_image_position":"","ocean_post_title_bg_image_attachment":"","ocean_post_title_bg_image_repeat":"","ocean_post_title_bg_image_size":"","ocean_post_title_height":0,"ocean_post_title_bg_overlay":0.5,"ocean_post_title_bg_overlay_color":"","ocean_disable_breadcrumbs":"default","ocean_breadcrumbs_color":"","ocean_breadcrumbs_separator_color":"","ocean_breadcrumbs_links_color":"","ocean_breadcrumbs_links_hover_color":"","ocean_display_footer_widgets":"default","ocean_display_footer_bottom":"default","ocean_custom_footer_template":"0","_joinchat":[],"jetpack_publicize_message":"","jetpack_publicize_feature_enabled":true,"jetpack_social_post_already_shared":false,"jetpack_social_options":{"image_generator_settings":{"template":"highway","default_image_id":0,"font":"","enabled":false},"version":2}},"product_brand":[],"product_cat":[15,44],"product_tag":[],"class_list":{"0":"post-1680","1":"product","2":"type-product","3":"status-publish","4":"has-post-thumbnail","6":"product_cat-forever","7":"product_cat-soins-personnels","9":"entry","10":"has-media","12":"first","13":"instock","14":"taxable","15":"shipping-taxable","16":"purchasable","17":"product-type-simple","18":"has-product-nav","19":"col","20":"span_1_of_3","21":"owp-content-center","22":"owp-thumbs-layout-horizontal","23":"owp-btn-normal","24":"owp-tabs-layout-vertical","26":"circle-sale"},"jetpack_publicize_connections":[],"jetpack_likes_enabled":true,"jetpack_sharing_enabled":true,"_links":{"self":[{"href":"https:\/\/distributeurforever.elielmarket-ci.com\/index.php\/wp-json\/wp\/v2\/product\/1680","targetHints":{"allow":["GET"]}}],"collection":[{"href":"https:\/\/distributeurforever.elielmarket-ci.com\/index.php\/wp-json\/wp\/v2\/product"}],"about":[{"href":"https:\/\/distributeurforever.elielmarket-ci.com\/index.php\/wp-json\/wp\/v2\/types\/product"}],"replies":[{"embeddable":true,"href":"https:\/\/distributeurforever.elielmarket-ci.com\/index.php\/wp-json\/wp\/v2\/comments?post=1680"}],"wp:featuredmedia":[{"embeddable":true,"href":"https:\/\/distributeurforever.elielmarket-ci.com\/index.php\/wp-json\/wp\/v2\/media\/1681"}],"wp:attachment":[{"href":"https:\/\/distributeurforever.elielmarket-ci.com\/index.php\/wp-json\/wp\/v2\/media?parent=1680"}],"wp:term":[{"taxonomy":"product_brand","embeddable":true,"href":"https:\/\/distributeurforever.elielmarket-ci.com\/index.php\/wp-json\/wp\/v2\/product_brand?post=1680"},{"taxonomy":"product_cat","embeddable":true,"href":"https:\/\/distributeurforever.elielmarket-ci.com\/index.php\/wp-json\/wp\/v2\/product_cat?post=1680"},{"taxonomy":"product_tag","embeddable":true,"href":"https:\/\/distributeurforever.elielmarket-ci.com\/index.php\/wp-json\/wp\/v2\/product_tag?post=1680"}],"curies":[{"name":"wp","href":"https:\/\/api.w.org\/{rel}","templated":true}]}}