{"id":1637,"date":"2023-06-01T19:42:30","date_gmt":"2023-06-01T19:42:30","guid":{"rendered":"https:\/\/distributeurforever.elielmarket-ci.com\/?post_type=product&#038;p=1637"},"modified":"2024-04-23T17:43:24","modified_gmt":"2024-04-23T17:43:24","slug":"vital5-aloe-berry-nectar","status":"publish","type":"product","link":"https:\/\/distributeurforever.elielmarket-ci.com\/index.php\/produit\/vital5-aloe-berry-nectar\/","title":{"rendered":"Vital5 Aloe Berry Nectar"},"content":{"rendered":"<h2 class=\"benefits--title\">Vital5 Aloe Berry Nectar<\/h2>\n<p class=\"benefits--subtitle\">Avec une alimentation \u00e9quilibr\u00e9e et de l&rsquo;exercice, tu parviens \u00e0 rester pour longtemps en pleine forme. Vital5 Aloe Berry Nectar contient les produits essentiels pour soutenir un apport de base : des vitamines essentielles et des min\u00e9raux importants.<\/p>\n<h3 class=\"benefits--subtitle\">LE CONCEPT POUR UN BIEN-\u00caTRE DURABLE<\/h3>\n<p class=\"benefits--text\">Avec les substances pr\u00e9cieuses de produits d&rsquo;aussi grande qualit\u00e9, tu apportes \u00e0 ton corps tout ce dont il a besoin, de mani\u00e8re optimale et pour longtemps. Pour une \u00e9nergie constante, plus de force et de bien-\u00eatre pour ton corps \u2013 Vital5 Aloe Berry Nectar.<\/p>\n<h3 class=\"benefits--subtitle\">EN PLEINE FORME GR\u00c2CE \u00c0 UNE ALIMENTATION SAINE ET DE L&rsquo;EXERCICE<\/h3>\n<p class=\"benefits--text\">Que signifie un apport de base? Chaque \u00eatre humain devrait consommer beaucoup de fruits et de l\u00e9gumes. Consomme au moins cinq fruits et l\u00e9gumes par jour. \u00c9vite les produits gras, sucr\u00e9s et sal\u00e9s. Il est possible de faire des \u00e9carts, mais l&rsquo;alimentation quotidienne devrait \u00eatre saine. La pratique d&rsquo;une activit\u00e9 sportive adapt\u00e9e te permet de rester durablement en forme. Vital5 te permet de soutenir ton apport de base quotidien de mani\u00e8re optimale.<\/p>\n<h3 class=\"benefits--subtitle\">ES-TU PR\u00caT POUR VITAL5?<\/h3>\n<p class=\"benefits--text\">Tous les produits du programme de base Vital5 sont regroup\u00e9s en kit \u2013 appel\u00e9 Touch \u2013 et sont propos\u00e9s en diff\u00e9rentes variantes de go\u00fbt. Ce n&rsquo;est pas un secret, une alimentation \u00e9quilibr\u00e9e, de l&rsquo;exercice pratiqu\u00e9 r\u00e9guli\u00e8rement et Vital5 au quotidien, voil\u00e0 ce qu&rsquo;il te faut pour accro\u00eetre le bien-\u00eatre du corps et de l&rsquo;esprit.<\/p>\n","protected":false},"excerpt":{"rendered":"<h2 class=\"product--subtitle\">Ton programme de bien-\u00eatre quotidien.<\/h2>\n<div class=\"product--description\">\n<p>Il n\u2019y a pas de secret pour se sentir en forme: avoir une alimentation \u00e9quilibr\u00e9e, faire r\u00e9guli\u00e8rement de l\u2019exercice, prendre Vital5\u00ae au quotidien. L\u2019approvisionnement de base pour tous.<\/p>\n<p><strong>Contenu:<\/strong><br \/>\n4 x art. 734 Forever Aloe Berry Nectar\u2122<br \/>\nart. 376\u00a0Forever Arctic Sea\u00ae<br \/>\nart. 439 Forever daily\u2122<br \/>\nart. 473 ARGI+\u00ae<br \/>\nart.\u00a0610 Forever Active Pro-B\u2122<\/p>\n<\/div>\n","protected":false},"featured_media":1638,"comment_status":"open","ping_status":"closed","template":"","meta":{"_monsterinsights_skip_tracking":false,"_monsterinsights_sitenote_active":false,"_monsterinsights_sitenote_note":"","_monsterinsights_sitenote_category":0,"ocean_post_layout":"","ocean_both_sidebars_style":"","ocean_both_sidebars_content_width":0,"ocean_both_sidebars_sidebars_width":0,"ocean_sidebar":"0","ocean_second_sidebar":"0","ocean_disable_margins":"enable","ocean_add_body_class":"","ocean_shortcode_before_top_bar":"","ocean_shortcode_after_top_bar":"","ocean_shortcode_before_header":"","ocean_shortcode_after_header":"","ocean_has_shortcode":"","ocean_shortcode_after_title":"","ocean_shortcode_before_footer_widgets":"","ocean_shortcode_after_footer_widgets":"","ocean_shortcode_before_footer_bottom":"","ocean_shortcode_after_footer_bottom":"","ocean_display_top_bar":"default","ocean_display_header":"default","ocean_header_style":"","ocean_center_header_left_menu":"0","ocean_custom_header_template":"0","ocean_custom_logo":0,"ocean_custom_retina_logo":0,"ocean_custom_logo_max_width":0,"ocean_custom_logo_tablet_max_width":0,"ocean_custom_logo_mobile_max_width":0,"ocean_custom_logo_max_height":0,"ocean_custom_logo_tablet_max_height":0,"ocean_custom_logo_mobile_max_height":0,"ocean_header_custom_menu":"0","ocean_menu_typo_font_family":"0","ocean_menu_typo_font_subset":"","ocean_menu_typo_font_size":0,"ocean_menu_typo_font_size_tablet":0,"ocean_menu_typo_font_size_mobile":0,"ocean_menu_typo_font_size_unit":"px","ocean_menu_typo_font_weight":"","ocean_menu_typo_font_weight_tablet":"","ocean_menu_typo_font_weight_mobile":"","ocean_menu_typo_transform":"","ocean_menu_typo_transform_tablet":"","ocean_menu_typo_transform_mobile":"","ocean_menu_typo_line_height":0,"ocean_menu_typo_line_height_tablet":0,"ocean_menu_typo_line_height_mobile":0,"ocean_menu_typo_line_height_unit":"","ocean_menu_typo_spacing":0,"ocean_menu_typo_spacing_tablet":0,"ocean_menu_typo_spacing_mobile":0,"ocean_menu_typo_spacing_unit":"","ocean_menu_link_color":"","ocean_menu_link_color_hover":"","ocean_menu_link_color_active":"","ocean_menu_link_background":"","ocean_menu_link_hover_background":"","ocean_menu_link_active_background":"","ocean_menu_social_links_bg":"","ocean_menu_social_hover_links_bg":"","ocean_menu_social_links_color":"","ocean_menu_social_hover_links_color":"","ocean_disable_title":"default","ocean_disable_heading":"default","ocean_post_title":"","ocean_post_subheading":"","ocean_post_title_style":"","ocean_post_title_background_color":"","ocean_post_title_background":0,"ocean_post_title_bg_image_position":"","ocean_post_title_bg_image_attachment":"","ocean_post_title_bg_image_repeat":"","ocean_post_title_bg_image_size":"","ocean_post_title_height":0,"ocean_post_title_bg_overlay":0.5,"ocean_post_title_bg_overlay_color":"","ocean_disable_breadcrumbs":"default","ocean_breadcrumbs_color":"","ocean_breadcrumbs_separator_color":"","ocean_breadcrumbs_links_color":"","ocean_breadcrumbs_links_hover_color":"","ocean_display_footer_widgets":"default","ocean_display_footer_bottom":"default","ocean_custom_footer_template":"0","_joinchat":[],"jetpack_publicize_message":"","jetpack_publicize_feature_enabled":true,"jetpack_social_post_already_shared":false,"jetpack_social_options":{"image_generator_settings":{"template":"highway","default_image_id":0,"font":"","enabled":false},"version":2}},"product_brand":[],"product_cat":[15,74],"product_tag":[],"class_list":{"0":"post-1637","1":"product","2":"type-product","3":"status-publish","4":"has-post-thumbnail","6":"product_cat-forever","7":"product_cat-les-packs","9":"entry","10":"has-media","12":"first","13":"instock","14":"taxable","15":"shipping-taxable","16":"purchasable","17":"product-type-simple","18":"has-product-nav","19":"col","20":"span_1_of_3","21":"owp-content-center","22":"owp-thumbs-layout-horizontal","23":"owp-btn-normal","24":"owp-tabs-layout-vertical","26":"circle-sale"},"jetpack_publicize_connections":[],"jetpack_likes_enabled":true,"jetpack_sharing_enabled":true,"_links":{"self":[{"href":"https:\/\/distributeurforever.elielmarket-ci.com\/index.php\/wp-json\/wp\/v2\/product\/1637","targetHints":{"allow":["GET"]}}],"collection":[{"href":"https:\/\/distributeurforever.elielmarket-ci.com\/index.php\/wp-json\/wp\/v2\/product"}],"about":[{"href":"https:\/\/distributeurforever.elielmarket-ci.com\/index.php\/wp-json\/wp\/v2\/types\/product"}],"replies":[{"embeddable":true,"href":"https:\/\/distributeurforever.elielmarket-ci.com\/index.php\/wp-json\/wp\/v2\/comments?post=1637"}],"wp:featuredmedia":[{"embeddable":true,"href":"https:\/\/distributeurforever.elielmarket-ci.com\/index.php\/wp-json\/wp\/v2\/media\/1638"}],"wp:attachment":[{"href":"https:\/\/distributeurforever.elielmarket-ci.com\/index.php\/wp-json\/wp\/v2\/media?parent=1637"}],"wp:term":[{"taxonomy":"product_brand","embeddable":true,"href":"https:\/\/distributeurforever.elielmarket-ci.com\/index.php\/wp-json\/wp\/v2\/product_brand?post=1637"},{"taxonomy":"product_cat","embeddable":true,"href":"https:\/\/distributeurforever.elielmarket-ci.com\/index.php\/wp-json\/wp\/v2\/product_cat?post=1637"},{"taxonomy":"product_tag","embeddable":true,"href":"https:\/\/distributeurforever.elielmarket-ci.com\/index.php\/wp-json\/wp\/v2\/product_tag?post=1637"}],"curies":[{"name":"wp","href":"https:\/\/api.w.org\/{rel}","templated":true}]}}