{"id":1580,"date":"2023-05-31T20:51:21","date_gmt":"2023-05-31T20:51:21","guid":{"rendered":"https:\/\/distributeurforever.elielmarket-ci.com\/?post_type=product&#038;p=1580"},"modified":"2025-10-21T12:31:42","modified_gmt":"2025-10-21T12:31:42","slug":"forever-focus-ginkgo","status":"publish","type":"product","link":"https:\/\/distributeurforever.elielmarket-ci.com\/index.php\/produit\/forever-focus-ginkgo\/","title":{"rendered":"Forever Focus &#8211; Ginkgo"},"content":{"rendered":"<h2 class=\"benefits--title\">Forever Focus<\/h2>\n<p class=\"benefits--subtitle\">Forever Focus &#8211; Ginkgo &#8211; Pour am\u00e9liorer les capacit\u00e9s cognitives et se tenir \u00e0 jour! Pour r\u00e9ussir dans tout cela, il faut \u00eatre tr\u00e8s lucide. Dans la vie moderne, le lieu de travail impose des exigences de plus en plus \u00e9lev\u00e9es, les t\u00e2ches sont de plus en plus nombreuses et il faut ma\u00eetriser la technologie. Est-ce que tu te demandes comment am\u00e9liorer tes comp\u00e9tences cognitives? Comment te concentrer au mieux sur une chose \u00e0 la fois? Peut-on am\u00e9liorer sa m\u00e9moire?<\/p>\n<p><img fetchpriority=\"high\" decoding=\"async\" class=\"alignnone wp-image-1585 size-medium\" src=\"https:\/\/distributeurforever.elielmarket-ci.com\/wp-content\/uploads\/2023\/05\/Forever-Focus_00622_ce_1400x933-1-300x200.jpg\" alt=\"Forever Focus - Ginkgo\" width=\"300\" height=\"200\" srcset=\"https:\/\/distributeurforever.elielmarket-ci.com\/wp-content\/uploads\/2023\/05\/Forever-Focus_00622_ce_1400x933-1-300x200.jpg 300w, https:\/\/distributeurforever.elielmarket-ci.com\/wp-content\/uploads\/2023\/05\/Forever-Focus_00622_ce_1400x933-1-768x512.jpg 768w, https:\/\/distributeurforever.elielmarket-ci.com\/wp-content\/uploads\/2023\/05\/Forever-Focus_00622_ce_1400x933-1-500x333.jpg 500w, https:\/\/distributeurforever.elielmarket-ci.com\/wp-content\/uploads\/2023\/05\/Forever-Focus_00622_ce_1400x933-1.jpg 960w\" sizes=\"(max-width: 300px) 100vw, 300px\" \/><\/p>\n<h3 class=\"benefits--subtitle\">ENTRA\u00ceNES TA M\u00c9MOIRE \u2013 ET AM\u00c9LIORE AINSI TES PERFORMANCES MENTALES!<\/h3>\n<p class=\"benefits--text\">La bonne nouvelle est que, comme tous nos muscles, les capacit\u00e9s mentales peuvent \u00eatre entra\u00een\u00e9es. On peut optimiser sa m\u00e9moire, sa capacit\u00e9 de concentration, son aptitude \u00e0 penser logiquement et \u00e0 tirer des conclusions logiques. Augmenter les performances mentales \u2013 comment y arriver? Tout le monde peut am\u00e9liorer ses performances mentales. Et ce n\u2019est m\u00eame pas si difficile. On doit commencer par de petits changements dans la routine quotidienne. &#8211; Forever Focus &#8211; Ginkgo<\/p>\n<p><img decoding=\"async\" class=\"alignnone size-medium wp-image-1586\" src=\"https:\/\/distributeurforever.elielmarket-ci.com\/wp-content\/uploads\/2023\/05\/Forever-Focus_00622_e1_1400x933-300x200.jpg\" alt=\"Forever Focus - Ginkgo\" width=\"300\" height=\"200\" srcset=\"https:\/\/distributeurforever.elielmarket-ci.com\/wp-content\/uploads\/2023\/05\/Forever-Focus_00622_e1_1400x933-300x200.jpg 300w, https:\/\/distributeurforever.elielmarket-ci.com\/wp-content\/uploads\/2023\/05\/Forever-Focus_00622_e1_1400x933-768x512.jpg 768w, https:\/\/distributeurforever.elielmarket-ci.com\/wp-content\/uploads\/2023\/05\/Forever-Focus_00622_e1_1400x933-500x333.jpg 500w, https:\/\/distributeurforever.elielmarket-ci.com\/wp-content\/uploads\/2023\/05\/Forever-Focus_00622_e1_1400x933.jpg 960w\" sizes=\"(max-width: 300px) 100vw, 300px\" \/><\/p>\n<h3 class=\"benefits--subtitle\">CONSEILS POUR AM\u00c9LIORER LES FONCTIONS COGNITIVES<\/h3>\n<p class=\"benefits--text\">Par ce biais, on peut devenir encore plus intelligent et d\u00e9velopper ses capacit\u00e9s cognitives: des chercheurs de l\u2019Institut Karolinska de Stockholm, de l\u2019Institut national pour la sant\u00e9 et le bien-\u00eatre et de l\u2019Universit\u00e9 de Finlande orientale ont d\u00e9montr\u00e9 scientifiquement que la combinaison d\u2019un entra\u00eenement musculaire et d\u2019endurance, d\u2019une alimentation saine et d\u2019un entra\u00eenement mental constant augmentait les capacit\u00e9s cognitives globales des participants de 25 %. Hourra, c\u2019est exactement ce qu\u2019il nous faut! Et ,en combinaison avec le compl\u00e9ment alimentaire FOREVER FOCUS\u2122, tu pourras soutenir davantage tes capacit\u00e9s cognitives.*<\/p>\n<h3 class=\"benefits--subtitle\">GR\u00c2CE \u00c0 NOS CONSEILS ET \u00c0 NOS PR\u00c9CIEUX PRODUITS FOREVER, TU POURRAS RESTER CONCENTR\u00c9 ET EN FORME.<\/h3>\n<p class=\"benefits--text\">*Les vitamines B6 et B12 assurent le fonctionnement normal du syst\u00e8me nerveux et de la psych\u00e9 et contribuent \u00e0 r\u00e9duire la fatigue et l\u2019\u00e9puisement. La vitamine B5 contribue \u00e0 des fonctions mentales normales et le zinc \u00e0 de bonnes fonctions cognitives.<\/p>\n<p><img decoding=\"async\" class=\"alignnone size-medium wp-image-1587\" src=\"https:\/\/distributeurforever.elielmarket-ci.com\/wp-content\/uploads\/2023\/05\/Forever-Focus_00622_e2_1400x933-300x200.jpg\" alt=\"Forever Focus - Ginkgo\" width=\"300\" height=\"200\" srcset=\"https:\/\/distributeurforever.elielmarket-ci.com\/wp-content\/uploads\/2023\/05\/Forever-Focus_00622_e2_1400x933-300x200.jpg 300w, https:\/\/distributeurforever.elielmarket-ci.com\/wp-content\/uploads\/2023\/05\/Forever-Focus_00622_e2_1400x933-768x512.jpg 768w, https:\/\/distributeurforever.elielmarket-ci.com\/wp-content\/uploads\/2023\/05\/Forever-Focus_00622_e2_1400x933-500x333.jpg 500w, https:\/\/distributeurforever.elielmarket-ci.com\/wp-content\/uploads\/2023\/05\/Forever-Focus_00622_e2_1400x933.jpg 960w\" sizes=\"(max-width: 300px) 100vw, 300px\" \/><\/p>\n","protected":false},"excerpt":{"rendered":"<p>Le soutien optimal pour tes fonctions cognitives*<\/p>\n<div class=\"product--description\">\n<p>Avec Forever Focus, il existe enfin un compl\u00e9ment alimentaire qui t&rsquo;aide \u00e0 surmonter les obstacles de ta vie quotidienne tr\u00e9pidante. Outre la citicoline, Forever Focus contient les vitamines B5, B6, B12 et le zinc. Cette efficace formule de produit est compl\u00e9t\u00e9e par des extraits de th\u00e9 vert, de ginkgo, de racine de rhodiola et de guarana. Reste actif et concentr\u00e9 avec Forever Focus.<\/p>\n<\/div>\n","protected":false},"featured_media":1583,"comment_status":"open","ping_status":"closed","template":"","meta":{"_monsterinsights_skip_tracking":false,"_monsterinsights_sitenote_active":false,"_monsterinsights_sitenote_note":"","_monsterinsights_sitenote_category":0,"ocean_post_layout":"","ocean_both_sidebars_style":"","ocean_both_sidebars_content_width":0,"ocean_both_sidebars_sidebars_width":0,"ocean_sidebar":"0","ocean_second_sidebar":"0","ocean_disable_margins":"enable","ocean_add_body_class":"","ocean_shortcode_before_top_bar":"","ocean_shortcode_after_top_bar":"","ocean_shortcode_before_header":"","ocean_shortcode_after_header":"","ocean_has_shortcode":"","ocean_shortcode_after_title":"","ocean_shortcode_before_footer_widgets":"","ocean_shortcode_after_footer_widgets":"","ocean_shortcode_before_footer_bottom":"","ocean_shortcode_after_footer_bottom":"","ocean_display_top_bar":"default","ocean_display_header":"default","ocean_header_style":"","ocean_center_header_left_menu":"0","ocean_custom_header_template":"0","ocean_custom_logo":0,"ocean_custom_retina_logo":0,"ocean_custom_logo_max_width":0,"ocean_custom_logo_tablet_max_width":0,"ocean_custom_logo_mobile_max_width":0,"ocean_custom_logo_max_height":0,"ocean_custom_logo_tablet_max_height":0,"ocean_custom_logo_mobile_max_height":0,"ocean_header_custom_menu":"0","ocean_menu_typo_font_family":"0","ocean_menu_typo_font_subset":"","ocean_menu_typo_font_size":0,"ocean_menu_typo_font_size_tablet":0,"ocean_menu_typo_font_size_mobile":0,"ocean_menu_typo_font_size_unit":"px","ocean_menu_typo_font_weight":"","ocean_menu_typo_font_weight_tablet":"","ocean_menu_typo_font_weight_mobile":"","ocean_menu_typo_transform":"","ocean_menu_typo_transform_tablet":"","ocean_menu_typo_transform_mobile":"","ocean_menu_typo_line_height":0,"ocean_menu_typo_line_height_tablet":0,"ocean_menu_typo_line_height_mobile":0,"ocean_menu_typo_line_height_unit":"","ocean_menu_typo_spacing":0,"ocean_menu_typo_spacing_tablet":0,"ocean_menu_typo_spacing_mobile":0,"ocean_menu_typo_spacing_unit":"","ocean_menu_link_color":"","ocean_menu_link_color_hover":"","ocean_menu_link_color_active":"","ocean_menu_link_background":"","ocean_menu_link_hover_background":"","ocean_menu_link_active_background":"","ocean_menu_social_links_bg":"","ocean_menu_social_hover_links_bg":"","ocean_menu_social_links_color":"","ocean_menu_social_hover_links_color":"","ocean_disable_title":"default","ocean_disable_heading":"default","ocean_post_title":"","ocean_post_subheading":"","ocean_post_title_style":"","ocean_post_title_background_color":"","ocean_post_title_background":0,"ocean_post_title_bg_image_position":"","ocean_post_title_bg_image_attachment":"","ocean_post_title_bg_image_repeat":"","ocean_post_title_bg_image_size":"","ocean_post_title_height":0,"ocean_post_title_bg_overlay":0.5,"ocean_post_title_bg_overlay_color":"","ocean_disable_breadcrumbs":"default","ocean_breadcrumbs_color":"","ocean_breadcrumbs_separator_color":"","ocean_breadcrumbs_links_color":"","ocean_breadcrumbs_links_hover_color":"","ocean_display_footer_widgets":"default","ocean_display_footer_bottom":"default","ocean_custom_footer_template":"0","_joinchat":[],"jetpack_publicize_message":"","jetpack_publicize_feature_enabled":true,"jetpack_social_post_already_shared":false,"jetpack_social_options":{"image_generator_settings":{"template":"highway","default_image_id":0,"font":"","enabled":false},"version":2}},"product_brand":[],"product_cat":[15,40],"product_tag":[37],"class_list":{"0":"post-1580","1":"product","2":"type-product","3":"status-publish","4":"has-post-thumbnail","6":"product_cat-forever","7":"product_cat-nutrition","8":"product_tag-nutrition","10":"entry","11":"has-media","13":"first","14":"instock","15":"taxable","16":"shipping-taxable","17":"purchasable","18":"product-type-simple","19":"has-product-nav","20":"col","21":"span_1_of_3","22":"owp-content-center","23":"owp-thumbs-layout-horizontal","24":"owp-btn-normal","25":"owp-tabs-layout-vertical","27":"circle-sale"},"jetpack_publicize_connections":[],"jetpack_likes_enabled":true,"jetpack_sharing_enabled":true,"_links":{"self":[{"href":"https:\/\/distributeurforever.elielmarket-ci.com\/index.php\/wp-json\/wp\/v2\/product\/1580","targetHints":{"allow":["GET"]}}],"collection":[{"href":"https:\/\/distributeurforever.elielmarket-ci.com\/index.php\/wp-json\/wp\/v2\/product"}],"about":[{"href":"https:\/\/distributeurforever.elielmarket-ci.com\/index.php\/wp-json\/wp\/v2\/types\/product"}],"replies":[{"embeddable":true,"href":"https:\/\/distributeurforever.elielmarket-ci.com\/index.php\/wp-json\/wp\/v2\/comments?post=1580"}],"wp:featuredmedia":[{"embeddable":true,"href":"https:\/\/distributeurforever.elielmarket-ci.com\/index.php\/wp-json\/wp\/v2\/media\/1583"}],"wp:attachment":[{"href":"https:\/\/distributeurforever.elielmarket-ci.com\/index.php\/wp-json\/wp\/v2\/media?parent=1580"}],"wp:term":[{"taxonomy":"product_brand","embeddable":true,"href":"https:\/\/distributeurforever.elielmarket-ci.com\/index.php\/wp-json\/wp\/v2\/product_brand?post=1580"},{"taxonomy":"product_cat","embeddable":true,"href":"https:\/\/distributeurforever.elielmarket-ci.com\/index.php\/wp-json\/wp\/v2\/product_cat?post=1580"},{"taxonomy":"product_tag","embeddable":true,"href":"https:\/\/distributeurforever.elielmarket-ci.com\/index.php\/wp-json\/wp\/v2\/product_tag?post=1580"}],"curies":[{"name":"wp","href":"https:\/\/api.w.org\/{rel}","templated":true}]}}