{"id":1570,"date":"2023-05-31T20:05:54","date_gmt":"2023-05-31T20:05:54","guid":{"rendered":"https:\/\/distributeurforever.elielmarket-ci.com\/?post_type=product&#038;p=1570"},"modified":"2023-06-01T17:13:41","modified_gmt":"2023-06-01T17:13:41","slug":"forever-kids-enfants","status":"publish","type":"product","link":"https:\/\/distributeurforever.elielmarket-ci.com\/index.php\/produit\/forever-kids-enfants\/","title":{"rendered":"Forever Kids &#8211; Enfants"},"content":{"rendered":"<p>\u200b\u200b\u200b\u200bLa vitamine A contribue au maintien de la peau et des muqueuses et d\u2019une vision normale.<\/p>\n<p>Forever Kids &#8211; Enfants contient les Vitamines du groupe B (B1, B2, B3, B5, B6, B8, B9 et B12) qui jouent un r\u00f4le pr\u00e9pond\u00e9rant dans le m\u00e9tabolisme des cellules.<\/p>\n<p>Elles contribuent au m\u00e9tabolisme normal du fer, \u00e0 la r\u00e9duction de la fatigue, \u00e0 un rendement normal du m\u00e9tabolisme \u00e9nerg\u00e9tique ainsi qu\u2019\u00e0 la fonction normale des d\u00e9fenses immunitaires.<\/p>\n<p>La vitamine B1 contribue au m\u00e9tabolisme \u00e9nerg\u00e9tique et \u00e0 la fonction normale du syst\u00e8me nerveux.<\/p>\n<p>La vitamine B2 contribue au maintien d\u2019une vision normale, \u00e0 la protection des cellules du stress oxydatif, \u00e0 une r\u00e9duction de la fatigue, ainsi qu\u2019au m\u00e9tabolisme normal du fer.<\/p>\n<p>&nbsp;<\/p>\n<p>La vitamine B3 contribue au rendement normal du m\u00e9tabolisme \u00e9nerg\u00e9tique, \u00e0 une fonction normale du syst\u00e8me nerveux et participe \u00e0 la r\u00e9duction de la fatigue,<\/p>\n<p>L\u2019acide pantoth\u00e9nique ou vitamine B5, contribue \u00e0 la synth\u00e8se et aux m\u00e9tabolismes normaux des hormones st\u00e9ro\u00efdiennes, de la vitamine D et de quelques neurotransmetteurs.<\/p>\n<p>La vitamine B6 contribue \u00e0 la fonction des d\u00e9fenses naturelles et du syst\u00e8me nerveux.<\/p>\n<p>La Biotine ou vitamine B8, contribue au maintien des cheveux, de la peau et des muqueuses.<\/p>\n<p>La vitamine B9, tout comme la Vitamine B12, contribue \u00e0 la formation normale des globules rouges et \u00e0 la division cellulaire.<\/p>\n<p>&#8211; La Vitamine C contribue \u00e0 la formation du collag\u00e8ne ainsi qu\u2019\u00e0 la fonction des os, des dents, des cartilages, des gencives, de la peau et des vaisseaux sanguins, tout en contribuant \u00e0 la r\u00e9duction de la fatigue et \u00e0 un rendement normal du m\u00e9tabolisme \u00e9nerg\u00e9tique.<\/p>\n<p>&#8211; La Vitamine D agit sur le syst\u00e8me immunitaire pour le renforcer contre les infections et constitue un \u00e9l\u00e9ment essentiel pour la croissance des os, surtout pendant l\u2019enfance et l\u2019adolescence.<\/p>\n<p>&#8211; La Vitamine E contribue \u00e0 la protection des cellules du stress oxydatif.<\/p>\n<p>&#8211; Le Fer contribue \u00e0 la r\u00e9duction de la fatigue, au fonctionnement du m\u00e9tabolisme \u00e9nerg\u00e9tique et au d\u00e9veloppement cognitif des enfants et des adolescents.<\/p>\n<p>&#8211; Le Zinc contribue \u00e0 la fonction des d\u00e9fenses naturelles, au maintien de la vision, de la division cellulaire et de la fonction cognitive normales.<\/p>\n<p>Forever Kids &#8211; Enfants est un Multi vitamines \u00e0 croquer<\/p>\n<p>Contenance: 120 Comprim\u00e9s<\/p>\n","protected":false},"excerpt":{"rendered":"<p>Les avantages de Forever Kids ENFANTS:<\/p>\n<p>\u2705 Favorise la bonne Croissance et un D\u00e9veloppement Sain;<\/p>\n<p>\u2705 Renferme un meilleur dosage en vitamines (A, complexe de vitamines B, C, D, E) et min\u00e9raux (fer, zinc);<\/p>\n<p>\u2705 Agit sur le syst\u00e8me immunitaire pour lutter contre les infections;<\/p>\n<p>\u2705 Contribue \u00e0 la r\u00e9duction de la fatigue;<\/p>\n<p>\u2705 Favorise le d\u00e9veloppement cognitif de l\u2019enfant et de l\u2019adolescent.<\/p>\n<p>Appropri\u00e9 pour les deux ans et plus. Pour aider \u00e0 d\u00e9velopper le corps et l\u2019esprit<\/p>\n","protected":false},"featured_media":1571,"comment_status":"open","ping_status":"closed","template":"","meta":{"_monsterinsights_skip_tracking":false,"_monsterinsights_sitenote_active":false,"_monsterinsights_sitenote_note":"","_monsterinsights_sitenote_category":0,"ocean_post_layout":"","ocean_both_sidebars_style":"","ocean_both_sidebars_content_width":0,"ocean_both_sidebars_sidebars_width":0,"ocean_sidebar":"0","ocean_second_sidebar":"0","ocean_disable_margins":"enable","ocean_add_body_class":"","ocean_shortcode_before_top_bar":"","ocean_shortcode_after_top_bar":"","ocean_shortcode_before_header":"","ocean_shortcode_after_header":"","ocean_has_shortcode":"","ocean_shortcode_after_title":"","ocean_shortcode_before_footer_widgets":"","ocean_shortcode_after_footer_widgets":"","ocean_shortcode_before_footer_bottom":"","ocean_shortcode_after_footer_bottom":"","ocean_display_top_bar":"default","ocean_display_header":"default","ocean_header_style":"","ocean_center_header_left_menu":"0","ocean_custom_header_template":"0","ocean_custom_logo":0,"ocean_custom_retina_logo":0,"ocean_custom_logo_max_width":0,"ocean_custom_logo_tablet_max_width":0,"ocean_custom_logo_mobile_max_width":0,"ocean_custom_logo_max_height":0,"ocean_custom_logo_tablet_max_height":0,"ocean_custom_logo_mobile_max_height":0,"ocean_header_custom_menu":"0","ocean_menu_typo_font_family":"0","ocean_menu_typo_font_subset":"","ocean_menu_typo_font_size":0,"ocean_menu_typo_font_size_tablet":0,"ocean_menu_typo_font_size_mobile":0,"ocean_menu_typo_font_size_unit":"px","ocean_menu_typo_font_weight":"","ocean_menu_typo_font_weight_tablet":"","ocean_menu_typo_font_weight_mobile":"","ocean_menu_typo_transform":"","ocean_menu_typo_transform_tablet":"","ocean_menu_typo_transform_mobile":"","ocean_menu_typo_line_height":0,"ocean_menu_typo_line_height_tablet":0,"ocean_menu_typo_line_height_mobile":0,"ocean_menu_typo_line_height_unit":"","ocean_menu_typo_spacing":0,"ocean_menu_typo_spacing_tablet":0,"ocean_menu_typo_spacing_mobile":0,"ocean_menu_typo_spacing_unit":"","ocean_menu_link_color":"","ocean_menu_link_color_hover":"","ocean_menu_link_color_active":"","ocean_menu_link_background":"","ocean_menu_link_hover_background":"","ocean_menu_link_active_background":"","ocean_menu_social_links_bg":"","ocean_menu_social_hover_links_bg":"","ocean_menu_social_links_color":"","ocean_menu_social_hover_links_color":"","ocean_disable_title":"default","ocean_disable_heading":"default","ocean_post_title":"","ocean_post_subheading":"","ocean_post_title_style":"","ocean_post_title_background_color":"","ocean_post_title_background":0,"ocean_post_title_bg_image_position":"","ocean_post_title_bg_image_attachment":"","ocean_post_title_bg_image_repeat":"","ocean_post_title_bg_image_size":"","ocean_post_title_height":0,"ocean_post_title_bg_overlay":0.5,"ocean_post_title_bg_overlay_color":"","ocean_disable_breadcrumbs":"default","ocean_breadcrumbs_color":"","ocean_breadcrumbs_separator_color":"","ocean_breadcrumbs_links_color":"","ocean_breadcrumbs_links_hover_color":"","ocean_display_footer_widgets":"default","ocean_display_footer_bottom":"default","ocean_custom_footer_template":"0","_joinchat":[],"jetpack_publicize_message":"","jetpack_publicize_feature_enabled":true,"jetpack_social_post_already_shared":false,"jetpack_social_options":{"image_generator_settings":{"template":"highway","default_image_id":0,"font":"","enabled":false},"version":2}},"product_brand":[],"product_cat":[15,40],"product_tag":[],"class_list":{"0":"post-1570","1":"product","2":"type-product","3":"status-publish","4":"has-post-thumbnail","6":"product_cat-forever","7":"product_cat-nutrition","9":"entry","10":"has-media","12":"first","13":"instock","14":"taxable","15":"shipping-taxable","16":"purchasable","17":"product-type-simple","18":"has-product-nav","19":"col","20":"span_1_of_3","21":"owp-content-center","22":"owp-thumbs-layout-horizontal","23":"owp-btn-normal","24":"owp-tabs-layout-vertical","25":"has-no-thumbnails","27":"circle-sale"},"jetpack_publicize_connections":[],"jetpack_likes_enabled":true,"jetpack_sharing_enabled":true,"_links":{"self":[{"href":"https:\/\/distributeurforever.elielmarket-ci.com\/index.php\/wp-json\/wp\/v2\/product\/1570","targetHints":{"allow":["GET"]}}],"collection":[{"href":"https:\/\/distributeurforever.elielmarket-ci.com\/index.php\/wp-json\/wp\/v2\/product"}],"about":[{"href":"https:\/\/distributeurforever.elielmarket-ci.com\/index.php\/wp-json\/wp\/v2\/types\/product"}],"replies":[{"embeddable":true,"href":"https:\/\/distributeurforever.elielmarket-ci.com\/index.php\/wp-json\/wp\/v2\/comments?post=1570"}],"wp:featuredmedia":[{"embeddable":true,"href":"https:\/\/distributeurforever.elielmarket-ci.com\/index.php\/wp-json\/wp\/v2\/media\/1571"}],"wp:attachment":[{"href":"https:\/\/distributeurforever.elielmarket-ci.com\/index.php\/wp-json\/wp\/v2\/media?parent=1570"}],"wp:term":[{"taxonomy":"product_brand","embeddable":true,"href":"https:\/\/distributeurforever.elielmarket-ci.com\/index.php\/wp-json\/wp\/v2\/product_brand?post=1570"},{"taxonomy":"product_cat","embeddable":true,"href":"https:\/\/distributeurforever.elielmarket-ci.com\/index.php\/wp-json\/wp\/v2\/product_cat?post=1570"},{"taxonomy":"product_tag","embeddable":true,"href":"https:\/\/distributeurforever.elielmarket-ci.com\/index.php\/wp-json\/wp\/v2\/product_tag?post=1570"}],"curies":[{"name":"wp","href":"https:\/\/api.w.org\/{rel}","templated":true}]}}