{"id":1567,"date":"2023-05-31T19:31:56","date_gmt":"2023-05-31T19:31:56","guid":{"rendered":"https:\/\/distributeurforever.elielmarket-ci.com\/?post_type=product&#038;p=1567"},"modified":"2023-05-31T19:34:46","modified_gmt":"2023-05-31T19:34:46","slug":"forever-fastbreak-2","status":"publish","type":"product","link":"https:\/\/distributeurforever.elielmarket-ci.com\/index.php\/produit\/forever-fastbreak-2\/","title":{"rendered":"Forever FastBreak"},"content":{"rendered":"<h2 class=\"benefits--title\">Forever FastBreak<\/h2>\n<p class=\"benefits--subtitle\">Forever FastBreak, c&rsquo;est ton snack parfait, ton snack \u00e9nerg\u00e9tique pour la vie quotidienne. Soit au bureau, \u00e0 la maison ou les loisirs, nous exigeons de notre corps performance tous les jours. Pour \u00e9viter que ton corps ne se fatigue, tu as besoin de carburant sous forme de prot\u00e9ines, de lipides et de glucides.<\/p>\n<p><img fetchpriority=\"high\" decoding=\"async\" class=\"alignnone size-medium wp-image-1565\" src=\"https:\/\/distributeurforever.elielmarket-ci.com\/wp-content\/uploads\/2023\/05\/forever-fastbreak-1-300x300.png\" alt=\"Forever FastBreak\" width=\"300\" height=\"300\" srcset=\"https:\/\/distributeurforever.elielmarket-ci.com\/wp-content\/uploads\/2023\/05\/forever-fastbreak-1-300x300.png 300w, https:\/\/distributeurforever.elielmarket-ci.com\/wp-content\/uploads\/2023\/05\/forever-fastbreak-1-150x150.png 150w, https:\/\/distributeurforever.elielmarket-ci.com\/wp-content\/uploads\/2023\/05\/forever-fastbreak-1-768x768.png 768w, https:\/\/distributeurforever.elielmarket-ci.com\/wp-content\/uploads\/2023\/05\/forever-fastbreak-1-600x600.png 600w, https:\/\/distributeurforever.elielmarket-ci.com\/wp-content\/uploads\/2023\/05\/forever-fastbreak-1-250x250.png 250w, https:\/\/distributeurforever.elielmarket-ci.com\/wp-content\/uploads\/2023\/05\/forever-fastbreak-1-500x500.png 500w, https:\/\/distributeurforever.elielmarket-ci.com\/wp-content\/uploads\/2023\/05\/forever-fastbreak-1-100x100.png 100w, https:\/\/distributeurforever.elielmarket-ci.com\/wp-content\/uploads\/2023\/05\/forever-fastbreak-1.png 800w\" sizes=\"(max-width: 300px) 100vw, 300px\" \/><\/p>\n<h3 class=\"benefits--subtitle\">SNACK EN ROUTE<\/h3>\n<p class=\"benefits--text\">La barre \u00e9nerg\u00e9tique apr\u00e8s le sport, en randonn\u00e9e, \u00e0 v\u00e9lo ou si tu n&rsquo;as tout simplement pas le temps pour un bon repas. Il y a des situations o\u00f9 notre corps a besoin d&rsquo;un suppl\u00e9ment d&rsquo;\u00e9nergie. Forever FastBreak\u2122, la barre \u00e9nerg\u00e9tique riche en nutriments et substances vitales.<\/p>\n<p class=\"benefits--text\">Plus de 50 pour cent des besoins quotidiens en vitamines A, E, B1, B2, B3, B7, B7, B9, B12. Ainsi qu&rsquo;en fer, zinc et calcium sont couverts par une barre. La barre \u00e9nerg\u00e9tique fournit des prot\u00e9ines de haute qualit\u00e9, de pr\u00e9cieux acides gras polyinsatur\u00e9s et des fibres alimentaires rassasiantes. La barre r\u00e9approvisionne rapidement les r\u00e9serves d&rsquo;\u00e9nergie et fournit de l&rsquo;\u00e9nergie rapidement.<\/p>\n<p><img decoding=\"async\" class=\"alignnone size-medium wp-image-1563\" src=\"https:\/\/distributeurforever.elielmarket-ci.com\/wp-content\/uploads\/2023\/05\/Forever-20FastBreak_00520_e1_1400x933-300x200.jpg\" alt=\"Forever FastBreak\" width=\"300\" height=\"200\" srcset=\"https:\/\/distributeurforever.elielmarket-ci.com\/wp-content\/uploads\/2023\/05\/Forever-20FastBreak_00520_e1_1400x933-300x200.jpg 300w, https:\/\/distributeurforever.elielmarket-ci.com\/wp-content\/uploads\/2023\/05\/Forever-20FastBreak_00520_e1_1400x933-768x512.jpg 768w, https:\/\/distributeurforever.elielmarket-ci.com\/wp-content\/uploads\/2023\/05\/Forever-20FastBreak_00520_e1_1400x933-500x333.jpg 500w, https:\/\/distributeurforever.elielmarket-ci.com\/wp-content\/uploads\/2023\/05\/Forever-20FastBreak_00520_e1_1400x933.jpg 960w\" sizes=\"(max-width: 300px) 100vw, 300px\" \/><\/p>\n<h3 class=\"benefits--subtitle\">L&rsquo;EXP\u00c9RIENCE LA PLUS SAINE AU MONDE<\/h3>\n<p class=\"benefits--text\">Les barres \u00e9nerg\u00e9tiques sont-elles saines ? Forever FastBreak\u2122 est une d\u00e9licieuse barre \u00e9nerg\u00e9tique sans gluten qui a bon go\u00fbt. Cacahu\u00e8tes finement moulues, beurre de cacahu\u00e8tes, caramel, chocolat au lait, morceaux de soja croquants, assaisonn\u00e9s avec sel marin.<\/p>\n<p><img decoding=\"async\" class=\"alignnone size-medium wp-image-1564\" src=\"https:\/\/distributeurforever.elielmarket-ci.com\/wp-content\/uploads\/2023\/05\/Forever-20FastBreak_00520_e2_1400x933-300x200.jpg\" alt=\"Forever FastBreak\" width=\"300\" height=\"200\" srcset=\"https:\/\/distributeurforever.elielmarket-ci.com\/wp-content\/uploads\/2023\/05\/Forever-20FastBreak_00520_e2_1400x933-300x200.jpg 300w, https:\/\/distributeurforever.elielmarket-ci.com\/wp-content\/uploads\/2023\/05\/Forever-20FastBreak_00520_e2_1400x933-768x512.jpg 768w, https:\/\/distributeurforever.elielmarket-ci.com\/wp-content\/uploads\/2023\/05\/Forever-20FastBreak_00520_e2_1400x933-500x333.jpg 500w, https:\/\/distributeurforever.elielmarket-ci.com\/wp-content\/uploads\/2023\/05\/Forever-20FastBreak_00520_e2_1400x933.jpg 960w\" sizes=\"(max-width: 300px) 100vw, 300px\" \/><\/p>\n","protected":false},"excerpt":{"rendered":"<p>Barre aux cacahu\u00e8tes pour un snack d\u00e9licieux. Riche en vitamines et min\u00e9raux.<\/p>\n<div class=\"product--description\">\n<p>La barre Forever FastBreak\u2122 est riche en vitamines et min\u00e9raux. De plus, elle fournit des prot\u00e9ines de haute qualit\u00e9, des acides gras polyinsatur\u00e9s de grande valeur et des fibres rassasiant. Id\u00e9al directement apr\u00e8s le sport, comme snack entre les repas ou comme grignotine \u00e9nerg\u00e9tique au quotidien.<\/p>\n<\/div>\n","protected":false},"featured_media":1568,"comment_status":"open","ping_status":"closed","template":"","meta":{"_monsterinsights_skip_tracking":false,"_monsterinsights_sitenote_active":false,"_monsterinsights_sitenote_note":"","_monsterinsights_sitenote_category":0,"ocean_post_layout":"","ocean_both_sidebars_style":"","ocean_both_sidebars_content_width":0,"ocean_both_sidebars_sidebars_width":0,"ocean_sidebar":"0","ocean_second_sidebar":"0","ocean_disable_margins":"enable","ocean_add_body_class":"","ocean_shortcode_before_top_bar":"","ocean_shortcode_after_top_bar":"","ocean_shortcode_before_header":"","ocean_shortcode_after_header":"","ocean_has_shortcode":"","ocean_shortcode_after_title":"","ocean_shortcode_before_footer_widgets":"","ocean_shortcode_after_footer_widgets":"","ocean_shortcode_before_footer_bottom":"","ocean_shortcode_after_footer_bottom":"","ocean_display_top_bar":"default","ocean_display_header":"default","ocean_header_style":"","ocean_center_header_left_menu":"0","ocean_custom_header_template":"0","ocean_custom_logo":0,"ocean_custom_retina_logo":0,"ocean_custom_logo_max_width":0,"ocean_custom_logo_tablet_max_width":0,"ocean_custom_logo_mobile_max_width":0,"ocean_custom_logo_max_height":0,"ocean_custom_logo_tablet_max_height":0,"ocean_custom_logo_mobile_max_height":0,"ocean_header_custom_menu":"0","ocean_menu_typo_font_family":"0","ocean_menu_typo_font_subset":"","ocean_menu_typo_font_size":0,"ocean_menu_typo_font_size_tablet":0,"ocean_menu_typo_font_size_mobile":0,"ocean_menu_typo_font_size_unit":"px","ocean_menu_typo_font_weight":"","ocean_menu_typo_font_weight_tablet":"","ocean_menu_typo_font_weight_mobile":"","ocean_menu_typo_transform":"","ocean_menu_typo_transform_tablet":"","ocean_menu_typo_transform_mobile":"","ocean_menu_typo_line_height":0,"ocean_menu_typo_line_height_tablet":0,"ocean_menu_typo_line_height_mobile":0,"ocean_menu_typo_line_height_unit":"","ocean_menu_typo_spacing":0,"ocean_menu_typo_spacing_tablet":0,"ocean_menu_typo_spacing_mobile":0,"ocean_menu_typo_spacing_unit":"","ocean_menu_link_color":"","ocean_menu_link_color_hover":"","ocean_menu_link_color_active":"","ocean_menu_link_background":"","ocean_menu_link_hover_background":"","ocean_menu_link_active_background":"","ocean_menu_social_links_bg":"","ocean_menu_social_hover_links_bg":"","ocean_menu_social_links_color":"","ocean_menu_social_hover_links_color":"","ocean_disable_title":"default","ocean_disable_heading":"default","ocean_post_title":"","ocean_post_subheading":"","ocean_post_title_style":"","ocean_post_title_background_color":"","ocean_post_title_background":0,"ocean_post_title_bg_image_position":"","ocean_post_title_bg_image_attachment":"","ocean_post_title_bg_image_repeat":"","ocean_post_title_bg_image_size":"","ocean_post_title_height":0,"ocean_post_title_bg_overlay":0.5,"ocean_post_title_bg_overlay_color":"","ocean_disable_breadcrumbs":"default","ocean_breadcrumbs_color":"","ocean_breadcrumbs_separator_color":"","ocean_breadcrumbs_links_color":"","ocean_breadcrumbs_links_hover_color":"","ocean_display_footer_widgets":"default","ocean_display_footer_bottom":"default","ocean_custom_footer_template":"0","_joinchat":[],"jetpack_publicize_message":"","jetpack_publicize_feature_enabled":true,"jetpack_social_post_already_shared":false,"jetpack_social_options":{"image_generator_settings":{"template":"highway","default_image_id":0,"font":"","enabled":false},"version":2}},"product_brand":[],"product_cat":[59,40],"product_tag":[38],"class_list":{"0":"post-1567","1":"product","2":"type-product","3":"status-publish","4":"has-post-thumbnail","6":"product_cat-gestion-de-poids","7":"product_cat-nutrition","8":"product_tag-gestion-de-poids","10":"entry","11":"has-media","13":"first","14":"instock","15":"taxable","16":"shipping-taxable","17":"purchasable","18":"product-type-simple","19":"has-product-nav","20":"col","21":"span_1_of_3","22":"owp-content-center","23":"owp-thumbs-layout-horizontal","24":"owp-btn-normal","25":"owp-tabs-layout-vertical","27":"circle-sale"},"jetpack_publicize_connections":[],"jetpack_likes_enabled":true,"jetpack_sharing_enabled":true,"_links":{"self":[{"href":"https:\/\/distributeurforever.elielmarket-ci.com\/index.php\/wp-json\/wp\/v2\/product\/1567","targetHints":{"allow":["GET"]}}],"collection":[{"href":"https:\/\/distributeurforever.elielmarket-ci.com\/index.php\/wp-json\/wp\/v2\/product"}],"about":[{"href":"https:\/\/distributeurforever.elielmarket-ci.com\/index.php\/wp-json\/wp\/v2\/types\/product"}],"replies":[{"embeddable":true,"href":"https:\/\/distributeurforever.elielmarket-ci.com\/index.php\/wp-json\/wp\/v2\/comments?post=1567"}],"wp:featuredmedia":[{"embeddable":true,"href":"https:\/\/distributeurforever.elielmarket-ci.com\/index.php\/wp-json\/wp\/v2\/media\/1568"}],"wp:attachment":[{"href":"https:\/\/distributeurforever.elielmarket-ci.com\/index.php\/wp-json\/wp\/v2\/media?parent=1567"}],"wp:term":[{"taxonomy":"product_brand","embeddable":true,"href":"https:\/\/distributeurforever.elielmarket-ci.com\/index.php\/wp-json\/wp\/v2\/product_brand?post=1567"},{"taxonomy":"product_cat","embeddable":true,"href":"https:\/\/distributeurforever.elielmarket-ci.com\/index.php\/wp-json\/wp\/v2\/product_cat?post=1567"},{"taxonomy":"product_tag","embeddable":true,"href":"https:\/\/distributeurforever.elielmarket-ci.com\/index.php\/wp-json\/wp\/v2\/product_tag?post=1567"}],"curies":[{"name":"wp","href":"https:\/\/api.w.org\/{rel}","templated":true}]}}