{"id":1558,"date":"2023-05-31T16:58:02","date_gmt":"2023-05-31T16:58:02","guid":{"rendered":"https:\/\/distributeurforever.elielmarket-ci.com\/?post_type=product&#038;p=1558"},"modified":"2023-07-15T14:24:32","modified_gmt":"2023-07-15T14:24:32","slug":"forever-clean9-plus-c9-plus","status":"publish","type":"product","link":"https:\/\/distributeurforever.elielmarket-ci.com\/index.php\/produit\/forever-clean9-plus-c9-plus\/","title":{"rendered":"Forever Clean9 Plus &#8211; C9 Plus"},"content":{"rendered":"<p>Saveur Vanille ou chocolat au choix selon la r\u00e9f\u00e9rence. Le C9 Plus est la premi\u00e8re phase du programme Forever F.I.T., programme Minceur &amp; Fitness. Il s\u2019effectue sur 9 JOURS ou plus pour purifier son organisme en \u00e9liminant les toxines. Les r\u00e9sultats apparaissent d\u00e8s les premiers jours : perte de poids, sensation de l\u00e9g\u00e8ret\u00e9 et \u00e9nergie retrouv\u00e9e.<\/p>\n<p>Contenance : 5 produits<\/p>\n<p>&#8211; Augmente la thermogen\u00e8se pour br\u00fbler efficacement les graisses ;<\/p>\n<p>&#8211; Apporte de l&rsquo;\u00e9nergie imm\u00e9diate ;<\/p>\n<p>&#8211; Am\u00e9liore les performances physiques ;<\/p>\n<p>&#8211; Contient de l&rsquo;acide hydroxy citrique (AHC) qui favorise la r\u00e9gulation de l&rsquo;app\u00e9tit et bloque la transformation des sucres en graisses. Il contient \u00e9galement du picolinate de chrome qui favorise la stabilisation et la normalisation des taux de sucres et d&rsquo;insuline dans le sang. L&rsquo;absence du picolinate de chrome dans un r\u00e9gime peut causer de la fatigue et de l&rsquo;exc\u00e8s de production de graisse ;<\/p>\n<p>&#8211; Assure une perte de poids r\u00e9guli\u00e8re en toute s\u00e9curit\u00e9 ;<\/p>\n<p>&#8211; Programme de plus de 9 jours.<\/p>\n<p>&#8211; Conseils d\u2019utilisation : Voir Livret d&rsquo;accompagnement C9<\/p>\n<p>CONTIENT 5 PRODUITS ET 3 OUTILS :<\/p>\n<p>2 Pulpes d\u2019Alo\u00e8s Stabilis\u00e9es ;<\/p>\n<p>60 comprim\u00e9s de Forever Therm;<\/p>\n<p>70 comprim\u00e9s de Forever Garcinia Plus ;<\/p>\n<p>9 sticks de Forever Fiber;<\/p>\n<p>1 sachet de Forever Lite Ultra Vanille ou Chocolat ;<\/p>\n<p>1 Livret d\u2019accompagnement C9 ;<\/p>\n<p>1 m\u00e8tre-ruban ;<\/p>\n","protected":false},"excerpt":{"rendered":"<p>CECI Pourrait vous int\u00e9resser ou quelqu&rsquo;un autour de vous.<\/p>\n<p>Programme facile et simple. Nettoyer votre corps des toxines et perdez des kilos.<\/p>\n<p><strong>Ce produit reste\u00a0un des meilleurs pour assurer la bonne sant\u00e9 Pr\u00e9ventive.<\/strong><\/p>\n<p><strong>Pour un meilleur r\u00e9sultat, veuillez nous contacter. Car chaque corps a ses sp\u00e9cificit\u00e9s.<\/strong><\/p>\n<p>Ce programme vous permet de:<\/p>\n<p>\u2705Casser le ventre;<\/p>\n<p>\u2705Perdre de la graisse;<\/p>\n<p>\u2705D\u00e9toxifier l&rsquo;organisme;<\/p>\n<p>\u2705Nettoyer votre syst\u00e8me digestif;<\/p>\n<p>\u2705Renforcer votre syst\u00e8me immunitaire;<\/p>\n<p>\u2705Pr\u00e9venir les maladies cardiovasculaires;<\/p>\n<p>\u2705Nettoyer les reins, le foie&#8230;;<\/p>\n<p>Le C9 est le meilleur programme naturel de Minceur &amp; Fitness.<\/p>\n","protected":false},"featured_media":1559,"comment_status":"open","ping_status":"closed","template":"","meta":{"_monsterinsights_skip_tracking":false,"_monsterinsights_sitenote_active":false,"_monsterinsights_sitenote_note":"","_monsterinsights_sitenote_category":0,"ocean_post_layout":"","ocean_both_sidebars_style":"","ocean_both_sidebars_content_width":0,"ocean_both_sidebars_sidebars_width":0,"ocean_sidebar":"0","ocean_second_sidebar":"0","ocean_disable_margins":"enable","ocean_add_body_class":"","ocean_shortcode_before_top_bar":"","ocean_shortcode_after_top_bar":"","ocean_shortcode_before_header":"","ocean_shortcode_after_header":"","ocean_has_shortcode":"","ocean_shortcode_after_title":"","ocean_shortcode_before_footer_widgets":"","ocean_shortcode_after_footer_widgets":"","ocean_shortcode_before_footer_bottom":"","ocean_shortcode_after_footer_bottom":"","ocean_display_top_bar":"default","ocean_display_header":"default","ocean_header_style":"","ocean_center_header_left_menu":"0","ocean_custom_header_template":"0","ocean_custom_logo":0,"ocean_custom_retina_logo":0,"ocean_custom_logo_max_width":0,"ocean_custom_logo_tablet_max_width":0,"ocean_custom_logo_mobile_max_width":0,"ocean_custom_logo_max_height":0,"ocean_custom_logo_tablet_max_height":0,"ocean_custom_logo_mobile_max_height":0,"ocean_header_custom_menu":"0","ocean_menu_typo_font_family":"0","ocean_menu_typo_font_subset":"","ocean_menu_typo_font_size":0,"ocean_menu_typo_font_size_tablet":0,"ocean_menu_typo_font_size_mobile":0,"ocean_menu_typo_font_size_unit":"px","ocean_menu_typo_font_weight":"","ocean_menu_typo_font_weight_tablet":"","ocean_menu_typo_font_weight_mobile":"","ocean_menu_typo_transform":"","ocean_menu_typo_transform_tablet":"","ocean_menu_typo_transform_mobile":"","ocean_menu_typo_line_height":0,"ocean_menu_typo_line_height_tablet":0,"ocean_menu_typo_line_height_mobile":0,"ocean_menu_typo_line_height_unit":"","ocean_menu_typo_spacing":0,"ocean_menu_typo_spacing_tablet":0,"ocean_menu_typo_spacing_mobile":0,"ocean_menu_typo_spacing_unit":"","ocean_menu_link_color":"","ocean_menu_link_color_hover":"","ocean_menu_link_color_active":"","ocean_menu_link_background":"","ocean_menu_link_hover_background":"","ocean_menu_link_active_background":"","ocean_menu_social_links_bg":"","ocean_menu_social_hover_links_bg":"","ocean_menu_social_links_color":"","ocean_menu_social_hover_links_color":"","ocean_disable_title":"default","ocean_disable_heading":"default","ocean_post_title":"","ocean_post_subheading":"","ocean_post_title_style":"","ocean_post_title_background_color":"","ocean_post_title_background":0,"ocean_post_title_bg_image_position":"","ocean_post_title_bg_image_attachment":"","ocean_post_title_bg_image_repeat":"","ocean_post_title_bg_image_size":"","ocean_post_title_height":0,"ocean_post_title_bg_overlay":0.5,"ocean_post_title_bg_overlay_color":"","ocean_disable_breadcrumbs":"default","ocean_breadcrumbs_color":"","ocean_breadcrumbs_separator_color":"","ocean_breadcrumbs_links_color":"","ocean_breadcrumbs_links_hover_color":"","ocean_display_footer_widgets":"default","ocean_display_footer_bottom":"default","ocean_custom_footer_template":"0","_joinchat":[],"jetpack_publicize_message":"","jetpack_publicize_feature_enabled":true,"jetpack_social_post_already_shared":false,"jetpack_social_options":{"image_generator_settings":{"template":"highway","default_image_id":0,"font":"","enabled":false},"version":2}},"product_brand":[],"product_cat":[59],"product_tag":[],"class_list":{"0":"post-1558","1":"product","2":"type-product","3":"status-publish","4":"has-post-thumbnail","6":"product_cat-gestion-de-poids","8":"entry","9":"has-media","11":"first","12":"instock","13":"taxable","14":"shipping-taxable","15":"purchasable","16":"product-type-simple","17":"has-product-nav","18":"col","19":"span_1_of_3","20":"owp-content-center","21":"owp-thumbs-layout-horizontal","22":"owp-btn-normal","23":"owp-tabs-layout-vertical","24":"has-no-thumbnails","26":"circle-sale"},"jetpack_publicize_connections":[],"jetpack_likes_enabled":true,"jetpack_sharing_enabled":true,"_links":{"self":[{"href":"https:\/\/distributeurforever.elielmarket-ci.com\/index.php\/wp-json\/wp\/v2\/product\/1558","targetHints":{"allow":["GET"]}}],"collection":[{"href":"https:\/\/distributeurforever.elielmarket-ci.com\/index.php\/wp-json\/wp\/v2\/product"}],"about":[{"href":"https:\/\/distributeurforever.elielmarket-ci.com\/index.php\/wp-json\/wp\/v2\/types\/product"}],"replies":[{"embeddable":true,"href":"https:\/\/distributeurforever.elielmarket-ci.com\/index.php\/wp-json\/wp\/v2\/comments?post=1558"}],"wp:featuredmedia":[{"embeddable":true,"href":"https:\/\/distributeurforever.elielmarket-ci.com\/index.php\/wp-json\/wp\/v2\/media\/1559"}],"wp:attachment":[{"href":"https:\/\/distributeurforever.elielmarket-ci.com\/index.php\/wp-json\/wp\/v2\/media?parent=1558"}],"wp:term":[{"taxonomy":"product_brand","embeddable":true,"href":"https:\/\/distributeurforever.elielmarket-ci.com\/index.php\/wp-json\/wp\/v2\/product_brand?post=1558"},{"taxonomy":"product_cat","embeddable":true,"href":"https:\/\/distributeurforever.elielmarket-ci.com\/index.php\/wp-json\/wp\/v2\/product_cat?post=1558"},{"taxonomy":"product_tag","embeddable":true,"href":"https:\/\/distributeurforever.elielmarket-ci.com\/index.php\/wp-json\/wp\/v2\/product_tag?post=1558"}],"curies":[{"name":"wp","href":"https:\/\/api.w.org\/{rel}","templated":true}]}}