{"id":1555,"date":"2023-05-31T15:56:03","date_gmt":"2023-05-31T15:56:03","guid":{"rendered":"https:\/\/distributeurforever.elielmarket-ci.com\/?post_type=product&#038;p=1555"},"modified":"2024-04-06T09:32:49","modified_gmt":"2024-04-06T09:32:49","slug":"forever-f15","status":"publish","type":"product","link":"https:\/\/distributeurforever.elielmarket-ci.com\/index.php\/produit\/forever-f15\/","title":{"rendered":"Forever F15"},"content":{"rendered":"<p class=\"benefits--subtitle\">Forever F15 t&rsquo;aide \u00e0 int\u00e9grer une gestion de poids durable dans ta vie \u2013 en 15 jours seulement. Un programme de fitness individuel compl\u00e9t\u00e9 par un plan nutritionnel.<\/p>\n<h3 class=\"benefits--subtitle\">QU&rsquo;EST-CE QUI T&rsquo;ATTEND DANS LES 15 PROCHAINS JOURS ?<\/h3>\n<p class=\"benefits--text\">Forever F15 est le produit qui te permet de te lancer rapidement dans ton programme de fitness et d&rsquo;alimentation personnel pour maigrir ! Avec Forever F15 Beginner 1&amp;2, Intermediate 1&amp;2 et Advanced 1&amp;2, ta fa\u00e7on de penser en mati\u00e8re d&rsquo;alimentation et d&rsquo;exercice physique va changer \u2013 en 15 jours respectivement. Tu vas te sentir en meilleure sant\u00e9 et plus en forme en peu de temps !<\/p>\n<h3 class=\"benefits--subtitle\">ENCORE FAUT-IL SAVOIR COMMENT &#8211; S&rsquo;ALIMENTER SAINEMENT<\/h3>\n<p class=\"benefits--text\">Forever a mis au point pour toi un plan d&rsquo;alimentation quotidien \u2013 nous t&rsquo;accompagnons pendant 15 jours. Forever F15 t&rsquo;aide \u00e0 apprendre comment t&rsquo;alimenter sainement. Combin\u00e9 \u00e0 des exercices quotidiens, tu vas parvenir \u00e0 atteindre ton poids de r\u00eave. Du PETIT-D\u00c9JEUNER en passant par le D\u00c9JEUNER et le D\u00ceNER jusqu&rsquo;aux SNACKS autoris\u00e9s, d\u00e9couvre ce que tu peux manger et quand. Un programme d&rsquo;alimentation optimal pour se sentir en bonne sant\u00e9 et \u00eatre actif.<\/p>\n<h3 class=\"benefits--subtitle\">TON PROGRAMME : WARM UP, WORKOUT ET COOL DOWN.<\/h3>\n<p class=\"benefits--text\">Pour un workout efficace, il est important de prendre le temps de s&rsquo;\u00e9chauffer et de pratiquer des \u00e9longations. Les exercices d&rsquo;endurance augmentent la fr\u00e9quence cardiaque ainsi que l&rsquo;irrigation sanguine. Mails il est aussi important de pr\u00e9voir des jours sans entra\u00eenement pour que ton corps puisse se r\u00e9g\u00e9n\u00e9rer. Notre programme de fitness optimal pour se muscler.<\/p>\n","protected":false},"excerpt":{"rendered":"<h2 class=\"product--subtitle\">Programme d&rsquo;alimentation et de fitness de 15 jours.<\/h2>\n<div class=\"product--description\">\n<p>En 15 jours seulement, tu seras en meilleure sant\u00e9, plus mince et plus en forme. Apr\u00e8s Clean9, continue avec le programme F15, et tu seras en route vers le silhouette que tu souhaites.<\/p>\n<p><strong>Contenance : 6 produits\u00a0<\/strong><\/p>\n<p>2 Pulpes d\u2019Alo\u00e8s Stabilis\u00e9es<\/p>\n<p>&#8211; Forever Therm x 30 comprim\u00e9s<\/p>\n<p>&#8211; Forever Garcinia Plus x 90 capsules<\/p>\n<p>&#8211; Forever Fiber x 15 sachets<\/p>\n<p>&#8211; 1 poche de Forever Lite Ultra x 15 doses Vanille ou Chocolat<\/p>\n<p>&#8211; 1 Livret d\u2019accompagnement F15 D\u00e9butant.<\/p>\n<\/div>\n","protected":false},"featured_media":1556,"comment_status":"open","ping_status":"closed","template":"","meta":{"_monsterinsights_skip_tracking":false,"_monsterinsights_sitenote_active":false,"_monsterinsights_sitenote_note":"","_monsterinsights_sitenote_category":0,"ocean_post_layout":"","ocean_both_sidebars_style":"","ocean_both_sidebars_content_width":0,"ocean_both_sidebars_sidebars_width":0,"ocean_sidebar":"0","ocean_second_sidebar":"0","ocean_disable_margins":"enable","ocean_add_body_class":"","ocean_shortcode_before_top_bar":"","ocean_shortcode_after_top_bar":"","ocean_shortcode_before_header":"","ocean_shortcode_after_header":"","ocean_has_shortcode":"","ocean_shortcode_after_title":"","ocean_shortcode_before_footer_widgets":"","ocean_shortcode_after_footer_widgets":"","ocean_shortcode_before_footer_bottom":"","ocean_shortcode_after_footer_bottom":"","ocean_display_top_bar":"default","ocean_display_header":"default","ocean_header_style":"","ocean_center_header_left_menu":"0","ocean_custom_header_template":"0","ocean_custom_logo":0,"ocean_custom_retina_logo":0,"ocean_custom_logo_max_width":0,"ocean_custom_logo_tablet_max_width":0,"ocean_custom_logo_mobile_max_width":0,"ocean_custom_logo_max_height":0,"ocean_custom_logo_tablet_max_height":0,"ocean_custom_logo_mobile_max_height":0,"ocean_header_custom_menu":"0","ocean_menu_typo_font_family":"0","ocean_menu_typo_font_subset":"","ocean_menu_typo_font_size":0,"ocean_menu_typo_font_size_tablet":0,"ocean_menu_typo_font_size_mobile":0,"ocean_menu_typo_font_size_unit":"px","ocean_menu_typo_font_weight":"","ocean_menu_typo_font_weight_tablet":"","ocean_menu_typo_font_weight_mobile":"","ocean_menu_typo_transform":"","ocean_menu_typo_transform_tablet":"","ocean_menu_typo_transform_mobile":"","ocean_menu_typo_line_height":0,"ocean_menu_typo_line_height_tablet":0,"ocean_menu_typo_line_height_mobile":0,"ocean_menu_typo_line_height_unit":"","ocean_menu_typo_spacing":0,"ocean_menu_typo_spacing_tablet":0,"ocean_menu_typo_spacing_mobile":0,"ocean_menu_typo_spacing_unit":"","ocean_menu_link_color":"","ocean_menu_link_color_hover":"","ocean_menu_link_color_active":"","ocean_menu_link_background":"","ocean_menu_link_hover_background":"","ocean_menu_link_active_background":"","ocean_menu_social_links_bg":"","ocean_menu_social_hover_links_bg":"","ocean_menu_social_links_color":"","ocean_menu_social_hover_links_color":"","ocean_disable_title":"default","ocean_disable_heading":"default","ocean_post_title":"","ocean_post_subheading":"","ocean_post_title_style":"","ocean_post_title_background_color":"","ocean_post_title_background":0,"ocean_post_title_bg_image_position":"","ocean_post_title_bg_image_attachment":"","ocean_post_title_bg_image_repeat":"","ocean_post_title_bg_image_size":"","ocean_post_title_height":0,"ocean_post_title_bg_overlay":0.5,"ocean_post_title_bg_overlay_color":"","ocean_disable_breadcrumbs":"default","ocean_breadcrumbs_color":"","ocean_breadcrumbs_separator_color":"","ocean_breadcrumbs_links_color":"","ocean_breadcrumbs_links_hover_color":"","ocean_display_footer_widgets":"default","ocean_display_footer_bottom":"default","ocean_custom_footer_template":"0","_joinchat":[],"jetpack_publicize_message":"","jetpack_publicize_feature_enabled":true,"jetpack_social_post_already_shared":false,"jetpack_social_options":{"image_generator_settings":{"template":"highway","default_image_id":0,"font":"","enabled":false},"version":2}},"product_brand":[],"product_cat":[59],"product_tag":[],"class_list":{"0":"post-1555","1":"product","2":"type-product","3":"status-publish","4":"has-post-thumbnail","6":"product_cat-gestion-de-poids","8":"entry","9":"has-media","11":"first","12":"instock","13":"taxable","14":"shipping-taxable","15":"purchasable","16":"product-type-simple","17":"has-product-nav","18":"col","19":"span_1_of_3","20":"owp-content-center","21":"owp-thumbs-layout-horizontal","22":"owp-btn-normal","23":"owp-tabs-layout-vertical","25":"circle-sale"},"jetpack_publicize_connections":[],"jetpack_likes_enabled":true,"jetpack_sharing_enabled":true,"_links":{"self":[{"href":"https:\/\/distributeurforever.elielmarket-ci.com\/index.php\/wp-json\/wp\/v2\/product\/1555","targetHints":{"allow":["GET"]}}],"collection":[{"href":"https:\/\/distributeurforever.elielmarket-ci.com\/index.php\/wp-json\/wp\/v2\/product"}],"about":[{"href":"https:\/\/distributeurforever.elielmarket-ci.com\/index.php\/wp-json\/wp\/v2\/types\/product"}],"replies":[{"embeddable":true,"href":"https:\/\/distributeurforever.elielmarket-ci.com\/index.php\/wp-json\/wp\/v2\/comments?post=1555"}],"wp:featuredmedia":[{"embeddable":true,"href":"https:\/\/distributeurforever.elielmarket-ci.com\/index.php\/wp-json\/wp\/v2\/media\/1556"}],"wp:attachment":[{"href":"https:\/\/distributeurforever.elielmarket-ci.com\/index.php\/wp-json\/wp\/v2\/media?parent=1555"}],"wp:term":[{"taxonomy":"product_brand","embeddable":true,"href":"https:\/\/distributeurforever.elielmarket-ci.com\/index.php\/wp-json\/wp\/v2\/product_brand?post=1555"},{"taxonomy":"product_cat","embeddable":true,"href":"https:\/\/distributeurforever.elielmarket-ci.com\/index.php\/wp-json\/wp\/v2\/product_cat?post=1555"},{"taxonomy":"product_tag","embeddable":true,"href":"https:\/\/distributeurforever.elielmarket-ci.com\/index.php\/wp-json\/wp\/v2\/product_tag?post=1555"}],"curies":[{"name":"wp","href":"https:\/\/api.w.org\/{rel}","templated":true}]}}