{"id":1481,"date":"2023-05-29T18:14:36","date_gmt":"2023-05-29T18:14:36","guid":{"rendered":"https:\/\/distributeurforever.elielmarket-ci.com\/?post_type=product&#038;p=1481"},"modified":"2023-07-15T14:25:08","modified_gmt":"2023-07-15T14:25:08","slug":"kit-contre-hemorroides","status":"publish","type":"product","link":"https:\/\/distributeurforever.elielmarket-ci.com\/index.php\/produit\/kit-contre-hemorroides\/","title":{"rendered":"Kit contre H\u00e9morro\u00efdes"},"content":{"rendered":"<p>Il arrive parfois que des h\u00e9morro\u00efdes g\u00e9n\u00e8rent des douleurs persistantes ou un inconfort presque permanent. Dans ces cas, un traitement doit \u00eatre envisag\u00e9.<\/p>\n<p>Les h\u00e9morro\u00efdes provoquent des manifestations telles que :<\/p>\n<ul>\n<li><strong>Sensation de br\u00fblure, de d\u00e9mangeaison ou d\u2019inconfort dans la r\u00e9gion anale ;<\/strong><\/li>\n<li><strong>Saignement et l\u00e9g\u00e8re douleur au moment de la d\u00e9f\u00e9cation ;<\/strong><\/li>\n<li><strong>Sensation que l\u2019int\u00e9rieur du rectum est enfl\u00e9 ;<\/strong><\/li>\n<li><strong>\u00c9coulement de mucus par l\u2019anus ;<\/strong><\/li>\n<li><strong>L\u2019anus qui sort surtout pendant les efforts pour \u00e9vacuer les selles.<\/strong><\/li>\n<\/ul>\n<h4>H\u00e9morro\u00efdes : externes ou internes ?<\/h4>\n<h5>Les h\u00e9morro\u00efdes externes<\/h5>\n<p>Les h\u00e9morro\u00efdes apparaissent sous la peau \u00e0 l\u2019orifice de l\u2019anus. Elles peuvent causer une enflure dans la r\u00e9gion.<\/p>\n<p>Elles sont plus sensibles que les h\u00e9morro\u00efdes internes, car il y a plus de fibres nerveuses sensitives dans cette r\u00e9gion.<\/p>\n<p>De plus, le risque qu\u2019un caillot de sang se forme dans une veine dilat\u00e9e est plus grand que pour les h\u00e9morro\u00efdes internes (voir Complications possibles).<\/p>\n<h5>Les h\u00e9morro\u00efdes internes<\/h5>\n<p>Elles se forment dans l\u2019anus ou la partie inf\u00e9rieure du rectum. Elles forment une petite protub\u00e9rance (voir sch\u00e9ma). Les h\u00e9morro\u00efdes sont Class\u00e9es selon leur stade d\u2019\u00e9volution.<\/p>\n<p>Elles progressent lorsque rien n\u2019est fait pour en freiner l\u2019\u00e9volution :<\/p>\n<h5>Premier degr\u00e9<\/h5>\n<p>L\u2019h\u00e9morro\u00efde demeure \u00e0 l\u2019int\u00e9rieur de l\u2019anus.<\/p>\n<h5>Deuxi\u00e8me degr\u00e9<\/h5>\n<p>L\u2019h\u00e9morro\u00efde sort de l\u2019anus au moment de la d\u00e9f\u00e9cation et revient en position normale \u00e0 l\u2019arr\u00eat de l\u2019effort.<\/p>\n<h5>Troisi\u00e8me degr\u00e9<\/h5>\n<p>L\u2019h\u00e9morro\u00efde doit \u00eatre replac\u00e9e d\u00e9licatement avec les doigts apr\u00e8s la d\u00e9f\u00e9cation.<\/p>\n<h5>Quatri\u00e8me degr\u00e9<\/h5>\n<p>L\u2019h\u00e9morro\u00efde ne peut \u00eatre replac\u00e9e \u00e0 l\u2019int\u00e9rieur de l\u2019anus.<\/p>\n<p><img fetchpriority=\"high\" decoding=\"async\" class=\"alignnone size-medium wp-image-1475\" src=\"https:\/\/distributeurforever.elielmarket-ci.com\/wp-content\/uploads\/2016\/04\/kit-libido-300x300.png\" alt=\"Kit contre H\u00e9morro\u00efdes\" width=\"300\" height=\"300\" srcset=\"https:\/\/distributeurforever.elielmarket-ci.com\/wp-content\/uploads\/2016\/04\/kit-libido-300x300.png 300w, https:\/\/distributeurforever.elielmarket-ci.com\/wp-content\/uploads\/2016\/04\/kit-libido-150x150.png 150w, https:\/\/distributeurforever.elielmarket-ci.com\/wp-content\/uploads\/2016\/04\/kit-libido-768x768.png 768w, https:\/\/distributeurforever.elielmarket-ci.com\/wp-content\/uploads\/2016\/04\/kit-libido-600x600.png 600w, https:\/\/distributeurforever.elielmarket-ci.com\/wp-content\/uploads\/2016\/04\/kit-libido-250x250.png 250w, https:\/\/distributeurforever.elielmarket-ci.com\/wp-content\/uploads\/2016\/04\/kit-libido-500x500.png 500w, https:\/\/distributeurforever.elielmarket-ci.com\/wp-content\/uploads\/2016\/04\/kit-libido-100x100.png 100w, https:\/\/distributeurforever.elielmarket-ci.com\/wp-content\/uploads\/2016\/04\/kit-libido.png 800w\" sizes=\"(max-width: 300px) 100vw, 300px\" \/><\/p>\n<h4>CECI Pourrait vous int\u00e9resser ou quelqu\u2019un autour de vous.<\/h4>\n<p><strong>Pour un meilleur r\u00e9sultat, veuillez nous contacter pour les conseils.<\/strong><\/p>\n","protected":false},"excerpt":{"rendered":"<p>La maladie h\u00e9morro\u00efdaire se caract\u00e9rise par un gonflement des veines h\u00e9morro\u00efdaires au niveau du canal de l\u2019anus. Si le gonflement continue, les h\u00e9morro\u00efdes vont finir par sortir hors de l\u2019anus.<\/p>\n","protected":false},"featured_media":1475,"comment_status":"open","ping_status":"closed","template":"","meta":{"_monsterinsights_skip_tracking":false,"_monsterinsights_sitenote_active":false,"_monsterinsights_sitenote_note":"","_monsterinsights_sitenote_category":0,"ocean_post_layout":"","ocean_both_sidebars_style":"","ocean_both_sidebars_content_width":0,"ocean_both_sidebars_sidebars_width":0,"ocean_sidebar":"0","ocean_second_sidebar":"0","ocean_disable_margins":"enable","ocean_add_body_class":"","ocean_shortcode_before_top_bar":"","ocean_shortcode_after_top_bar":"","ocean_shortcode_before_header":"","ocean_shortcode_after_header":"","ocean_has_shortcode":"","ocean_shortcode_after_title":"","ocean_shortcode_before_footer_widgets":"","ocean_shortcode_after_footer_widgets":"","ocean_shortcode_before_footer_bottom":"","ocean_shortcode_after_footer_bottom":"","ocean_display_top_bar":"default","ocean_display_header":"default","ocean_header_style":"","ocean_center_header_left_menu":"0","ocean_custom_header_template":"0","ocean_custom_logo":0,"ocean_custom_retina_logo":0,"ocean_custom_logo_max_width":0,"ocean_custom_logo_tablet_max_width":0,"ocean_custom_logo_mobile_max_width":0,"ocean_custom_logo_max_height":0,"ocean_custom_logo_tablet_max_height":0,"ocean_custom_logo_mobile_max_height":0,"ocean_header_custom_menu":"0","ocean_menu_typo_font_family":"0","ocean_menu_typo_font_subset":"","ocean_menu_typo_font_size":0,"ocean_menu_typo_font_size_tablet":0,"ocean_menu_typo_font_size_mobile":0,"ocean_menu_typo_font_size_unit":"px","ocean_menu_typo_font_weight":"","ocean_menu_typo_font_weight_tablet":"","ocean_menu_typo_font_weight_mobile":"","ocean_menu_typo_transform":"","ocean_menu_typo_transform_tablet":"","ocean_menu_typo_transform_mobile":"","ocean_menu_typo_line_height":0,"ocean_menu_typo_line_height_tablet":0,"ocean_menu_typo_line_height_mobile":0,"ocean_menu_typo_line_height_unit":"","ocean_menu_typo_spacing":0,"ocean_menu_typo_spacing_tablet":0,"ocean_menu_typo_spacing_mobile":0,"ocean_menu_typo_spacing_unit":"","ocean_menu_link_color":"","ocean_menu_link_color_hover":"","ocean_menu_link_color_active":"","ocean_menu_link_background":"","ocean_menu_link_hover_background":"","ocean_menu_link_active_background":"","ocean_menu_social_links_bg":"","ocean_menu_social_hover_links_bg":"","ocean_menu_social_links_color":"","ocean_menu_social_hover_links_color":"","ocean_disable_title":"default","ocean_disable_heading":"default","ocean_post_title":"","ocean_post_subheading":"","ocean_post_title_style":"","ocean_post_title_background_color":"","ocean_post_title_background":0,"ocean_post_title_bg_image_position":"","ocean_post_title_bg_image_attachment":"","ocean_post_title_bg_image_repeat":"","ocean_post_title_bg_image_size":"","ocean_post_title_height":0,"ocean_post_title_bg_overlay":0.5,"ocean_post_title_bg_overlay_color":"","ocean_disable_breadcrumbs":"default","ocean_breadcrumbs_color":"","ocean_breadcrumbs_separator_color":"","ocean_breadcrumbs_links_color":"","ocean_breadcrumbs_links_hover_color":"","ocean_display_footer_widgets":"default","ocean_display_footer_bottom":"default","ocean_custom_footer_template":"0","_joinchat":[],"jetpack_publicize_message":"","jetpack_publicize_feature_enabled":true,"jetpack_social_post_already_shared":false,"jetpack_social_options":{"image_generator_settings":{"template":"highway","default_image_id":0,"font":"","enabled":false},"version":2}},"product_brand":[],"product_cat":[65],"product_tag":[49],"class_list":{"0":"post-1481","1":"product","2":"type-product","3":"status-publish","4":"has-post-thumbnail","6":"product_cat-nos-solutions-de-sante","7":"product_tag-nos-solutions-de-sante","9":"entry","10":"has-media","12":"first","13":"instock","14":"taxable","15":"shipping-taxable","16":"purchasable","17":"product-type-simple","18":"has-product-nav","19":"col","20":"span_1_of_3","21":"owp-content-center","22":"owp-thumbs-layout-horizontal","23":"owp-btn-normal","24":"owp-tabs-layout-vertical","26":"circle-sale"},"jetpack_publicize_connections":[],"jetpack_likes_enabled":true,"jetpack_sharing_enabled":true,"_links":{"self":[{"href":"https:\/\/distributeurforever.elielmarket-ci.com\/index.php\/wp-json\/wp\/v2\/product\/1481","targetHints":{"allow":["GET"]}}],"collection":[{"href":"https:\/\/distributeurforever.elielmarket-ci.com\/index.php\/wp-json\/wp\/v2\/product"}],"about":[{"href":"https:\/\/distributeurforever.elielmarket-ci.com\/index.php\/wp-json\/wp\/v2\/types\/product"}],"replies":[{"embeddable":true,"href":"https:\/\/distributeurforever.elielmarket-ci.com\/index.php\/wp-json\/wp\/v2\/comments?post=1481"}],"wp:featuredmedia":[{"embeddable":true,"href":"https:\/\/distributeurforever.elielmarket-ci.com\/index.php\/wp-json\/wp\/v2\/media\/1475"}],"wp:attachment":[{"href":"https:\/\/distributeurforever.elielmarket-ci.com\/index.php\/wp-json\/wp\/v2\/media?parent=1481"}],"wp:term":[{"taxonomy":"product_brand","embeddable":true,"href":"https:\/\/distributeurforever.elielmarket-ci.com\/index.php\/wp-json\/wp\/v2\/product_brand?post=1481"},{"taxonomy":"product_cat","embeddable":true,"href":"https:\/\/distributeurforever.elielmarket-ci.com\/index.php\/wp-json\/wp\/v2\/product_cat?post=1481"},{"taxonomy":"product_tag","embeddable":true,"href":"https:\/\/distributeurforever.elielmarket-ci.com\/index.php\/wp-json\/wp\/v2\/product_tag?post=1481"}],"curies":[{"name":"wp","href":"https:\/\/api.w.org\/{rel}","templated":true}]}}