{"id":1421,"date":"2023-05-27T19:18:28","date_gmt":"2023-05-27T19:18:28","guid":{"rendered":"https:\/\/distributeurforever.elielmarket-ci.com\/?post_type=product&#038;p=1421"},"modified":"2023-07-15T14:26:31","modified_gmt":"2023-07-15T14:26:31","slug":"forever-clean-9-c9","status":"publish","type":"product","link":"https:\/\/distributeurforever.elielmarket-ci.com\/index.php\/produit\/forever-clean-9-c9\/","title":{"rendered":"Forever Clean 9 &#8211; C9"},"content":{"rendered":"<h1><strong>Forever Clean 9 &#8211; C9<\/strong><\/h1>\n<p class=\"benefits--subtitle\">\u00ab\u00a0Repower your Body whith Forever Clean 9 &#8211; C9! Ta silhouette et ton bien-\u00eatre vont changer en positif et ton corps va commencer \u00e0 se purifier. Les substances nutritives peuvent ainsi \u00eatre absorb\u00e9es de mani\u00e8re id\u00e9ale. Tu gagnes en l\u00e9g\u00e8ret\u00e9 et en puissance. Tu apprends \u00e0 contr\u00f4ler tes fringales et tu vas ressentir un changement dans ton corps. \u00ab\u00a0<\/p>\n<h3 class=\"benefits--subtitle\">IL N&rsquo;EST PAS SIMPLE D&rsquo;ADOPTER UN STYLE DE VIE PLUS SAIN ?<\/h3>\n<p class=\"benefits--text\">Tu devrais t&rsquo;en donner les moyens pour que tu te sentes bien dans ton corps. C9 est la premi\u00e8re \u00e9tape qui m\u00e8ne \u00e0 une modification durable de ses habitudes et \u00e0 un contr\u00f4le de poids au long terme. Le processus de purification est la base du programme F.I.T. de Forever ; il te pr\u00e9pare de mani\u00e8re optimale \u00e0 un quotidien plus sain et \u00e0 un corps plus \u00e9l\u00e9gant. Le meilleur programme de fitness pour chez toi et une purification de ton corps.<\/p>\n<h3 class=\"benefits--subtitle\">ES-TU PR\u00caT POUR C9 ?<\/h3>\n<p class=\"benefits--text\">Tous les produits du programme de base C9 sont propos\u00e9s regroup\u00e9s en kit \u2013 appel\u00e9 Touch. Seule l&rsquo;interaction de tous les produits, une modification de tes habitudes alimentaires et la pratique d&rsquo;un sport te permettront d&rsquo;atteindre les meilleurs r\u00e9sultats.<\/p>\n<h3><strong>Saveur Vanille ou chocolat au choix selon la r\u00e9f\u00e9rence.<\/strong><\/h3>\n<p>Le C9 est la premi\u00e8re phase du programme Forever F.I.T., programme Minceur &amp; Fitness. Il s\u2019effectue sur 9 JOURS pour purifier son organisme en \u00e9liminant les toxines. Les r\u00e9sultats apparaissent d\u00e8s les premiers jours : perte de poids, sensation de l\u00e9g\u00e8ret\u00e9 et \u00e9nergie retrouv\u00e9e.<\/p>\n<p>Contenance : 5 produits<\/p>\n<p>&#8211; Augmente la thermogen\u00e8se pour br\u00fbler efficacement les graisses;<\/p>\n<p>&#8211; Apporte de l&rsquo;\u00e9nergie imm\u00e9diate;<\/p>\n<p>&#8211; Am\u00e9liore les performances physiques;<\/p>\n<p>&#8211; Contient de l&rsquo;acide hydroxycitrique (AHC) qui favorise la r\u00e9gulation de l&rsquo;app\u00e9tit et bloque la transformation des sucres en graisses. Il contient \u00e9galement du picolinate de chrome qui favorise la stabilisation et la normalisation des taux de sucres et d&rsquo;insuline dans le sang. L&rsquo;absence du picolinate de chrome dans un r\u00e9gime peut causer de la fatigue et de l&rsquo;exc\u00e8s de production de graisse;<\/p>\n<p>&#8211; Assure une perte de poids r\u00e9guli\u00e8re en toute s\u00e9curit\u00e9;<\/p>\n<p>&#8211; Programme court: 9 jours.<\/p>\n<p><strong>&#8211; Conseils d&rsquo;utilisation:<\/strong>\u00a0Voir Livret d&rsquo;accompagnement C9<\/p>\n<p>&nbsp;<\/p>\n<p><strong>CONTIENT 5 PRODUITS ET 3 OUTILS :<\/strong><\/p>\n<ul>\n<li>2 Pulpes d\u2019Alo\u00e8s Stabilis\u00e9es;<\/li>\n<li>18 comprim\u00e9s de Forever Therm;<\/li>\n<li>54 capsules de Forever Garcinia Plus;<\/li>\n<li>9 sticks de Forever Fiber;<\/li>\n<li>1 poche de Forever Lite Ultra Vanille ou Chocolat;<\/li>\n<li>1 Livret d\u2019accompagnement C9;<\/li>\n<li>1 m\u00e8tre-ruban;<\/li>\n<li>1 shaker.<\/li>\n<\/ul>\n<p>&nbsp;<\/p>\n","protected":false},"excerpt":{"rendered":"<p><strong>Le programme de base pour le nettoyage du corps.<\/strong><\/p>\n<div class=\"product--description\">\n<p><strong>Le Forever Clean 9 &#8211; C9 fait partie du programme nutritionnel du m\u00eame nom de Forever. Il est \u00e0 la base du concept Forever F.I.T. et te pr\u00e9pare de mani\u00e8re optimale \u00e0 la r\u00e9ussite durable de ta gestion du poids. C9 est disponible en 2 variations: art. 547 avec Forever Ultra\u2122 Vanilla Shake Mix ou art. 548 avec Forever Ultra\u2122 Chocolate Shake Mix.<\/strong><\/p>\n<\/div>\n","protected":false},"featured_media":1422,"comment_status":"open","ping_status":"closed","template":"","meta":{"_monsterinsights_skip_tracking":false,"_monsterinsights_sitenote_active":false,"_monsterinsights_sitenote_note":"","_monsterinsights_sitenote_category":0,"ocean_post_layout":"","ocean_both_sidebars_style":"","ocean_both_sidebars_content_width":0,"ocean_both_sidebars_sidebars_width":0,"ocean_sidebar":"0","ocean_second_sidebar":"0","ocean_disable_margins":"enable","ocean_add_body_class":"","ocean_shortcode_before_top_bar":"","ocean_shortcode_after_top_bar":"","ocean_shortcode_before_header":"","ocean_shortcode_after_header":"","ocean_has_shortcode":"","ocean_shortcode_after_title":"","ocean_shortcode_before_footer_widgets":"","ocean_shortcode_after_footer_widgets":"","ocean_shortcode_before_footer_bottom":"","ocean_shortcode_after_footer_bottom":"","ocean_display_top_bar":"default","ocean_display_header":"default","ocean_header_style":"","ocean_center_header_left_menu":"0","ocean_custom_header_template":"0","ocean_custom_logo":0,"ocean_custom_retina_logo":0,"ocean_custom_logo_max_width":0,"ocean_custom_logo_tablet_max_width":0,"ocean_custom_logo_mobile_max_width":0,"ocean_custom_logo_max_height":0,"ocean_custom_logo_tablet_max_height":0,"ocean_custom_logo_mobile_max_height":0,"ocean_header_custom_menu":"0","ocean_menu_typo_font_family":"0","ocean_menu_typo_font_subset":"","ocean_menu_typo_font_size":0,"ocean_menu_typo_font_size_tablet":0,"ocean_menu_typo_font_size_mobile":0,"ocean_menu_typo_font_size_unit":"px","ocean_menu_typo_font_weight":"","ocean_menu_typo_font_weight_tablet":"","ocean_menu_typo_font_weight_mobile":"","ocean_menu_typo_transform":"","ocean_menu_typo_transform_tablet":"","ocean_menu_typo_transform_mobile":"","ocean_menu_typo_line_height":0,"ocean_menu_typo_line_height_tablet":0,"ocean_menu_typo_line_height_mobile":0,"ocean_menu_typo_line_height_unit":"","ocean_menu_typo_spacing":0,"ocean_menu_typo_spacing_tablet":0,"ocean_menu_typo_spacing_mobile":0,"ocean_menu_typo_spacing_unit":"","ocean_menu_link_color":"","ocean_menu_link_color_hover":"","ocean_menu_link_color_active":"","ocean_menu_link_background":"","ocean_menu_link_hover_background":"","ocean_menu_link_active_background":"","ocean_menu_social_links_bg":"","ocean_menu_social_hover_links_bg":"","ocean_menu_social_links_color":"","ocean_menu_social_hover_links_color":"","ocean_disable_title":"default","ocean_disable_heading":"default","ocean_post_title":"","ocean_post_subheading":"","ocean_post_title_style":"","ocean_post_title_background_color":"","ocean_post_title_background":0,"ocean_post_title_bg_image_position":"","ocean_post_title_bg_image_attachment":"","ocean_post_title_bg_image_repeat":"","ocean_post_title_bg_image_size":"","ocean_post_title_height":0,"ocean_post_title_bg_overlay":0.5,"ocean_post_title_bg_overlay_color":"","ocean_disable_breadcrumbs":"default","ocean_breadcrumbs_color":"","ocean_breadcrumbs_separator_color":"","ocean_breadcrumbs_links_color":"","ocean_breadcrumbs_links_hover_color":"","ocean_display_footer_widgets":"default","ocean_display_footer_bottom":"default","ocean_custom_footer_template":"0","_joinchat":[],"jetpack_publicize_message":"","jetpack_publicize_feature_enabled":true,"jetpack_social_post_already_shared":false,"jetpack_social_options":{"image_generator_settings":{"template":"highway","default_image_id":0,"font":"","enabled":false},"version":2}},"product_brand":[],"product_cat":[15,59],"product_tag":[38],"class_list":{"0":"post-1421","1":"product","2":"type-product","3":"status-publish","4":"has-post-thumbnail","6":"product_cat-forever","7":"product_cat-gestion-de-poids","8":"product_tag-gestion-de-poids","10":"entry","11":"has-media","13":"first","14":"instock","15":"taxable","16":"shipping-taxable","17":"purchasable","18":"product-type-simple","19":"has-product-nav","20":"col","21":"span_1_of_3","22":"owp-content-center","23":"owp-thumbs-layout-horizontal","24":"owp-btn-normal","25":"owp-tabs-layout-vertical","27":"circle-sale"},"jetpack_publicize_connections":[],"jetpack_likes_enabled":true,"jetpack_sharing_enabled":true,"_links":{"self":[{"href":"https:\/\/distributeurforever.elielmarket-ci.com\/index.php\/wp-json\/wp\/v2\/product\/1421","targetHints":{"allow":["GET"]}}],"collection":[{"href":"https:\/\/distributeurforever.elielmarket-ci.com\/index.php\/wp-json\/wp\/v2\/product"}],"about":[{"href":"https:\/\/distributeurforever.elielmarket-ci.com\/index.php\/wp-json\/wp\/v2\/types\/product"}],"replies":[{"embeddable":true,"href":"https:\/\/distributeurforever.elielmarket-ci.com\/index.php\/wp-json\/wp\/v2\/comments?post=1421"}],"wp:featuredmedia":[{"embeddable":true,"href":"https:\/\/distributeurforever.elielmarket-ci.com\/index.php\/wp-json\/wp\/v2\/media\/1422"}],"wp:attachment":[{"href":"https:\/\/distributeurforever.elielmarket-ci.com\/index.php\/wp-json\/wp\/v2\/media?parent=1421"}],"wp:term":[{"taxonomy":"product_brand","embeddable":true,"href":"https:\/\/distributeurforever.elielmarket-ci.com\/index.php\/wp-json\/wp\/v2\/product_brand?post=1421"},{"taxonomy":"product_cat","embeddable":true,"href":"https:\/\/distributeurforever.elielmarket-ci.com\/index.php\/wp-json\/wp\/v2\/product_cat?post=1421"},{"taxonomy":"product_tag","embeddable":true,"href":"https:\/\/distributeurforever.elielmarket-ci.com\/index.php\/wp-json\/wp\/v2\/product_tag?post=1421"}],"curies":[{"name":"wp","href":"https:\/\/api.w.org\/{rel}","templated":true}]}}