{"id":1414,"date":"2023-05-26T22:23:32","date_gmt":"2023-05-26T22:23:32","guid":{"rendered":"https:\/\/distributeurforever.elielmarket-ci.com\/?post_type=product&#038;p=1414"},"modified":"2023-06-03T12:02:27","modified_gmt":"2023-06-03T12:02:27","slug":"forever-move","status":"publish","type":"product","link":"https:\/\/distributeurforever.elielmarket-ci.com\/index.php\/produit\/forever-move\/","title":{"rendered":"Forever Move"},"content":{"rendered":"<h2 class=\"benefits--title\">Forever Move<\/h2>\n<p class=\"benefits--subtitle\">Pour un style de vie actif avec la combinaison mondiale unique de deux ingr\u00e9dients brevet\u00e9s: NEM\u00ae \u2013 membrane naturelle de coquilles d&rsquo;\u0153ufs \u2013 et BioCurc\u00ae \u2013 Forever Move est un complexe de curcuma hydrosoluble. Les meilleures capsules au curcuma pour toi !<\/p>\n<p><img fetchpriority=\"high\" decoding=\"async\" class=\"alignnone size-medium wp-image-1416\" src=\"https:\/\/distributeurforever.elielmarket-ci.com\/wp-content\/uploads\/2023\/05\/Forever-20Move_00551_ce_1400x933-300x200.jpg\" alt=\"Forever Move\" width=\"300\" height=\"200\" srcset=\"https:\/\/distributeurforever.elielmarket-ci.com\/wp-content\/uploads\/2023\/05\/Forever-20Move_00551_ce_1400x933-300x200.jpg 300w, https:\/\/distributeurforever.elielmarket-ci.com\/wp-content\/uploads\/2023\/05\/Forever-20Move_00551_ce_1400x933-768x512.jpg 768w, https:\/\/distributeurforever.elielmarket-ci.com\/wp-content\/uploads\/2023\/05\/Forever-20Move_00551_ce_1400x933-500x333.jpg 500w, https:\/\/distributeurforever.elielmarket-ci.com\/wp-content\/uploads\/2023\/05\/Forever-20Move_00551_ce_1400x933.jpg 960w\" sizes=\"(max-width: 300px) 100vw, 300px\" \/><\/p>\n<h3 class=\"benefits--subtitle\">POUR UNE VIE ACTIVE<\/h3>\n<p class=\"benefits--text\">Un style de vie actif peut entra\u00eener des sollicitations au niveau des muscles et des articulations. Que provoque le curcuma dans le corps humain? La combinaison innovante des substances contenues dans notre produit<\/p>\n<p class=\"benefits--text\">accro\u00eet la biodisponibilit\u00e9 de la curcumine de 400 pour cent et permet ainsi \u00e0 l&rsquo;organisme de mieux l&rsquo;absorber et de le transformer.<\/p>\n<p><img decoding=\"async\" class=\"alignnone size-medium wp-image-1417\" src=\"https:\/\/distributeurforever.elielmarket-ci.com\/wp-content\/uploads\/2023\/05\/Forever-20Move_00551_e1_1400x933-300x200.jpg\" alt=\"Forever Move\" width=\"300\" height=\"200\" srcset=\"https:\/\/distributeurforever.elielmarket-ci.com\/wp-content\/uploads\/2023\/05\/Forever-20Move_00551_e1_1400x933-300x200.jpg 300w, https:\/\/distributeurforever.elielmarket-ci.com\/wp-content\/uploads\/2023\/05\/Forever-20Move_00551_e1_1400x933-768x512.jpg 768w, https:\/\/distributeurforever.elielmarket-ci.com\/wp-content\/uploads\/2023\/05\/Forever-20Move_00551_e1_1400x933-500x333.jpg 500w, https:\/\/distributeurforever.elielmarket-ci.com\/wp-content\/uploads\/2023\/05\/Forever-20Move_00551_e1_1400x933.jpg 960w\" sizes=\"(max-width: 300px) 100vw, 300px\" \/><\/p>\n<h3 class=\"benefits--subtitle\">TECHNOLOGIE R\u00c9VOLUTIONNAIRE<\/h3>\n<p class=\"benefits--text\">Avec cet extrait \u00e0 base de plantes connue et \u00e9prouv\u00e9 depuis des mill\u00e9naires, nous avons combin\u00e9 le meilleur de ce que la nature et les sciences ont \u00e0 offrir. Ce produit offre plus de libert\u00e9 au quotidien \u00e0 toutes les personnes actives.<\/p>\n<p><img decoding=\"async\" class=\"alignnone size-medium wp-image-1418\" src=\"https:\/\/distributeurforever.elielmarket-ci.com\/wp-content\/uploads\/2023\/05\/Forever-20Move_00551_e2_1400x933-300x200.jpg\" alt=\"Forever Move\" width=\"300\" height=\"200\" srcset=\"https:\/\/distributeurforever.elielmarket-ci.com\/wp-content\/uploads\/2023\/05\/Forever-20Move_00551_e2_1400x933-300x200.jpg 300w, https:\/\/distributeurforever.elielmarket-ci.com\/wp-content\/uploads\/2023\/05\/Forever-20Move_00551_e2_1400x933-768x512.jpg 768w, https:\/\/distributeurforever.elielmarket-ci.com\/wp-content\/uploads\/2023\/05\/Forever-20Move_00551_e2_1400x933-500x333.jpg 500w, https:\/\/distributeurforever.elielmarket-ci.com\/wp-content\/uploads\/2023\/05\/Forever-20Move_00551_e2_1400x933.jpg 960w\" sizes=\"(max-width: 300px) 100vw, 300px\" \/><\/p>\n","protected":false},"excerpt":{"rendered":"<h1 class=\"product--title\">Forever Move<\/h1>\n<p>Compl\u00e9ment alimentaire avec curcuma et membrane de coquille d\u2019\u0153uf.<\/p>\n<div class=\"product--description\">\n<p>Un style de vie actif peut entra\u00eener des sollicitations musculaires et articulaires. Forever Move combine deux ingr\u00e9dients brevet\u00e9s: NEM\u00ae, la membrane de coquille d\u2019oeuf naturelle, et BioCurc\u00ae, un complexe de curcuma hydrosoluble.<\/p>\n<\/div>\n","protected":false},"featured_media":1415,"comment_status":"open","ping_status":"closed","template":"","meta":{"_monsterinsights_skip_tracking":false,"_monsterinsights_sitenote_active":false,"_monsterinsights_sitenote_note":"","_monsterinsights_sitenote_category":0,"ocean_post_layout":"","ocean_both_sidebars_style":"","ocean_both_sidebars_content_width":0,"ocean_both_sidebars_sidebars_width":0,"ocean_sidebar":"0","ocean_second_sidebar":"0","ocean_disable_margins":"enable","ocean_add_body_class":"","ocean_shortcode_before_top_bar":"","ocean_shortcode_after_top_bar":"","ocean_shortcode_before_header":"","ocean_shortcode_after_header":"","ocean_has_shortcode":"","ocean_shortcode_after_title":"","ocean_shortcode_before_footer_widgets":"","ocean_shortcode_after_footer_widgets":"","ocean_shortcode_before_footer_bottom":"","ocean_shortcode_after_footer_bottom":"","ocean_display_top_bar":"default","ocean_display_header":"default","ocean_header_style":"","ocean_center_header_left_menu":"0","ocean_custom_header_template":"0","ocean_custom_logo":0,"ocean_custom_retina_logo":0,"ocean_custom_logo_max_width":0,"ocean_custom_logo_tablet_max_width":0,"ocean_custom_logo_mobile_max_width":0,"ocean_custom_logo_max_height":0,"ocean_custom_logo_tablet_max_height":0,"ocean_custom_logo_mobile_max_height":0,"ocean_header_custom_menu":"0","ocean_menu_typo_font_family":"0","ocean_menu_typo_font_subset":"","ocean_menu_typo_font_size":0,"ocean_menu_typo_font_size_tablet":0,"ocean_menu_typo_font_size_mobile":0,"ocean_menu_typo_font_size_unit":"px","ocean_menu_typo_font_weight":"","ocean_menu_typo_font_weight_tablet":"","ocean_menu_typo_font_weight_mobile":"","ocean_menu_typo_transform":"","ocean_menu_typo_transform_tablet":"","ocean_menu_typo_transform_mobile":"","ocean_menu_typo_line_height":0,"ocean_menu_typo_line_height_tablet":0,"ocean_menu_typo_line_height_mobile":0,"ocean_menu_typo_line_height_unit":"","ocean_menu_typo_spacing":0,"ocean_menu_typo_spacing_tablet":0,"ocean_menu_typo_spacing_mobile":0,"ocean_menu_typo_spacing_unit":"","ocean_menu_link_color":"","ocean_menu_link_color_hover":"","ocean_menu_link_color_active":"","ocean_menu_link_background":"","ocean_menu_link_hover_background":"","ocean_menu_link_active_background":"","ocean_menu_social_links_bg":"","ocean_menu_social_hover_links_bg":"","ocean_menu_social_links_color":"","ocean_menu_social_hover_links_color":"","ocean_disable_title":"default","ocean_disable_heading":"default","ocean_post_title":"","ocean_post_subheading":"","ocean_post_title_style":"","ocean_post_title_background_color":"","ocean_post_title_background":0,"ocean_post_title_bg_image_position":"","ocean_post_title_bg_image_attachment":"","ocean_post_title_bg_image_repeat":"","ocean_post_title_bg_image_size":"","ocean_post_title_height":0,"ocean_post_title_bg_overlay":0.5,"ocean_post_title_bg_overlay_color":"","ocean_disable_breadcrumbs":"default","ocean_breadcrumbs_color":"","ocean_breadcrumbs_separator_color":"","ocean_breadcrumbs_links_color":"","ocean_breadcrumbs_links_hover_color":"","ocean_display_footer_widgets":"default","ocean_display_footer_bottom":"default","ocean_custom_footer_template":"0","_joinchat":[],"jetpack_publicize_message":"","jetpack_publicize_feature_enabled":true,"jetpack_social_post_already_shared":false,"jetpack_social_options":{"image_generator_settings":{"template":"highway","default_image_id":0,"font":"","enabled":false},"version":2}},"product_brand":[],"product_cat":[15,40],"product_tag":[],"class_list":{"0":"post-1414","1":"product","2":"type-product","3":"status-publish","4":"has-post-thumbnail","6":"product_cat-forever","7":"product_cat-nutrition","9":"entry","10":"has-media","12":"first","13":"instock","14":"taxable","15":"shipping-taxable","16":"purchasable","17":"product-type-simple","18":"has-product-nav","19":"col","20":"span_1_of_3","21":"owp-content-center","22":"owp-thumbs-layout-horizontal","23":"owp-btn-normal","24":"owp-tabs-layout-vertical","26":"circle-sale"},"jetpack_publicize_connections":[],"jetpack_likes_enabled":true,"jetpack_sharing_enabled":true,"_links":{"self":[{"href":"https:\/\/distributeurforever.elielmarket-ci.com\/index.php\/wp-json\/wp\/v2\/product\/1414","targetHints":{"allow":["GET"]}}],"collection":[{"href":"https:\/\/distributeurforever.elielmarket-ci.com\/index.php\/wp-json\/wp\/v2\/product"}],"about":[{"href":"https:\/\/distributeurforever.elielmarket-ci.com\/index.php\/wp-json\/wp\/v2\/types\/product"}],"replies":[{"embeddable":true,"href":"https:\/\/distributeurforever.elielmarket-ci.com\/index.php\/wp-json\/wp\/v2\/comments?post=1414"}],"wp:featuredmedia":[{"embeddable":true,"href":"https:\/\/distributeurforever.elielmarket-ci.com\/index.php\/wp-json\/wp\/v2\/media\/1415"}],"wp:attachment":[{"href":"https:\/\/distributeurforever.elielmarket-ci.com\/index.php\/wp-json\/wp\/v2\/media?parent=1414"}],"wp:term":[{"taxonomy":"product_brand","embeddable":true,"href":"https:\/\/distributeurforever.elielmarket-ci.com\/index.php\/wp-json\/wp\/v2\/product_brand?post=1414"},{"taxonomy":"product_cat","embeddable":true,"href":"https:\/\/distributeurforever.elielmarket-ci.com\/index.php\/wp-json\/wp\/v2\/product_cat?post=1414"},{"taxonomy":"product_tag","embeddable":true,"href":"https:\/\/distributeurforever.elielmarket-ci.com\/index.php\/wp-json\/wp\/v2\/product_tag?post=1414"}],"curies":[{"name":"wp","href":"https:\/\/api.w.org\/{rel}","templated":true}]}}