{"id":1403,"date":"2023-05-26T21:35:15","date_gmt":"2023-05-26T19:35:15","guid":{"rendered":"https:\/\/distributeurforever.elielmarket-ci.com\/?post_type=product&#038;p=1403"},"modified":"2023-05-26T21:35:16","modified_gmt":"2023-05-26T19:35:16","slug":"vitolize-femme","status":"publish","type":"product","link":"https:\/\/distributeurforever.elielmarket-ci.com\/index.php\/produit\/vitolize-femme\/","title":{"rendered":"Vitolize Femme"},"content":{"rendered":"<h2 class=\"benefits--title\">Vitolize Femme<\/h2>\n<p class=\"benefits--subtitle\">Vitolize Femme a \u00e9t\u00e9 sp\u00e9cialement adapt\u00e9 \u00e0 la situation de la femme au moment de la m\u00e9nopause. Une alimentation saine et vari\u00e9e ainsi qu&rsquo;une activit\u00e9 physique adapt\u00e9e devraient judicieusement \u00eatre compl\u00e9t\u00e9e par des substances vitales d\u00e9cisives pour la femme \u00e0 partir de 40 ans. Ce produit contient tout ce dont la femme moderne a besoin.<\/p>\n<p><img fetchpriority=\"high\" decoding=\"async\" width=\"300\" height=\"200\" class=\"alignnone wp-image-1408 size-medium\" src=\"https:\/\/distributeurforever.elielmarket-ci.com\/wp-content\/uploads\/2023\/05\/Vitalize-20Woman_00375_e3_1400x933-300x200.jpg\" alt=\"&quot;&lt;\/p\" srcset=\"https:\/\/distributeurforever.elielmarket-ci.com\/wp-content\/uploads\/2023\/05\/Vitalize-20Woman_00375_e3_1400x933-300x200.jpg 300w, https:\/\/distributeurforever.elielmarket-ci.com\/wp-content\/uploads\/2023\/05\/Vitalize-20Woman_00375_e3_1400x933-768x512.jpg 768w, https:\/\/distributeurforever.elielmarket-ci.com\/wp-content\/uploads\/2023\/05\/Vitalize-20Woman_00375_e3_1400x933-500x333.jpg 500w, https:\/\/distributeurforever.elielmarket-ci.com\/wp-content\/uploads\/2023\/05\/Vitalize-20Woman_00375_e3_1400x933.jpg 960w\" sizes=\"(max-width: 300px) 100vw, 300px\" \/><\/p>\n<h3 class=\"benefits--subtitle\">LES BESOINS DES FEMMES<\/h3>\n<p class=\"benefits--text\">C&rsquo;est un produit anti-\u00e2ge parfait pour les femmes \u00e0 partir de 40 ans. La couverture des besoins journaliers en vitamine C, D, E, B6, B9 et B12 est assur\u00e9e. De plus, notre produit anti-\u00e2ge pour la femme contient du magn\u00e9sium pr\u00e9cieux et du fer. Des substances vitales importantes pendant la m\u00e9nopause.<\/p>\n<p><img decoding=\"async\" class=\"alignnone size-medium wp-image-1405\" src=\"https:\/\/distributeurforever.elielmarket-ci.com\/wp-content\/uploads\/2023\/05\/Vitalize-20Woman_00375_ce_1400x933-300x200.jpg\" alt=\"\" width=\"300\" height=\"200\" srcset=\"https:\/\/distributeurforever.elielmarket-ci.com\/wp-content\/uploads\/2023\/05\/Vitalize-20Woman_00375_ce_1400x933-300x200.jpg 300w, https:\/\/distributeurforever.elielmarket-ci.com\/wp-content\/uploads\/2023\/05\/Vitalize-20Woman_00375_ce_1400x933-768x512.jpg 768w, https:\/\/distributeurforever.elielmarket-ci.com\/wp-content\/uploads\/2023\/05\/Vitalize-20Woman_00375_ce_1400x933-500x333.jpg 500w, https:\/\/distributeurforever.elielmarket-ci.com\/wp-content\/uploads\/2023\/05\/Vitalize-20Woman_00375_ce_1400x933.jpg 960w\" sizes=\"(max-width: 300px) 100vw, 300px\" \/><\/p>\n<h3 class=\"benefits--subtitle\">LE M\u00c9TABOLISME EST STIMUL\u00c9.<\/h3>\n<p class=\"benefits--text\">\u00c0 partir de 40, le corps commence \u00e0 changer. La femme prend du poids, m\u00eame si ses habitudes alimentaires n&rsquo;ont pas chang\u00e9. Il y a une raison \u00e0 cela: le m\u00e9tabolisme ralentit. Les composants contenus dans ce produit contribuent entre autres \u00e0 diminuer la fatigue et l&rsquo;\u00e9puisement, \u00e0 un m\u00e9tabolisme \u00e9nerg\u00e9tique normal et \u00e0 prot\u00e9ger les cellules contre le stress oxydant.<\/p>\n<p><img decoding=\"async\" width=\"300\" height=\"200\" class=\"alignnone size-medium wp-image-1407\" src=\"https:\/\/distributeurforever.elielmarket-ci.com\/wp-content\/uploads\/2023\/05\/Vitalize-20Woman_00375_e2_1400x933-300x200.jpg\" alt=\"&quot;&lt;\/p\" srcset=\"https:\/\/distributeurforever.elielmarket-ci.com\/wp-content\/uploads\/2023\/05\/Vitalize-20Woman_00375_e2_1400x933-300x200.jpg 300w, https:\/\/distributeurforever.elielmarket-ci.com\/wp-content\/uploads\/2023\/05\/Vitalize-20Woman_00375_e2_1400x933-768x512.jpg 768w, https:\/\/distributeurforever.elielmarket-ci.com\/wp-content\/uploads\/2023\/05\/Vitalize-20Woman_00375_e2_1400x933-500x333.jpg 500w, https:\/\/distributeurforever.elielmarket-ci.com\/wp-content\/uploads\/2023\/05\/Vitalize-20Woman_00375_e2_1400x933.jpg 960w\" sizes=\"(max-width: 300px) 100vw, 300px\" \/><\/p>\n<h3 class=\"benefits--subtitle\">NOTRE CONSEIL<\/h3>\n<p class=\"benefits--text\">La biodisponibilit\u00e9 des ingr\u00e9dients du produit est nettement am\u00e9lior\u00e9e lorsque les comprim\u00e9s sont pris \u00e0 proximit\u00e9 des repas.<\/p>\n<p>&nbsp;<\/p>\n","protected":false},"excerpt":{"rendered":"<p>Compl\u00e9ment alimentaire sp\u00e9cifique pour les femmes.<\/p>\n<div class=\"product--description\">\n<p>Vitolize Femme contient des vitamines, des min\u00e9raux et des oligo-\u00e9l\u00e9ments sp\u00e9cialement adapt\u00e9s aux besoins des femmes. En outre, pour Vitolize Femme, nous utilisons une combinaison d&rsquo;extraits v\u00e9g\u00e9taux de haute qualit\u00e9 \u00e0 base de pomme, de canneberge, de baie de schisandra et de passiflore.<\/p>\n<\/div>\n","protected":false},"featured_media":1404,"comment_status":"open","ping_status":"closed","template":"","meta":{"_monsterinsights_skip_tracking":false,"_monsterinsights_sitenote_active":false,"_monsterinsights_sitenote_note":"","_monsterinsights_sitenote_category":0,"ocean_post_layout":"","ocean_both_sidebars_style":"","ocean_both_sidebars_content_width":0,"ocean_both_sidebars_sidebars_width":0,"ocean_sidebar":"0","ocean_second_sidebar":"0","ocean_disable_margins":"enable","ocean_add_body_class":"","ocean_shortcode_before_top_bar":"","ocean_shortcode_after_top_bar":"","ocean_shortcode_before_header":"","ocean_shortcode_after_header":"","ocean_has_shortcode":"","ocean_shortcode_after_title":"","ocean_shortcode_before_footer_widgets":"","ocean_shortcode_after_footer_widgets":"","ocean_shortcode_before_footer_bottom":"","ocean_shortcode_after_footer_bottom":"","ocean_display_top_bar":"default","ocean_display_header":"default","ocean_header_style":"","ocean_center_header_left_menu":"0","ocean_custom_header_template":"0","ocean_custom_logo":0,"ocean_custom_retina_logo":0,"ocean_custom_logo_max_width":0,"ocean_custom_logo_tablet_max_width":0,"ocean_custom_logo_mobile_max_width":0,"ocean_custom_logo_max_height":0,"ocean_custom_logo_tablet_max_height":0,"ocean_custom_logo_mobile_max_height":0,"ocean_header_custom_menu":"0","ocean_menu_typo_font_family":"0","ocean_menu_typo_font_subset":"","ocean_menu_typo_font_size":0,"ocean_menu_typo_font_size_tablet":0,"ocean_menu_typo_font_size_mobile":0,"ocean_menu_typo_font_size_unit":"px","ocean_menu_typo_font_weight":"","ocean_menu_typo_font_weight_tablet":"","ocean_menu_typo_font_weight_mobile":"","ocean_menu_typo_transform":"","ocean_menu_typo_transform_tablet":"","ocean_menu_typo_transform_mobile":"","ocean_menu_typo_line_height":0,"ocean_menu_typo_line_height_tablet":0,"ocean_menu_typo_line_height_mobile":0,"ocean_menu_typo_line_height_unit":"","ocean_menu_typo_spacing":0,"ocean_menu_typo_spacing_tablet":0,"ocean_menu_typo_spacing_mobile":0,"ocean_menu_typo_spacing_unit":"","ocean_menu_link_color":"","ocean_menu_link_color_hover":"","ocean_menu_link_color_active":"","ocean_menu_link_background":"","ocean_menu_link_hover_background":"","ocean_menu_link_active_background":"","ocean_menu_social_links_bg":"","ocean_menu_social_hover_links_bg":"","ocean_menu_social_links_color":"","ocean_menu_social_hover_links_color":"","ocean_disable_title":"default","ocean_disable_heading":"default","ocean_post_title":"","ocean_post_subheading":"","ocean_post_title_style":"","ocean_post_title_background_color":"","ocean_post_title_background":0,"ocean_post_title_bg_image_position":"","ocean_post_title_bg_image_attachment":"","ocean_post_title_bg_image_repeat":"","ocean_post_title_bg_image_size":"","ocean_post_title_height":0,"ocean_post_title_bg_overlay":0.5,"ocean_post_title_bg_overlay_color":"","ocean_disable_breadcrumbs":"default","ocean_breadcrumbs_color":"","ocean_breadcrumbs_separator_color":"","ocean_breadcrumbs_links_color":"","ocean_breadcrumbs_links_hover_color":"","ocean_display_footer_widgets":"default","ocean_display_footer_bottom":"default","ocean_custom_footer_template":"0","_joinchat":[],"jetpack_publicize_message":"","jetpack_publicize_feature_enabled":true,"jetpack_social_post_already_shared":false,"jetpack_social_options":{"image_generator_settings":{"template":"highway","default_image_id":0,"font":"","enabled":false},"version":2}},"product_brand":[],"product_cat":[15,40],"product_tag":[],"class_list":{"0":"post-1403","1":"product","2":"type-product","3":"status-publish","4":"has-post-thumbnail","6":"product_cat-forever","7":"product_cat-nutrition","9":"entry","10":"has-media","12":"first","13":"instock","14":"taxable","15":"shipping-taxable","16":"purchasable","17":"product-type-simple","18":"has-product-nav","19":"col","20":"span_1_of_3","21":"owp-content-center","22":"owp-thumbs-layout-horizontal","23":"owp-btn-normal","24":"owp-tabs-layout-vertical","26":"circle-sale"},"jetpack_publicize_connections":[],"jetpack_likes_enabled":true,"jetpack_sharing_enabled":true,"_links":{"self":[{"href":"https:\/\/distributeurforever.elielmarket-ci.com\/index.php\/wp-json\/wp\/v2\/product\/1403","targetHints":{"allow":["GET"]}}],"collection":[{"href":"https:\/\/distributeurforever.elielmarket-ci.com\/index.php\/wp-json\/wp\/v2\/product"}],"about":[{"href":"https:\/\/distributeurforever.elielmarket-ci.com\/index.php\/wp-json\/wp\/v2\/types\/product"}],"replies":[{"embeddable":true,"href":"https:\/\/distributeurforever.elielmarket-ci.com\/index.php\/wp-json\/wp\/v2\/comments?post=1403"}],"wp:featuredmedia":[{"embeddable":true,"href":"https:\/\/distributeurforever.elielmarket-ci.com\/index.php\/wp-json\/wp\/v2\/media\/1404"}],"wp:attachment":[{"href":"https:\/\/distributeurforever.elielmarket-ci.com\/index.php\/wp-json\/wp\/v2\/media?parent=1403"}],"wp:term":[{"taxonomy":"product_brand","embeddable":true,"href":"https:\/\/distributeurforever.elielmarket-ci.com\/index.php\/wp-json\/wp\/v2\/product_brand?post=1403"},{"taxonomy":"product_cat","embeddable":true,"href":"https:\/\/distributeurforever.elielmarket-ci.com\/index.php\/wp-json\/wp\/v2\/product_cat?post=1403"},{"taxonomy":"product_tag","embeddable":true,"href":"https:\/\/distributeurforever.elielmarket-ci.com\/index.php\/wp-json\/wp\/v2\/product_tag?post=1403"}],"curies":[{"name":"wp","href":"https:\/\/api.w.org\/{rel}","templated":true}]}}