{"id":1338,"date":"2023-05-23T19:55:57","date_gmt":"2023-05-23T19:55:57","guid":{"rendered":"https:\/\/distributeurforever.elielmarket-ci.com\/?post_type=product&#038;p=1338"},"modified":"2024-05-28T14:56:32","modified_gmt":"2024-05-28T14:56:32","slug":"forever-supergreens","status":"publish","type":"product","link":"https:\/\/distributeurforever.elielmarket-ci.com\/index.php\/produit\/forever-supergreens\/","title":{"rendered":"Forever Supergreens"},"content":{"rendered":"<h2 class=\"benefits--title\">Forever Supergreens<\/h2>\n<p class=\"benefits--subtitle\">Envisages-tu aussi de manger tes cinq portions de fruits et l\u00e9gumes chaque jour? Et, souvent \u00e7a ne marche pas?! Alors nous avons la solution pour toi: Forever Supergreens, notre alternative au smoothie vert. Il est riche en micronutriments et en superfood. De plus, il se pr\u00e9pare tr\u00e8s vite, je te le promets!<\/p>\n<p><img fetchpriority=\"high\" decoding=\"async\" class=\"alignnone wp-image-1339 size-medium\" src=\"https:\/\/distributeurforever.elielmarket-ci.com\/wp-content\/uploads\/2023\/05\/Forever-Supergreens_00621_ce_1400x933-300x200.jpg\" alt=\"Forever Supergreens\" width=\"300\" height=\"200\" srcset=\"https:\/\/distributeurforever.elielmarket-ci.com\/wp-content\/uploads\/2023\/05\/Forever-Supergreens_00621_ce_1400x933-300x200.jpg 300w, https:\/\/distributeurforever.elielmarket-ci.com\/wp-content\/uploads\/2023\/05\/Forever-Supergreens_00621_ce_1400x933-768x512.jpg 768w, https:\/\/distributeurforever.elielmarket-ci.com\/wp-content\/uploads\/2023\/05\/Forever-Supergreens_00621_ce_1400x933-500x333.jpg 500w, https:\/\/distributeurforever.elielmarket-ci.com\/wp-content\/uploads\/2023\/05\/Forever-Supergreens_00621_ce_1400x933.jpg 960w\" sizes=\"(max-width: 300px) 100vw, 300px\" \/><\/p>\n<h3 class=\"benefits--subtitle\">FRUITS ET L\u00c9GUMES EN VERRE!<\/h3>\n<p class=\"benefits--text\">M\u00e9langer beaucoup de trucs verts au quotidien ne semble pas \u00eatre une alternative raisonnable? Nous avons la solution parfaite pour toi: Forever Supergreens\u2122. Notre compl\u00e9ment alimentaire contient plus de 20 fruits et l\u00e9gumes ainsi que de l&rsquo;Aloe Vera. Ton organisme re\u00e7oit tr\u00e8s rapidement un ensemble nutritif unique \u00e0 base de v\u00e9g\u00e9taux &#8211; tout simplement ing\u00e9nieux, n&rsquo;est-ce pas?<\/p>\n<h3 class=\"benefits--subtitle\">SUPERFOOD POUR TOI<\/h3>\n<p class=\"benefits--text\">Les nutriments et antioxydants importants de Forever Supergreens\u2122 te gardent en forme dans la vie quotidienne. Il a \u00e9t\u00e9 prouv\u00e9 que la vitamine C et le magn\u00e9sium qu&rsquo;il contient aident \u00e0 r\u00e9duire la fatigue. La vitamine E aide \u00e0 prot\u00e9ger les cellules du stress oxydatif et \u00e0 \u00e9loigner les radicaux libres nocifs que le stress, l&rsquo;alcool et le tabac provoquent dans notre corps.<\/p>\n<p><img decoding=\"async\" class=\"alignnone size-medium wp-image-1340\" src=\"https:\/\/distributeurforever.elielmarket-ci.com\/wp-content\/uploads\/2023\/05\/Forever-Supergreens_00621_e1_1400x933-300x200.jpg\" alt=\"Forever Supergreens\" width=\"300\" height=\"200\" srcset=\"https:\/\/distributeurforever.elielmarket-ci.com\/wp-content\/uploads\/2023\/05\/Forever-Supergreens_00621_e1_1400x933-300x200.jpg 300w, https:\/\/distributeurforever.elielmarket-ci.com\/wp-content\/uploads\/2023\/05\/Forever-Supergreens_00621_e1_1400x933-768x512.jpg 768w, https:\/\/distributeurforever.elielmarket-ci.com\/wp-content\/uploads\/2023\/05\/Forever-Supergreens_00621_e1_1400x933-500x333.jpg 500w, https:\/\/distributeurforever.elielmarket-ci.com\/wp-content\/uploads\/2023\/05\/Forever-Supergreens_00621_e1_1400x933.jpg 960w\" sizes=\"(max-width: 300px) 100vw, 300px\" \/><\/p>\n<h3 class=\"benefits--subtitle\">BASIQUE ET PAUVRE EN CALORIES<\/h3>\n<p class=\"benefits--text\">L&rsquo;\u00e9quilibre acido-basique est \u00e9galement d\u00e9terminant pour ton bien-\u00eatre. Si tu manges souvent des aliments malsains, il en r\u00e9sultera un d\u00e9s\u00e9quilibre du pH &#8211; \u00e0 long terme, cela se r\u00e9percutera sur ta sant\u00e9. Forever Supergreens\u2122 contient des compos\u00e9s v\u00e9g\u00e9taux alcalinisants qui aident ton corps \u00e0 retrouver son \u00e9quilibre. De plus, notre superfood vert ne contient pas de mati\u00e8res grasses, aucun sucre ajout\u00e9 et seulement 13 calories par portion m\u00e9lang\u00e9es \u00e0 de l&rsquo;eau.<\/p>\n","protected":false},"excerpt":{"rendered":"<p>Superfood drink vert avec Aloe Vera.<\/p>\n<div class=\"product--description\">\n<p>Forever Supergreens contient plus de 20 vari\u00e9t\u00e9s de fruits et l\u00e9gumes ainsi que de l&rsquo;Aloe Vera. L&rsquo;association de vitamine C, E et de magn\u00e9sium favorise la performance du corps. M\u00e9lange-le avec de l&rsquo;eau ou une autre boisson, on obtient un d\u00e9licieux superfood drink vert.<\/p>\n<\/div>\n","protected":false},"featured_media":1339,"comment_status":"open","ping_status":"closed","template":"","meta":{"_monsterinsights_skip_tracking":false,"_monsterinsights_sitenote_active":false,"_monsterinsights_sitenote_note":"","_monsterinsights_sitenote_category":0,"ocean_post_layout":"","ocean_both_sidebars_style":"","ocean_both_sidebars_content_width":0,"ocean_both_sidebars_sidebars_width":0,"ocean_sidebar":"0","ocean_second_sidebar":"0","ocean_disable_margins":"enable","ocean_add_body_class":"","ocean_shortcode_before_top_bar":"","ocean_shortcode_after_top_bar":"","ocean_shortcode_before_header":"","ocean_shortcode_after_header":"","ocean_has_shortcode":"","ocean_shortcode_after_title":"","ocean_shortcode_before_footer_widgets":"","ocean_shortcode_after_footer_widgets":"","ocean_shortcode_before_footer_bottom":"","ocean_shortcode_after_footer_bottom":"","ocean_display_top_bar":"default","ocean_display_header":"default","ocean_header_style":"","ocean_center_header_left_menu":"0","ocean_custom_header_template":"0","ocean_custom_logo":0,"ocean_custom_retina_logo":0,"ocean_custom_logo_max_width":0,"ocean_custom_logo_tablet_max_width":0,"ocean_custom_logo_mobile_max_width":0,"ocean_custom_logo_max_height":0,"ocean_custom_logo_tablet_max_height":0,"ocean_custom_logo_mobile_max_height":0,"ocean_header_custom_menu":"0","ocean_menu_typo_font_family":"0","ocean_menu_typo_font_subset":"","ocean_menu_typo_font_size":0,"ocean_menu_typo_font_size_tablet":0,"ocean_menu_typo_font_size_mobile":0,"ocean_menu_typo_font_size_unit":"px","ocean_menu_typo_font_weight":"","ocean_menu_typo_font_weight_tablet":"","ocean_menu_typo_font_weight_mobile":"","ocean_menu_typo_transform":"","ocean_menu_typo_transform_tablet":"","ocean_menu_typo_transform_mobile":"","ocean_menu_typo_line_height":0,"ocean_menu_typo_line_height_tablet":0,"ocean_menu_typo_line_height_mobile":0,"ocean_menu_typo_line_height_unit":"","ocean_menu_typo_spacing":0,"ocean_menu_typo_spacing_tablet":0,"ocean_menu_typo_spacing_mobile":0,"ocean_menu_typo_spacing_unit":"","ocean_menu_link_color":"","ocean_menu_link_color_hover":"","ocean_menu_link_color_active":"","ocean_menu_link_background":"","ocean_menu_link_hover_background":"","ocean_menu_link_active_background":"","ocean_menu_social_links_bg":"","ocean_menu_social_hover_links_bg":"","ocean_menu_social_links_color":"","ocean_menu_social_hover_links_color":"","ocean_disable_title":"default","ocean_disable_heading":"default","ocean_post_title":"","ocean_post_subheading":"","ocean_post_title_style":"","ocean_post_title_background_color":"","ocean_post_title_background":0,"ocean_post_title_bg_image_position":"","ocean_post_title_bg_image_attachment":"","ocean_post_title_bg_image_repeat":"","ocean_post_title_bg_image_size":"","ocean_post_title_height":0,"ocean_post_title_bg_overlay":0.5,"ocean_post_title_bg_overlay_color":"","ocean_disable_breadcrumbs":"default","ocean_breadcrumbs_color":"","ocean_breadcrumbs_separator_color":"","ocean_breadcrumbs_links_color":"","ocean_breadcrumbs_links_hover_color":"","ocean_display_footer_widgets":"default","ocean_display_footer_bottom":"default","ocean_custom_footer_template":"0","_joinchat":[],"jetpack_publicize_message":"","jetpack_publicize_feature_enabled":true,"jetpack_social_post_already_shared":false,"jetpack_social_options":{"image_generator_settings":{"template":"highway","default_image_id":0,"font":"","enabled":false},"version":2}},"product_brand":[],"product_cat":[15,40],"product_tag":[],"class_list":{"0":"post-1338","1":"product","2":"type-product","3":"status-publish","4":"has-post-thumbnail","6":"product_cat-forever","7":"product_cat-nutrition","9":"entry","10":"has-media","12":"first","13":"instock","14":"taxable","15":"shipping-taxable","16":"purchasable","17":"product-type-simple","18":"has-product-nav","19":"col","20":"span_1_of_3","21":"owp-content-center","22":"owp-thumbs-layout-horizontal","23":"owp-btn-normal","24":"owp-tabs-layout-vertical","26":"circle-sale"},"jetpack_publicize_connections":[],"jetpack_likes_enabled":true,"jetpack_sharing_enabled":true,"_links":{"self":[{"href":"https:\/\/distributeurforever.elielmarket-ci.com\/index.php\/wp-json\/wp\/v2\/product\/1338","targetHints":{"allow":["GET"]}}],"collection":[{"href":"https:\/\/distributeurforever.elielmarket-ci.com\/index.php\/wp-json\/wp\/v2\/product"}],"about":[{"href":"https:\/\/distributeurforever.elielmarket-ci.com\/index.php\/wp-json\/wp\/v2\/types\/product"}],"replies":[{"embeddable":true,"href":"https:\/\/distributeurforever.elielmarket-ci.com\/index.php\/wp-json\/wp\/v2\/comments?post=1338"}],"wp:featuredmedia":[{"embeddable":true,"href":"https:\/\/distributeurforever.elielmarket-ci.com\/index.php\/wp-json\/wp\/v2\/media\/1339"}],"wp:attachment":[{"href":"https:\/\/distributeurforever.elielmarket-ci.com\/index.php\/wp-json\/wp\/v2\/media?parent=1338"}],"wp:term":[{"taxonomy":"product_brand","embeddable":true,"href":"https:\/\/distributeurforever.elielmarket-ci.com\/index.php\/wp-json\/wp\/v2\/product_brand?post=1338"},{"taxonomy":"product_cat","embeddable":true,"href":"https:\/\/distributeurforever.elielmarket-ci.com\/index.php\/wp-json\/wp\/v2\/product_cat?post=1338"},{"taxonomy":"product_tag","embeddable":true,"href":"https:\/\/distributeurforever.elielmarket-ci.com\/index.php\/wp-json\/wp\/v2\/product_tag?post=1338"}],"curies":[{"name":"wp","href":"https:\/\/api.w.org\/{rel}","templated":true}]}}