{"id":1055,"date":"2016-04-08T13:18:10","date_gmt":"2016-04-08T13:18:10","guid":{"rendered":"https:\/\/oceanwp.org\/store\/product\/casual-dress\/"},"modified":"2023-06-07T19:41:01","modified_gmt":"2023-06-07T19:41:01","slug":"forever-arctic-sea","status":"publish","type":"product","link":"https:\/\/distributeurforever.elielmarket-ci.com\/index.php\/produit\/forever-arctic-sea\/","title":{"rendered":"Forever Arctic Sea\u00ae"},"content":{"rendered":"<h2 class=\"benefits--title\">Forever Arctic Sea\u00ae<\/h2>\n<p class=\"benefits--subtitle\">Forever Arctic Sea\u00ae est un compl\u00e9ment alimentaire \u00e0 base d&rsquo;huile de poissons, huile de calamar et huile d&rsquo;olive est riche en acides gras om\u00e9ga 3. Bons pour le c\u0153ur, le cerveau et le taux de cholest\u00e9rol.<\/p>\n<p><img fetchpriority=\"high\" decoding=\"async\" class=\"alignnone size-medium wp-image-1270\" src=\"https:\/\/distributeurforever.elielmarket-ci.com\/wp-content\/uploads\/2016\/04\/Forever-20Arctic-20Sea_00376_ce_1400x933-300x200.jpg\" alt=\"\" width=\"300\" height=\"200\" srcset=\"https:\/\/distributeurforever.elielmarket-ci.com\/wp-content\/uploads\/2016\/04\/Forever-20Arctic-20Sea_00376_ce_1400x933-300x200.jpg 300w, https:\/\/distributeurforever.elielmarket-ci.com\/wp-content\/uploads\/2016\/04\/Forever-20Arctic-20Sea_00376_ce_1400x933-768x512.jpg 768w, https:\/\/distributeurforever.elielmarket-ci.com\/wp-content\/uploads\/2016\/04\/Forever-20Arctic-20Sea_00376_ce_1400x933-500x333.jpg 500w, https:\/\/distributeurforever.elielmarket-ci.com\/wp-content\/uploads\/2016\/04\/Forever-20Arctic-20Sea_00376_ce_1400x933.jpg 960w\" sizes=\"(max-width: 300px) 100vw, 300px\" \/><\/p>\n<h3 class=\"benefits--subtitle\">PR\u00c9CIEUX COMPOSANTS<\/h3>\n<p class=\"benefits--text\">Quel est le degr\u00e9 d&rsquo;importance des acides gras om\u00e9ga 3? Arctic Sea\u00ae est \u00e0 base d&rsquo;acide gras om\u00e9ga 3 est le produit anti-\u00e2ge par excellence: les acides gras polyinsatur\u00e9s ne sont pas produits par le corps et doivent donc lui \u00eatre fournis. Le probl\u00e8me de l&rsquo;alimentation occidentale est son d\u00e9ficit en acides gras om\u00e9ga 3 que l&rsquo;on trouve principalement dans les poissons gras, l&rsquo;huile de noix et de lin. Ce Produit correspond \u00e0 une combinaison qui, dans le r\u00e9gime de type m\u00e9diterran\u00e9en, contribue au fonctionnement normal du c\u0153ur et du cerveau.<\/p>\n<p><img decoding=\"async\" class=\"alignnone size-medium wp-image-1271\" src=\"https:\/\/distributeurforever.elielmarket-ci.com\/wp-content\/uploads\/2016\/04\/Forever-20Arctic-20Sea_00376_e1_1400x933-300x200.jpg\" alt=\"Forever Arctic Sea\u00ae\" width=\"300\" height=\"200\" srcset=\"https:\/\/distributeurforever.elielmarket-ci.com\/wp-content\/uploads\/2016\/04\/Forever-20Arctic-20Sea_00376_e1_1400x933-300x200.jpg 300w, https:\/\/distributeurforever.elielmarket-ci.com\/wp-content\/uploads\/2016\/04\/Forever-20Arctic-20Sea_00376_e1_1400x933-768x512.jpg 768w, https:\/\/distributeurforever.elielmarket-ci.com\/wp-content\/uploads\/2016\/04\/Forever-20Arctic-20Sea_00376_e1_1400x933-500x333.jpg 500w, https:\/\/distributeurforever.elielmarket-ci.com\/wp-content\/uploads\/2016\/04\/Forever-20Arctic-20Sea_00376_e1_1400x933.jpg 960w\" sizes=\"(max-width: 300px) 100vw, 300px\" \/><\/p>\n<h3 class=\"benefits--subtitle\">POUR UNE ALIMENTATION \u00c0 TENEUR EN CHOLEST\u00c9ROL R\u00c9DUITE<\/h3>\n<p class=\"benefits--text\">Seuls des acides gras om\u00e9ga 3 ultra purs provenant de poissons p\u00each\u00e9s en haute mer comme le saumon, les anchois et le cabillaud ainsi que de l&rsquo;huile de calamars pure et naturelle entrent dans la composition de Arctic Sea\u00ae. Deux capsules par jour suffisent pour offrir un apport optimal en acides gras om\u00e9ga 3 EPA et DHA si importants pour ton corps. L&rsquo;acide ol\u00e9ique gagn\u00e9e \u00e0 partir d&rsquo;huile d&rsquo;olive dont se compose \u00e9galement le produit contribue \u00e0 maintenir le taux de cholest\u00e9rol normal. L&rsquo;addition d&rsquo;huile de citron et de limette est d&rsquo;autre part garante d&rsquo;une meilleure tol\u00e9rance.<\/p>\n<p><img decoding=\"async\" class=\"alignnone size-medium wp-image-1272\" src=\"https:\/\/distributeurforever.elielmarket-ci.com\/wp-content\/uploads\/2016\/04\/Forever-20Arctic-20Sea_00376_e2_1400x933-300x200.jpg\" alt=\"Forever Arctic Sea\u00ae\" width=\"300\" height=\"200\" srcset=\"https:\/\/distributeurforever.elielmarket-ci.com\/wp-content\/uploads\/2016\/04\/Forever-20Arctic-20Sea_00376_e2_1400x933-300x200.jpg 300w, https:\/\/distributeurforever.elielmarket-ci.com\/wp-content\/uploads\/2016\/04\/Forever-20Arctic-20Sea_00376_e2_1400x933-768x512.jpg 768w, https:\/\/distributeurforever.elielmarket-ci.com\/wp-content\/uploads\/2016\/04\/Forever-20Arctic-20Sea_00376_e2_1400x933-500x333.jpg 500w, https:\/\/distributeurforever.elielmarket-ci.com\/wp-content\/uploads\/2016\/04\/Forever-20Arctic-20Sea_00376_e2_1400x933.jpg 960w\" sizes=\"(max-width: 300px) 100vw, 300px\" \/><\/p>\n","protected":false},"excerpt":{"rendered":"<p><strong>Capsules \u00e0 base d&rsquo;huile de poisson et de calmar avec des acides gras om\u00e9ga-3. Maintenant avec une nouvelle exp\u00e9rience gustative!<\/strong><\/p>\n<div class=\"product--description\">\n<p>Le produit anti-\u00e2ge optimal: les acides gras polyinsatur\u00e9s ne sont pas produits par le corps lui-m\u00eame, ils doivent donc \u00eatre fournis. Seuls les acides gras essentiels om\u00e9ga-3 hautement purifi\u00e9s provenant de poissons et de calamars des grands fonds sont utilis\u00e9s pour Forever Arctic Sea<sup>\u00ae\ufe0f<\/sup>. De plus, de l&rsquo;huile de citron et de citron vert sont ajout\u00e9s pour une touche de fra\u00eecheur et une meilleure digestibilit\u00e9.<\/p>\n<\/div>\n","protected":false},"featured_media":1269,"comment_status":"open","ping_status":"closed","template":"","meta":{"_monsterinsights_skip_tracking":false,"_monsterinsights_sitenote_active":false,"_monsterinsights_sitenote_note":"","_monsterinsights_sitenote_category":0,"ocean_post_layout":"","ocean_both_sidebars_style":"","ocean_both_sidebars_content_width":0,"ocean_both_sidebars_sidebars_width":0,"ocean_sidebar":"0","ocean_second_sidebar":"0","ocean_disable_margins":"enable","ocean_add_body_class":"","ocean_shortcode_before_top_bar":"","ocean_shortcode_after_top_bar":"","ocean_shortcode_before_header":"","ocean_shortcode_after_header":"","ocean_has_shortcode":"","ocean_shortcode_after_title":"","ocean_shortcode_before_footer_widgets":"","ocean_shortcode_after_footer_widgets":"","ocean_shortcode_before_footer_bottom":"","ocean_shortcode_after_footer_bottom":"","ocean_display_top_bar":"default","ocean_display_header":"default","ocean_header_style":"","ocean_center_header_left_menu":"0","ocean_custom_header_template":"0","ocean_custom_logo":0,"ocean_custom_retina_logo":0,"ocean_custom_logo_max_width":0,"ocean_custom_logo_tablet_max_width":0,"ocean_custom_logo_mobile_max_width":0,"ocean_custom_logo_max_height":0,"ocean_custom_logo_tablet_max_height":0,"ocean_custom_logo_mobile_max_height":0,"ocean_header_custom_menu":"0","ocean_menu_typo_font_family":"0","ocean_menu_typo_font_subset":"","ocean_menu_typo_font_size":0,"ocean_menu_typo_font_size_tablet":0,"ocean_menu_typo_font_size_mobile":0,"ocean_menu_typo_font_size_unit":"px","ocean_menu_typo_font_weight":"","ocean_menu_typo_font_weight_tablet":"","ocean_menu_typo_font_weight_mobile":"","ocean_menu_typo_transform":"","ocean_menu_typo_transform_tablet":"","ocean_menu_typo_transform_mobile":"","ocean_menu_typo_line_height":0,"ocean_menu_typo_line_height_tablet":0,"ocean_menu_typo_line_height_mobile":0,"ocean_menu_typo_line_height_unit":"","ocean_menu_typo_spacing":0,"ocean_menu_typo_spacing_tablet":0,"ocean_menu_typo_spacing_mobile":0,"ocean_menu_typo_spacing_unit":"","ocean_menu_link_color":"","ocean_menu_link_color_hover":"","ocean_menu_link_color_active":"","ocean_menu_link_background":"","ocean_menu_link_hover_background":"","ocean_menu_link_active_background":"","ocean_menu_social_links_bg":"","ocean_menu_social_hover_links_bg":"","ocean_menu_social_links_color":"","ocean_menu_social_hover_links_color":"","ocean_disable_title":"default","ocean_disable_heading":"default","ocean_post_title":"","ocean_post_subheading":"","ocean_post_title_style":"","ocean_post_title_background_color":"","ocean_post_title_background":0,"ocean_post_title_bg_image_position":"","ocean_post_title_bg_image_attachment":"","ocean_post_title_bg_image_repeat":"","ocean_post_title_bg_image_size":"","ocean_post_title_height":0,"ocean_post_title_bg_overlay":0.5,"ocean_post_title_bg_overlay_color":"","ocean_disable_breadcrumbs":"default","ocean_breadcrumbs_color":"","ocean_breadcrumbs_separator_color":"","ocean_breadcrumbs_links_color":"","ocean_breadcrumbs_links_hover_color":"","ocean_display_footer_widgets":"default","ocean_display_footer_bottom":"default","ocean_custom_footer_template":"0","_joinchat":[],"jetpack_publicize_message":"","jetpack_publicize_feature_enabled":true,"jetpack_social_post_already_shared":false,"jetpack_social_options":{"image_generator_settings":{"template":"highway","default_image_id":0,"font":"","enabled":false},"version":2}},"product_brand":[],"product_cat":[15,40],"product_tag":[37],"class_list":{"0":"post-1055","1":"product","2":"type-product","3":"status-publish","4":"has-post-thumbnail","6":"product_cat-forever","7":"product_cat-nutrition","8":"product_tag-nutrition","10":"entry","11":"has-media","13":"first","14":"instock","15":"taxable","16":"shipping-taxable","17":"purchasable","18":"product-type-simple","19":"has-product-nav","20":"col","21":"span_1_of_3","22":"owp-content-center","23":"owp-thumbs-layout-horizontal","24":"owp-btn-normal","25":"owp-tabs-layout-vertical","27":"circle-sale"},"jetpack_publicize_connections":[],"jetpack_likes_enabled":true,"jetpack_sharing_enabled":true,"_links":{"self":[{"href":"https:\/\/distributeurforever.elielmarket-ci.com\/index.php\/wp-json\/wp\/v2\/product\/1055","targetHints":{"allow":["GET"]}}],"collection":[{"href":"https:\/\/distributeurforever.elielmarket-ci.com\/index.php\/wp-json\/wp\/v2\/product"}],"about":[{"href":"https:\/\/distributeurforever.elielmarket-ci.com\/index.php\/wp-json\/wp\/v2\/types\/product"}],"replies":[{"embeddable":true,"href":"https:\/\/distributeurforever.elielmarket-ci.com\/index.php\/wp-json\/wp\/v2\/comments?post=1055"}],"wp:featuredmedia":[{"embeddable":true,"href":"https:\/\/distributeurforever.elielmarket-ci.com\/index.php\/wp-json\/wp\/v2\/media\/1269"}],"wp:attachment":[{"href":"https:\/\/distributeurforever.elielmarket-ci.com\/index.php\/wp-json\/wp\/v2\/media?parent=1055"}],"wp:term":[{"taxonomy":"product_brand","embeddable":true,"href":"https:\/\/distributeurforever.elielmarket-ci.com\/index.php\/wp-json\/wp\/v2\/product_brand?post=1055"},{"taxonomy":"product_cat","embeddable":true,"href":"https:\/\/distributeurforever.elielmarket-ci.com\/index.php\/wp-json\/wp\/v2\/product_cat?post=1055"},{"taxonomy":"product_tag","embeddable":true,"href":"https:\/\/distributeurforever.elielmarket-ci.com\/index.php\/wp-json\/wp\/v2\/product_tag?post=1055"}],"curies":[{"name":"wp","href":"https:\/\/api.w.org\/{rel}","templated":true}]}}