{"id":1053,"date":"2016-04-08T13:09:20","date_gmt":"2016-04-08T13:09:20","guid":{"rendered":"https:\/\/oceanwp.org\/store\/product\/slim-credit\/"},"modified":"2023-05-21T23:45:54","modified_gmt":"2023-05-21T21:45:54","slug":"forever-daily","status":"publish","type":"product","link":"https:\/\/distributeurforever.elielmarket-ci.com\/index.php\/produit\/forever-daily\/","title":{"rendered":"Forever daily\u2122"},"content":{"rendered":"<h2 class=\"benefits--title\">Forever daily\u2122<\/h2>\n<p class=\"benefits--subtitle\">Forever daily\u2122 est une combinaison de vitamines et de min\u00e9raux optimalement adapt\u00e9s avec des extraits de fruits et de l\u00e9gumes \u00e9quilibr\u00e9s. Convient aux hommes et femmes de tout \u00e2ge, notamment aux repr\u00e9sentants du meilleur \u00e2ge! Pris une fois par jour, le comprim\u00e9 permet de bien d\u00e9marrer la journ\u00e9e. Compl\u00e9ment alimentaire avec vitamines et min\u00e9raux importants de Forever.<\/p>\n<p><img fetchpriority=\"high\" decoding=\"async\" width=\"300\" height=\"200\" class=\"wp-image-1286 size-medium\" src=\"https:\/\/distributeurforever.elielmarket-ci.com\/wp-content\/uploads\/2016\/04\/Forever-20daily_00439_ce_1400x933-300x200.jpg\" alt=\"&lt;yoastmark class=\" srcset=\"https:\/\/distributeurforever.elielmarket-ci.com\/wp-content\/uploads\/2016\/04\/Forever-20daily_00439_ce_1400x933-300x200.jpg 300w, https:\/\/distributeurforever.elielmarket-ci.com\/wp-content\/uploads\/2016\/04\/Forever-20daily_00439_ce_1400x933-768x512.jpg 768w, https:\/\/distributeurforever.elielmarket-ci.com\/wp-content\/uploads\/2016\/04\/Forever-20daily_00439_ce_1400x933-500x333.jpg 500w, https:\/\/distributeurforever.elielmarket-ci.com\/wp-content\/uploads\/2016\/04\/Forever-20daily_00439_ce_1400x933.jpg 960w\" sizes=\"(max-width: 300px) 100vw, 300px\" \/><\/p>\n<h3 class=\"benefits--subtitle\">APPORTE \u00c0 TON CORPS CE DONT IL A BESOIN<\/h3>\n<p class=\"benefits--text\">Le travail et les activit\u00e9s sportives sollicitent particuli\u00e8rement le corps et l&rsquo;esprit. Une alimentation saine permet \u00e0 ton corps de retrouver une grande partie des nutriments qu&rsquo;il a perdus pendant une activit\u00e9. Mais les vitamines, les acides gras non satur\u00e9s et les min\u00e9raux ne te sont pas int\u00e9gralement restitu\u00e9s. Forever daily\u2122 est ton compl\u00e9ment au quotidien. Tu re\u00e7ois ainsi tous les jours tous les min\u00e9raux et toutes les vitamines importants dont ton corps \u00e0 besoin pour rester en forme. Compl\u00e9ment alimentaire pour les Best Ager: Forever daily\u2122 compense les d\u00e9ficits en calcium, en acide folique ou en vitamine B12 qui surviennent plus sp\u00e9cialement avec l&rsquo;\u00e2ge.<\/p>\n<p><img decoding=\"async\" width=\"300\" height=\"200\" class=\"wp-image-1287 size-medium\" src=\"https:\/\/distributeurforever.elielmarket-ci.com\/wp-content\/uploads\/2016\/04\/Forever-20daily_00439_e1_1400x933-300x200.jpg\" alt=\"&lt;yoastmark class=\" srcset=\"https:\/\/distributeurforever.elielmarket-ci.com\/wp-content\/uploads\/2016\/04\/Forever-20daily_00439_e1_1400x933-300x200.jpg 300w, https:\/\/distributeurforever.elielmarket-ci.com\/wp-content\/uploads\/2016\/04\/Forever-20daily_00439_e1_1400x933-768x512.jpg 768w, https:\/\/distributeurforever.elielmarket-ci.com\/wp-content\/uploads\/2016\/04\/Forever-20daily_00439_e1_1400x933-500x333.jpg 500w, https:\/\/distributeurforever.elielmarket-ci.com\/wp-content\/uploads\/2016\/04\/Forever-20daily_00439_e1_1400x933.jpg 960w\" sizes=\"(max-width: 300px) 100vw, 300px\" \/><\/p>\n<h3 class=\"benefits--subtitle\">VITAMINES, VITAMINES, VITAMINES<\/h3>\n<p class=\"benefits--text\">Forever daily\u2122 contient 100% des besoins quotidiens recommand\u00e9s en vitamines A, D, E, C, B1, B2, B6 et B12 ainsi qu&rsquo;en niacine, acide folique et biotine. Particuli\u00e8rement en hiver lorsqu&rsquo;il n&rsquo;y a pas beaucoup de soleil ou lorsque tu n&rsquo;as pas le temps d&rsquo;\u00eatre dehors, un apport est vivement conseill\u00e9 pour que ton organisme ne manque pas de vitamine D.<\/p>\n<p><img decoding=\"async\" width=\"233\" height=\"300\" class=\"wp-image-1288 size-medium\" src=\"https:\/\/distributeurforever.elielmarket-ci.com\/wp-content\/uploads\/2016\/04\/forever-daily-000439-m3-de_500x750-233x300.jpg\" alt=\"&lt;yoastmark class=\" srcset=\"https:\/\/distributeurforever.elielmarket-ci.com\/wp-content\/uploads\/2016\/04\/forever-daily-000439-m3-de_500x750-233x300.jpg 233w, https:\/\/distributeurforever.elielmarket-ci.com\/wp-content\/uploads\/2016\/04\/forever-daily-000439-m3-de_500x750.jpg 500w\" sizes=\"(max-width: 233px) 100vw, 233px\" \/><\/p>\n","protected":false},"excerpt":{"rendered":"<p>Forever daily\u2122 \u2013 combinaison de vitamines et de min\u00e9raux.<\/p>\n<div class=\"product--description\">\n<p>Forever daily\u2122 est une combinaison harmonieuse de vitamines et substances min\u00e9rales associ\u00e9e \u00e0 des extraits de fruits et l\u00e9gumes bien \u00e9quilibr\u00e9s. Apte pour les hommes et les femmes de tout \u00e2ge, en particulier pour les \u00abBest Agers\u00bb!<\/p>\n<\/div>\n","protected":false},"featured_media":1289,"comment_status":"open","ping_status":"closed","template":"","meta":{"_monsterinsights_skip_tracking":false,"_monsterinsights_sitenote_active":false,"_monsterinsights_sitenote_note":"","_monsterinsights_sitenote_category":0,"ocean_post_layout":"","ocean_both_sidebars_style":"","ocean_both_sidebars_content_width":0,"ocean_both_sidebars_sidebars_width":0,"ocean_sidebar":"0","ocean_second_sidebar":"0","ocean_disable_margins":"enable","ocean_add_body_class":"","ocean_shortcode_before_top_bar":"","ocean_shortcode_after_top_bar":"","ocean_shortcode_before_header":"","ocean_shortcode_after_header":"","ocean_has_shortcode":"","ocean_shortcode_after_title":"","ocean_shortcode_before_footer_widgets":"","ocean_shortcode_after_footer_widgets":"","ocean_shortcode_before_footer_bottom":"","ocean_shortcode_after_footer_bottom":"","ocean_display_top_bar":"default","ocean_display_header":"default","ocean_header_style":"","ocean_center_header_left_menu":"0","ocean_custom_header_template":"0","ocean_custom_logo":0,"ocean_custom_retina_logo":0,"ocean_custom_logo_max_width":0,"ocean_custom_logo_tablet_max_width":0,"ocean_custom_logo_mobile_max_width":0,"ocean_custom_logo_max_height":0,"ocean_custom_logo_tablet_max_height":0,"ocean_custom_logo_mobile_max_height":0,"ocean_header_custom_menu":"0","ocean_menu_typo_font_family":"0","ocean_menu_typo_font_subset":"","ocean_menu_typo_font_size":0,"ocean_menu_typo_font_size_tablet":0,"ocean_menu_typo_font_size_mobile":0,"ocean_menu_typo_font_size_unit":"px","ocean_menu_typo_font_weight":"","ocean_menu_typo_font_weight_tablet":"","ocean_menu_typo_font_weight_mobile":"","ocean_menu_typo_transform":"","ocean_menu_typo_transform_tablet":"","ocean_menu_typo_transform_mobile":"","ocean_menu_typo_line_height":0,"ocean_menu_typo_line_height_tablet":0,"ocean_menu_typo_line_height_mobile":0,"ocean_menu_typo_line_height_unit":"","ocean_menu_typo_spacing":0,"ocean_menu_typo_spacing_tablet":0,"ocean_menu_typo_spacing_mobile":0,"ocean_menu_typo_spacing_unit":"","ocean_menu_link_color":"","ocean_menu_link_color_hover":"","ocean_menu_link_color_active":"","ocean_menu_link_background":"","ocean_menu_link_hover_background":"","ocean_menu_link_active_background":"","ocean_menu_social_links_bg":"","ocean_menu_social_hover_links_bg":"","ocean_menu_social_links_color":"","ocean_menu_social_hover_links_color":"","ocean_disable_title":"default","ocean_disable_heading":"default","ocean_post_title":"","ocean_post_subheading":"","ocean_post_title_style":"","ocean_post_title_background_color":"","ocean_post_title_background":0,"ocean_post_title_bg_image_position":"","ocean_post_title_bg_image_attachment":"","ocean_post_title_bg_image_repeat":"","ocean_post_title_bg_image_size":"","ocean_post_title_height":400,"ocean_post_title_bg_overlay":0.5,"ocean_post_title_bg_overlay_color":"","ocean_disable_breadcrumbs":"default","ocean_breadcrumbs_color":"","ocean_breadcrumbs_separator_color":"","ocean_breadcrumbs_links_color":"","ocean_breadcrumbs_links_hover_color":"","ocean_display_footer_widgets":"default","ocean_display_footer_bottom":"default","ocean_custom_footer_template":"0","_joinchat":[],"jetpack_publicize_message":"","jetpack_publicize_feature_enabled":true,"jetpack_social_post_already_shared":false,"jetpack_social_options":{"image_generator_settings":{"template":"highway","default_image_id":0,"font":"","enabled":false},"version":2}},"product_brand":[],"product_cat":[15,40],"product_tag":[37],"class_list":{"0":"post-1053","1":"product","2":"type-product","3":"status-publish","4":"has-post-thumbnail","6":"product_cat-forever","7":"product_cat-nutrition","8":"product_tag-nutrition","10":"entry","11":"has-media","13":"first","14":"instock","15":"taxable","16":"shipping-taxable","17":"purchasable","18":"product-type-simple","19":"has-product-nav","20":"col","21":"span_1_of_3","22":"owp-content-center","23":"owp-thumbs-layout-horizontal","24":"owp-btn-normal","25":"owp-tabs-layout-vertical","27":"circle-sale"},"jetpack_publicize_connections":[],"jetpack_likes_enabled":true,"jetpack_sharing_enabled":true,"_links":{"self":[{"href":"https:\/\/distributeurforever.elielmarket-ci.com\/index.php\/wp-json\/wp\/v2\/product\/1053","targetHints":{"allow":["GET"]}}],"collection":[{"href":"https:\/\/distributeurforever.elielmarket-ci.com\/index.php\/wp-json\/wp\/v2\/product"}],"about":[{"href":"https:\/\/distributeurforever.elielmarket-ci.com\/index.php\/wp-json\/wp\/v2\/types\/product"}],"replies":[{"embeddable":true,"href":"https:\/\/distributeurforever.elielmarket-ci.com\/index.php\/wp-json\/wp\/v2\/comments?post=1053"}],"wp:featuredmedia":[{"embeddable":true,"href":"https:\/\/distributeurforever.elielmarket-ci.com\/index.php\/wp-json\/wp\/v2\/media\/1289"}],"wp:attachment":[{"href":"https:\/\/distributeurforever.elielmarket-ci.com\/index.php\/wp-json\/wp\/v2\/media?parent=1053"}],"wp:term":[{"taxonomy":"product_brand","embeddable":true,"href":"https:\/\/distributeurforever.elielmarket-ci.com\/index.php\/wp-json\/wp\/v2\/product_brand?post=1053"},{"taxonomy":"product_cat","embeddable":true,"href":"https:\/\/distributeurforever.elielmarket-ci.com\/index.php\/wp-json\/wp\/v2\/product_cat?post=1053"},{"taxonomy":"product_tag","embeddable":true,"href":"https:\/\/distributeurforever.elielmarket-ci.com\/index.php\/wp-json\/wp\/v2\/product_tag?post=1053"}],"curies":[{"name":"wp","href":"https:\/\/api.w.org\/{rel}","templated":true}]}}