{"id":1052,"date":"2016-04-08T13:05:26","date_gmt":"2016-04-08T13:05:26","guid":{"rendered":"https:\/\/oceanwp.org\/store\/product\/adidas-originals\/"},"modified":"2023-05-22T00:06:57","modified_gmt":"2023-05-21T22:06:57","slug":"forever-b12-plus","status":"publish","type":"product","link":"https:\/\/distributeurforever.elielmarket-ci.com\/index.php\/produit\/forever-b12-plus\/","title":{"rendered":"Forever B12 Plus\u2122"},"content":{"rendered":"<h2 class=\"benefits--title\">Forever B12 Plus\u2122<\/h2>\n<p class=\"benefits--subtitle\">Si tu veux te renforcer, alors Forever B12 Plus\u2122 est le produit optimal pour toi. Notre produit offre la combinaison parfaite de vitamine B12 et d&rsquo;acide folique. Pour un m\u00e9tabolisme \u00e9nerg\u00e9tique normal et pour r\u00e9duire la fatigue!<\/p>\n<p><img fetchpriority=\"high\" decoding=\"async\" class=\"alignnone wp-image-1291 size-medium\" src=\"https:\/\/distributeurforever.elielmarket-ci.com\/wp-content\/uploads\/2016\/04\/Forever-20B12-20Plus_00188_ce_1400x933-300x200.jpg\" alt=\"Forever B12 Plus\u2122\" width=\"300\" height=\"200\" srcset=\"https:\/\/distributeurforever.elielmarket-ci.com\/wp-content\/uploads\/2016\/04\/Forever-20B12-20Plus_00188_ce_1400x933-300x200.jpg 300w, https:\/\/distributeurforever.elielmarket-ci.com\/wp-content\/uploads\/2016\/04\/Forever-20B12-20Plus_00188_ce_1400x933-768x512.jpg 768w, https:\/\/distributeurforever.elielmarket-ci.com\/wp-content\/uploads\/2016\/04\/Forever-20B12-20Plus_00188_ce_1400x933-500x333.jpg 500w, https:\/\/distributeurforever.elielmarket-ci.com\/wp-content\/uploads\/2016\/04\/Forever-20B12-20Plus_00188_ce_1400x933.jpg 960w\" sizes=\"(max-width: 300px) 100vw, 300px\" \/><\/p>\n<h3 class=\"benefits--subtitle\">UNE COMBINAISON PARFAITE<\/h3>\n<p class=\"benefits--text\">La vitamine B12, \u00e9galement appel\u00e9e cyanocobalamine, appartient aux vitamines B. Les vitamines du complexe B sont hydrosolubles et servent surtout au m\u00e9tabolisme. La vitamine B est particuli\u00e8rement b\u00e9n\u00e9fique pour la peau et le syst\u00e8me nerveux. L&rsquo;acide folique fait \u00e9galement partie des vitamines B et est principalement responsable de tous les processus de croissance et de d\u00e9veloppement. Forever a d\u00e9velopp\u00e9 une combinaison parfaite de ces deux substances avec le compl\u00e9ment alimentaire Forever B12 Plus\u2122.<\/p>\n<p><img decoding=\"async\" class=\"alignnone wp-image-1292 size-medium\" src=\"https:\/\/distributeurforever.elielmarket-ci.com\/wp-content\/uploads\/2016\/04\/Forever-20B12-20Plus_00188_e1_1400x933-300x200.jpg\" alt=\"\" width=\"300\" height=\"200\" srcset=\"https:\/\/distributeurforever.elielmarket-ci.com\/wp-content\/uploads\/2016\/04\/Forever-20B12-20Plus_00188_e1_1400x933-300x200.jpg 300w, https:\/\/distributeurforever.elielmarket-ci.com\/wp-content\/uploads\/2016\/04\/Forever-20B12-20Plus_00188_e1_1400x933-768x512.jpg 768w, https:\/\/distributeurforever.elielmarket-ci.com\/wp-content\/uploads\/2016\/04\/Forever-20B12-20Plus_00188_e1_1400x933-500x333.jpg 500w, https:\/\/distributeurforever.elielmarket-ci.com\/wp-content\/uploads\/2016\/04\/Forever-20B12-20Plus_00188_e1_1400x933.jpg 960w\" sizes=\"(max-width: 300px) 100vw, 300px\" \/><\/p>\n<h3 class=\"benefits--subtitle\">VITAMINE B12<\/h3>\n<p class=\"benefits--text\">Il faut savoir: la vitamine B12 se trouve exclusivement dans les aliments d&rsquo;origine animale. Les v\u00e9g\u00e9tariens et les v\u00e9g\u00e9taliens sont donc plus susceptibles de souffrir d&rsquo;une carence en vitamine B12, car cette vitamine ne se trouve que dans les aliments d&rsquo;origine animale. Les sympt\u00f4mes d&rsquo;une carence en vitamine B12 peuvent \u00eatre des maux d&rsquo;estomac. Il est donc important d&rsquo;avoir une alimentation \u00e9quilibr\u00e9e ou de prendre un compl\u00e9ment de vitamine B appropri\u00e9.<\/p>\n<p><img decoding=\"async\" class=\"alignnone wp-image-1296 size-medium\" src=\"https:\/\/distributeurforever.elielmarket-ci.com\/wp-content\/uploads\/2016\/04\/Forever-b12plus-00188-m2-fr_1400x840-300x180.jpg\" alt=\"\" width=\"300\" height=\"180\" srcset=\"https:\/\/distributeurforever.elielmarket-ci.com\/wp-content\/uploads\/2016\/04\/Forever-b12plus-00188-m2-fr_1400x840-300x180.jpg 300w, https:\/\/distributeurforever.elielmarket-ci.com\/wp-content\/uploads\/2016\/04\/Forever-b12plus-00188-m2-fr_1400x840-1024x614.jpg 1024w, https:\/\/distributeurforever.elielmarket-ci.com\/wp-content\/uploads\/2016\/04\/Forever-b12plus-00188-m2-fr_1400x840-768x461.jpg 768w, https:\/\/distributeurforever.elielmarket-ci.com\/wp-content\/uploads\/2016\/04\/Forever-b12plus-00188-m2-fr_1400x840-500x300.jpg 500w, https:\/\/distributeurforever.elielmarket-ci.com\/wp-content\/uploads\/2016\/04\/Forever-b12plus-00188-m2-fr_1400x840.jpg 1400w\" sizes=\"(max-width: 300px) 100vw, 300px\" \/><\/p>\n<h3 class=\"benefits--subtitle\">OPTIMAL<\/h3>\n<p class=\"benefits--text\">Pour une absorption optimale, il suffit de laisser fondre les savoureux comprim\u00e9s sur la langue apr\u00e8s avoir mang\u00e9.<\/p>\n<p><img loading=\"lazy\" decoding=\"async\" class=\"alignnone wp-image-1293 size-medium\" src=\"https:\/\/distributeurforever.elielmarket-ci.com\/wp-content\/uploads\/2016\/04\/Forever-20B12-20Plus_00188_e2_1400x933-300x200.jpg\" alt=\"\" width=\"300\" height=\"200\" srcset=\"https:\/\/distributeurforever.elielmarket-ci.com\/wp-content\/uploads\/2016\/04\/Forever-20B12-20Plus_00188_e2_1400x933-300x200.jpg 300w, https:\/\/distributeurforever.elielmarket-ci.com\/wp-content\/uploads\/2016\/04\/Forever-20B12-20Plus_00188_e2_1400x933-768x512.jpg 768w, https:\/\/distributeurforever.elielmarket-ci.com\/wp-content\/uploads\/2016\/04\/Forever-20B12-20Plus_00188_e2_1400x933-500x333.jpg 500w, https:\/\/distributeurforever.elielmarket-ci.com\/wp-content\/uploads\/2016\/04\/Forever-20B12-20Plus_00188_e2_1400x933.jpg 960w\" sizes=\"(max-width: 300px) 100vw, 300px\" \/><\/p>\n","protected":false},"excerpt":{"rendered":"<p>Compl\u00e9ment alimentaire avec vitamine B12 et acide folique.<\/p>\n<div class=\"product--description\">\n<p>Avec ce suppl\u00e9ment, tu obtiens une combinaison de vitamine B12 et d&rsquo;acide folique. La vitamine B12 contribue \u00e0 un m\u00e9tabolisme \u00e9nerg\u00e9tique normal et \u00e0 la r\u00e9duction de la fatigue et du manque d&rsquo;\u00e9nergie. L&rsquo;acide folique contribue \u00e9galement \u00e0 un fonctionnement normal du syst\u00e8me immunitaire.<\/p>\n<\/div>\n","protected":false},"featured_media":1295,"comment_status":"open","ping_status":"closed","template":"","meta":{"_monsterinsights_skip_tracking":false,"_monsterinsights_sitenote_active":false,"_monsterinsights_sitenote_note":"","_monsterinsights_sitenote_category":0,"ocean_post_layout":"","ocean_both_sidebars_style":"","ocean_both_sidebars_content_width":0,"ocean_both_sidebars_sidebars_width":0,"ocean_sidebar":"0","ocean_second_sidebar":"0","ocean_disable_margins":"enable","ocean_add_body_class":"","ocean_shortcode_before_top_bar":"","ocean_shortcode_after_top_bar":"","ocean_shortcode_before_header":"","ocean_shortcode_after_header":"","ocean_has_shortcode":"","ocean_shortcode_after_title":"","ocean_shortcode_before_footer_widgets":"","ocean_shortcode_after_footer_widgets":"","ocean_shortcode_before_footer_bottom":"","ocean_shortcode_after_footer_bottom":"","ocean_display_top_bar":"default","ocean_display_header":"default","ocean_header_style":"","ocean_center_header_left_menu":"0","ocean_custom_header_template":"0","ocean_custom_logo":0,"ocean_custom_retina_logo":0,"ocean_custom_logo_max_width":0,"ocean_custom_logo_tablet_max_width":0,"ocean_custom_logo_mobile_max_width":0,"ocean_custom_logo_max_height":0,"ocean_custom_logo_tablet_max_height":0,"ocean_custom_logo_mobile_max_height":0,"ocean_header_custom_menu":"0","ocean_menu_typo_font_family":"0","ocean_menu_typo_font_subset":"","ocean_menu_typo_font_size":0,"ocean_menu_typo_font_size_tablet":0,"ocean_menu_typo_font_size_mobile":0,"ocean_menu_typo_font_size_unit":"px","ocean_menu_typo_font_weight":"","ocean_menu_typo_font_weight_tablet":"","ocean_menu_typo_font_weight_mobile":"","ocean_menu_typo_transform":"","ocean_menu_typo_transform_tablet":"","ocean_menu_typo_transform_mobile":"","ocean_menu_typo_line_height":0,"ocean_menu_typo_line_height_tablet":0,"ocean_menu_typo_line_height_mobile":0,"ocean_menu_typo_line_height_unit":"","ocean_menu_typo_spacing":0,"ocean_menu_typo_spacing_tablet":0,"ocean_menu_typo_spacing_mobile":0,"ocean_menu_typo_spacing_unit":"","ocean_menu_link_color":"","ocean_menu_link_color_hover":"","ocean_menu_link_color_active":"","ocean_menu_link_background":"","ocean_menu_link_hover_background":"","ocean_menu_link_active_background":"","ocean_menu_social_links_bg":"","ocean_menu_social_hover_links_bg":"","ocean_menu_social_links_color":"","ocean_menu_social_hover_links_color":"","ocean_disable_title":"default","ocean_disable_heading":"default","ocean_post_title":"","ocean_post_subheading":"","ocean_post_title_style":"","ocean_post_title_background_color":"","ocean_post_title_background":0,"ocean_post_title_bg_image_position":"","ocean_post_title_bg_image_attachment":"","ocean_post_title_bg_image_repeat":"","ocean_post_title_bg_image_size":"","ocean_post_title_height":0,"ocean_post_title_bg_overlay":0.5,"ocean_post_title_bg_overlay_color":"","ocean_disable_breadcrumbs":"default","ocean_breadcrumbs_color":"","ocean_breadcrumbs_separator_color":"","ocean_breadcrumbs_links_color":"","ocean_breadcrumbs_links_hover_color":"","ocean_display_footer_widgets":"default","ocean_display_footer_bottom":"default","ocean_custom_footer_template":"0","_joinchat":[],"jetpack_publicize_message":"","jetpack_publicize_feature_enabled":true,"jetpack_social_post_already_shared":false,"jetpack_social_options":{"image_generator_settings":{"template":"highway","default_image_id":0,"font":"","enabled":false},"version":2}},"product_brand":[],"product_cat":[15,40],"product_tag":[37],"class_list":{"0":"post-1052","1":"product","2":"type-product","3":"status-publish","4":"has-post-thumbnail","6":"product_cat-forever","7":"product_cat-nutrition","8":"product_tag-nutrition","10":"entry","11":"has-media","13":"first","14":"instock","15":"taxable","16":"shipping-taxable","17":"purchasable","18":"product-type-simple","19":"has-product-nav","20":"col","21":"span_1_of_3","22":"owp-content-center","23":"owp-thumbs-layout-horizontal","24":"owp-btn-normal","25":"owp-tabs-layout-vertical","27":"circle-sale"},"jetpack_publicize_connections":[],"jetpack_likes_enabled":true,"jetpack_sharing_enabled":true,"_links":{"self":[{"href":"https:\/\/distributeurforever.elielmarket-ci.com\/index.php\/wp-json\/wp\/v2\/product\/1052","targetHints":{"allow":["GET"]}}],"collection":[{"href":"https:\/\/distributeurforever.elielmarket-ci.com\/index.php\/wp-json\/wp\/v2\/product"}],"about":[{"href":"https:\/\/distributeurforever.elielmarket-ci.com\/index.php\/wp-json\/wp\/v2\/types\/product"}],"replies":[{"embeddable":true,"href":"https:\/\/distributeurforever.elielmarket-ci.com\/index.php\/wp-json\/wp\/v2\/comments?post=1052"}],"wp:featuredmedia":[{"embeddable":true,"href":"https:\/\/distributeurforever.elielmarket-ci.com\/index.php\/wp-json\/wp\/v2\/media\/1295"}],"wp:attachment":[{"href":"https:\/\/distributeurforever.elielmarket-ci.com\/index.php\/wp-json\/wp\/v2\/media?parent=1052"}],"wp:term":[{"taxonomy":"product_brand","embeddable":true,"href":"https:\/\/distributeurforever.elielmarket-ci.com\/index.php\/wp-json\/wp\/v2\/product_brand?post=1052"},{"taxonomy":"product_cat","embeddable":true,"href":"https:\/\/distributeurforever.elielmarket-ci.com\/index.php\/wp-json\/wp\/v2\/product_cat?post=1052"},{"taxonomy":"product_tag","embeddable":true,"href":"https:\/\/distributeurforever.elielmarket-ci.com\/index.php\/wp-json\/wp\/v2\/product_tag?post=1052"}],"curies":[{"name":"wp","href":"https:\/\/api.w.org\/{rel}","templated":true}]}}