{"id":1050,"date":"2016-04-08T12:55:10","date_gmt":"2016-04-08T12:55:10","guid":{"rendered":"https:\/\/oceanwp.org\/store\/?post_type=product&#038;p=47"},"modified":"2024-04-23T18:29:32","modified_gmt":"2024-04-23T18:29:32","slug":"forever-calcium","status":"publish","type":"product","link":"https:\/\/distributeurforever.elielmarket-ci.com\/index.php\/produit\/forever-calcium\/","title":{"rendered":"Forever Calcium"},"content":{"rendered":"<h2 class=\"benefits--title\">Forever Calcium<\/h2>\n<p class=\"benefits--subtitle\">Que fait le calcium dans l&rsquo;organisme? Le calcium prend en charge des t\u00e2ches vitales: il renforce ton squelette. La fonction la plus connue du calcium est son importance pour les os et les dents, mais il joue \u00e9galement un r\u00f4le important dans de nombreux processus m\u00e9taboliques d&rsquo;o\u00f9 l&rsquo;importance du Forever Calcium<\/p>\n<p><img fetchpriority=\"high\" decoding=\"async\" class=\"alignnone wp-image-1298 size-medium\" src=\"https:\/\/distributeurforever.elielmarket-ci.com\/wp-content\/uploads\/2016\/04\/Forever-20Calcium_00206_e2_1400x933-300x200.jpg\" alt=\"Forever Calcium\" width=\"300\" height=\"200\" srcset=\"https:\/\/distributeurforever.elielmarket-ci.com\/wp-content\/uploads\/2016\/04\/Forever-20Calcium_00206_e2_1400x933-300x200.jpg 300w, https:\/\/distributeurforever.elielmarket-ci.com\/wp-content\/uploads\/2016\/04\/Forever-20Calcium_00206_e2_1400x933-768x512.jpg 768w, https:\/\/distributeurforever.elielmarket-ci.com\/wp-content\/uploads\/2016\/04\/Forever-20Calcium_00206_e2_1400x933-500x333.jpg 500w, https:\/\/distributeurforever.elielmarket-ci.com\/wp-content\/uploads\/2016\/04\/Forever-20Calcium_00206_e2_1400x933.jpg 960w\" sizes=\"(max-width: 300px) 100vw, 300px\" \/><\/p>\n<h3 class=\"benefits--subtitle\">POUR DES OS ET DES DENTS EN BONNE SANT\u00c9<\/h3>\n<p class=\"benefits--text\">Le calcium est le min\u00e9ral le plus important dans ton corps. En moyenne, un adulte transporte un \u00e0 deux pour cent de calcium. Apr\u00e8s tout, c&rsquo;est un kilo et demi! Et o\u00f9 est ce calcium? Exact, surtout dans les os et les dents. Le reste se dissout dans les tissus et le sang. Le calcium est \u00e9galement responsable du bon fonctionnement des nerfs et des muscles. Trop ou trop peu de calcium peut entra\u00eener des crampes musculaires ou des dysfonctionnements neurologiques. Le calcium r\u00e9gule \u00e9galement l&rsquo;\u00e9quilibre acido-basique de l&rsquo;organisme et contribue \u00e0 la coagulation du sang.<\/p>\n<p><img decoding=\"async\" class=\"alignnone wp-image-1300 size-medium\" src=\"https:\/\/distributeurforever.elielmarket-ci.com\/wp-content\/uploads\/2016\/04\/Forever-20Calcium_00206_e1_1400x933-300x200.jpg\" alt=\"Forever Calcium\" width=\"300\" height=\"200\" srcset=\"https:\/\/distributeurforever.elielmarket-ci.com\/wp-content\/uploads\/2016\/04\/Forever-20Calcium_00206_e1_1400x933-300x200.jpg 300w, https:\/\/distributeurforever.elielmarket-ci.com\/wp-content\/uploads\/2016\/04\/Forever-20Calcium_00206_e1_1400x933-768x512.jpg 768w, https:\/\/distributeurforever.elielmarket-ci.com\/wp-content\/uploads\/2016\/04\/Forever-20Calcium_00206_e1_1400x933-500x333.jpg 500w, https:\/\/distributeurforever.elielmarket-ci.com\/wp-content\/uploads\/2016\/04\/Forever-20Calcium_00206_e1_1400x933.jpg 960w\" sizes=\"(max-width: 300px) 100vw, 300px\" \/><\/p>\n<h3 class=\"benefits--subtitle\">FAIS TOI DU BIEN<\/h3>\n<p class=\"benefits--text\">Le calcium et la vitamine D contenus contribuent \u00e0 un m\u00e9tabolisme \u00e9nerg\u00e9tique normal ainsi qu&rsquo;\u00e0 une fonction normale du syst\u00e8me immunitaire. Le magn\u00e9sium joue un r\u00f4le important dans la r\u00e9duction de la fatigue et le maintien d&rsquo;os et de dents normaux. Forever Calcium\u00ae contient \u00e9galement les oligo-\u00e9l\u00e9ments zinc, mangan\u00e8se et cuivre \u2013 les derni\u00e8res avanc\u00e9es de la science nutritionnelle.<\/p>\n<p><img decoding=\"async\" class=\"alignnone wp-image-1301 size-medium\" src=\"https:\/\/distributeurforever.elielmarket-ci.com\/wp-content\/uploads\/2016\/04\/forever-calcium-000206-m3-de_500x750-233x300.jpg\" alt=\"Forever Calcium\" width=\"233\" height=\"300\" srcset=\"https:\/\/distributeurforever.elielmarket-ci.com\/wp-content\/uploads\/2016\/04\/forever-calcium-000206-m3-de_500x750-233x300.jpg 233w, https:\/\/distributeurforever.elielmarket-ci.com\/wp-content\/uploads\/2016\/04\/forever-calcium-000206-m3-de_500x750.jpg 500w\" sizes=\"(max-width: 233px) 100vw, 233px\" \/><\/p>\n<p>&nbsp;<\/p>\n","protected":false},"excerpt":{"rendered":"<p>Calcium, magn\u00e9sium et vitamine D dans un rapport optimal.<\/p>\n<div class=\"product--description\">\n<p>Les quatre diff\u00e9rentes formes de calcium sont \u00e0 la fine pointe de la science de la nutrition. L&rsquo;ingr\u00e9dient principal est le bisglycinate de calcium li\u00e9 organiquement pour une biodisponibilit\u00e9 optimale. Les oligo-\u00e9l\u00e9ments zinc, mangan\u00e8se et cuivre sont \u00e9galement repr\u00e9sent\u00e9s sous forme de pr\u00e9cieux bisglycinates pour une synergie optimale.<\/p>\n<\/div>\n","protected":false},"featured_media":1302,"comment_status":"open","ping_status":"closed","template":"","meta":{"_monsterinsights_skip_tracking":false,"_monsterinsights_sitenote_active":false,"_monsterinsights_sitenote_note":"","_monsterinsights_sitenote_category":0,"ocean_post_layout":"","ocean_both_sidebars_style":"","ocean_both_sidebars_content_width":0,"ocean_both_sidebars_sidebars_width":0,"ocean_sidebar":"0","ocean_second_sidebar":"0","ocean_disable_margins":"enable","ocean_add_body_class":"","ocean_shortcode_before_top_bar":"","ocean_shortcode_after_top_bar":"","ocean_shortcode_before_header":"","ocean_shortcode_after_header":"","ocean_has_shortcode":"","ocean_shortcode_after_title":"","ocean_shortcode_before_footer_widgets":"","ocean_shortcode_after_footer_widgets":"","ocean_shortcode_before_footer_bottom":"","ocean_shortcode_after_footer_bottom":"","ocean_display_top_bar":"default","ocean_display_header":"default","ocean_header_style":"","ocean_center_header_left_menu":"0","ocean_custom_header_template":"0","ocean_custom_logo":0,"ocean_custom_retina_logo":0,"ocean_custom_logo_max_width":0,"ocean_custom_logo_tablet_max_width":0,"ocean_custom_logo_mobile_max_width":0,"ocean_custom_logo_max_height":0,"ocean_custom_logo_tablet_max_height":0,"ocean_custom_logo_mobile_max_height":0,"ocean_header_custom_menu":"0","ocean_menu_typo_font_family":"0","ocean_menu_typo_font_subset":"","ocean_menu_typo_font_size":0,"ocean_menu_typo_font_size_tablet":0,"ocean_menu_typo_font_size_mobile":0,"ocean_menu_typo_font_size_unit":"px","ocean_menu_typo_font_weight":"","ocean_menu_typo_font_weight_tablet":"","ocean_menu_typo_font_weight_mobile":"","ocean_menu_typo_transform":"","ocean_menu_typo_transform_tablet":"","ocean_menu_typo_transform_mobile":"","ocean_menu_typo_line_height":0,"ocean_menu_typo_line_height_tablet":0,"ocean_menu_typo_line_height_mobile":0,"ocean_menu_typo_line_height_unit":"","ocean_menu_typo_spacing":0,"ocean_menu_typo_spacing_tablet":0,"ocean_menu_typo_spacing_mobile":0,"ocean_menu_typo_spacing_unit":"","ocean_menu_link_color":"","ocean_menu_link_color_hover":"","ocean_menu_link_color_active":"","ocean_menu_link_background":"","ocean_menu_link_hover_background":"","ocean_menu_link_active_background":"","ocean_menu_social_links_bg":"","ocean_menu_social_hover_links_bg":"","ocean_menu_social_links_color":"","ocean_menu_social_hover_links_color":"","ocean_disable_title":"default","ocean_disable_heading":"default","ocean_post_title":"","ocean_post_subheading":"","ocean_post_title_style":"","ocean_post_title_background_color":"","ocean_post_title_background":0,"ocean_post_title_bg_image_position":"","ocean_post_title_bg_image_attachment":"","ocean_post_title_bg_image_repeat":"","ocean_post_title_bg_image_size":"","ocean_post_title_height":0,"ocean_post_title_bg_overlay":0.5,"ocean_post_title_bg_overlay_color":"","ocean_disable_breadcrumbs":"default","ocean_breadcrumbs_color":"","ocean_breadcrumbs_separator_color":"","ocean_breadcrumbs_links_color":"","ocean_breadcrumbs_links_hover_color":"","ocean_display_footer_widgets":"default","ocean_display_footer_bottom":"default","ocean_custom_footer_template":"0","_joinchat":[],"jetpack_publicize_message":"","jetpack_publicize_feature_enabled":true,"jetpack_social_post_already_shared":false,"jetpack_social_options":{"image_generator_settings":{"template":"highway","default_image_id":0,"font":"","enabled":false},"version":2}},"product_brand":[],"product_cat":[15,40],"product_tag":[37],"class_list":{"0":"post-1050","1":"product","2":"type-product","3":"status-publish","4":"has-post-thumbnail","6":"product_cat-forever","7":"product_cat-nutrition","8":"product_tag-nutrition","10":"entry","11":"has-media","13":"first","14":"instock","15":"taxable","16":"shipping-taxable","17":"purchasable","18":"product-type-simple","19":"has-product-nav","20":"col","21":"span_1_of_3","22":"owp-content-center","23":"owp-thumbs-layout-horizontal","24":"owp-btn-normal","25":"owp-tabs-layout-vertical","27":"circle-sale"},"jetpack_publicize_connections":[],"jetpack_likes_enabled":true,"jetpack_sharing_enabled":true,"_links":{"self":[{"href":"https:\/\/distributeurforever.elielmarket-ci.com\/index.php\/wp-json\/wp\/v2\/product\/1050","targetHints":{"allow":["GET"]}}],"collection":[{"href":"https:\/\/distributeurforever.elielmarket-ci.com\/index.php\/wp-json\/wp\/v2\/product"}],"about":[{"href":"https:\/\/distributeurforever.elielmarket-ci.com\/index.php\/wp-json\/wp\/v2\/types\/product"}],"replies":[{"embeddable":true,"href":"https:\/\/distributeurforever.elielmarket-ci.com\/index.php\/wp-json\/wp\/v2\/comments?post=1050"}],"wp:featuredmedia":[{"embeddable":true,"href":"https:\/\/distributeurforever.elielmarket-ci.com\/index.php\/wp-json\/wp\/v2\/media\/1302"}],"wp:attachment":[{"href":"https:\/\/distributeurforever.elielmarket-ci.com\/index.php\/wp-json\/wp\/v2\/media?parent=1050"}],"wp:term":[{"taxonomy":"product_brand","embeddable":true,"href":"https:\/\/distributeurforever.elielmarket-ci.com\/index.php\/wp-json\/wp\/v2\/product_brand?post=1050"},{"taxonomy":"product_cat","embeddable":true,"href":"https:\/\/distributeurforever.elielmarket-ci.com\/index.php\/wp-json\/wp\/v2\/product_cat?post=1050"},{"taxonomy":"product_tag","embeddable":true,"href":"https:\/\/distributeurforever.elielmarket-ci.com\/index.php\/wp-json\/wp\/v2\/product_tag?post=1050"}],"curies":[{"name":"wp","href":"https:\/\/api.w.org\/{rel}","templated":true}]}}